{"id":107,"date":"2019-09-05T16:24:34","date_gmt":"2019-09-05T16:24:34","guid":{"rendered":"https:\/\/www.mdiscipleship.net\/?page_id=107"},"modified":"2025-06-05T21:11:13","modified_gmt":"2025-06-05T21:11:13","slug":"4-growing-in-your-new-life","status":"publish","type":"page","link":"https:\/\/www.mdiscipleship.net\/fr\/4-growing-in-your-new-life\/","title":{"rendered":"4. GRANDIR DANS SA NOUVELLE VIE"},"content":{"rendered":"<p><strong>LE\u00c7ON 4 : GRANDIR DANS VOTRE NOUVELLE VIE<\/strong><\/p>\n<p>Rappelez-vous : Le Saint-Esprit peut vous donner la force de vivre une vie orient\u00e9e vers le Christ. En continuant \u00e0 respirer spirituellement (expirez - confessez votre p\u00e9ch\u00e9 ; inspirez - c\u00e9dez le contr\u00f4le \u00e0 Christ), vous ferez l'exp\u00e9rience d'une communion plus profonde avec Dieu, ce qui vous permettra de grandir dans la maturit\u00e9 chr\u00e9tienne....<\/p>\n<p>La maturit\u00e9 prend du temps - il n'y a pas de raccourci.<\/p>\n<p><img fetchpriority=\"high\" decoding=\"async\" class=\"aligncenter wp-image-111 size-full\" src=\"https:\/\/www.mdiscipleship.net\/wp-content\/uploads\/sites\/202\/2019\/09\/maturity_lifelong.png\" alt=\"\" width=\"414\" height=\"181\" srcset=\"https:\/\/www.mdiscipleship.net\/wp-content\/uploads\/sites\/202\/2019\/09\/maturity_lifelong.png 414w, https:\/\/www.mdiscipleship.net\/wp-content\/uploads\/sites\/202\/2019\/09\/maturity_lifelong.png?resize=300,131 300w, https:\/\/www.mdiscipleship.net\/wp-content\/uploads\/sites\/202\/2019\/09\/maturity_lifelong.png?resize=18,8 18w\" sizes=\"(max-width: 414px) 100vw, 414px\" \/><\/p>\n<p><strong>QUE SIGNIFIE GRANDIR EN CHRIST ? <\/strong><\/p>\n<p>Il s'agit d'accro\u00eetre la connaissance du Christ et l'amour qu'on lui porte.<\/p>\n<p>Lisez Philippiens 3:7-10. <em>Pourquoi Paul a-t-il consid\u00e9r\u00e9 toutes choses comme une perte ? <\/em><\/p>\n<p>Lire Matthieu 22:37, 38. <em>L'Ancien Testament contient plus de 600 commandements. Pourquoi pensez-vous que J\u00e9sus a choisi celui-ci ? <\/em><\/p>\n<p><em>Comment le fait d'aimer Dieu de tout son c\u0153ur, de toute son \u00e2me et de tout son esprit affecterait-il votre vie ?<\/em><\/p>\n<p>Tout comme il est naturel pour un enfant de grandir dans une relation d'amour avec un parent, il est \u00e9galement naturel pour vous de grandir dans votre relation d'amour avec Dieu.<\/p>\n<p><strong>COMMENT GRANDIR EN CHRIST ? <\/strong><\/p>\n<p>Si vous rencontrez un gar\u00e7on ou une fille que vous appr\u00e9ciez, que feriez-vous pour mieux le\/la conna\u00eetre ?<\/p>\n<p>La communication est essentielle \u00e0 toute relation, y compris \u00e0 votre relation avec le Christ. Comme la communication doit se faire dans les deux sens, vous devez le laisser vous parler et vous devez lui parler.<\/p>\n<p><strong>Quatre principes de communication qui vous aideront \u00e0 grandir dans votre relation avec le Christ en marchant dans la puissance de l'Esprit Saint.<\/strong><\/p>\n<p><img decoding=\"async\" class=\"aligncenter wp-image-110 size-full\" src=\"https:\/\/www.mdiscipleship.net\/wp-content\/uploads\/sites\/202\/2019\/09\/conversation.png\" alt=\"\" width=\"433\" height=\"159\" srcset=\"https:\/\/www.mdiscipleship.net\/wp-content\/uploads\/sites\/202\/2019\/09\/conversation.png 433w, https:\/\/www.mdiscipleship.net\/wp-content\/uploads\/sites\/202\/2019\/09\/conversation.png?resize=300,110 300w, https:\/\/www.mdiscipleship.net\/wp-content\/uploads\/sites\/202\/2019\/09\/conversation.png?resize=18,7 18w\" sizes=\"(max-width: 433px) 100vw, 433px\" \/><\/p>\n<p><strong>Dieu communique avec vous \u00e0 travers la Bible, r\u00e9v\u00e9lant son caract\u00e8re et sa volont\u00e9. <\/strong><\/p>\n<p>Lisez 2 Timoth\u00e9e 3:16, 17. <em>Comment d\u00e9finiriez-vous chaque prestation d\u00e9crite ? <\/em><\/p>\n<p><em>Lequel de ces usages de la Bible vous serait le plus utile en ce moment ? <\/em><\/p>\n<p><em>\u00a0<\/em><em>Comment \u00e9valuez-vous l'utilit\u00e9 pour votre vie de la lecture de la Bible que vous avez faite jusqu'\u00e0 pr\u00e9sent ? <\/em><\/p>\n<p><strong>Vous communiquez avec Dieu par la pri\u00e8re, en lui faisant part de vos pens\u00e9es, de vos besoins et de vos d\u00e9sirs de faire sa volont\u00e9. <\/strong><\/p>\n<p>Lisez Philippiens 4:6, 7.<\/p>\n<p>Priez pour tout.<\/p>\n<p>Priez de mani\u00e8re sp\u00e9cifique pour que vous puissiez voir Dieu r\u00e9pondre de mani\u00e8re sp\u00e9cifique.<\/p>\n<p>Priez honn\u00eatement - partagez vos besoins et vos d\u00e9sirs de faire sa volont\u00e9 (1 Jean 5:14, 15).<\/p>\n<p><em>Comment savoir si ce pour quoi vous priez correspond vraiment \u00e0 la volont\u00e9 de Dieu ? <\/em><\/p>\n<p><strong>\u00a0<\/strong><strong>Vous communiquez avec des chr\u00e9tiens (communion fraternelle), vous b\u00e9n\u00e9ficiez de leur exp\u00e9rience et vous les aidez dans la v\u00f4tre. <\/strong><\/p>\n<p><img decoding=\"async\" class=\"alignleft size-full wp-image-109\" src=\"https:\/\/www.mdiscipleship.net\/wp-content\/uploads\/sites\/202\/2019\/09\/logs.png\" alt=\"\" width=\"208\" height=\"125\" srcset=\"https:\/\/www.mdiscipleship.net\/wp-content\/uploads\/sites\/202\/2019\/09\/logs.png 208w, https:\/\/www.mdiscipleship.net\/wp-content\/uploads\/sites\/202\/2019\/09\/logs.png?resize=18,12 18w\" sizes=\"(max-width: 208px) 100vw, 208px\" \/>De m\u00eame que les b\u00fbches br\u00fblent plus intens\u00e9ment lorsqu'elles sont plac\u00e9es ensemble, les chr\u00e9tiens ont besoin les uns des autres pour se r\u00e9chauffer et s'encourager<\/p>\n<p>Lisez H\u00e9breux 10:24, 25. \u00a0<em>Pourquoi est-il important de passer du temps avec d'autres chr\u00e9tiens ? <\/em><\/p>\n<p><em>Quelle importance cela aurait-il dans votre propre vie aujourd'hui ? <\/em><\/p>\n<p><em>O\u00f9 pourriez-vous trouver un soutien chr\u00e9tien r\u00e9gulier ? <\/em><\/p>\n<p>Le mot grec pour la fraternit\u00e9, <em>koinonia<\/em>signifie \"partage en commun\". Nous avons d\u00e9sesp\u00e9r\u00e9ment besoin de partager notre exp\u00e9rience chr\u00e9tienne avec d'autres personnes qui aiment Dieu et marchent avec lui, et de leur permettre de partager avec nous. L'\u00e9glise o\u00f9 nous pouvons rencontrer d'autres chr\u00e9tiens et entendre la Parole de Dieu est l'endroit d\u00e9sign\u00e9 par Dieu pour que les chr\u00e9tiens se rencontrent. Les \u00e9tudes bibliques et les r\u00e9unions sur le campus sont \u00e9galement tr\u00e8s utiles. -<em>Dr. Bill Bright <\/em><\/p>\n<p><strong>Vous communiquez avec des non-chr\u00e9tiens (t\u00e9moignage) ; vous partagez votre relation avec le Christ. <\/strong><\/p>\n<p>Lire 1 Pierre 3:15<\/p>\n<p><em>Qu'est-ce qui vous motiverait \u00e0 parler du Christ \u00e0 une autre personne ? <\/em><\/p>\n<p><em><strong>R\u00c9SUM\u00c9<\/strong>: Lisez 1 Corinthiens 3:6, 7. Dieu est la source de votre croissance. Vous ne pouvez pas acqu\u00e9rir une maturit\u00e9 spirituelle simplement en \"faisant de gros efforts\". En lisant la Bible, en priant, en parlant du Christ aux gens et en passant du temps avec d'autres croyants, Dieu sera \u00e0 l'\u0153uvre en vous et produira du fruit et de la maturit\u00e9. <\/em><\/p>\n<p><strong>QUE POUVEZ-VOUS ATTENDRE EN GRANDISSANT EN CHRIST ? <\/strong><\/p>\n<p>Dressez la liste des caract\u00e9ristiques que vous vous attendez \u00e0 voir appara\u00eetre lorsque Dieu produira une croissance dans votre vie. \u00a0<strong><em>2 Pierre 1:5-9 nous donne une image de la croissance.<\/em><\/strong><\/p>\n<p><strong>QUE POUVEZ-VOUS FAIRE MAINTENANT ? <\/strong><\/p>\n<p>Essayez de consacrer du temps \u00e0 l'\u00e9tude de la Bible et \u00e0 la pri\u00e8re.<\/p>\n<p>Un bon passage est celui de Jean 15:1-17.<\/p>\n<p>Au cours de votre lecture, soulignez les versets particuli\u00e8rement significatifs.<\/p>\n<p>Lorsqu'un verset vous parle fortement,<\/p>\n<ol>\n<li>\u00e9cris le verset dans ton carnet de d\u00e9votion,<\/li>\n<li>r\u00e9sumer le sens du verset, et<\/li>\n<li>\u00e9cris comment tu peux appliquer ce verset \u00e0 ta vie.<\/li>\n<\/ol>\n<p><img loading=\"lazy\" decoding=\"async\" class=\"aligncenter wp-image-108 size-full\" src=\"https:\/\/www.mdiscipleship.net\/wp-content\/uploads\/sites\/202\/2019\/09\/table.png\" alt=\"\" width=\"425\" height=\"279\" srcset=\"https:\/\/www.mdiscipleship.net\/wp-content\/uploads\/sites\/202\/2019\/09\/table.png 425w, https:\/\/www.mdiscipleship.net\/wp-content\/uploads\/sites\/202\/2019\/09\/table.png?resize=300,197 300w, https:\/\/www.mdiscipleship.net\/wp-content\/uploads\/sites\/202\/2019\/09\/table.png?resize=18,12 18w\" sizes=\"(max-width: 425px) 100vw, 425px\" \/><\/p>\n<p>En outre, d'autres passages sugg\u00e9r\u00e9s sont ceux de cette le\u00e7on : Colossiens 1:9-12 ; 2 Corinthiens 5:18-21 ; 1Corinthiens 12:12-27.<\/p>\n<p>Rejoignez un groupe d'\u00e9tude biblique o\u00f9 vous pourrez profiter de la communion avec d'autres personnes qui apprennent \u00e9galement \u00e0 mieux conna\u00eetre cette nouvelle vie en Christ.<\/p>\n<p>Parlez du Christ \u00e0 quelqu'un.<\/p>\n<p><em>\u00c0 qui aimeriez-vous annoncer la bonne nouvelle de l'amour et du pardon de Dieu ? <\/em><\/p>\n<p><em>Quel serait le bon moment pour appeler cette personne afin de convenir d'un rendez-vous avec elle ? <\/em><\/p>\n<p><em>Qui aimeriez-vous voir vous aider \u00e0 partager cette bonne nouvelle ? <\/em><\/p>\n<p><strong>Prochaine r\u00e9union : <a href=\"https:\/\/www.mdiscipleship.net\/5-personal-devotion-bible-study-and-quiet-time\/\">LA D\u00c9VOTION PERSONNELLE - L'\u00c9TUDE DE LA BIBLE ET LE TEMPS DE SILENCE<\/a><br \/>\n<\/strong><\/p>","protected":false},"excerpt":{"rendered":"<p>LE\u00c7ON 4 : CROISSANCE DANS VOTRE NOUVELLE VIE Rappelez-vous : Le Saint-Esprit peut vous donner la force de vivre une vie dirig\u00e9e par le Christ. En continuant \u00e0 respirer spirituellement (expirez - confessez votre p\u00e9ch\u00e9 ; inspirez - c\u00e9dez le contr\u00f4le \u00e0 Christ), vous ferez l'exp\u00e9rience d'une communion plus profonde avec Dieu, ce qui vous permettra de grandir dans la maturit\u00e9 chr\u00e9tienne.... La maturit\u00e9 prend du temps - il n'y a pas de raccourcis. [...]<\/p>","protected":false},"author":27229,"featured_media":0,"parent":0,"menu_order":0,"comment_status":"closed","ping_status":"closed","template":"","meta":{"_acf_changed":false,"inline_featured_image":false,"site-sidebar-layout":"default","site-content-layout":"default","ast-site-content-layout":"default","site-content-style":"default","site-sidebar-style":"default","ast-global-header-display":"","ast-banner-title-visibility":"","ast-main-header-display":"","ast-hfb-above-header-display":"","ast-hfb-below-header-display":"","ast-hfb-mobile-header-display":"","site-post-title":"","ast-breadcrumbs-content":"","ast-featured-img":"","footer-sml-layout":"","ast-disable-related-posts":"","theme-transparent-header-meta":"default","adv-header-id-meta":"","stick-header-meta":"","header-above-stick-meta":"","header-main-stick-meta":"","header-below-stick-meta":"","astra-migrate-meta-layouts":"set","ast-page-background-enabled":"default","ast-page-background-meta":{"desktop":{"background-color":"","background-image":"","background-repeat":"repeat","background-position":"center center","background-size":"auto","background-attachment":"scroll","background-type":"","background-media":"","overlay-type":"","overlay-color":"","overlay-opacity":"","overlay-gradient":""},"tablet":{"background-color":"","background-image":"","background-repeat":"repeat","background-position":"center center","background-size":"auto","background-attachment":"scroll","background-type":"","background-media":"","overlay-type":"","overlay-color":"","overlay-opacity":"","overlay-gradient":""},"mobile":{"background-color":"","background-image":"","background-repeat":"repeat","background-position":"center center","background-size":"auto","background-attachment":"scroll","background-type":"","background-media":"","overlay-type":"","overlay-color":"","overlay-opacity":"","overlay-gradient":""}},"ast-content-background-meta":{"desktop":{"background-color":"var(--ast-global-color-5)","background-image":"","background-repeat":"repeat","background-position":"center center","background-size":"auto","background-attachment":"scroll","background-type":"","background-media":"","overlay-type":"","overlay-color":"","overlay-opacity":"","overlay-gradient":""},"tablet":{"background-color":"var(--ast-global-color-5)","background-image":"","background-repeat":"repeat","background-position":"center center","background-size":"auto","background-attachment":"scroll","background-type":"","background-media":"","overlay-type":"","overlay-color":"","overlay-opacity":"","overlay-gradient":""},"mobile":{"background-color":"var(--ast-global-color-5)","background-image":"","background-repeat":"repeat","background-position":"center center","background-size":"auto","background-attachment":"scroll","background-type":"","background-media":"","overlay-type":"","overlay-color":"","overlay-opacity":"","overlay-gradient":""}},"footnotes":""},"class_list":["post-107","page","type-page","status-publish","hentry"],"acf":[],"jetpack_sharing_enabled":true,"meta_box":{"_cloudsearch_visibility":"0"},"_links":{"self":[{"href":"https:\/\/www.mdiscipleship.net\/fr\/wp-json\/wp\/v2\/pages\/107","targetHints":{"allow":["GET"]}}],"collection":[{"href":"https:\/\/www.mdiscipleship.net\/fr\/wp-json\/wp\/v2\/pages"}],"about":[{"href":"https:\/\/www.mdiscipleship.net\/fr\/wp-json\/wp\/v2\/types\/page"}],"author":[{"embeddable":true,"href":"https:\/\/www.mdiscipleship.net\/fr\/wp-json\/wp\/v2\/users\/27229"}],"replies":[{"embeddable":true,"href":"https:\/\/www.mdiscipleship.net\/fr\/wp-json\/wp\/v2\/comments?post=107"}],"version-history":[{"count":2,"href":"https:\/\/www.mdiscipleship.net\/fr\/wp-json\/wp\/v2\/pages\/107\/revisions"}],"predecessor-version":[{"id":534,"href":"https:\/\/www.mdiscipleship.net\/fr\/wp-json\/wp\/v2\/pages\/107\/revisions\/534"}],"wp:attachment":[{"href":"https:\/\/www.mdiscipleship.net\/fr\/wp-json\/wp\/v2\/media?parent=107"}],"curies":[{"name":"wp","href":"https:\/\/api.w.org\/{rel}","templated":true}]}}