{"id":114,"date":"2019-09-06T08:05:32","date_gmt":"2019-09-06T08:05:32","guid":{"rendered":"https:\/\/www.mdiscipleship.net\/?page_id=114"},"modified":"2019-09-06T08:05:32","modified_gmt":"2019-09-06T08:05:32","slug":"5-personal-devotion-bible-study-and-quiet-time","status":"publish","type":"page","link":"https:\/\/www.mdiscipleship.net\/fr\/5-personal-devotion-bible-study-and-quiet-time\/","title":{"rendered":"5. D\u00c9VOTION PERSONNELLE - \u00c9TUDE DE LA BIBLE ET TEMPS DE SILENCE"},"content":{"rendered":"<p><strong>LE\u00c7ON 5 : <\/strong><strong>D\u00c9VOTION PERSONNELLE : \u00c9TUDE DE LA BIBLE ET TEMPS DE SILENCE<\/strong><\/p>\n<p>La force du chr\u00e9tien d\u00e9pend absolument de sa d\u00e9pendance \u00e0 l'\u00e9gard du Christ, son Ma\u00eetre. La plupart des chr\u00e9tiens d'aujourd'hui sont faibles parce qu'ils d\u00e9pendent principalement d'activit\u00e9s de grands groupes au lieu de leur communion personnelle avec le Christ. La communion personnelle d'un chr\u00e9tien repose sur sa d\u00e9votion personnelle, qui comprend l'\u00e9tude de la Bible et le temps de repos.<\/p>\n<p>Nous esp\u00e9rons qu'\u00e0 la fin de cette le\u00e7on, vous en aurez appris davantage sur l'importance (et l'appropriation) de l'\u00e9tude de la Bible et du temps de repos.<\/p>\n<ol>\n<li><strong>\u00c9TUDE BIBLIQUE PERSONNELLE <\/strong><\/li>\n<\/ol>\n<blockquote><p>Qu'est-ce que l'\u00e9tude biblique personnelle ?<\/p>\n<p>Pourquoi \u00e9tudier la Bible ? 2Tim. 2:15, Josh.1:8, 1Pet.3:15, 2Tim.3:16, Hosea4:6, Ezra 7:10<\/p><\/blockquote>\n<p><strong>TYPES D'\u00c9TUDES BIBLIQUES<\/strong>:<\/p>\n<p>Il s'agit de l'\u00e9tude du livre, de l'\u00e9tude du verset, de l'\u00e9tude de la parole, de l'\u00e9tude th\u00e9matique et de l'\u00e9tude du caract\u00e8re. La forme qu'elle doit prendre d\u00e9pend de ce que l'on veut atteindre. Vous trouverez ci-dessous quelques lignes directrices sur la mani\u00e8re d'organiser une \u00e9tude biblique.<\/p>\n<ol>\n<li>a) choisir un passage\/verset b. Noter le contexte dans lequel se situe le passage.<\/li>\n<\/ol>\n<p>&nbsp;<\/p>\n<ol start=\"2\">\n<li><strong>OBSERVATION <\/strong>(que dit le passage)<\/li>\n<\/ol>\n<p>R\u00e9pondez \u00e0 cette question en vous posant les questions suivantes<\/p>\n<blockquote><p>Qui sont les personnages impliqu\u00e9s ?<\/p>\n<p>Notez les verbes, les adjectifs et les phrases qui sont utilis\u00e9s pour les d\u00e9crire.<\/p>\n<p>Quelles sont les cons\u00e9quences pour la personne de la Trinit\u00e9 ?<\/p>\n<p>Qu'est-ce qui est r\u00e9v\u00e9l\u00e9 sur le caract\u00e8re de Dieu ?<\/p>\n<p>Que se passe-t-il ? Les verbes sont les cl\u00e9s des actions dans le passage, listez-les.<\/p>\n<p>O\u00f9 les \u00e9v\u00e9nements se produisent-ils ? Utilisez un atlas biblique. D'autres \u00e9v\u00e9nements importants ont-ils eu lieu \u00e0 cet endroit ?<\/p>\n<p>Quand les \u00e9v\u00e9nements se produisent-ils ? Combien de temps s'est-il \u00e9coul\u00e9 pendant les \u00e9v\u00e9nements ? La raison de l'ann\u00e9e est-elle significative ? La p\u00e9riode de la vie d'une personne ?<\/p>\n<p>Pourquoi les \u00e9v\u00e9nements se produisent-ils ? Tenez-vous en \u00e0 la raison sugg\u00e9r\u00e9e dans le texte.<\/p>\n<p>Comment les \u00e9v\u00e9nements se produisent-ils ? Un processus est-il d\u00e9crit ? Quelles sont les \u00e9tapes ? Quels sont les effets ?<\/p>\n<p>R\u00e9sumez le passage en \u00e9crivant une phrase simple qui semble \u00eatre l'objectif principal ou la le\u00e7on de l'auteur.<\/p><\/blockquote>\n<ol start=\"3\">\n<li><strong>INTERPR\u00c9TATION <\/strong>(que signifie le passage)<\/li>\n<\/ol>\n<blockquote><p>Quelle est la cause d'une action ou d'une d\u00e9claration particuli\u00e8re ? Quelle est l'intention ? Est-elle li\u00e9e \u00e0 l'incident pr\u00e9c\u00e9dent ?<\/p>\n<p>Pourquoi est-ce important ? Qu'est-ce que cela nous apprend ?<\/p>\n<p>Quelles sont ses cons\u00e9quences et ses implications ?<\/p>\n<p>Est-il pertinent ? Comment s'ins\u00e8re-t-il dans l'ensemble ? Pourquoi est-il mentionn\u00e9 ici ?<\/p>\n<p>Quelle est sa signification aujourd'hui ?<\/p>\n<p>Qu'est-ce que cela implique quant \u00e0 la relation de Dieu avec les hommes ? De la relation des hommes avec Dieu ?<\/p><\/blockquote>\n<p>&nbsp;<\/p>\n<ol start=\"4\">\n<li><strong>LA M\u00c9DITATION ET LA M\u00c9MORISATION DES \u00c9CRITURES<\/strong><\/li>\n<\/ol>\n<blockquote><p>Matt.4:4, Ps37:31, Ps.119:11, Prov.2:1-3, Deut.6:6-7<\/p><\/blockquote>\n<ol start=\"5\">\n<li><strong>CANDIDATURE<\/strong> (que signifie ce passage pour moi ?)<\/li>\n<\/ol>\n<blockquote><p>Demandez \u00e0 l'Esprit Saint de vous enseigner.<\/p>\n<p>Qu'est-ce qui fait d\u00e9j\u00e0 partie de ma pens\u00e9e ? Mes actions ?<\/p>\n<p>Qu'est-ce qui est nouveau pour moi ?<\/p>\n<p>Qu'est-ce que je fais de mal ?<\/p>\n<p>Comment puis-je apporter le changement n\u00e9cessaire ?<\/p>\n<p>Qu'ai-je besoin de savoir (pas \u00e0 une date ult\u00e9rieure) ?<\/p><\/blockquote>\n<p><strong>Quels sont les outils qui vous semblent utiles pour une \u00e9tude biblique significative ?<\/strong><\/p>\n<p>&nbsp;<\/p>\n<p><strong>Prenez maintenant un passage et mettez en pratique les principes (Observation, Interpr\u00e9tation, M\u00e9morisation et Application) ci-dessus.<\/strong><\/p>\n<p><strong><u>TEMPS CALME<\/u><\/strong><\/p>\n<ol>\n<li>Qu'est-ce que le temps calme ?<\/li>\n<li>En quoi diff\u00e8re-t-elle de l'\u00e9tude biblique personnelle ?<\/li>\n<li>O\u00f9 et quand peut-on s'accorder un temps de silence ? Mc 1:35, Gen.19:27<\/li>\n<li>Pourquoi est-il n\u00e9cessaire d'avoir son propre temps de silence ? Ps. 119:15, Is. 40:29-31, 1pet.2:2.<\/li>\n<li>Quels sont les probl\u00e8mes rencontr\u00e9s lors de la mise en place d'un temps de silence ?<\/li>\n<\/ol>\n<p><strong>R\u00c9SUM\u00c9<\/strong><\/p>\n<p>L'\u00e9tude personnelle de la Bible et le temps de silence sont des outils tr\u00e8s puissants qui permettent au chr\u00e9tien d'\u00eatre bien inform\u00e9 dans tous les aspects de la vie, qu'ils soient spirituels, physiques, acad\u00e9miques, financiers, etc. Lorsqu'ils sont utilis\u00e9s correctement et avec diligence, ces outils contribuent \u00e0 la victoire du chr\u00e9tien dans son travail quotidien sur cette terre. Ils nous permettent de conna\u00eetre le <em><u>esprit de Dieu<\/u><\/em>. Tenez-y fermement et vous n'\u00e9chouerez pas. Dans la prochaine le\u00e7on, nous aborderons l'autre section de la d\u00e9votion personnelle - la pri\u00e8re et le je\u00fbne. Vous ne pouvez pas attendre !<\/p>\n<p><strong><u>VERSET \u00c0 M\u00c9MORISER 2TIM.3:16-17 (NIV)<\/u><\/strong><\/p>\n<blockquote><p><strong>Toutes les Ecritures sont inspir\u00e9es par Dieu et sont utiles pour enseigner, reprendre, corriger et former \u00e0 la justice, afin que l'homme de Dieu soit parfaitement \u00e9quip\u00e9 pour toute bonne oeuvre.<\/strong>. <strong><u>2 TIM.3:16-17 (NIV)<\/u><\/strong><\/p><\/blockquote>\n<p><strong>\u00a0<\/strong><\/p>\n<p><strong>Prochaine r\u00e9union :<\/strong><\/p>","protected":false},"excerpt":{"rendered":"<p>LE\u00c7ON 5 : La force du chr\u00e9tien d\u00e9pend absolument de sa d\u00e9pendance \u00e0 l'\u00e9gard du Christ, son Ma\u00eetre. La plupart des chr\u00e9tiens d'aujourd'hui sont faibles parce qu'ils d\u00e9pendent surtout des activit\u00e9s de grands groupes au lieu de leur communion personnelle avec le Christ. La communion personnelle d'un chr\u00e9tien repose sur sa d\u00e9votion personnelle qui inclut son \u00e9tude de la Bible [...]<\/p>","protected":false},"author":27229,"featured_media":0,"parent":0,"menu_order":0,"comment_status":"closed","ping_status":"closed","template":"","meta":{"_acf_changed":false,"inline_featured_image":false,"site-sidebar-layout":"default","site-content-layout":"default","ast-site-content-layout":"default","site-content-style":"default","site-sidebar-style":"default","ast-global-header-display":"","ast-banner-title-visibility":"","ast-main-header-display":"","ast-hfb-above-header-display":"","ast-hfb-below-header-display":"","ast-hfb-mobile-header-display":"","site-post-title":"","ast-breadcrumbs-content":"","ast-featured-img":"","footer-sml-layout":"","ast-disable-related-posts":"","theme-transparent-header-meta":"default","adv-header-id-meta":"","stick-header-meta":"","header-above-stick-meta":"","header-main-stick-meta":"","header-below-stick-meta":"","astra-migrate-meta-layouts":"default","ast-page-background-enabled":"default","ast-page-background-meta":{"desktop":{"background-color":"","background-image":"","background-repeat":"repeat","background-position":"center center","background-size":"auto","background-attachment":"scroll","background-type":"","background-media":"","overlay-type":"","overlay-color":"","overlay-opacity":"","overlay-gradient":""},"tablet":{"background-color":"","background-image":"","background-repeat":"repeat","background-position":"center center","background-size":"auto","background-attachment":"scroll","background-type":"","background-media":"","overlay-type":"","overlay-color":"","overlay-opacity":"","overlay-gradient":""},"mobile":{"background-color":"","background-image":"","background-repeat":"repeat","background-position":"center center","background-size":"auto","background-attachment":"scroll","background-type":"","background-media":"","overlay-type":"","overlay-color":"","overlay-opacity":"","overlay-gradient":""}},"ast-content-background-meta":{"desktop":{"background-color":"var(--ast-global-color-5)","background-image":"","background-repeat":"repeat","background-position":"center center","background-size":"auto","background-attachment":"scroll","background-type":"","background-media":"","overlay-type":"","overlay-color":"","overlay-opacity":"","overlay-gradient":""},"tablet":{"background-color":"var(--ast-global-color-5)","background-image":"","background-repeat":"repeat","background-position":"center center","background-size":"auto","background-attachment":"scroll","background-type":"","background-media":"","overlay-type":"","overlay-color":"","overlay-opacity":"","overlay-gradient":""},"mobile":{"background-color":"var(--ast-global-color-5)","background-image":"","background-repeat":"repeat","background-position":"center center","background-size":"auto","background-attachment":"scroll","background-type":"","background-media":"","overlay-type":"","overlay-color":"","overlay-opacity":"","overlay-gradient":""}},"footnotes":""},"class_list":["post-114","page","type-page","status-publish","hentry"],"acf":[],"jetpack_sharing_enabled":true,"meta_box":{"_cloudsearch_visibility":""},"_links":{"self":[{"href":"https:\/\/www.mdiscipleship.net\/fr\/wp-json\/wp\/v2\/pages\/114","targetHints":{"allow":["GET"]}}],"collection":[{"href":"https:\/\/www.mdiscipleship.net\/fr\/wp-json\/wp\/v2\/pages"}],"about":[{"href":"https:\/\/www.mdiscipleship.net\/fr\/wp-json\/wp\/v2\/types\/page"}],"author":[{"embeddable":true,"href":"https:\/\/www.mdiscipleship.net\/fr\/wp-json\/wp\/v2\/users\/27229"}],"replies":[{"embeddable":true,"href":"https:\/\/www.mdiscipleship.net\/fr\/wp-json\/wp\/v2\/comments?post=114"}],"version-history":[{"count":1,"href":"https:\/\/www.mdiscipleship.net\/fr\/wp-json\/wp\/v2\/pages\/114\/revisions"}],"predecessor-version":[{"id":115,"href":"https:\/\/www.mdiscipleship.net\/fr\/wp-json\/wp\/v2\/pages\/114\/revisions\/115"}],"wp:attachment":[{"href":"https:\/\/www.mdiscipleship.net\/fr\/wp-json\/wp\/v2\/media?parent=114"}],"curies":[{"name":"wp","href":"https:\/\/api.w.org\/{rel}","templated":true}]}}