{"id":116,"date":"2019-09-06T08:26:13","date_gmt":"2019-09-06T08:26:13","guid":{"rendered":"https:\/\/www.mdiscipleship.net\/?page_id=116"},"modified":"2019-09-06T08:26:13","modified_gmt":"2019-09-06T08:26:13","slug":"6-2","status":"publish","type":"page","link":"https:\/\/www.mdiscipleship.net\/fr\/6-2\/","title":{"rendered":"6. VOTRE NOUVELLE VIE DE RELATION"},"content":{"rendered":"<p>Rappelez-vous : Au fur et \u00e0 mesure que vous grandissez dans votre relation avec Dieu, il <strong>r\u00e9v\u00e9ler <\/strong>Son caract\u00e8re et sa volont\u00e9 ; le Saint-Esprit <strong>nous permet <\/strong>de vivre une vie qui refl\u00e8te <strong>\u00e0 la fois<\/strong>.<\/p>\n<p>Un p\u00e8re dira \u00e0 son fils de ne pas toucher une cuisini\u00e8re chaude.Il le fait <strong>pas <\/strong>parce qu'il veut \u00e9touffer la curiosit\u00e9 de son fils ou l'emp\u00eacher de s'amuser. Au contraire, il impose l'interdiction parce qu'il sait que le po\u00eale br\u00fblera son enfant. Sa motivation est de prot\u00e9ger son fils du danger et de lui assurer la s\u00e9curit\u00e9.<\/p>\n<p><strong>POURQUOI ATTENDRE LE SEXE ? PARCE QUE DIEU DIT D'ATTENDRE <\/strong><\/p>\n<p>Lisez 1 Thessaloniciens 4:1-8.<\/p>\n<p>L'ap\u00f4tre Paul complimente les Thessaloniciens sur leur marche avec Dieu. Parce que leur d\u00e9sir \u00e9tait de marcher avec Dieu et de lui plaire, Paul les encourageait \u00e0 \"exceller encore\". Il mettait l'accent sur la puret\u00e9 dans les relations et, plus particuli\u00e8rement, dans le domaine sexuel.<\/p>\n<p><em>Par quelle autorit\u00e9 ce commandement est-il donn\u00e9 ? <\/em><\/p>\n<p><em>Quelle est la volont\u00e9 de Dieu ? <\/em><\/p>\n<p><strong>Points cl\u00e9s : <\/strong><\/p>\n<ol>\n<li>Dieu d\u00e9sire notre sanctification globale. En d'autres termes, il veut que nous d\u00e9veloppions son caract\u00e8re dans tous les domaines de notre vie. La puret\u00e9 et la saintet\u00e9 font partie du caract\u00e8re de Dieu.<\/li>\n<\/ol>\n<p><strong>\"Car la volont\u00e9 de Dieu, c'est votre sanctification, c'est-\u00e0-dire que vous vous absteniez de toute immoralit\u00e9 sexuelle...\". <\/strong><em>1 Thessaloniciens 4:3 <\/em><\/p>\n<ol>\n<li>Dieu veut que les chr\u00e9tiens ne se trompent pas les uns les autres dans leurs relations. Nous fraudons quelqu'un lorsque nous l'amenons \u00e0 sortir des limites que Dieu a \u00e9tablies.<\/li>\n<\/ol>\n<p><strong>\"...Veillez \u00e0 ce que personne ne transgresse et n'escroque son fr\u00e8re dans cette affaire...\" <\/strong><em>1 Thessaloniciens 4:6 <\/em><\/p>\n<p>En apparence, la Bible semble remplie de commandements n\u00e9gatifs qui paraissent imposants et ennuyeux. Cependant, nous devons nous rappeler que Dieu n'a qu'une seule motivation...<strong>amour<\/strong>. Lorsque nous comprenons qu'Il cherche toujours ce qui est le mieux pour nous, ces commandements deviennent positifs.<\/p>\n<p><strong>LES ORDRES DE DIEU : POUR VOUS PROT\u00c9GER ET POUR SUBVENIR \u00c0 VOS BESOINS <\/strong><\/p>\n<p>Derri\u00e8re chaque commandement n\u00e9gatif se cachent deux principes positifs. L'un est de nous prot\u00e9ger, l'autre est de subvenir \u00e0 nos besoins. En d'autres termes, lorsque Dieu dit \"Tu ne commettras pas d'adult\u00e8re\", il est en train de <strong>pas <\/strong>\u00eatre un rabat-joie cosmique, comme nous le verrons.<\/p>\n<p><strong>Le commandement de Dieu d'attendre le mariage pour avoir des relations sexuelles est donn\u00e9 dans le but de.. :<\/strong><\/p>\n<p><img fetchpriority=\"high\" decoding=\"async\" class=\"aligncenter size-full wp-image-118\" src=\"https:\/\/www.mdiscipleship.net\/wp-content\/uploads\/sites\/202\/2019\/09\/pro.png\" alt=\"\" width=\"425\" height=\"405\" srcset=\"https:\/\/www.mdiscipleship.net\/wp-content\/uploads\/sites\/202\/2019\/09\/pro.png 425w, https:\/\/www.mdiscipleship.net\/wp-content\/uploads\/sites\/202\/2019\/09\/pro.png?resize=300,286 300w, https:\/\/www.mdiscipleship.net\/wp-content\/uploads\/sites\/202\/2019\/09\/pro.png?resize=13,12 13w\" sizes=\"(max-width: 425px) 100vw, 425px\" \/><\/p>\n<p><em>Pourquoi pensez-vous que Dieu veut vous prot\u00e9ger et subvenir \u00e0 vos besoins ? Examinez les versets suivants et r\u00e9pondez avec vos propres mots : Romains 8:38, 39 ; Psaume 103:17, 18 ; Deut\u00e9ronome 10:12. <\/em><\/p>\n<p>Dieu nous prot\u00e8ge en nous donnant des fronti\u00e8res et des limites \u00e0 nos activit\u00e9s. Ces limites sont l'expression de son amour et de sa sagesse et elles nous emp\u00eachent de nous faire du mal. Non seulement ses commandements nous mettent \u00e0 l'abri du danger, mais ils sont \u00e9galement destin\u00e9s \u00e0 subvenir \u00e0 nos besoins de mani\u00e8re sp\u00e9cifique.<\/p>\n<p><strong>UN C\u0152UR PUR POUR UN NOUVEAU D\u00c9PART <\/strong><\/p>\n<p>L'une des plus grandes erreurs que les gens peuvent commettre est de supposer que, puisqu'ils n'ont pas respect\u00e9 le commandement de Dieu concernant la sexualit\u00e9, Dieu ne veut rien avoir \u00e0 faire avec eux. Ce n'est tout simplement pas vrai. Dieu est parfaitement conscient de nos tendances au p\u00e9ch\u00e9 - c'est pourquoi J\u00e9sus-Christ est venu.<\/p>\n<p>Pour le roi David, ce qui a commenc\u00e9 par un regard, a conduit non seulement \u00e0 l'adult\u00e8re et \u00e0 une grossesse non d\u00e9sir\u00e9e, mais aussi \u00e0 un meurtre. David a vraiment tout g\u00e2ch\u00e9. Mais consid\u00e9rez ce qui s'est pass\u00e9 ensuite.<\/p>\n<p>Lisez Psaumes 51:1-17.<\/p>\n<p>David a admis son p\u00e9ch\u00e9 et a demand\u00e9 \u00e0 Dieu de lui pardonner. Comme David, nous pouvons recevoir le pardon complet de Dieu et prendre un nouveau d\u00e9part.<\/p>\n<p>Voici quelques mesures importantes \u00e0 prendre.<\/p>\n<ol>\n<li><strong> Confesser le p\u00e9ch\u00e9. <\/strong><\/li>\n<\/ol>\n<p>Nommez sp\u00e9cifiquement votre p\u00e9ch\u00e9 devant Dieu et demandez-lui son pardon. <em>1Jean 1:9 <\/em><\/p>\n<ol>\n<li><strong> Pardonnez-vous. <\/strong><\/li>\n<\/ol>\n<p>Si vous n'\u00eates pas pr\u00eat \u00e0 vous pardonner, vous dites deux choses \u00e0 Dieu :<\/p>\n<p>(1) La mort du Christ n'a pas suffi pour vos p\u00e9ch\u00e9s ; et<\/p>\n<p>(2) vous \u00eates un meilleur juge de ce qui peut \u00eatre pardonn\u00e9 que Dieu. La gr\u00e2ce de Dieu vous est accord\u00e9e dans son c\u0153ur d'amour. Lorsque vous ne vous pardonnez pas, vous lui rejetez la gr\u00e2ce de Dieu \u00e0 la figure. Si la gr\u00e2ce de Dieu ne peut pas couvrir votre p\u00e9ch\u00e9, elle ne peut couvrir aucun p\u00e9ch\u00e9. <em>Romains 8:1 <\/em><\/p>\n<ol>\n<li><strong> Remplissez-vous de l'Esprit Saint. <\/strong><\/li>\n<\/ol>\n<p>Permettez \u00e0 l'Esprit de Dieu de vous remplir de sa puissance pour dire non aux tentations futures. \u00a0\u00a0\u00a0<em>Eph\u00e9siens 5:18 <\/em><\/p>\n<ol>\n<li><strong> Montrer les fruits de la repentance. <\/strong><\/li>\n<\/ol>\n<p>Se repentir signifie se retourner, changer d'avis. Matthieu 3:8 dit : \"Portez des fruits dignes de la repentance\". Cela peut signifier rompre une relation ou prendre la d\u00e9cision de ne plus \u00eatre seul avec quelqu'un. Il peut s'agir d'autre chose. Quoi qu'il en soit, vos actions doivent montrer que vous avez chang\u00e9. La personne qui pr\u00e9tend \u00eatre chr\u00e9tienne mais qui continue \u00e0 pratiquer le p\u00e9ch\u00e9 doit se rendre compte qu'elle n'est peut-\u00eatre pas chr\u00e9tienne du tout. <em>Jean 14:21 ; 1 Jean 2:3 <\/em><\/p>\n<p>L'amour total et le pardon de Dieu nous permettent de prendre un nouveau d\u00e9part et de vivre une vie qui lui soit agr\u00e9able.<\/p>\n<p><strong>VOTRE NOUVELLE VIE RELATIONNELLE <\/strong><\/p>\n<p>Notre nouvelle vie relationnelle commence par une <strong>d\u00e9cision <\/strong>de vivre une vie qui lui soit agr\u00e9able.<\/p>\n<p>Lisez Daniel 1:8.<\/p>\n<p><em>\"Mais Daniel <\/em><strong>a pris sa d\u00e9cision <\/strong><em>afin de ne pas se souiller avec les mets choisis par le roi et avec le vin qu'il buvait ; il demanda donc au chef des fonctionnaires la permission de ne pas se souiller. <\/em><\/p>\n<p><strong>Mots cl\u00e9s : <\/strong><\/p>\n<p><strong>Souiller :<\/strong> Devenir impur.<\/p>\n<p><em>Quelle a \u00e9t\u00e9 la d\u00e9cision de Daniel ?<\/em><\/p>\n<p><em>Quel a \u00e9t\u00e9 le r\u00e9sultat ? <\/em>Lisez Daniel 1.9-13.<\/p>\n<p>&nbsp;<\/p>\n<p>Lisez H\u00e9breux 13:4.<\/p>\n<p>A partir d'aujourd'hui, veux-tu ne pas te souiller et rester pur jusqu'au mariage ?<\/p>\n<p>\u2610Oui Date _______ \/ ______ \/ ____________<\/p>\n<p>\u2610No Date _______ \/ ______ \/ _____________<\/p>\n<p>Les points suivants vous aideront \u00e0 entretenir des relations qui plaisent \u00e0 Dieu.<\/p>\n<ol>\n<li><strong> Pri\u00e8re et \u00e9tude biblique. <\/strong><\/li>\n<\/ol>\n<p>Passer r\u00e9guli\u00e8rement du temps avec Dieu vous aidera \u00e0 comprendre et \u00e0 vivre ses priorit\u00e9s pour votre vie. <em>Psaumes 1:1-3 ; \u00c9ph\u00e9siens 5:8-10 ; J\u00e9r\u00e9mie 9:23, 24 <\/em><\/p>\n<ol>\n<li><strong> Une vie remplie d'esprit <\/strong><\/li>\n<\/ol>\n<p>Le Saint-Esprit nous permet de vivre une vie agr\u00e9able \u00e0 Dieu. <em>Galates 5:16 <\/em><\/p>\n<ol>\n<li><strong> Responsabilit\u00e9 <\/strong><\/li>\n<\/ol>\n<p>Notre responsabilit\u00e9 \u00e0 l'\u00e9gard d'une autre personne nous aide \u00e0 maintenir notre responsabilit\u00e9 \u00e0 l'\u00e9gard de Dieu. <em>Eccl\u00e9siaste 4:9, 10 ; Proverbes 27:17 ; Eph\u00e9siens 5:21 <\/em><\/p>\n<ol>\n<li><strong> La fraternit\u00e9. <\/strong><\/li>\n<\/ol>\n<p>Recherchez la communion avec des personnes pieuses qui soutiennent et renforcent vos convictions. <em>H\u00e9breux 10:24, 25 ; 2 Timoth\u00e9e 2:22 <\/em><\/p>\n<p>En grandissant dans le Christ, vous verrez que les commandements de Dieu sont donn\u00e9s dans votre int\u00e9r\u00eat. Car c'est vrai, <strong>choisir d'attendre <\/strong>est la d\u00e9cision la plus gratifiante que nous puissions prendre.<\/p>\n<p><strong>QU'EST-CE QUE LA SUITE ?<\/strong><\/p>\n<p>Le monde dans lequel nous vivons - \u00e9clatement de la famille, immoralit\u00e9, malhonn\u00eatet\u00e9, corruption, injustice<\/p>\n<p><strong>Le probl\u00e8me de base<\/strong> - Romains 3:23 le p\u00e9ch\u00e9, Marc 7:21-23 - le c\u0153ur de l'homme<\/p>\n<p><strong>La solution<\/strong>\u00a0 - 2 Cor. 5:17.     J\u00e9sus-Christ<\/p>\n<p>Il faut que les gens changent pour que le monde change.<\/p>\n<p><strong>La commande<\/strong> - Matthieu 28:18-20 Allez et faites des disciples.<\/p>\n<p><strong>Une promesse de fruit<\/strong> \u00a0- Jean 15:16<\/p>\n<p><strong>Le pouvoir<\/strong> - Actes 1:8 L'Esprit Saint<\/p>\n<p><strong>La strat\u00e9gie<\/strong> - 2 Timoth\u00e9e 2:2 Multiplication spirituelle<\/p>\n<p>&nbsp;<\/p>\n<h4>LA PAROLE DE DIEU NOUS DIT DE NOUS MULTIPLIER SPIRITUELLEMENT AFIN D'ATTEINDRE LE MONDE (2 TIMOTH\u00c9E 2:2).<\/h4>\n<p>Paul disciplinait Timoth\u00e9e, et Timoth\u00e9e disciplinait des hommes fid\u00e8les qui allaient ensuite enseigner d'autres personnes. Le sch\u00e9ma suivant illustre ce principe :<strong><img decoding=\"async\" class=\"aligncenter size-full wp-image-117\" src=\"https:\/\/www.mdiscipleship.net\/wp-content\/uploads\/sites\/202\/2019\/09\/spiritualx.png\" alt=\"\" width=\"328\" height=\"153\" srcset=\"https:\/\/www.mdiscipleship.net\/wp-content\/uploads\/sites\/202\/2019\/09\/spiritualx.png 328w, https:\/\/www.mdiscipleship.net\/wp-content\/uploads\/sites\/202\/2019\/09\/spiritualx.png?resize=300,140 300w, https:\/\/www.mdiscipleship.net\/wp-content\/uploads\/sites\/202\/2019\/09\/spiritualx.png?resize=18,8 18w\" sizes=\"(max-width: 328px) 100vw, 328px\" \/><\/strong><\/p>\n<p>La formation et la maturit\u00e9 d'un disciple (Timoth\u00e9e) \u00e9taient \"multipli\u00e9es\" dans la vie de beaucoup d'autres. L'effet \u00e9tait tel que Timoth\u00e9e n'aurait jamais pu le produire seul.<\/p>\n<p>Le monde ne peut \u00eatre atteint par l'addition, mais seulement par la multiplication.<\/p>\n<ol>\n<li><strong>ADDITION :<\/strong> Si vous partagez le Christ avec 1 000 personnes par jour, il semble raisonnable de penser que vous finirez par atteindre le monde entier. En r\u00e9alit\u00e9, il vous faudrait environ 11 000 ans, m\u00eame si la population mondiale cessait de cro\u00eetre.<\/li>\n<li><strong>MULTIPLICATION<\/strong>: Cependant, si vous formez les disciples de ceux qui ont r\u00e9pondu \u00e0 votre t\u00e9moignage et que vous continuez \u00e0 \u00e9vang\u00e9liser, le monde pourrait \u00eatre atteint au cours de votre vie. Si, au cours d'une ann\u00e9e, vous avez form\u00e9 deux nouveaux chr\u00e9tiens \u00e0 partager leur foi et \u00e0 enseigner aux autres, puis qu'ils ont fait la m\u00eame chose l'ann\u00e9e suivante, et ainsi de suite, la 28e ann\u00e9e, il y aurait suffisamment de disciples pour partager le Christ avec plus de 7 milliards de personnes. La 28e ann\u00e9e, il y aurait suffisamment de disciples pour partager le Christ avec plus de 7 milliards de personnes. Cela se produirait si chaque disciple partageait le Christ avec une seule personne par semaine.<\/li>\n<\/ol>\n<p><strong>Croyez-vous que Dieu vous conduit \u00e0 ce type d'engagement ? <\/strong><\/p>","protected":false},"excerpt":{"rendered":"<p>Rappelez-vous : Au fur et \u00e0 mesure que vous grandissez dans votre relation avec Dieu, il vous r\u00e9v\u00e8le son caract\u00e8re et sa volont\u00e9 ; le Saint-Esprit nous permet de vivre une vie qui refl\u00e8te ces deux \u00e9l\u00e9ments. Un p\u00e8re dira \u00e0 son fils de ne pas toucher une cuisini\u00e8re chaude.Il ne le fait pas parce qu'il veut \u00e9touffer la curiosit\u00e9 de son fils ou lui enlever [...]<\/p>","protected":false},"author":27229,"featured_media":0,"parent":0,"menu_order":0,"comment_status":"closed","ping_status":"closed","template":"","meta":{"_acf_changed":false,"inline_featured_image":false,"site-sidebar-layout":"default","site-content-layout":"default","ast-site-content-layout":"default","site-content-style":"default","site-sidebar-style":"default","ast-global-header-display":"","ast-banner-title-visibility":"","ast-main-header-display":"","ast-hfb-above-header-display":"","ast-hfb-below-header-display":"","ast-hfb-mobile-header-display":"","site-post-title":"","ast-breadcrumbs-content":"","ast-featured-img":"","footer-sml-layout":"","ast-disable-related-posts":"","theme-transparent-header-meta":"default","adv-header-id-meta":"","stick-header-meta":"","header-above-stick-meta":"","header-main-stick-meta":"","header-below-stick-meta":"","astra-migrate-meta-layouts":"default","ast-page-background-enabled":"default","ast-page-background-meta":{"desktop":{"background-color":"","background-image":"","background-repeat":"repeat","background-position":"center center","background-size":"auto","background-attachment":"scroll","background-type":"","background-media":"","overlay-type":"","overlay-color":"","overlay-opacity":"","overlay-gradient":""},"tablet":{"background-color":"","background-image":"","background-repeat":"repeat","background-position":"center center","background-size":"auto","background-attachment":"scroll","background-type":"","background-media":"","overlay-type":"","overlay-color":"","overlay-opacity":"","overlay-gradient":""},"mobile":{"background-color":"","background-image":"","background-repeat":"repeat","background-position":"center center","background-size":"auto","background-attachment":"scroll","background-type":"","background-media":"","overlay-type":"","overlay-color":"","overlay-opacity":"","overlay-gradient":""}},"ast-content-background-meta":{"desktop":{"background-color":"var(--ast-global-color-5)","background-image":"","background-repeat":"repeat","background-position":"center center","background-size":"auto","background-attachment":"scroll","background-type":"","background-media":"","overlay-type":"","overlay-color":"","overlay-opacity":"","overlay-gradient":""},"tablet":{"background-color":"var(--ast-global-color-5)","background-image":"","background-repeat":"repeat","background-position":"center center","background-size":"auto","background-attachment":"scroll","background-type":"","background-media":"","overlay-type":"","overlay-color":"","overlay-opacity":"","overlay-gradient":""},"mobile":{"background-color":"var(--ast-global-color-5)","background-image":"","background-repeat":"repeat","background-position":"center center","background-size":"auto","background-attachment":"scroll","background-type":"","background-media":"","overlay-type":"","overlay-color":"","overlay-opacity":"","overlay-gradient":""}},"footnotes":""},"class_list":["post-116","page","type-page","status-publish","hentry"],"acf":[],"jetpack_sharing_enabled":true,"meta_box":{"_cloudsearch_visibility":""},"_links":{"self":[{"href":"https:\/\/www.mdiscipleship.net\/fr\/wp-json\/wp\/v2\/pages\/116","targetHints":{"allow":["GET"]}}],"collection":[{"href":"https:\/\/www.mdiscipleship.net\/fr\/wp-json\/wp\/v2\/pages"}],"about":[{"href":"https:\/\/www.mdiscipleship.net\/fr\/wp-json\/wp\/v2\/types\/page"}],"author":[{"embeddable":true,"href":"https:\/\/www.mdiscipleship.net\/fr\/wp-json\/wp\/v2\/users\/27229"}],"replies":[{"embeddable":true,"href":"https:\/\/www.mdiscipleship.net\/fr\/wp-json\/wp\/v2\/comments?post=116"}],"version-history":[{"count":1,"href":"https:\/\/www.mdiscipleship.net\/fr\/wp-json\/wp\/v2\/pages\/116\/revisions"}],"predecessor-version":[{"id":119,"href":"https:\/\/www.mdiscipleship.net\/fr\/wp-json\/wp\/v2\/pages\/116\/revisions\/119"}],"wp:attachment":[{"href":"https:\/\/www.mdiscipleship.net\/fr\/wp-json\/wp\/v2\/media?parent=116"}],"curies":[{"name":"wp","href":"https:\/\/api.w.org\/{rel}","templated":true}]}}