{"id":13,"date":"2019-08-19T07:27:16","date_gmt":"2019-08-19T07:27:16","guid":{"rendered":"https:\/\/www.mdiscipleship.net\/?page_id=13"},"modified":"2020-08-09T19:34:35","modified_gmt":"2020-08-09T19:34:35","slug":"elementor-13","status":"publish","type":"page","link":"https:\/\/www.mdiscipleship.net\/fr\/","title":{"rendered":"Accueil"},"content":{"rendered":"<div data-elementor-type=\"wp-post\" data-elementor-id=\"13\" class=\"elementor elementor-13\" data-elementor-post-type=\"page\">\n\t\t\t\t\t\t<section class=\"elementor-section elementor-top-section elementor-element elementor-element-84c4c06 elementor-section-boxed elementor-section-height-default elementor-section-height-default\" data-id=\"84c4c06\" data-element_type=\"section\">\n\t\t\t\t\t\t<div class=\"elementor-container elementor-column-gap-default\">\n\t\t\t\t\t<div class=\"elementor-column elementor-col-100 elementor-top-column elementor-element elementor-element-54280ed\" data-id=\"54280ed\" data-element_type=\"column\">\n\t\t\t<div class=\"elementor-widget-wrap elementor-element-populated\">\n\t\t\t\t\t\t<div class=\"elementor-element elementor-element-e4d22c1 elementor-widget elementor-widget-heading\" data-id=\"e4d22c1\" data-element_type=\"widget\" data-widget_type=\"heading.default\">\n\t\t\t\t<div class=\"elementor-widget-container\">\n\t\t\t\t\t<h2 class=\"elementor-heading-title elementor-size-default\"><a href=\"http:\/\/www.gcmgh.org\" target=\"_blank\">Mouvement de la Grande Commission, Centre de ressources mobiles d'Afrique de l'Ouest<\/a><\/h2>\t\t\t\t<\/div>\n\t\t\t\t<\/div>\n\t\t\t\t\t<\/div>\n\t\t<\/div>\n\t\t\t\t\t<\/div>\n\t\t<\/section>\n\t\t\t\t<section class=\"elementor-section elementor-top-section elementor-element elementor-element-466c14d elementor-section-boxed elementor-section-height-default elementor-section-height-default\" data-id=\"466c14d\" data-element_type=\"section\">\n\t\t\t\t\t\t<div class=\"elementor-container elementor-column-gap-default\">\n\t\t\t\t\t<div class=\"elementor-column elementor-col-100 elementor-top-column elementor-element elementor-element-4bec6e6\" data-id=\"4bec6e6\" data-element_type=\"column\">\n\t\t\t<div class=\"elementor-widget-wrap elementor-element-populated\">\n\t\t\t\t\t\t<div class=\"elementor-element elementor-element-e88c736 elementor-widget elementor-widget-image\" data-id=\"e88c736\" data-element_type=\"widget\" data-widget_type=\"image.default\">\n\t\t\t\t<div class=\"elementor-widget-container\">\n\t\t\t\t\t\t\t\t\t\t\t\t<figure class=\"wp-caption\">\n\t\t\t\t\t\t\t\t\t\t<img decoding=\"async\" src=\"https:\/\/www.mdiscipleship.net\/wp-content\/uploads\/sites\/202\/2019\/08\/welcome-mdiscipleship.jpg?w=1026\" title=\"accueil-mdiscipulat\" alt=\"welcome-mdiscipleship\" loading=\"lazy\" \/>\t\t\t\t\t\t\t\t\t\t\t<figcaption class=\"widget-image-caption wp-caption-text\"><\/figcaption>\n\t\t\t\t\t\t\t\t\t\t<\/figure>\n\t\t\t\t\t\t\t\t\t<\/div>\n\t\t\t\t<\/div>\n\t\t\t\t\t<\/div>\n\t\t<\/div>\n\t\t\t\t\t<\/div>\n\t\t<\/section>\n\t\t\t\t<section class=\"elementor-section elementor-top-section elementor-element elementor-element-f391d3c elementor-section-boxed elementor-section-height-default elementor-section-height-default\" data-id=\"f391d3c\" data-element_type=\"section\">\n\t\t\t\t\t\t<div class=\"elementor-container elementor-column-gap-default\">\n\t\t\t\t\t<div class=\"elementor-column elementor-col-100 elementor-top-column elementor-element elementor-element-48f0050\" data-id=\"48f0050\" data-element_type=\"column\">\n\t\t\t<div class=\"elementor-widget-wrap elementor-element-populated\">\n\t\t\t\t\t\t<div class=\"elementor-element elementor-element-ceda3a7 elementor-widget elementor-widget-text-editor\" data-id=\"ceda3a7\" data-element_type=\"widget\" data-widget_type=\"text-editor.default\">\n\t\t\t\t<div class=\"elementor-widget-container\">\n\t\t\t\t\t\t\t\t\t<p>Le Mouvement de la Grande Commission, en Afrique de l'Ouest, a pu constater de premi\u00e8re main comment les outils num\u00e9riques peuvent \u00eatre utilis\u00e9s pour faire avancer la Grande Commission.<\/p><p>Le num\u00e9rique permet d'acc\u00e9der \u00e0 des lieux et \u00e0 des personnes qui n'ont jamais \u00e9t\u00e9 accessibles auparavant, et nous voulons que vous participiez \u00e0 la diffusion de l'\u00c9vangile.<\/p><p>Nous avons compil\u00e9 des outils et des ressources num\u00e9riques dans le domaine du Discipulat Mobile (virtuel) pour vous aider \u00e0 d\u00e9marrer.<\/p><p>Nous avons des ressources de formation qui peuvent vous aider \u00e0 d\u00e9velopper votre \u00e9glise en utilisant les m\u00e9dias sociaux et des applications que vous pouvez utiliser pour partager votre foi dans des centaines de langues.<\/p><p>Nous voulons vous \u00e9quiper, vous, votre \u00e9glise et votre minist\u00e8re.<\/p>\t\t\t\t\t\t\t\t<\/div>\n\t\t\t\t<\/div>\n\t\t\t\t\t<\/div>\n\t\t<\/div>\n\t\t\t\t\t<\/div>\n\t\t<\/section>\n\t\t\t\t<section class=\"elementor-section elementor-top-section elementor-element elementor-element-e21c7d2 elementor-section-boxed elementor-section-height-default elementor-section-height-default\" data-id=\"e21c7d2\" data-element_type=\"section\">\n\t\t\t\t\t\t<div class=\"elementor-container elementor-column-gap-default\">\n\t\t\t\t\t<div class=\"elementor-column elementor-col-100 elementor-top-column elementor-element elementor-element-d0e5589\" data-id=\"d0e5589\" data-element_type=\"column\">\n\t\t\t<div class=\"elementor-widget-wrap elementor-element-populated\">\n\t\t\t\t\t\t<div class=\"elementor-element elementor-element-048790d elementor-widget elementor-widget-heading\" data-id=\"048790d\" data-element_type=\"widget\" data-widget_type=\"heading.default\">\n\t\t\t\t<div class=\"elementor-widget-container\">\n\t\t\t\t\t<h2 class=\"elementor-heading-title elementor-size-default\">Galerie d'applications mobiles<\/h2>\t\t\t\t<\/div>\n\t\t\t\t<\/div>\n\t\t\t\t\t<\/div>\n\t\t<\/div>\n\t\t\t\t\t<\/div>\n\t\t<\/section>\n\t\t\t\t<section class=\"elementor-section elementor-top-section elementor-element elementor-element-c6a0bb7 elementor-section-boxed elementor-section-height-default elementor-section-height-default\" data-id=\"c6a0bb7\" data-element_type=\"section\">\n\t\t\t\t\t\t<div class=\"elementor-container elementor-column-gap-default\">\n\t\t\t\t\t<div class=\"elementor-column elementor-col-25 elementor-top-column elementor-element elementor-element-8c54249\" data-id=\"8c54249\" data-element_type=\"column\">\n\t\t\t<div class=\"elementor-widget-wrap elementor-element-populated\">\n\t\t\t\t\t\t<div class=\"elementor-element elementor-element-b7f77ac elementor-widget elementor-widget-image\" data-id=\"b7f77ac\" data-element_type=\"widget\" data-widget_type=\"image.default\">\n\t\t\t\t<div class=\"elementor-widget-container\">\n\t\t\t\t\t\t\t\t\t\t\t\t\t\t\t<img decoding=\"async\" src=\"https:\/\/www.mdiscipleship.net\/wp-content\/uploads\/sites\/202\/2019\/08\/GodTools.png?w=150&#038;h=150&#038;crop=1\" title=\"GodTools\" alt=\"GodTools\" loading=\"lazy\" \/>\t\t\t\t\t\t\t\t\t\t\t\t\t\t\t<\/div>\n\t\t\t\t<\/div>\n\t\t\t\t<div class=\"elementor-element elementor-element-c03ea5b elementor-widget elementor-widget-text-editor\" data-id=\"c03ea5b\" data-element_type=\"widget\" data-widget_type=\"text-editor.default\">\n\t\t\t\t<div class=\"elementor-widget-container\">\n\t\t\t\t\t\t\t\t\t<h3 style=\"text-align: center\"><strong><span style=\"color: #ffcc00\">GodTools<\/span><\/strong><\/h3><p style=\"text-align: center\">Cette application offre un moyen clair, concis et facile de pr\u00e9senter l'\u00c9vangile et permet de recevoir le Christ dans plus de 70 langues.<\/p><p style=\"text-align: center\"><a href=\"https:\/\/www.mdiscipleship.net\/2019\/08\/07\/GodTools\/\"><strong>&gt;&gt;T\u00c9L\u00c9CHARGER&lt;&lt;<\/strong><\/a><\/p>\t\t\t\t\t\t\t\t<\/div>\n\t\t\t\t<\/div>\n\t\t\t\t\t<\/div>\n\t\t<\/div>\n\t\t\t\t<div class=\"elementor-column elementor-col-25 elementor-top-column elementor-element elementor-element-b07cdbf\" data-id=\"b07cdbf\" data-element_type=\"column\">\n\t\t\t<div class=\"elementor-widget-wrap elementor-element-populated\">\n\t\t\t\t\t\t<div class=\"elementor-element elementor-element-8fc0517 elementor-widget elementor-widget-image\" data-id=\"8fc0517\" data-element_type=\"widget\" data-widget_type=\"image.default\">\n\t\t\t\t<div class=\"elementor-widget-container\">\n\t\t\t\t\t\t\t\t\t\t\t\t\t\t\t<img decoding=\"async\" src=\"https:\/\/www.mdiscipleship.net\/wp-content\/uploads\/sites\/202\/2019\/09\/gotQ.jpg?w=150&#038;h=150&#038;crop=1\" title=\"gotQ\" alt=\"gotQ\" loading=\"lazy\" \/>\t\t\t\t\t\t\t\t\t\t\t\t\t\t\t<\/div>\n\t\t\t\t<\/div>\n\t\t\t\t<div class=\"elementor-element elementor-element-9c8353a elementor-widget elementor-widget-text-editor\" data-id=\"9c8353a\" data-element_type=\"widget\" data-widget_type=\"text-editor.default\">\n\t\t\t\t<div class=\"elementor-widget-container\">\n\t\t\t\t\t\t\t\t\t<h3 style=\"text-align: center\"><strong><span style=\"color: #ffcc00\">Vous avez des questions ?<\/span><\/strong><\/h3><p style=\"text-align: center\">Vous avez une question sur Dieu, J\u00e9sus, la Bible ou la th\u00e9ologie ? Avez-vous besoin d'aide pour comprendre un verset ou un passage de la Bible ?\u00a0<\/p><p style=\"text-align: center\"><strong><a href=\"https:\/\/www.mdiscipleship.net\/2019\/09\/05\/got-questions-app\/\">&gt;&gt;T\u00c9L\u00c9CHARGER&lt;&lt;<\/a><\/strong><\/p>\t\t\t\t\t\t\t\t<\/div>\n\t\t\t\t<\/div>\n\t\t\t\t\t<\/div>\n\t\t<\/div>\n\t\t\t\t<div class=\"elementor-column elementor-col-25 elementor-top-column elementor-element elementor-element-565386d\" data-id=\"565386d\" data-element_type=\"column\">\n\t\t\t<div class=\"elementor-widget-wrap elementor-element-populated\">\n\t\t\t\t\t\t<div class=\"elementor-element elementor-element-3891380 elementor-widget elementor-widget-image\" data-id=\"3891380\" data-element_type=\"widget\" data-widget_type=\"image.default\">\n\t\t\t\t<div class=\"elementor-widget-container\">\n\t\t\t\t\t\t\t\t\t\t\t\t\t\t\t<img decoding=\"async\" src=\"https:\/\/www.mdiscipleship.net\/wp-content\/uploads\/sites\/202\/2019\/09\/JF.jpg?w=150&#038;h=150&#038;crop=1\" title=\"JF\" alt=\"JF\" loading=\"lazy\" \/>\t\t\t\t\t\t\t\t\t\t\t\t\t\t\t<\/div>\n\t\t\t\t<\/div>\n\t\t\t\t<div class=\"elementor-element elementor-element-73bb8d8 elementor-widget elementor-widget-text-editor\" data-id=\"73bb8d8\" data-element_type=\"widget\" data-widget_type=\"text-editor.default\">\n\t\t\t\t<div class=\"elementor-widget-container\">\n\t\t\t\t\t\t\t\t\t<h3 style=\"text-align: center\"><span style=\"color: #ffcc00\"><strong>J\u00e9sus Film App<\/strong><\/span><\/h3><div class=\"parsys_column cq-colctrl-lt0-1-c0\"><div class=\"text\"><p style=\"text-align: center\">L'application Jesus Film est une biblioth\u00e8que num\u00e9rique compl\u00e8te de plus de 200 longs et courts m\u00e9trages produits pour aider le monde \u00e0 mieux conna\u00eetre J\u00e9sus.<\/p><p style=\"text-align: center\"><a href=\"https:\/\/www.mdiscipleship.net\/2019\/09\/05\/jesus-film-app\/\"><strong>&gt;&gt;T\u00c9L\u00c9CHARGER&lt;&lt;<\/strong><\/a><\/p><\/div><\/div>\t\t\t\t\t\t\t\t<\/div>\n\t\t\t\t<\/div>\n\t\t\t\t\t<\/div>\n\t\t<\/div>\n\t\t\t\t<div class=\"elementor-column elementor-col-25 elementor-top-column elementor-element elementor-element-8604d0c\" data-id=\"8604d0c\" data-element_type=\"column\">\n\t\t\t<div class=\"elementor-widget-wrap elementor-element-populated\">\n\t\t\t\t\t\t<div class=\"elementor-element elementor-element-3efb8f1 elementor-widget elementor-widget-image\" data-id=\"3efb8f1\" data-element_type=\"widget\" data-widget_type=\"image.default\">\n\t\t\t\t<div class=\"elementor-widget-container\">\n\t\t\t\t\t\t\t\t\t\t\t\t\t\t\t<img decoding=\"async\" src=\"https:\/\/www.mdiscipleship.net\/wp-content\/uploads\/sites\/202\/2019\/09\/escom.jpg?w=150&#038;h=150&#038;crop=1\" title=\"escom\" alt=\"escom\" loading=\"lazy\" \/>\t\t\t\t\t\t\t\t\t\t\t\t\t\t\t<\/div>\n\t\t\t\t<\/div>\n\t\t\t\t<div class=\"elementor-element elementor-element-ec5fbc0 elementor-widget elementor-widget-text-editor\" data-id=\"ec5fbc0\" data-element_type=\"widget\" data-widget_type=\"text-editor.default\">\n\t\t\t\t<div class=\"elementor-widget-container\">\n\t\t\t\t\t\t\t\t\t<h3 style=\"text-align: center\"><span style=\"color: #ffcc00\"><strong>L'application pour chaque \u00e9l\u00e8ve<\/strong><\/span><\/h3><p style=\"text-align: center\">L'application Every Student a \u00e9t\u00e9 con\u00e7ue pour les \u00e9l\u00e8ves du monde entier. C'est un endroit s\u00fbr pour explorer<span class=\"taglinehide2\"> q<\/span>uestions sur la vie et sur Dieu.<\/p><p style=\"text-align: center\"><a href=\"https:\/\/www.mdiscipleship.net\/2019\/09\/05\/every-student-app\/\"><strong>&gt;&gt;T\u00c9L\u00c9CHARGER&lt;&lt;<\/strong><\/a><\/p>\t\t\t\t\t\t\t\t<\/div>\n\t\t\t\t<\/div>\n\t\t\t\t\t<\/div>\n\t\t<\/div>\n\t\t\t\t\t<\/div>\n\t\t<\/section>\n\t\t\t\t<\/div>","protected":false},"excerpt":{"rendered":"<p>Mouvement de la Grande Commission, Afrique de l'Ouest Centre de ressources mobiles Le Mouvement de la Grande Commission, Afrique de l'Ouest a vu de premi\u00e8re main comment les outils num\u00e9riques peuvent \u00eatre utilis\u00e9s pour faire avancer la Grande Commission. Le num\u00e9rique permet d'acc\u00e9der \u00e0 des lieux et \u00e0 des personnes qui n'ont jamais \u00e9t\u00e9 accessibles auparavant, et nous voulons que vous participiez \u00e0 l'\u00e9vang\u00e9lisation des gens. Nous avons [...]<\/p>","protected":false},"author":13428,"featured_media":0,"parent":0,"menu_order":0,"comment_status":"closed","ping_status":"closed","template":"","meta":{"_acf_changed":false,"inline_featured_image":false,"site-sidebar-layout":"right-sidebar","site-content-layout":"content-boxed-container","ast-site-content-layout":"default","site-content-style":"default","site-sidebar-style":"default","ast-global-header-display":"","ast-banner-title-visibility":"","ast-main-header-display":"","ast-hfb-above-header-display":"","ast-hfb-below-header-display":"","ast-hfb-mobile-header-display":"","site-post-title":"disabled","ast-breadcrumbs-content":"disabled","ast-featured-img":"disabled","footer-sml-layout":"","ast-disable-related-posts":"","theme-transparent-header-meta":"default","adv-header-id-meta":"","stick-header-meta":"","header-above-stick-meta":"","header-main-stick-meta":"","header-below-stick-meta":"","astra-migrate-meta-layouts":"default","ast-page-background-enabled":"default","ast-page-background-meta":{"desktop":{"background-color":"","background-image":"","background-repeat":"repeat","background-position":"center center","background-size":"auto","background-attachment":"scroll","background-type":"","background-media":"","overlay-type":"","overlay-color":"","overlay-opacity":"","overlay-gradient":""},"tablet":{"background-color":"","background-image":"","background-repeat":"repeat","background-position":"center center","background-size":"auto","background-attachment":"scroll","background-type":"","background-media":"","overlay-type":"","overlay-color":"","overlay-opacity":"","overlay-gradient":""},"mobile":{"background-color":"","background-image":"","background-repeat":"repeat","background-position":"center center","background-size":"auto","background-attachment":"scroll","background-type":"","background-media":"","overlay-type":"","overlay-color":"","overlay-opacity":"","overlay-gradient":""}},"ast-content-background-meta":{"desktop":{"background-color":"var(--ast-global-color-5)","background-image":"","background-repeat":"repeat","background-position":"center center","background-size":"auto","background-attachment":"scroll","background-type":"","background-media":"","overlay-type":"","overlay-color":"","overlay-opacity":"","overlay-gradient":""},"tablet":{"background-color":"var(--ast-global-color-5)","background-image":"","background-repeat":"repeat","background-position":"center center","background-size":"auto","background-attachment":"scroll","background-type":"","background-media":"","overlay-type":"","overlay-color":"","overlay-opacity":"","overlay-gradient":""},"mobile":{"background-color":"var(--ast-global-color-5)","background-image":"","background-repeat":"repeat","background-position":"center center","background-size":"auto","background-attachment":"scroll","background-type":"","background-media":"","overlay-type":"","overlay-color":"","overlay-opacity":"","overlay-gradient":""}},"footnotes":""},"class_list":["post-13","page","type-page","status-publish","hentry"],"acf":[],"jetpack_sharing_enabled":true,"meta_box":{"_cloudsearch_visibility":""},"_links":{"self":[{"href":"https:\/\/www.mdiscipleship.net\/fr\/wp-json\/wp\/v2\/pages\/13","targetHints":{"allow":["GET"]}}],"collection":[{"href":"https:\/\/www.mdiscipleship.net\/fr\/wp-json\/wp\/v2\/pages"}],"about":[{"href":"https:\/\/www.mdiscipleship.net\/fr\/wp-json\/wp\/v2\/types\/page"}],"author":[{"embeddable":true,"href":"https:\/\/www.mdiscipleship.net\/fr\/wp-json\/wp\/v2\/users\/13428"}],"replies":[{"embeddable":true,"href":"https:\/\/www.mdiscipleship.net\/fr\/wp-json\/wp\/v2\/comments?post=13"}],"version-history":[{"count":44,"href":"https:\/\/www.mdiscipleship.net\/fr\/wp-json\/wp\/v2\/pages\/13\/revisions"}],"predecessor-version":[{"id":228,"href":"https:\/\/www.mdiscipleship.net\/fr\/wp-json\/wp\/v2\/pages\/13\/revisions\/228"}],"wp:attachment":[{"href":"https:\/\/www.mdiscipleship.net\/fr\/wp-json\/wp\/v2\/media?parent=13"}],"curies":[{"name":"wp","href":"https:\/\/api.w.org\/{rel}","templated":true}]}}