{"id":154,"date":"2020-04-04T23:35:52","date_gmt":"2020-04-04T23:35:52","guid":{"rendered":"https:\/\/www.mdiscipleship.net\/?page_id=154"},"modified":"2021-03-27T05:32:19","modified_gmt":"2021-03-27T05:32:19","slug":"4-facts-summary-sms","status":"publish","type":"page","link":"https:\/\/www.mdiscipleship.net\/fr\/4-facts-summary-sms\/","title":{"rendered":"4 faits - SMS"},"content":{"rendered":"<p>Bonjour ami(e)<\/p>\n<p>J'esp\u00e8re que la journ\u00e9e a \u00e9t\u00e9 fructueuse ?<\/p>\n<p>Voici 4 faits que vous devez conna\u00eetre !<\/p>\n<ol>\n<li>\n<h4>Dieu vous aime et vous propose un plan merveilleux pour votre vie.<\/h4>\n<\/li>\n<\/ol>\n<p><em>Mais le probl\u00e8me est que...<\/em><\/p>\n<ol start=\"2\">\n<li>\n<h4>L'homme est p\u00e9cheur et s\u00e9par\u00e9 de Dieu, il ne peut donc pas conna\u00eetre et exp\u00e9rimenter l'amour et le plan de Dieu pour sa vie.<\/h4>\n<\/li>\n<\/ol>\n<p><em>La bonne nouvelle, c'est qu'il y a 2 000 ans...<\/em><\/p>\n<ol start=\"3\">\n<li>\n<h4>Dieu a envoy\u00e9 son Fils unique J\u00e9sus-Christ mourir pour nos p\u00e9ch\u00e9s.<\/h4>\n<\/li>\n<\/ol>\n<p><em>Il nous offre le don de la vie \u00e9ternelle si nous l'acceptons comme notre Seigneur et Sauveur....<\/em><\/p>\n<p>&nbsp;<\/p>\n<ol start=\"4\">\n<li>\n<h4>Si tu veux accepter le Christ comme ton Sauveur et te d\u00e9tourner de tes p\u00e9ch\u00e9s, tu peux lui demander d'\u00eatre ton Sauveur et Seigneur en faisant une pri\u00e8re comme celle-ci...<\/h4>\n<\/li>\n<\/ol>\n<blockquote><p><strong>Seigneur J\u00e9sus, je reconnais que j'ai dirig\u00e9 ma propre vie et que j'ai p\u00e9ch\u00e9 contre toi. Viens en moi et pardonne mes p\u00e9ch\u00e9s, prends le contr\u00f4le de moi et fais de moi une nouvelle personne. Amen !<\/strong><\/p><\/blockquote>\n<p>Si cette pri\u00e8re exprime le d\u00e9sir de votre c\u0153ur, priez maintenant et le Christ viendra dans votre vie comme il l'a promis. Vous devez \u00eatre sinc\u00e8re, car Dieu conna\u00eet votre c\u0153ur.<\/p>\n<p>Avez-vous fait cette pri\u00e8re... ?<\/p>\n<p><strong><span style=\"color: #000080\">Oui<\/span><\/strong><\/p>\n<p><strong><span style=\"color: #993300\">Non<\/span><\/strong><\/p>\n<p>Dans l'attente de votre r\u00e9ponse<\/p>","protected":false},"excerpt":{"rendered":"<p>Bonjour mon ami(e) J'esp\u00e8re que la journ\u00e9e a \u00e9t\u00e9 fructueuse ? Voici 4 faits que tu devrais conna\u00eetre ! Dieu t'aime et te propose un plan merveilleux pour ta vie. Mais le probl\u00e8me est que... L'homme est p\u00e9cheur et s\u00e9par\u00e9 de Dieu, il ne peut donc pas conna\u00eetre et exp\u00e9rimenter l'amour et le plan de Dieu pour sa vie. La bonne nouvelle est que [...]<\/p>","protected":false},"author":27229,"featured_media":0,"parent":0,"menu_order":0,"comment_status":"closed","ping_status":"closed","template":"","meta":{"_acf_changed":false,"inline_featured_image":false,"site-sidebar-layout":"default","site-content-layout":"default","ast-site-content-layout":"default","site-content-style":"default","site-sidebar-style":"default","ast-global-header-display":"","ast-banner-title-visibility":"","ast-main-header-display":"","ast-hfb-above-header-display":"","ast-hfb-below-header-display":"","ast-hfb-mobile-header-display":"","site-post-title":"","ast-breadcrumbs-content":"","ast-featured-img":"","footer-sml-layout":"","ast-disable-related-posts":"","theme-transparent-header-meta":"default","adv-header-id-meta":"","stick-header-meta":"","header-above-stick-meta":"","header-main-stick-meta":"","header-below-stick-meta":"","astra-migrate-meta-layouts":"default","ast-page-background-enabled":"default","ast-page-background-meta":{"desktop":{"background-color":"","background-image":"","background-repeat":"repeat","background-position":"center center","background-size":"auto","background-attachment":"scroll","background-type":"","background-media":"","overlay-type":"","overlay-color":"","overlay-opacity":"","overlay-gradient":""},"tablet":{"background-color":"","background-image":"","background-repeat":"repeat","background-position":"center center","background-size":"auto","background-attachment":"scroll","background-type":"","background-media":"","overlay-type":"","overlay-color":"","overlay-opacity":"","overlay-gradient":""},"mobile":{"background-color":"","background-image":"","background-repeat":"repeat","background-position":"center center","background-size":"auto","background-attachment":"scroll","background-type":"","background-media":"","overlay-type":"","overlay-color":"","overlay-opacity":"","overlay-gradient":""}},"ast-content-background-meta":{"desktop":{"background-color":"var(--ast-global-color-5)","background-image":"","background-repeat":"repeat","background-position":"center center","background-size":"auto","background-attachment":"scroll","background-type":"","background-media":"","overlay-type":"","overlay-color":"","overlay-opacity":"","overlay-gradient":""},"tablet":{"background-color":"var(--ast-global-color-5)","background-image":"","background-repeat":"repeat","background-position":"center center","background-size":"auto","background-attachment":"scroll","background-type":"","background-media":"","overlay-type":"","overlay-color":"","overlay-opacity":"","overlay-gradient":""},"mobile":{"background-color":"var(--ast-global-color-5)","background-image":"","background-repeat":"repeat","background-position":"center center","background-size":"auto","background-attachment":"scroll","background-type":"","background-media":"","overlay-type":"","overlay-color":"","overlay-opacity":"","overlay-gradient":""}},"footnotes":""},"class_list":["post-154","page","type-page","status-publish","hentry"],"acf":[],"jetpack_sharing_enabled":true,"meta_box":{"_cloudsearch_visibility":""},"_links":{"self":[{"href":"https:\/\/www.mdiscipleship.net\/fr\/wp-json\/wp\/v2\/pages\/154","targetHints":{"allow":["GET"]}}],"collection":[{"href":"https:\/\/www.mdiscipleship.net\/fr\/wp-json\/wp\/v2\/pages"}],"about":[{"href":"https:\/\/www.mdiscipleship.net\/fr\/wp-json\/wp\/v2\/types\/page"}],"author":[{"embeddable":true,"href":"https:\/\/www.mdiscipleship.net\/fr\/wp-json\/wp\/v2\/users\/27229"}],"replies":[{"embeddable":true,"href":"https:\/\/www.mdiscipleship.net\/fr\/wp-json\/wp\/v2\/comments?post=154"}],"version-history":[{"count":4,"href":"https:\/\/www.mdiscipleship.net\/fr\/wp-json\/wp\/v2\/pages\/154\/revisions"}],"predecessor-version":[{"id":435,"href":"https:\/\/www.mdiscipleship.net\/fr\/wp-json\/wp\/v2\/pages\/154\/revisions\/435"}],"wp:attachment":[{"href":"https:\/\/www.mdiscipleship.net\/fr\/wp-json\/wp\/v2\/media?parent=154"}],"curies":[{"name":"wp","href":"https:\/\/api.w.org\/{rel}","templated":true}]}}