{"id":193,"date":"2020-07-09T21:43:44","date_gmt":"2020-07-09T21:43:44","guid":{"rendered":"https:\/\/www.mdiscipleship.net\/?page_id=193"},"modified":"2021-06-26T15:36:40","modified_gmt":"2021-06-26T15:36:40","slug":"4-laws-brief","status":"publish","type":"page","link":"https:\/\/www.mdiscipleship.net\/fr\/4-laws-brief\/","title":{"rendered":"4 lois spirituelles (interactif)"},"content":{"rendered":"<h3><span style=\"color: #000080\"><strong>PR\u00c9LIMINAIRE<\/strong><\/span><\/h3>\n<p><em><strong>Le contenu pr\u00e9liminaire a pour but de vous aider \u00e0 entamer une conversation qui vous offrira la possibilit\u00e9 de partager l'\u00c9vangile en utilisant les 4 lois spirituelles.<\/strong><\/em><\/p>\n<ul>\n<li><em>Bonjour\u00a0<\/em><\/li>\n<li><em>J'esp\u00e8re que vous allez bien.<\/em><\/li>\n<li><em>Il y a quelque chose qui me tient \u00e0 c\u0153ur. Je voudrais le partager avec vous dans quelques minutes.\u00a0<\/em><\/li>\n<li><em>Avez-vous entendu parler des 4 lois spirituelles ?\u00a0<\/em><\/li>\n<li><em>Permettez-moi de les partager rapidement avec vous.<\/em><\/li>\n<li>\n<p class=\"elementor-heading-title elementor-size-medium\"><em>Tout comme il y a des lois dans notre pays qui contr\u00f4lent la fa\u00e7on dont nous vivons, il y a des lois spirituelles qui d\u00e9terminent votre relation avec Dieu.<\/em><\/p>\n<\/li>\n<\/ul>\n<hr noshade=\"noshade\" size=\"1\" \/>\n<h1><strong><span style=\"color: #ffcc00\">Loi 1<\/span><\/strong><\/h1>\n<h3><span style=\"color: #000080\">Dieu vous aime et vous propose un plan merveilleux pour votre vie.<\/span><\/h3>\n<p><span style=\"color: #000000\">La Bible dit : \"Car Dieu a tant aim\u00e9 le monde qu'il a donn\u00e9 son Fils unique, afin que quiconque croit en lui ne se perde pas, mais ait la vie \u00e9ternelle\" (Jean 3:16).<\/span><\/p>\n<p><span style=\"color: #000000\"><strong><em>Beaucoup ne font pas l'exp\u00e9rience de l'amour de Dieu parce que...<\/em><\/strong><\/span><\/p>\n<hr noshade=\"noshade\" size=\"1\" \/>\n<h1><strong><span style=\"color: #ffcc00\">Loi 2<\/span><\/strong><\/h1>\n<h3><span style=\"color: #000080\">L'homme est p\u00e9cheur et s\u00e9par\u00e9 de Dieu. Il ne peut donc pas conna\u00eetre et exp\u00e9rimenter l'amour et le plan de Dieu pour sa vie.<\/span><\/h3>\n<p>&nbsp;<\/p>\n<p><span style=\"color: #000000\">Nous avons tous pens\u00e9, parl\u00e9 ou agi d'une mani\u00e8re qui n'est pas agr\u00e9able \u00e0 Dieu. C'est ce qu'on appelle le p\u00e9ch\u00e9, et nos p\u00e9ch\u00e9s nous ont s\u00e9par\u00e9s de Dieu.<\/span><\/p>\n<p><span style=\"color: #000000\">La Bible dit : \"Tous ont p\u00e9ch\u00e9 et ne sont pas \u00e0 la hauteur de la gloire de Dieu\". Dieu est parfait et saint, et nos p\u00e9ch\u00e9s nous s\u00e9parent de lui. La Bible dit que \"le salaire du p\u00e9ch\u00e9, c'est la mort\". (Romains 6:23)<\/span><\/p>\n<p><span style=\"color: #000000\"><strong><em>La troisi\u00e8me loi nous montre le SEUL chemin vers Dieu...<\/em><\/strong><\/span><\/p>\n<hr noshade=\"noshade\" size=\"1\" \/>\n<h1><strong><span style=\"color: #ffcc00\">Loi 3<\/span><\/strong><\/h1>\n<h3><span style=\"color: #000080\"> Le seul moyen pour l'homme d'atteindre Dieu est de passer par J\u00e9sus-Christ. Il est mort pour nous et c'est par lui que vous pouvez conna\u00eetre et exp\u00e9rimenter l'amour et le plan de Dieu pour votre vie.<\/span><\/h3>\n<p>&nbsp;<\/p>\n<p><span style=\"color: #000000\">J\u00e9sus est le Fils de Dieu. Il a v\u00e9cu une vie sans p\u00e9ch\u00e9 et est mort sur la croix pour payer la peine de nos p\u00e9ch\u00e9s. \"Dieu prouve son amour pour nous, en ce que, lorsque nous \u00e9tions encore p\u00e9cheurs, le Christ est mort pour nous. (Romains 5:8)<\/span><\/p>\n<p><span style=\"color: #000000\">\"...Le Christ est mort pour nos p\u00e9ch\u00e9s...Il a \u00e9t\u00e9 enseveli...Il est ressuscit\u00e9 le troisi\u00e8me jour, conform\u00e9ment aux \u00c9critures.\" (1 Corinthiens 15:3-4)<\/span><\/p>\n<p><span style=\"color: #000000\">J\u00e9sus a dit : \"Je suis le chemin, la v\u00e9rit\u00e9 et la vie. Personne ne vient au P\u00e8re si ce n'est par moi.\" (Jean 14:6)<\/span><\/p>\n<p><span style=\"color: #000000\"><strong style=\"font-size: 16px;font-style: normal\"><em style=\"font-size: 16px\">Il ne suffit pas de conna\u00eetre ces trois lois...<\/em><\/strong><\/span><\/p>\n<hr noshade=\"noshade\" size=\"1\" \/>\n<h1><strong><span style=\"color: #ffcc00\">Loi 4<\/span><\/strong><\/h1>\n<h3><span style=\"color: #000080\"> Chacun de nous doit recevoir J\u00e9sus-Christ comme Sauveur et Seigneur ; c'est alors que nous pourrons conna\u00eetre et exp\u00e9rimenter l'amour et le plan de Dieu pour notre vie.<\/span><\/h3>\n<p>&nbsp;<\/p>\n<p>Nous devons recevoir le Christ par une invitation personnelle. Le Christ dit : \"Me voici ! Je me tiens \u00e0 la porte et je frappe. Si quelqu'un entend ma voix et ouvre la porte, j'entrerai, je mangerai avec lui et lui avec moi.\" (Apocalypse 3:20)<\/p>\n<p>Si vous voulez vous d\u00e9tourner de vos p\u00e9ch\u00e9s et accepter le Christ comme votre Sauveur, vous pouvez lui demander d'\u00eatre votre Sauveur et votre Seigneur en faisant une pri\u00e8re comme celle-ci :<\/p>\n<blockquote>\n<p style=\"text-align: center\"><span style=\"color: #000080\"><strong>\"Seigneur J\u00e9sus, j'ai besoin de Toi. Merci d'\u00eatre mort sur la croix pour mes p\u00e9ch\u00e9s. J'ouvre la porte de ma vie et je te re\u00e7ois comme mon Sauveur et Seigneur. Merci de pardonner mes p\u00e9ch\u00e9s et de me donner la vie \u00e9ternelle. Prends le contr\u00f4le du tr\u00f4ne de ma vie et fais de moi le genre de personne que tu veux que je sois. AMEN\"<\/strong><\/span><\/p>\n<\/blockquote>\n<section class=\"elementor-element elementor-element-ac43213 elementor-section-boxed elementor-section-height-default elementor-section-height-default elementor-section elementor-top-section\" data-id=\"ac43213\">\n<div class=\"elementor-container elementor-column-gap-default\">\n<div class=\"elementor-row\">\n<div class=\"elementor-element elementor-element-eebc7a2 elementor-column elementor-col-100 elementor-top-column\" data-id=\"eebc7a2\">\n<div class=\"elementor-column-wrap elementor-element-populated\">\n<div class=\"elementor-widget-wrap\">\n<div class=\"elementor-element elementor-element-25c990c elementor-widget elementor-widget-heading\" data-id=\"25c990c\">\n<div class=\"elementor-widget-container\">\n<p class=\"elementor-heading-title elementor-size-default\" style=\"text-align: left\"><em>Cette pri\u00e8re exprime-t-elle le d\u00e9sir de votre c\u0153ur ?<\/em><\/p>\n<\/div>\n<\/div>\n<\/div>\n<\/div>\n<\/div>\n<\/div>\n<\/div>\n<\/section>\n<section class=\"elementor-element elementor-element-6575c04 elementor-section-boxed elementor-section-height-default elementor-section-height-default elementor-section elementor-top-section\" data-id=\"6575c04\">\n<div class=\"elementor-container elementor-column-gap-default\">\n<div class=\"elementor-row\">\n<div class=\"elementor-element elementor-element-d5593d8 elementor-column elementor-col-100 elementor-top-column\" data-id=\"d5593d8\">\n<div class=\"elementor-column-wrap elementor-element-populated\">\n<div class=\"elementor-widget-wrap\">\n<div class=\"elementor-element elementor-element-e49e98a elementor-widget elementor-widget-text-editor\" data-id=\"e49e98a\">\n<div class=\"elementor-widget-container\">\n<div class=\"elementor-text-editor elementor-clearfix\">\n<p>Si c'est le cas, vous pouvez prier d\u00e8s maintenant et le Christ entrera dans votre vie comme il l'a promis.<\/p>\n<\/div>\n<\/div>\n<\/div>\n<\/div>\n<\/div>\n<\/div>\n<\/div>\n<\/div>\n<\/section>","protected":false},"excerpt":{"rendered":"<p>PRELIMINAIRE Le contenu pr\u00e9liminaire a pour but de vous aider \u00e0 entamer une conversation qui vous offrira l'opportunit\u00e9 de partager l'Evangile en utilisant les 4 Lois Spirituelles. Bonjour, j'esp\u00e8re que vous allez bien. Il y a quelque chose qui me tient \u00e0 c\u0153ur. J'aimerais le partager avec vous dans quelques minutes.  Avez-vous entendu [...]<\/p>","protected":false},"author":27229,"featured_media":0,"parent":0,"menu_order":0,"comment_status":"closed","ping_status":"closed","template":"","meta":{"_acf_changed":false,"inline_featured_image":false,"site-sidebar-layout":"right-sidebar","site-content-layout":"default","ast-site-content-layout":"default","site-content-style":"default","site-sidebar-style":"default","ast-global-header-display":"","ast-banner-title-visibility":"","ast-main-header-display":"","ast-hfb-above-header-display":"","ast-hfb-below-header-display":"","ast-hfb-mobile-header-display":"","site-post-title":"","ast-breadcrumbs-content":"","ast-featured-img":"","footer-sml-layout":"","ast-disable-related-posts":"","theme-transparent-header-meta":"default","adv-header-id-meta":"","stick-header-meta":"","header-above-stick-meta":"","header-main-stick-meta":"","header-below-stick-meta":"","astra-migrate-meta-layouts":"default","ast-page-background-enabled":"default","ast-page-background-meta":{"desktop":{"background-color":"","background-image":"","background-repeat":"repeat","background-position":"center center","background-size":"auto","background-attachment":"scroll","background-type":"","background-media":"","overlay-type":"","overlay-color":"","overlay-opacity":"","overlay-gradient":""},"tablet":{"background-color":"","background-image":"","background-repeat":"repeat","background-position":"center center","background-size":"auto","background-attachment":"scroll","background-type":"","background-media":"","overlay-type":"","overlay-color":"","overlay-opacity":"","overlay-gradient":""},"mobile":{"background-color":"","background-image":"","background-repeat":"repeat","background-position":"center center","background-size":"auto","background-attachment":"scroll","background-type":"","background-media":"","overlay-type":"","overlay-color":"","overlay-opacity":"","overlay-gradient":""}},"ast-content-background-meta":{"desktop":{"background-color":"var(--ast-global-color-5)","background-image":"","background-repeat":"repeat","background-position":"center center","background-size":"auto","background-attachment":"scroll","background-type":"","background-media":"","overlay-type":"","overlay-color":"","overlay-opacity":"","overlay-gradient":""},"tablet":{"background-color":"var(--ast-global-color-5)","background-image":"","background-repeat":"repeat","background-position":"center center","background-size":"auto","background-attachment":"scroll","background-type":"","background-media":"","overlay-type":"","overlay-color":"","overlay-opacity":"","overlay-gradient":""},"mobile":{"background-color":"var(--ast-global-color-5)","background-image":"","background-repeat":"repeat","background-position":"center center","background-size":"auto","background-attachment":"scroll","background-type":"","background-media":"","overlay-type":"","overlay-color":"","overlay-opacity":"","overlay-gradient":""}},"footnotes":""},"class_list":["post-193","page","type-page","status-publish","hentry"],"acf":[],"jetpack_sharing_enabled":true,"meta_box":{"_cloudsearch_visibility":""},"_links":{"self":[{"href":"https:\/\/www.mdiscipleship.net\/fr\/wp-json\/wp\/v2\/pages\/193","targetHints":{"allow":["GET"]}}],"collection":[{"href":"https:\/\/www.mdiscipleship.net\/fr\/wp-json\/wp\/v2\/pages"}],"about":[{"href":"https:\/\/www.mdiscipleship.net\/fr\/wp-json\/wp\/v2\/types\/page"}],"author":[{"embeddable":true,"href":"https:\/\/www.mdiscipleship.net\/fr\/wp-json\/wp\/v2\/users\/27229"}],"replies":[{"embeddable":true,"href":"https:\/\/www.mdiscipleship.net\/fr\/wp-json\/wp\/v2\/comments?post=193"}],"version-history":[{"count":12,"href":"https:\/\/www.mdiscipleship.net\/fr\/wp-json\/wp\/v2\/pages\/193\/revisions"}],"predecessor-version":[{"id":496,"href":"https:\/\/www.mdiscipleship.net\/fr\/wp-json\/wp\/v2\/pages\/193\/revisions\/496"}],"wp:attachment":[{"href":"https:\/\/www.mdiscipleship.net\/fr\/wp-json\/wp\/v2\/media?parent=193"}],"curies":[{"name":"wp","href":"https:\/\/api.w.org\/{rel}","templated":true}]}}