{"id":232,"date":"2020-08-03T21:16:03","date_gmt":"2020-08-03T21:16:03","guid":{"rendered":"https:\/\/www.mdiscipleship.net\/?page_id=232"},"modified":"2020-11-16T03:23:28","modified_gmt":"2020-11-16T03:23:28","slug":"prayer-1","status":"publish","type":"page","link":"https:\/\/www.mdiscipleship.net\/fr\/prayer-1\/","title":{"rendered":"1 Comment prier"},"content":{"rendered":"<div data-elementor-type=\"wp-page\" data-elementor-id=\"232\" class=\"elementor elementor-232\" data-elementor-post-type=\"page\">\n\t\t\t\t\t\t<section class=\"elementor-section elementor-top-section elementor-element elementor-element-572acc2f elementor-section-boxed elementor-section-height-default elementor-section-height-default\" data-id=\"572acc2f\" data-element_type=\"section\">\n\t\t\t\t\t\t<div class=\"elementor-container elementor-column-gap-default\">\n\t\t\t\t\t<div class=\"elementor-column elementor-col-100 elementor-top-column elementor-element elementor-element-11c97ae5\" data-id=\"11c97ae5\" data-element_type=\"column\">\n\t\t\t<div class=\"elementor-widget-wrap elementor-element-populated\">\n\t\t\t\t\t\t<div class=\"elementor-element elementor-element-3b36b093 elementor-widget elementor-widget-text-editor\" data-id=\"3b36b093\" data-element_type=\"widget\" data-widget_type=\"text-editor.default\">\n\t\t\t\t<div class=\"elementor-widget-container\">\n\t\t\t\t\t\t\t\t\t<p><span style=\"color: #000080\"><strong>Mouvement de la Grande Commission du Ghana<\/strong><\/span><br \/><span style=\"color: #000080\"><strong>S\u00e9rie de formation \u00e0 la pri\u00e8re<\/strong><\/span><\/p><h3 style=\"text-align: center\"><span style=\"color: #000080\"><strong>LE\u00c7ON 1\u00a0\u00a0<\/strong><\/span><\/h3><h3 style=\"text-align: center\"><span style=\"color: #000080\"><strong>COMMENT PRIER<\/strong><\/span><\/h3><p style=\"text-align: left\"><span style=\"color: #000080\"><strong>Fondement biblique : J\u00e9r\u00e9mie 33:3<\/strong><\/span><\/p><p>Apprendre \u00e0 prier, c'est en fait d\u00e9velopper une relation avec Dieu. Les relations se construisent sur des moments de connexion. Ces moments de connexion vous lient \u00e0 une autre personne, et beaucoup d'entre eux sont centr\u00e9s sur la communication - les mots que vous prononcez et la mani\u00e8re dont vous les prononcez. Mais comment faire avec le Dieu de l'univers ?<\/p><p><span style=\"color: #000080\"><strong>I. Qu'est-ce que la pri\u00e8re ? <\/strong><\/span><\/p><p><span style=\"color: #000080\"><strong>II. Qui peut prier et attendre des r\u00e9ponses ou des r\u00e9sultats ? <\/strong><\/span><\/p><ul><li style=\"list-style-type: none\"><ol><li>Ceux qui appartiennent \u00e0 <u>\u00a0\u00a0\u00a0\u00a0\u00a0\u00a0\u00a0\u00a0\u00a0\u00a0\u00a0\u00a0\u00a0\u00a0\u00a0\u00a0<\/u>(1 Timoth\u00e9e 2:5 ; \u00c9ph\u00e9siens 2:8-9 ; Jean 1:12).<\/li><li>Ceux qui prient dans le<u> <\/u>\u00a0de <u>\u00a0\u00a0\u00a0\u00a0\u00a0\u00a0\u00a0\u00a0\u00a0\u00a0\u00a0\u00a0\u00a0\u00a0\u00a0\u00a0\u00a0<\/u>\u00a0(Jean 14:14).<\/li><li>Ceux qui ont une<u> <\/u>\u00a0(Psaume 66:18 ; 1 Jean 1:9).<\/li><li>Ceux qui ont une <u>\u00a0 \u00a0 \u00a0 \u00a0 __<\/u>\u00a0esprit (Marc 11:25).<\/li><li>Ceux qui viennent \u00e0 Dieu <u><\/u>(Matthieu 21:22 ; H\u00e9breux 11:6).<\/li><li>Ceux qui veulent faire <u><\/u>\u00a0(J\u00e9r\u00e9mie 29:13 ; Psaume 37:4).<\/li><\/ol><\/li><\/ul><p><span style=\"color: #000080\"><strong>III. Pourquoi prier ? <\/strong><\/span><\/p><ol><li>Pour <u><\/u>\u00a0 (Jean 14:13).<\/li><li>Pour <u><\/u>\u00a0L'ordre de Dieu (1 Thessaloniciens 5:17 ; Matthieu 7:7 - 11).<\/li><li>Pour avoir <u><\/u>\u00a0avec Dieu (Proverbes 15:8 ; 1 Jean 3:1).<\/li><li>Suivre la voie du Christ <u><\/u>\u00a0(Marc 1:35).<\/li><li>Parce que la pri\u00e8re apporte <u><\/u>\u00a0(Jacques 5:16 ; H\u00e9breux 4:16 ; 1 Jean 3:2123).<\/li><li>Parce que la pri\u00e8re est n\u00e9cessaire \u00e0 la vie spirituelle <u><\/u>\u00a0(Eph\u00e9siens 3:16-17).<\/li><li>Reconna\u00eetre notre <u><\/u>\u00a0sur Dieu (Jean 15:5 ; Philippiens 4:13).<\/li><\/ol><p><span style=\"color: #000080\"><strong>IV. \u00c0 qui adressons-nous nos pri\u00e8res ?<\/strong><strong>? <\/strong><\/span><\/p><p style=\"padding-left: 40px\">La pri\u00e8re est \u00e0 la <u>\u00a0\u00a0\u00a0\u00a0\u00a0\u00a0\u00a0\u00a0\u00a0\u00a0\u00a0\u00a0\u00a0\u00a0\u00a0\u00a0\u00a0<\/u>\u00a0(Matthieu 6:9), au nom de la <u>\u00a0\u00a0\u00a0\u00a0\u00a0\u00a0\u00a0\u00a0\u00a0\u00a0\u00a0\u00a0<\/u>(Jean 14:13), par l'interm\u00e9diaire du <u>\u00a0\u00a0\u00a0\u00a0\u00a0\u00a0\u00a0\u00a0\u00a0\u00a0\u00a0\u00a0\u00a0\u00a0\u00a0\u00a0\u00a0\u00a0\u00a0\u00a0\u00a0\u00a0\u00a0<\/u>(Romains 8:26-27).<\/p><p><span style=\"color: #000080\"><strong>V. Quand devons-nous prier ? <\/strong><\/span><\/p><ol><li>(1 Thessaloniciens 5:17).<\/li><li>P\u00e9riodes d\u00e9termin\u00e9es <u><\/u>(Daniel 6:10).<\/li><li>R\u00e9guli\u00e8re <u><\/u>\u00a0 (Actes 1:13-14 ; 2:41-42 ; 4:18-24).<\/li><\/ol><p><span style=\"color: #000080\"><strong>VI. Que faut-il inclure dans la pri\u00e8re ? <\/strong><\/span><\/p><p style=\"padding-left: 40px\"><strong>A_________<\/strong>(Psaume 103, 89:1-14).<\/p><p style=\"padding-left: 40px\"><strong>C<\/strong> <u>\u00a0\u00a0\u00a0\u00a0\u00a0\u00a0\u00a0\u00a0\u00a0\u00a0\u00a0\u00a0\u00a0\u00a0\u00a0\u00a0\u00a0\u00a0\u00a0\u00a0\u00a0\u00a0\u00a0\u00a0\u00a0\u00a0<\/u>(1 Jean 1:9).<\/p><p style=\"padding-left: 40px\"><strong>T<\/strong> <u>\u00a0\u00a0\u00a0\u00a0\u00a0\u00a0\u00a0\u00a0\u00a0\u00a0\u00a0\u00a0\u00a0\u00a0\u00a0\u00a0\u00a0\u00a0\u00a0\u00a0\u00a0\u00a0\u00a0\u00a0\u00a0\u00a0<\/u>\u00a0(Thessaloniciens 5:18 ; Romains 8:28, 29).<\/p><p style=\"padding-left: 40px\"><strong>S<\/strong> <u>\u00a0\u00a0\u00a0\u00a0\u00a0\u00a0\u00a0\u00a0\u00a0\u00a0\u00a0\u00a0\u00a0\u00a0\u00a0\u00a0\u00a0\u00a0\u00a0\u00a0\u00a0\u00a0\u00a0\u00a0\u00a0\u00a0<\/u>\u00a0(Philippiens 4:6).<\/p><p><span style=\"color: #000080\"><strong>VII. Comment pouvons-nous prier avec confiance ? <\/strong><\/span><\/p><p>Mots cl\u00e9s :<\/p><p style=\"padding-left: 40px\">A. ______________(Jean 15:7).<\/p><p style=\"padding-left: 40px\">B. ______________(Matthieu 7:7, 8).<\/p><p style=\"padding-left: 40px\">C. ______________(Matthieu 21:22).<\/p><p style=\"padding-left: 40px\">D. ______________(Jean 16:24).<\/p><p><span style=\"color: #000080\"><strong>R\u00e9flexion personnelle<\/strong><\/span><\/p><blockquote><p>O\u00f9 en suis-je dans ma vie de pri\u00e8re ?<\/p><p>Y a-t-il une situation dans ma vie o\u00f9 j'ai besoin de demander \u00e0 Dieu de me fortifier dans la pri\u00e8re ?<\/p><\/blockquote><p><span style=\"color: #000080\"><strong>\u00c9tapes pratiques<\/strong><\/span><\/p><blockquote><p>Quels sont les changements \u00e0 apporter \u00e0 ma vie pour am\u00e9liorer ma pri\u00e8re ?<\/p><p>Avec qui puis-je partager cela pour aider la personne \u00e0 grandir dans le domaine de la pri\u00e8re ?<\/p><\/blockquote><p><span style=\"color: #000080\"><strong>R\u00e9ponse \u00e0 la pri\u00e8re<\/strong><\/span><\/p><blockquote><p style=\"text-align: center\"><em>Seigneur, utilise cette \u00e9tude pour renouveler mon esprit et mon c\u0153ur. Augmente mon app\u00e9tit pour \"cette bonne, acceptable et parfaite volont\u00e9 de Dieu\" (Romains 12:2). Apprends-moi \u00e0 prier comme tu l'as fait pour tes disciples (Luc 11:1). Je veux vraiment apprendre. Au nom de ton Fils, Amen.<\/em><\/p><\/blockquote><p><strong>GCMGH \u00a9 Prayer Series #1 Qu'est-ce que la pri\u00e8re ?    Sept\/2020<\/strong><\/p>\t\t\t\t\t\t\t\t<\/div>\n\t\t\t\t<\/div>\n\t\t\t\t<div class=\"elementor-element elementor-element-4b49c53 elementor-button-success elementor-align-center elementor-widget elementor-widget-button\" data-id=\"4b49c53\" data-element_type=\"widget\" data-widget_type=\"button.default\">\n\t\t\t\t<div class=\"elementor-widget-container\">\n\t\t\t\t\t\t\t\t\t<div class=\"elementor-button-wrapper\">\n\t\t\t\t\t<a class=\"elementor-button elementor-button-link elementor-size-md\" href=\"https:\/\/forms.gle\/xajoyaCGbdDPca8X7\">\n\t\t\t\t\t\t<span class=\"elementor-button-content-wrapper\">\n\t\t\t\t\t\t\t\t\t<span class=\"elementor-button-text\">Cliquez ici pour terminer la le\u00e7on<\/span>\n\t\t\t\t\t<\/span>\n\t\t\t\t\t<\/a>\n\t\t\t\t<\/div>\n\t\t\t\t\t\t\t\t<\/div>\n\t\t\t\t<\/div>\n\t\t\t\t<div class=\"elementor-element elementor-element-2e3f00b elementor-widget-divider--view-line elementor-widget elementor-widget-divider\" data-id=\"2e3f00b\" data-element_type=\"widget\" data-widget_type=\"divider.default\">\n\t\t\t\t<div class=\"elementor-widget-container\">\n\t\t\t\t\t\t\t<div class=\"elementor-divider\">\n\t\t\t<span class=\"elementor-divider-separator\">\n\t\t\t\t\t\t<\/span>\n\t\t<\/div>\n\t\t\t\t\t\t<\/div>\n\t\t\t\t<\/div>\n\t\t\t\t\t<\/div>\n\t\t<\/div>\n\t\t\t\t\t<\/div>\n\t\t<\/section>\n\t\t\t\t<section class=\"elementor-section elementor-top-section elementor-element elementor-element-9cc9f47 elementor-section-boxed elementor-section-height-default elementor-section-height-default\" data-id=\"9cc9f47\" data-element_type=\"section\">\n\t\t\t\t\t\t<div class=\"elementor-container elementor-column-gap-default\">\n\t\t\t\t\t<div class=\"elementor-column elementor-col-100 elementor-top-column elementor-element elementor-element-cf03aeb\" data-id=\"cf03aeb\" data-element_type=\"column\">\n\t\t\t<div class=\"elementor-widget-wrap elementor-element-populated\">\n\t\t\t\t\t\t<div class=\"elementor-element elementor-element-f053b57 elementor-widget elementor-widget-heading\" data-id=\"f053b57\" data-element_type=\"widget\" data-widget_type=\"heading.default\">\n\t\t\t\t<div class=\"elementor-widget-container\">\n\t\t\t\t\t<h2 class=\"elementor-heading-title elementor-size-medium\">Le\u00e7ons de formation \u00e0 la pri\u00e8re<\/h2>\t\t\t\t<\/div>\n\t\t\t\t<\/div>\n\t\t\t\t<div class=\"elementor-element elementor-element-0cb2b6b elementor-nav-menu__align-center elementor-nav-menu--dropdown-tablet elementor-nav-menu__text-align-aside elementor-nav-menu--toggle elementor-nav-menu--burger elementor-widget elementor-widget-nav-menu\" data-id=\"0cb2b6b\" data-element_type=\"widget\" data-settings=\"{&quot;layout&quot;:&quot;horizontal&quot;,&quot;submenu_icon&quot;:{&quot;value&quot;:&quot;&lt;i class=\\&quot;fas fa-caret-down\\&quot; aria-hidden=\\&quot;true\\&quot;&gt;&lt;\\\/i&gt;&quot;,&quot;library&quot;:&quot;fa-solid&quot;},&quot;toggle&quot;:&quot;burger&quot;}\" data-widget_type=\"nav-menu.default\">\n\t\t\t\t<div class=\"elementor-widget-container\">\n\t\t\t\t\t\t\t\t<nav aria-label=\"Menu\" class=\"elementor-nav-menu--main elementor-nav-menu__container elementor-nav-menu--layout-horizontal e--pointer-framed e--animation-fade\">\n\t\t\t\t<ul id=\"menu-1-0cb2b6b\" class=\"elementor-nav-menu\"><li class=\"menu-item menu-item-type-post_type menu-item-object-page menu-item-307\"><a href=\"https:\/\/www.mdiscipleship.net\/fr\/prayer-1\/\" class=\"elementor-item menu-link\">1 Comment prier<\/a><\/li>\n<li class=\"menu-item menu-item-type-post_type menu-item-object-page menu-item-306\"><a href=\"https:\/\/www.mdiscipleship.net\/fr\/prayer-1a\/\" class=\"elementor-item menu-link\">1A Comment prier (R\u00e9ponses)<\/a><\/li>\n<li class=\"menu-item menu-item-type-post_type menu-item-object-page menu-item-304\"><a href=\"https:\/\/www.mdiscipleship.net\/fr\/prayer-2\/\" class=\"elementor-item menu-link\">2 Le plan merveilleux de Dieu pour la pri\u00e8re<\/a><\/li>\n<li class=\"menu-item menu-item-type-post_type menu-item-object-page menu-item-305\"><a href=\"https:\/\/www.mdiscipleship.net\/fr\/prayer-3\/\" class=\"elementor-item menu-link\">3 S'affermir dans la pri\u00e8re<\/a><\/li>\n<li class=\"menu-item menu-item-type-post_type menu-item-object-page menu-item-303\"><a href=\"https:\/\/www.mdiscipleship.net\/fr\/prayer-3b\/\" class=\"elementor-item menu-link\">3B Les attributs de Dieu<\/a><\/li>\n<li class=\"menu-item menu-item-type-post_type menu-item-object-page menu-item-302\"><a href=\"https:\/\/www.mdiscipleship.net\/fr\/prayer-4\/\" class=\"elementor-item menu-link\">4 Se pr\u00e9parer au combat spirituel<\/a><\/li>\n<li class=\"menu-item menu-item-type-post_type menu-item-object-page menu-item-301\"><a href=\"https:\/\/www.mdiscipleship.net\/fr\/prayer-5\/\" class=\"elementor-item menu-link\">5 La puissance de l'intercession en entreprise<\/a><\/li>\n<li class=\"menu-item menu-item-type-post_type menu-item-object-page menu-item-300\"><a href=\"https:\/\/www.mdiscipleship.net\/fr\/prayer-6\/\" class=\"elementor-item menu-link\">6 Mobiliser les intercesseurs<\/a><\/li>\n<li class=\"menu-item menu-item-type-post_type menu-item-object-page menu-item-299\"><a href=\"https:\/\/www.mdiscipleship.net\/fr\/prayer-7\/\" class=\"elementor-item menu-link\">7 Vivre un mode de vie 3G<\/a><\/li>\n<\/ul>\t\t\t<\/nav>\n\t\t\t\t\t<div class=\"elementor-menu-toggle\" role=\"button\" tabindex=\"0\" aria-label=\"Menu Toggle\" aria-expanded=\"false\">\n\t\t\t<i aria-hidden=\"true\" role=\"presentation\" class=\"elementor-menu-toggle__icon--open eicon-menu-bar\"><\/i><i aria-hidden=\"true\" role=\"presentation\" class=\"elementor-menu-toggle__icon--close eicon-close\"><\/i>\t\t<\/div>\n\t\t\t\t\t<nav class=\"elementor-nav-menu--dropdown elementor-nav-menu__container\" aria-hidden=\"true\">\n\t\t\t\t<ul id=\"menu-2-0cb2b6b\" class=\"elementor-nav-menu\"><li class=\"menu-item menu-item-type-post_type menu-item-object-page menu-item-307\"><a href=\"https:\/\/www.mdiscipleship.net\/fr\/prayer-1\/\" class=\"elementor-item menu-link\" tabindex=\"-1\">1 Comment prier<\/a><\/li>\n<li class=\"menu-item menu-item-type-post_type menu-item-object-page menu-item-306\"><a href=\"https:\/\/www.mdiscipleship.net\/fr\/prayer-1a\/\" class=\"elementor-item menu-link\" tabindex=\"-1\">1A Comment prier (R\u00e9ponses)<\/a><\/li>\n<li class=\"menu-item menu-item-type-post_type menu-item-object-page menu-item-304\"><a href=\"https:\/\/www.mdiscipleship.net\/fr\/prayer-2\/\" class=\"elementor-item menu-link\" tabindex=\"-1\">2 Le plan merveilleux de Dieu pour la pri\u00e8re<\/a><\/li>\n<li class=\"menu-item menu-item-type-post_type menu-item-object-page menu-item-305\"><a href=\"https:\/\/www.mdiscipleship.net\/fr\/prayer-3\/\" class=\"elementor-item menu-link\" tabindex=\"-1\">3 S'affermir dans la pri\u00e8re<\/a><\/li>\n<li class=\"menu-item menu-item-type-post_type menu-item-object-page menu-item-303\"><a href=\"https:\/\/www.mdiscipleship.net\/fr\/prayer-3b\/\" class=\"elementor-item menu-link\" tabindex=\"-1\">3B Les attributs de Dieu<\/a><\/li>\n<li class=\"menu-item menu-item-type-post_type menu-item-object-page menu-item-302\"><a href=\"https:\/\/www.mdiscipleship.net\/fr\/prayer-4\/\" class=\"elementor-item menu-link\" tabindex=\"-1\">4 Se pr\u00e9parer au combat spirituel<\/a><\/li>\n<li class=\"menu-item menu-item-type-post_type menu-item-object-page menu-item-301\"><a href=\"https:\/\/www.mdiscipleship.net\/fr\/prayer-5\/\" class=\"elementor-item menu-link\" tabindex=\"-1\">5 La puissance de l'intercession en entreprise<\/a><\/li>\n<li class=\"menu-item menu-item-type-post_type menu-item-object-page menu-item-300\"><a href=\"https:\/\/www.mdiscipleship.net\/fr\/prayer-6\/\" class=\"elementor-item menu-link\" tabindex=\"-1\">6 Mobiliser les intercesseurs<\/a><\/li>\n<li class=\"menu-item menu-item-type-post_type menu-item-object-page menu-item-299\"><a href=\"https:\/\/www.mdiscipleship.net\/fr\/prayer-7\/\" class=\"elementor-item menu-link\" tabindex=\"-1\">7 Vivre un mode de vie 3G<\/a><\/li>\n<\/ul>\t\t\t<\/nav>\n\t\t\t\t\t\t<\/div>\n\t\t\t\t<\/div>\n\t\t\t\t\t<\/div>\n\t\t<\/div>\n\t\t\t\t\t<\/div>\n\t\t<\/section>\n\t\t\t\t<\/div>","protected":false},"excerpt":{"rendered":"<p>Mouvement de la Grande Commission du GhanaS\u00e9rie de formation \u00e0 la pri\u00e8re LE\u00c7ON 1 COMMENT PRIER Fondement biblique : J\u00e9r\u00e9mie 33:3 Apprendre \u00e0 prier, c'est vraiment d\u00e9velopper une relation avec Dieu. Les relations se construisent sur des moments de connexion. Ces moments de connexion vous lient \u00e0 une autre personne, et beaucoup d'entre eux sont centr\u00e9s sur la communication - les mots que vous [...]<\/p>","protected":false},"author":27229,"featured_media":0,"parent":0,"menu_order":0,"comment_status":"closed","ping_status":"closed","template":"","meta":{"_acf_changed":false,"inline_featured_image":false,"site-sidebar-layout":"no-sidebar","site-content-layout":"content-boxed-container","ast-site-content-layout":"default","site-content-style":"default","site-sidebar-style":"default","ast-global-header-display":"","ast-banner-title-visibility":"","ast-main-header-display":"","ast-hfb-above-header-display":"","ast-hfb-below-header-display":"","ast-hfb-mobile-header-display":"","site-post-title":"disabled","ast-breadcrumbs-content":"disabled","ast-featured-img":"disabled","footer-sml-layout":"disabled","ast-disable-related-posts":"","theme-transparent-header-meta":"default","adv-header-id-meta":"","stick-header-meta":"","header-above-stick-meta":"","header-main-stick-meta":"","header-below-stick-meta":"","astra-migrate-meta-layouts":"default","ast-page-background-enabled":"default","ast-page-background-meta":{"desktop":{"background-color":"","background-image":"","background-repeat":"repeat","background-position":"center center","background-size":"auto","background-attachment":"scroll","background-type":"","background-media":"","overlay-type":"","overlay-color":"","overlay-opacity":"","overlay-gradient":""},"tablet":{"background-color":"","background-image":"","background-repeat":"repeat","background-position":"center center","background-size":"auto","background-attachment":"scroll","background-type":"","background-media":"","overlay-type":"","overlay-color":"","overlay-opacity":"","overlay-gradient":""},"mobile":{"background-color":"","background-image":"","background-repeat":"repeat","background-position":"center center","background-size":"auto","background-attachment":"scroll","background-type":"","background-media":"","overlay-type":"","overlay-color":"","overlay-opacity":"","overlay-gradient":""}},"ast-content-background-meta":{"desktop":{"background-color":"var(--ast-global-color-5)","background-image":"","background-repeat":"repeat","background-position":"center center","background-size":"auto","background-attachment":"scroll","background-type":"","background-media":"","overlay-type":"","overlay-color":"","overlay-opacity":"","overlay-gradient":""},"tablet":{"background-color":"var(--ast-global-color-5)","background-image":"","background-repeat":"repeat","background-position":"center center","background-size":"auto","background-attachment":"scroll","background-type":"","background-media":"","overlay-type":"","overlay-color":"","overlay-opacity":"","overlay-gradient":""},"mobile":{"background-color":"var(--ast-global-color-5)","background-image":"","background-repeat":"repeat","background-position":"center center","background-size":"auto","background-attachment":"scroll","background-type":"","background-media":"","overlay-type":"","overlay-color":"","overlay-opacity":"","overlay-gradient":""}},"footnotes":""},"class_list":["post-232","page","type-page","status-publish","hentry"],"acf":[],"jetpack_sharing_enabled":true,"meta_box":{"_cloudsearch_visibility":""},"_links":{"self":[{"href":"https:\/\/www.mdiscipleship.net\/fr\/wp-json\/wp\/v2\/pages\/232","targetHints":{"allow":["GET"]}}],"collection":[{"href":"https:\/\/www.mdiscipleship.net\/fr\/wp-json\/wp\/v2\/pages"}],"about":[{"href":"https:\/\/www.mdiscipleship.net\/fr\/wp-json\/wp\/v2\/types\/page"}],"author":[{"embeddable":true,"href":"https:\/\/www.mdiscipleship.net\/fr\/wp-json\/wp\/v2\/users\/27229"}],"replies":[{"embeddable":true,"href":"https:\/\/www.mdiscipleship.net\/fr\/wp-json\/wp\/v2\/comments?post=232"}],"version-history":[{"count":17,"href":"https:\/\/www.mdiscipleship.net\/fr\/wp-json\/wp\/v2\/pages\/232\/revisions"}],"predecessor-version":[{"id":424,"href":"https:\/\/www.mdiscipleship.net\/fr\/wp-json\/wp\/v2\/pages\/232\/revisions\/424"}],"wp:attachment":[{"href":"https:\/\/www.mdiscipleship.net\/fr\/wp-json\/wp\/v2\/media?parent=232"}],"curies":[{"name":"wp","href":"https:\/\/api.w.org\/{rel}","templated":true}]}}