{"id":239,"date":"2020-08-03T23:22:10","date_gmt":"2020-08-03T23:22:10","guid":{"rendered":"https:\/\/www.mdiscipleship.net\/?page_id=239"},"modified":"2020-11-03T04:26:34","modified_gmt":"2020-11-03T04:26:34","slug":"prayer-1a","status":"publish","type":"page","link":"https:\/\/www.mdiscipleship.net\/fr\/prayer-1a\/","title":{"rendered":"1A Comment prier (R\u00e9ponses)"},"content":{"rendered":"<div data-elementor-type=\"wp-page\" data-elementor-id=\"239\" class=\"elementor elementor-239\" data-elementor-post-type=\"page\">\n\t\t\t\t\t\t<section class=\"elementor-section elementor-top-section elementor-element elementor-element-2f5b9456 elementor-section-boxed elementor-section-height-default elementor-section-height-default\" data-id=\"2f5b9456\" data-element_type=\"section\">\n\t\t\t\t\t\t<div class=\"elementor-container elementor-column-gap-default\">\n\t\t\t\t\t<div class=\"elementor-column elementor-col-100 elementor-top-column elementor-element elementor-element-29e287d5\" data-id=\"29e287d5\" data-element_type=\"column\">\n\t\t\t<div class=\"elementor-widget-wrap elementor-element-populated\">\n\t\t\t\t\t\t<div class=\"elementor-element elementor-element-6fc4d2fb elementor-widget elementor-widget-text-editor\" data-id=\"6fc4d2fb\" data-element_type=\"widget\" data-widget_type=\"text-editor.default\">\n\t\t\t\t<div class=\"elementor-widget-container\">\n\t\t\t\t\t\t\t\t\t<p><span style=\"color: #000080\"><strong>Mouvement de la Grande Commission du Ghana<\/strong><\/span><br \/><span style=\"color: #000080\"><strong>S\u00e9rie de formation \u00e0 la pri\u00e8re<\/strong><\/span><\/p><p style=\"text-align: center\"><span style=\"color: #333399\"><strong>LE\u00c7ON 1 (R\u00e9ponses)<\/strong><\/span><\/p><h1 style=\"text-align: center\"><span style=\"color: #333399\">COMMENT PRIER<\/span><\/h1><p><span style=\"color: #333399\"><strong>Fondement biblique : J\u00e9r\u00e9mie 33:3<\/strong><\/span><\/p><p><strong>COMMENT PRIER<\/strong><\/p><p><strong><span style=\"color: #333399\">I. Qu'est-ce que la pri\u00e8re ?<\/span><\/strong><\/p><p style=\"padding-left: 40px\"><span style=\"color: #333333\"><strong>La pri\u00e8re est <u>CONVERSION<\/u> avec Dieu (J\u00e9r\u00e9mie 33:3)<\/strong><\/span><\/p><p><strong><span style=\"color: #000080\">II. Qui peut prier et attendre des r\u00e9ponses ou des r\u00e9sultats ?<\/span><\/strong><\/p><ol><li>Ceux qui appartiennent \u00e0 <u>CHRIST<\/u> (1 Timoth\u00e9e 2:5 ; \u00c9ph\u00e9siens 2:8-9 ; Jean 1:12 ; Apocalypse 3:20).<\/li><li>Ceux qui prient dans le<u> NOM<\/u> de <u>JESUS<\/u> (Jean 14:14).<\/li><li>Ceux qui ont une<u> C\u0152UR<\/u> (Psaume 66:18 ; 1 Jean 1:9).<\/li><li>Ceux qui ont une <u>LE REMERCIEMENT<\/u> esprit (Marc 11:25).<\/li><li>Ceux qui viennent \u00e0 Dieu <u>CONFIANCE TOTALE <\/u>(Matthieu 21:22 ; H\u00e9breux 11:6 ; Proverbes 3:5, 6).<\/li><li>Ceux qui veulent faire <u>LA VOLONT\u00c9 DE DIEU<\/u> (J\u00e9r\u00e9mie 29:13 ; Psaume 37:4 ; 1 Jean 5:14 ; 15).<\/li><\/ol><p><span style=\"color: #000080\"><strong>III. Pourquoi prier ?<\/strong><\/span><\/p><ol><li>Pour <strong><u>GLORIFY<\/u><\/strong> (Jean 14:13).<\/li><li>Pour <strong><u>OBEY<\/u><\/strong> L'ordre de Dieu (1 Thessaloniciens 5:17 ; Matthieu 7:7 - 11).<\/li><li>Pour avoir <strong><u>FELLOWSHIP<\/u><\/strong> avec Dieu (Proverbes 15:8 ; 1 Jean 3:1).<\/li><li>Suivre la voie du Christ <strong><u>EXEMPLE<\/u><\/strong> (Marc 1:35).<\/li><li>Parce que la pri\u00e8re apporte <strong><u>R\u00c9SULTATS<\/u><\/strong> (Jacques 5:16 ; H\u00e9breux 4:16 ; 1 Jean 3:21-23).<\/li><li>Parce que la pri\u00e8re est n\u00e9cessaire \u00e0 la vie spirituelle <strong><u>CROISSANCE<\/u><\/strong> (Eph\u00e9siens 3:16-17).<\/li><li>Reconna\u00eetre notre <strong><u>DEPENDECE<\/u><\/strong> sur Dieu (Jean 15:5 ; Philippiens 4:13).<\/li><\/ol><p><strong style=\"color: #000080;font-size: 16px\">IV. \u00c0 qui adressons-nous nos pri\u00e8res ?<\/strong><\/p><p style=\"padding-left: 40px\">La pri\u00e8re est \u00e0 la<strong> <u>P\u00c8RE<\/u><\/strong> (Matthieu 6:9),<br \/>au nom de la <strong><u>SON<\/u><\/strong> (Jean 14:13),<br \/>par le biais de la <strong><u>SAINT-ESPRIT<\/u><\/strong> (Romains 8:26-27).<\/p><p><strong><span style=\"color: #000080\">V. Quand devons-nous prier ?<\/span><\/strong><\/p><ol><li><strong><u>TOUT LE TEMPS <\/u><\/strong>(1 Thessaloniciens 5:17).<\/li><li>P\u00e9riodes d\u00e9termin\u00e9es <strong><u>EN PRIV\u00c9<\/u><\/strong> (Daniel 6:10).<\/li><li>R\u00e9guli\u00e8re <strong><u>TEMPS DE COMMUNION, R\u00c9UNIONS DE PRI\u00c8RE, RENCONTRES CHR\u00c9TIENNES, TEMPS DE TROUBLE, TEMPS DE REPAS, TEMPS DE S\u00c9PARATION.<\/u><\/strong> (Actes 1:13-14 ; 2:41-42 ; 4:18-24 ; 31 ; 12:12-17 ; 16:25-28 ; 20:36-37).<\/li><\/ol><p><span style=\"color: #000080\"><strong>VI. Que faut-il inclure dans la pri\u00e8re ?<\/strong><\/span><\/p><p style=\"padding-left: 40px\"><strong>A<\/strong> &#8211;<strong><u>ADORATION<\/u><\/strong> (Psaume 103, 145-150 ; 89:1-14).<br \/><strong>C -<u>CONFESSION<\/u><\/strong> (1 Jean 1:9).<br \/><strong>T -<u>THANKSGIVING (F\u00caTE DE THANKSGIVING)<\/u><\/strong> Thessaloniciens 5:18 ; Romains 8:28, 29).<br \/>S -<strong><u>SUPPLICATION<\/u><\/strong> (Philippiens 4:6).<\/p><p><span style=\"color: #000080\"><strong>VII. Comment pouvons-nous prier avec confiance ?<\/strong><\/span><\/p><p><strong>Mots cl\u00e9s :<\/strong><\/p><p style=\"padding-left: 40px\"><u>A. <\/u><strong><u style=\"font-style: inherit;font-weight: inherit\">EN DEMEURANT DANS LE CHRIST<\/u><\/strong><span style=\"font-size: 16px\"> (Jean 15:7).<\/span><\/p><p style=\"padding-left: 40px\"><u>B. <strong>EN DEMANDANT, EN CHERCHANT ET EN FRAPPANT<\/strong><\/u> (Matthieu 7:7, 8).<\/p><p style=\"padding-left: 80px\"><u>[<\/u>DEMANDER, C'EST PRIER SELON LA VOLONT\u00c9 R\u00c9V\u00c9L\u00c9E DE DIEU. PAR EXEMPLE, LA VOLONT\u00c9 DE DIEU EST QUE L'HOMME SOIT SAUV\u00c9, REMPLI DE L'ESPRIT, QU'IL PORTE DU FRUIT, ETC.<\/p><p style=\"padding-left: 80px\">LA RECHERCHE EST LA PRI\u00c8RE SELON LA VOLONT\u00c9 NON R\u00c9V\u00c9L\u00c9E DE DIEU. PAR EXEMPLE, LA VOLONT\u00c9 NON R\u00c9V\u00c9L\u00c9E DE DIEU EST QUE QUELQU'UN TROUVE UN EMPLOI, SE MARIE, CONSTRUISE UNE MAISON, ETC.<\/p><p style=\"padding-left: 80px\">FRAPPER EST LA PRI\u00c8RE SELON LA VOLONT\u00c9 R\u00c9SISTANTE DE DIEU. PAR EXEMPLE, NOTRE LUTTE CONTRE LE DIABLE].<\/p><p style=\"padding-left: 40px\"><u>C. <strong>EN CROYANT AU CHRIST<\/strong><\/u> (Matthieu 21:22).<\/p><p style=\"padding-left: 40px\"><u>D. <strong>EN DEMANDANT AU NOM DU CHRIST<\/strong><\/u> (Jean 16:24).<\/p><p><strong>GCMGH \u00a9 Prayer Series #1 Qu'est-ce que la pri\u00e8re ?    Sept\/2020<\/strong><\/p>\t\t\t\t\t\t\t\t<\/div>\n\t\t\t\t<\/div>\n\t\t\t\t\t<\/div>\n\t\t<\/div>\n\t\t\t\t\t<\/div>\n\t\t<\/section>\n\t\t\t\t<section class=\"elementor-section elementor-top-section elementor-element elementor-element-4c84528 elementor-section-boxed elementor-section-height-default elementor-section-height-default\" data-id=\"4c84528\" data-element_type=\"section\">\n\t\t\t\t\t\t<div class=\"elementor-container elementor-column-gap-default\">\n\t\t\t\t\t<div class=\"elementor-column elementor-col-100 elementor-top-column elementor-element elementor-element-3f52981\" data-id=\"3f52981\" data-element_type=\"column\">\n\t\t\t<div class=\"elementor-widget-wrap elementor-element-populated\">\n\t\t\t\t\t\t<div class=\"elementor-element elementor-element-1975f2d elementor-widget-divider--view-line elementor-widget elementor-widget-divider\" data-id=\"1975f2d\" data-element_type=\"widget\" data-widget_type=\"divider.default\">\n\t\t\t\t<div class=\"elementor-widget-container\">\n\t\t\t\t\t\t\t<div class=\"elementor-divider\">\n\t\t\t<span class=\"elementor-divider-separator\">\n\t\t\t\t\t\t<\/span>\n\t\t<\/div>\n\t\t\t\t\t\t<\/div>\n\t\t\t\t<\/div>\n\t\t\t\t\t<\/div>\n\t\t<\/div>\n\t\t\t\t\t<\/div>\n\t\t<\/section>\n\t\t\t\t<section class=\"elementor-section elementor-top-section elementor-element elementor-element-97066b6 elementor-section-boxed elementor-section-height-default elementor-section-height-default\" data-id=\"97066b6\" data-element_type=\"section\">\n\t\t\t\t\t\t<div class=\"elementor-container elementor-column-gap-default\">\n\t\t\t\t\t<div class=\"elementor-column elementor-col-100 elementor-top-column elementor-element elementor-element-802faa1\" data-id=\"802faa1\" data-element_type=\"column\">\n\t\t\t<div class=\"elementor-widget-wrap elementor-element-populated\">\n\t\t\t\t\t\t<div class=\"elementor-element elementor-element-901f6b0 elementor-widget elementor-widget-heading\" data-id=\"901f6b0\" data-element_type=\"widget\" data-widget_type=\"heading.default\">\n\t\t\t\t<div class=\"elementor-widget-container\">\n\t\t\t\t\t<h3 class=\"elementor-heading-title elementor-size-default\">Le\u00e7ons de formation \u00e0 la pri\u00e8re<\/h3>\t\t\t\t<\/div>\n\t\t\t\t<\/div>\n\t\t\t\t\t<\/div>\n\t\t<\/div>\n\t\t\t\t\t<\/div>\n\t\t<\/section>\n\t\t\t\t<section class=\"elementor-section elementor-top-section elementor-element elementor-element-58a43a9 elementor-section-boxed elementor-section-height-default elementor-section-height-default\" data-id=\"58a43a9\" data-element_type=\"section\">\n\t\t\t\t\t\t<div class=\"elementor-container elementor-column-gap-default\">\n\t\t\t\t\t<div class=\"elementor-column elementor-col-100 elementor-top-column elementor-element elementor-element-28c915c\" data-id=\"28c915c\" data-element_type=\"column\">\n\t\t\t<div class=\"elementor-widget-wrap elementor-element-populated\">\n\t\t\t\t\t\t<div class=\"elementor-element elementor-element-e195fd2 elementor-nav-menu__align-center elementor-nav-menu--dropdown-tablet elementor-nav-menu__text-align-aside elementor-nav-menu--toggle elementor-nav-menu--burger elementor-widget elementor-widget-nav-menu\" data-id=\"e195fd2\" data-element_type=\"widget\" data-settings=\"{&quot;layout&quot;:&quot;horizontal&quot;,&quot;submenu_icon&quot;:{&quot;value&quot;:&quot;&lt;i class=\\&quot;fas fa-caret-down\\&quot; aria-hidden=\\&quot;true\\&quot;&gt;&lt;\\\/i&gt;&quot;,&quot;library&quot;:&quot;fa-solid&quot;},&quot;toggle&quot;:&quot;burger&quot;}\" data-widget_type=\"nav-menu.default\">\n\t\t\t\t<div class=\"elementor-widget-container\">\n\t\t\t\t\t\t\t\t<nav aria-label=\"Menu\" class=\"elementor-nav-menu--main elementor-nav-menu__container elementor-nav-menu--layout-horizontal e--pointer-underline e--animation-fade\">\n\t\t\t\t<ul id=\"menu-1-e195fd2\" class=\"elementor-nav-menu\"><li class=\"menu-item menu-item-type-post_type menu-item-object-page menu-item-307\"><a href=\"https:\/\/www.mdiscipleship.net\/fr\/prayer-1\/\" class=\"elementor-item menu-link\">1 Comment prier<\/a><\/li>\n<li class=\"menu-item menu-item-type-post_type menu-item-object-page menu-item-306\"><a href=\"https:\/\/www.mdiscipleship.net\/fr\/prayer-1a\/\" class=\"elementor-item menu-link\">1A Comment prier (R\u00e9ponses)<\/a><\/li>\n<li class=\"menu-item menu-item-type-post_type menu-item-object-page menu-item-304\"><a href=\"https:\/\/www.mdiscipleship.net\/fr\/prayer-2\/\" class=\"elementor-item menu-link\">2 Le plan merveilleux de Dieu pour la pri\u00e8re<\/a><\/li>\n<li class=\"menu-item menu-item-type-post_type menu-item-object-page menu-item-305\"><a href=\"https:\/\/www.mdiscipleship.net\/fr\/prayer-3\/\" class=\"elementor-item menu-link\">3 S'affermir dans la pri\u00e8re<\/a><\/li>\n<li class=\"menu-item menu-item-type-post_type menu-item-object-page menu-item-303\"><a href=\"https:\/\/www.mdiscipleship.net\/fr\/prayer-3b\/\" class=\"elementor-item menu-link\">3B Les attributs de Dieu<\/a><\/li>\n<li class=\"menu-item menu-item-type-post_type menu-item-object-page menu-item-302\"><a href=\"https:\/\/www.mdiscipleship.net\/fr\/prayer-4\/\" class=\"elementor-item menu-link\">4 Se pr\u00e9parer au combat spirituel<\/a><\/li>\n<li class=\"menu-item menu-item-type-post_type menu-item-object-page menu-item-301\"><a href=\"https:\/\/www.mdiscipleship.net\/fr\/prayer-5\/\" class=\"elementor-item menu-link\">5 La puissance de l'intercession en entreprise<\/a><\/li>\n<li class=\"menu-item menu-item-type-post_type menu-item-object-page menu-item-300\"><a href=\"https:\/\/www.mdiscipleship.net\/fr\/prayer-6\/\" class=\"elementor-item menu-link\">6 Mobiliser les intercesseurs<\/a><\/li>\n<li class=\"menu-item menu-item-type-post_type menu-item-object-page menu-item-299\"><a href=\"https:\/\/www.mdiscipleship.net\/fr\/prayer-7\/\" class=\"elementor-item menu-link\">7 Vivre un mode de vie 3G<\/a><\/li>\n<\/ul>\t\t\t<\/nav>\n\t\t\t\t\t<div class=\"elementor-menu-toggle\" role=\"button\" tabindex=\"0\" aria-label=\"Menu Toggle\" aria-expanded=\"false\">\n\t\t\t<i aria-hidden=\"true\" role=\"presentation\" class=\"elementor-menu-toggle__icon--open eicon-menu-bar\"><\/i><i aria-hidden=\"true\" role=\"presentation\" class=\"elementor-menu-toggle__icon--close eicon-close\"><\/i>\t\t<\/div>\n\t\t\t\t\t<nav class=\"elementor-nav-menu--dropdown elementor-nav-menu__container\" aria-hidden=\"true\">\n\t\t\t\t<ul id=\"menu-2-e195fd2\" class=\"elementor-nav-menu\"><li class=\"menu-item menu-item-type-post_type menu-item-object-page menu-item-307\"><a href=\"https:\/\/www.mdiscipleship.net\/fr\/prayer-1\/\" class=\"elementor-item menu-link\" tabindex=\"-1\">1 Comment prier<\/a><\/li>\n<li class=\"menu-item menu-item-type-post_type menu-item-object-page menu-item-306\"><a href=\"https:\/\/www.mdiscipleship.net\/fr\/prayer-1a\/\" class=\"elementor-item menu-link\" tabindex=\"-1\">1A Comment prier (R\u00e9ponses)<\/a><\/li>\n<li class=\"menu-item menu-item-type-post_type menu-item-object-page menu-item-304\"><a href=\"https:\/\/www.mdiscipleship.net\/fr\/prayer-2\/\" class=\"elementor-item menu-link\" tabindex=\"-1\">2 Le plan merveilleux de Dieu pour la pri\u00e8re<\/a><\/li>\n<li class=\"menu-item menu-item-type-post_type menu-item-object-page menu-item-305\"><a href=\"https:\/\/www.mdiscipleship.net\/fr\/prayer-3\/\" class=\"elementor-item menu-link\" tabindex=\"-1\">3 S'affermir dans la pri\u00e8re<\/a><\/li>\n<li class=\"menu-item menu-item-type-post_type menu-item-object-page menu-item-303\"><a href=\"https:\/\/www.mdiscipleship.net\/fr\/prayer-3b\/\" class=\"elementor-item menu-link\" tabindex=\"-1\">3B Les attributs de Dieu<\/a><\/li>\n<li class=\"menu-item menu-item-type-post_type menu-item-object-page menu-item-302\"><a href=\"https:\/\/www.mdiscipleship.net\/fr\/prayer-4\/\" class=\"elementor-item menu-link\" tabindex=\"-1\">4 Se pr\u00e9parer au combat spirituel<\/a><\/li>\n<li class=\"menu-item menu-item-type-post_type menu-item-object-page menu-item-301\"><a href=\"https:\/\/www.mdiscipleship.net\/fr\/prayer-5\/\" class=\"elementor-item menu-link\" tabindex=\"-1\">5 La puissance de l'intercession en entreprise<\/a><\/li>\n<li class=\"menu-item menu-item-type-post_type menu-item-object-page menu-item-300\"><a href=\"https:\/\/www.mdiscipleship.net\/fr\/prayer-6\/\" class=\"elementor-item menu-link\" tabindex=\"-1\">6 Mobiliser les intercesseurs<\/a><\/li>\n<li class=\"menu-item menu-item-type-post_type menu-item-object-page menu-item-299\"><a href=\"https:\/\/www.mdiscipleship.net\/fr\/prayer-7\/\" class=\"elementor-item menu-link\" tabindex=\"-1\">7 Vivre un mode de vie 3G<\/a><\/li>\n<\/ul>\t\t\t<\/nav>\n\t\t\t\t\t\t<\/div>\n\t\t\t\t<\/div>\n\t\t\t\t\t<\/div>\n\t\t<\/div>\n\t\t\t\t\t<\/div>\n\t\t<\/section>\n\t\t\t\t<\/div>","protected":false},"excerpt":{"rendered":"<p>Mouvement de la Grande Commission du GhanaS\u00e9rie de formation \u00e0 la pri\u00e8re LE\u00c7ON 1 (R\u00e9ponses) COMMENT PRIER Fondement biblique : J\u00e9r\u00e9mie 33:3 COMMENT PRIER I. Qu'est-ce que la pri\u00e8re ? La pri\u00e8re est la CONVERSATION avec Dieu (J\u00e9r\u00e9mie 33:3) II. Qui peut prier et attendre des r\u00e9ponses ou des r\u00e9sultats ? Ceux qui appartiennent au CHRIST (1 Timoth\u00e9e 2:5 ; \u00c9ph\u00e9siens 2:8-9 ; Jean 1:12 ; Apocalypse 3:20). Ceux [...]<\/p>","protected":false},"author":27229,"featured_media":0,"parent":0,"menu_order":0,"comment_status":"closed","ping_status":"closed","template":"","meta":{"_acf_changed":false,"inline_featured_image":false,"site-sidebar-layout":"no-sidebar","site-content-layout":"content-boxed-container","ast-site-content-layout":"default","site-content-style":"default","site-sidebar-style":"default","ast-global-header-display":"","ast-banner-title-visibility":"","ast-main-header-display":"","ast-hfb-above-header-display":"","ast-hfb-below-header-display":"","ast-hfb-mobile-header-display":"","site-post-title":"disabled","ast-breadcrumbs-content":"disabled","ast-featured-img":"disabled","footer-sml-layout":"disabled","ast-disable-related-posts":"","theme-transparent-header-meta":"default","adv-header-id-meta":"","stick-header-meta":"","header-above-stick-meta":"","header-main-stick-meta":"","header-below-stick-meta":"","astra-migrate-meta-layouts":"default","ast-page-background-enabled":"default","ast-page-background-meta":{"desktop":{"background-color":"","background-image":"","background-repeat":"repeat","background-position":"center center","background-size":"auto","background-attachment":"scroll","background-type":"","background-media":"","overlay-type":"","overlay-color":"","overlay-opacity":"","overlay-gradient":""},"tablet":{"background-color":"","background-image":"","background-repeat":"repeat","background-position":"center center","background-size":"auto","background-attachment":"scroll","background-type":"","background-media":"","overlay-type":"","overlay-color":"","overlay-opacity":"","overlay-gradient":""},"mobile":{"background-color":"","background-image":"","background-repeat":"repeat","background-position":"center center","background-size":"auto","background-attachment":"scroll","background-type":"","background-media":"","overlay-type":"","overlay-color":"","overlay-opacity":"","overlay-gradient":""}},"ast-content-background-meta":{"desktop":{"background-color":"var(--ast-global-color-5)","background-image":"","background-repeat":"repeat","background-position":"center center","background-size":"auto","background-attachment":"scroll","background-type":"","background-media":"","overlay-type":"","overlay-color":"","overlay-opacity":"","overlay-gradient":""},"tablet":{"background-color":"var(--ast-global-color-5)","background-image":"","background-repeat":"repeat","background-position":"center center","background-size":"auto","background-attachment":"scroll","background-type":"","background-media":"","overlay-type":"","overlay-color":"","overlay-opacity":"","overlay-gradient":""},"mobile":{"background-color":"var(--ast-global-color-5)","background-image":"","background-repeat":"repeat","background-position":"center center","background-size":"auto","background-attachment":"scroll","background-type":"","background-media":"","overlay-type":"","overlay-color":"","overlay-opacity":"","overlay-gradient":""}},"footnotes":""},"class_list":["post-239","page","type-page","status-publish","hentry"],"acf":[],"jetpack_sharing_enabled":true,"meta_box":{"_cloudsearch_visibility":""},"_links":{"self":[{"href":"https:\/\/www.mdiscipleship.net\/fr\/wp-json\/wp\/v2\/pages\/239","targetHints":{"allow":["GET"]}}],"collection":[{"href":"https:\/\/www.mdiscipleship.net\/fr\/wp-json\/wp\/v2\/pages"}],"about":[{"href":"https:\/\/www.mdiscipleship.net\/fr\/wp-json\/wp\/v2\/types\/page"}],"author":[{"embeddable":true,"href":"https:\/\/www.mdiscipleship.net\/fr\/wp-json\/wp\/v2\/users\/27229"}],"replies":[{"embeddable":true,"href":"https:\/\/www.mdiscipleship.net\/fr\/wp-json\/wp\/v2\/comments?post=239"}],"version-history":[{"count":7,"href":"https:\/\/www.mdiscipleship.net\/fr\/wp-json\/wp\/v2\/pages\/239\/revisions"}],"predecessor-version":[{"id":420,"href":"https:\/\/www.mdiscipleship.net\/fr\/wp-json\/wp\/v2\/pages\/239\/revisions\/420"}],"wp:attachment":[{"href":"https:\/\/www.mdiscipleship.net\/fr\/wp-json\/wp\/v2\/media?parent=239"}],"curies":[{"name":"wp","href":"https:\/\/api.w.org\/{rel}","templated":true}]}}