{"id":241,"date":"2020-08-03T23:39:22","date_gmt":"2020-08-03T23:39:22","guid":{"rendered":"https:\/\/www.mdiscipleship.net\/?page_id=241"},"modified":"2020-11-16T03:29:31","modified_gmt":"2020-11-16T03:29:31","slug":"prayer-2","status":"publish","type":"page","link":"https:\/\/www.mdiscipleship.net\/fr\/prayer-2\/","title":{"rendered":"2 Le plan merveilleux de Dieu pour la pri\u00e8re"},"content":{"rendered":"<div data-elementor-type=\"wp-page\" data-elementor-id=\"241\" class=\"elementor elementor-241\" data-elementor-post-type=\"page\">\n\t\t\t\t\t\t<section class=\"elementor-section elementor-top-section elementor-element elementor-element-7c655f3b elementor-section-boxed elementor-section-height-default elementor-section-height-default\" data-id=\"7c655f3b\" data-element_type=\"section\">\n\t\t\t\t\t\t<div class=\"elementor-container elementor-column-gap-default\">\n\t\t\t\t\t<div class=\"elementor-column elementor-col-100 elementor-top-column elementor-element elementor-element-3e1a6fd7\" data-id=\"3e1a6fd7\" data-element_type=\"column\">\n\t\t\t<div class=\"elementor-widget-wrap elementor-element-populated\">\n\t\t\t\t\t\t<div class=\"elementor-element elementor-element-3f1fd86f elementor-widget elementor-widget-text-editor\" data-id=\"3f1fd86f\" data-element_type=\"widget\" data-widget_type=\"text-editor.default\">\n\t\t\t\t<div class=\"elementor-widget-container\">\n\t\t\t\t\t\t\t\t\t<p><strong><span style=\"color: #000080\">Mouvement de la Grande Commission du Ghana<\/span><\/strong><br \/><strong><span style=\"color: #000080\">S\u00e9rie de formation \u00e0 la pri\u00e8re<\/span><\/strong><\/p><h3 style=\"text-align: center\"><strong><span style=\"color: #000080\">LE\u00c7ON 2 : <\/span><\/strong><\/h3><h3 style=\"text-align: center\"><strong><span style=\"color: #000080\"><u>Le plan merveilleux de Dieu pour la pri\u00e8re<\/u><\/span><\/strong><\/h3><p><strong>Fondement biblique - Romains 8:26-27<\/strong><\/p><p><strong>Introduction :<\/strong> Dieu utilise nos pri\u00e8res pour accomplir son \u0153uvre dans le monde. Cette session a pour but de nous aider \u00e0 appr\u00e9cier la pri\u00e8re comme Dieu le fait. Le cercle montre le processus de la pri\u00e8re - l'action de Dieu dans les affaires humaines.<\/p><p><span style=\"color: #000080\"><strong>Le r\u00f4le du p\u00e8re <\/strong><\/span><\/p><p style=\"padding-left: 40px\">La pri\u00e8re commence en Dieu le P\u00e8re - \u00e0 la position 12 heures, Dieu le P\u00e8re transmet sa volont\u00e9 \u00e0 l'Esprit Saint.<img decoding=\"async\" class=\"size-full wp-image-242 alignright\" src=\"https:\/\/sites.cru.org\/mdiscipleship\/wp-content\/uploads\/sites\/202\/2020\/08\/pray-diagram.png\" alt=\"\" width=\"252\" height=\"198\" srcset=\"https:\/\/www.mdiscipleship.net\/wp-content\/uploads\/sites\/202\/2020\/08\/pray-diagram.png 252w, https:\/\/www.mdiscipleship.net\/wp-content\/uploads\/sites\/202\/2020\/08\/pray-diagram.png?resize=15,12 15w\" sizes=\"(max-width: 252px) 100vw, 252px\" \/><\/p><ul><li style=\"list-style-type: none\"><ul><li>1 Corinthiens 2:10<\/li><li>Romains 11:36<\/li><li>Apocalypse 4:11<\/li><\/ul><\/li><\/ul><p style=\"padding-left: 40px\">Trois intercesseurs sont impliqu\u00e9s dans le processus de pri\u00e8re. Lisez les passages et d\u00e9couvrez le r\u00f4le de chacun :<\/p><ol><li><span style=\"color: #000080\"><strong>Le r\u00f4le de l'Esprit Saint<\/strong><\/span><\/li><\/ol><p style=\"padding-left: 40px\">Le Saint-Esprit, \u00e0 la position 3 heures du \"processus de pri\u00e8re\".<\/p><ol><li style=\"list-style-type: none\"><ol><li>Romains 8:26-27<\/li><li>Jean 14:12-15<\/li><li>Jean 14:16-18<\/li><\/ol><\/li><\/ol><p style=\"padding-left: 40px\"><strong>2. <span style=\"color: #000080\">Le r\u00f4le du fils<\/span><\/strong><\/p><p style=\"padding-left: 40px\">Le troisi\u00e8me intercesseur, \u00e0 la position 9 heures. La puissance de la pri\u00e8re vient de l'union de nos pri\u00e8res avec la pri\u00e8re de J\u00e9sus, \u00e0 qui Dieu a donn\u00e9 toute autorit\u00e9 au ciel et sur la terre.<\/p><ol><li style=\"list-style-type: none\"><ol><li>Isa\u00efe 53:12<\/li><li>Romains 8:34<\/li><li>H\u00e9breux 7:25<\/li><\/ol><\/li><\/ol><p style=\"padding-left: 40px\">3.<span style=\"color: #000080\"> <strong>Le r\u00f4le du croyant<\/strong><\/span><\/p><p style=\"padding-left: 40px\">Nous, les chr\u00e9tiens, sommes \u00e0 la position 6 heures dans le diagramme du \"processus de la pri\u00e8re\".<\/p><ol><li style=\"list-style-type: none\"><ol><li>Ez\u00e9chiel 22:30<\/li><li>I Thessaloniciens 5:16-19<\/li><li>Eph\u00e9siens 6:18<\/li><li>Romains 8:26-27<\/li><\/ol><\/li><\/ol><p><span style=\"color: #000080\"><strong>\u00a0<\/strong><strong><u>Conclusions :<\/u><\/strong><\/span><\/p><ol><li>L'Esprit nous confie ses g\u00e9missements sous forme de fardeaux de pri\u00e8re.<\/li><li>Une pri\u00e8re efficace exprime les fardeaux que l'Esprit fait na\u00eetre dans nos c\u0153urs.<\/li><li>La pl\u00e9nitude de l'Esprit nous permet d'atteindre notre potentiel de pri\u00e8re le plus \u00e9lev\u00e9.<\/li><\/ol><p><span style=\"color: #000080\"><strong>R\u00e9flexion personnelle <\/strong><\/span><\/p><blockquote><p style=\"padding-left: 40px\">Qu'est-ce que le Seigneur vous a dit au cours de cette session ?<br \/>De quelle mani\u00e8re pouvez-vous savoir que Dieu vous incite \u00e0 prier ?<br \/>Peut-on prier J\u00e9sus et le Saint-Esprit ? Quelles sont les raisons de votre r\u00e9ponse ?<\/p><\/blockquote><p><span style=\"color: #000080\"><strong>\u00c9tape pratique <\/strong><\/span><\/p><blockquote><p style=\"padding-left: 40px\">Quel est le concept de pri\u00e8re qui vous impressionne le plus ? Et pourquoi ?<br \/>Quelle valeur pouvez-vous d\u00e9sormais accorder \u00e0 la pri\u00e8re ?<\/p><\/blockquote><p><span style=\"color: #000080\"><strong>R\u00e9ponse \u00e0 la pri\u00e8re <\/strong><\/span><\/p><blockquote><p style=\"padding-left: 40px\"><em>Le Saint-P\u00e8re, <\/em><em>Je te remercie pour le merveilleux projet de la pri\u00e8re. Je te prie<\/em><em> Je suis \u00e9merveill\u00e9 par la port\u00e9e cosmique que tu as donn\u00e9e \u00e0 la pri\u00e8re. Je veux faire de la pri\u00e8re mon travail principal dans la vie. Fortifie-moi pour que je continue \u00e0 prier pour tes fardeaux jusqu'\u00e0 ce que tu les l\u00e8ves. Enseigne-moi la pers\u00e9v\u00e9rance pour suivre les paroles de 1 Pierre 5:7 et te confier tous mes soucis. Au nom de J\u00e9sus. Amen.<\/em><\/p><\/blockquote><p><strong>GCMGH \u00a9 Prayer Series #2 Le plan merveilleux de Dieu pour la pri\u00e8re, Sept\/2020<\/strong><\/p>\t\t\t\t\t\t\t\t<\/div>\n\t\t\t\t<\/div>\n\t\t\t\t<div class=\"elementor-element elementor-element-c3810e0 elementor-button-success elementor-align-center elementor-widget elementor-widget-button\" data-id=\"c3810e0\" data-element_type=\"widget\" data-widget_type=\"button.default\">\n\t\t\t\t<div class=\"elementor-widget-container\">\n\t\t\t\t\t\t\t\t\t<div class=\"elementor-button-wrapper\">\n\t\t\t\t\t<a class=\"elementor-button elementor-button-link elementor-size-md\" href=\"https:\/\/forms.gle\/KEWNkQRQDbT72ZPx9\">\n\t\t\t\t\t\t<span class=\"elementor-button-content-wrapper\">\n\t\t\t\t\t\t\t\t\t<span class=\"elementor-button-text\">Cliquez ici pour terminer la le\u00e7on<\/span>\n\t\t\t\t\t<\/span>\n\t\t\t\t\t<\/a>\n\t\t\t\t<\/div>\n\t\t\t\t\t\t\t\t<\/div>\n\t\t\t\t<\/div>\n\t\t\t\t\t<\/div>\n\t\t<\/div>\n\t\t\t\t\t<\/div>\n\t\t<\/section>\n\t\t\t\t<section class=\"elementor-section elementor-top-section elementor-element elementor-element-7dcfcf1 elementor-section-boxed elementor-section-height-default elementor-section-height-default\" data-id=\"7dcfcf1\" data-element_type=\"section\">\n\t\t\t\t\t\t<div class=\"elementor-container elementor-column-gap-default\">\n\t\t\t\t\t<div class=\"elementor-column elementor-col-100 elementor-top-column elementor-element elementor-element-da5ada7\" data-id=\"da5ada7\" data-element_type=\"column\">\n\t\t\t<div class=\"elementor-widget-wrap elementor-element-populated\">\n\t\t\t\t\t\t<div class=\"elementor-element elementor-element-c6b1177 elementor-widget-divider--view-line elementor-widget elementor-widget-divider\" data-id=\"c6b1177\" data-element_type=\"widget\" data-widget_type=\"divider.default\">\n\t\t\t\t<div class=\"elementor-widget-container\">\n\t\t\t\t\t\t\t<div class=\"elementor-divider\">\n\t\t\t<span class=\"elementor-divider-separator\">\n\t\t\t\t\t\t<\/span>\n\t\t<\/div>\n\t\t\t\t\t\t<\/div>\n\t\t\t\t<\/div>\n\t\t\t\t<div class=\"elementor-element elementor-element-b8e8423 elementor-widget elementor-widget-heading\" data-id=\"b8e8423\" data-element_type=\"widget\" data-widget_type=\"heading.default\">\n\t\t\t\t<div class=\"elementor-widget-container\">\n\t\t\t\t\t<h3 class=\"elementor-heading-title elementor-size-default\">Le\u00e7ons de formation \u00e0 la pri\u00e8re<\/h3>\t\t\t\t<\/div>\n\t\t\t\t<\/div>\n\t\t\t\t\t<\/div>\n\t\t<\/div>\n\t\t\t\t\t<\/div>\n\t\t<\/section>\n\t\t\t\t<section class=\"elementor-section elementor-top-section elementor-element elementor-element-30a71ea elementor-section-boxed elementor-section-height-default elementor-section-height-default\" data-id=\"30a71ea\" data-element_type=\"section\">\n\t\t\t\t\t\t<div class=\"elementor-container elementor-column-gap-default\">\n\t\t\t\t\t<div class=\"elementor-column elementor-col-100 elementor-top-column elementor-element elementor-element-8871a40\" data-id=\"8871a40\" data-element_type=\"column\">\n\t\t\t<div class=\"elementor-widget-wrap elementor-element-populated\">\n\t\t\t\t\t\t<div class=\"elementor-element elementor-element-be01220 elementor-nav-menu__align-center elementor-nav-menu--dropdown-tablet elementor-nav-menu__text-align-aside elementor-nav-menu--toggle elementor-nav-menu--burger elementor-widget elementor-widget-nav-menu\" data-id=\"be01220\" data-element_type=\"widget\" data-settings=\"{&quot;layout&quot;:&quot;horizontal&quot;,&quot;submenu_icon&quot;:{&quot;value&quot;:&quot;&lt;i class=\\&quot;fas fa-caret-down\\&quot; aria-hidden=\\&quot;true\\&quot;&gt;&lt;\\\/i&gt;&quot;,&quot;library&quot;:&quot;fa-solid&quot;},&quot;toggle&quot;:&quot;burger&quot;}\" data-widget_type=\"nav-menu.default\">\n\t\t\t\t<div class=\"elementor-widget-container\">\n\t\t\t\t\t\t\t\t<nav aria-label=\"Menu\" class=\"elementor-nav-menu--main elementor-nav-menu__container elementor-nav-menu--layout-horizontal e--pointer-underline e--animation-fade\">\n\t\t\t\t<ul id=\"menu-1-be01220\" class=\"elementor-nav-menu\"><li class=\"menu-item menu-item-type-post_type menu-item-object-page menu-item-307\"><a href=\"https:\/\/www.mdiscipleship.net\/fr\/prayer-1\/\" class=\"elementor-item menu-link\">1 Comment prier<\/a><\/li>\n<li class=\"menu-item menu-item-type-post_type menu-item-object-page menu-item-306\"><a href=\"https:\/\/www.mdiscipleship.net\/fr\/prayer-1a\/\" class=\"elementor-item menu-link\">1A Comment prier (R\u00e9ponses)<\/a><\/li>\n<li class=\"menu-item menu-item-type-post_type menu-item-object-page menu-item-304\"><a href=\"https:\/\/www.mdiscipleship.net\/fr\/prayer-2\/\" class=\"elementor-item menu-link\">2 Le plan merveilleux de Dieu pour la pri\u00e8re<\/a><\/li>\n<li class=\"menu-item menu-item-type-post_type menu-item-object-page menu-item-305\"><a href=\"https:\/\/www.mdiscipleship.net\/fr\/prayer-3\/\" class=\"elementor-item menu-link\">3 S'affermir dans la pri\u00e8re<\/a><\/li>\n<li class=\"menu-item menu-item-type-post_type menu-item-object-page menu-item-303\"><a href=\"https:\/\/www.mdiscipleship.net\/fr\/prayer-3b\/\" class=\"elementor-item menu-link\">3B Les attributs de Dieu<\/a><\/li>\n<li class=\"menu-item menu-item-type-post_type menu-item-object-page menu-item-302\"><a href=\"https:\/\/www.mdiscipleship.net\/fr\/prayer-4\/\" class=\"elementor-item menu-link\">4 Se pr\u00e9parer au combat spirituel<\/a><\/li>\n<li class=\"menu-item menu-item-type-post_type menu-item-object-page menu-item-301\"><a href=\"https:\/\/www.mdiscipleship.net\/fr\/prayer-5\/\" class=\"elementor-item menu-link\">5 La puissance de l'intercession en entreprise<\/a><\/li>\n<li class=\"menu-item menu-item-type-post_type menu-item-object-page menu-item-300\"><a href=\"https:\/\/www.mdiscipleship.net\/fr\/prayer-6\/\" class=\"elementor-item menu-link\">6 Mobiliser les intercesseurs<\/a><\/li>\n<li class=\"menu-item menu-item-type-post_type menu-item-object-page menu-item-299\"><a href=\"https:\/\/www.mdiscipleship.net\/fr\/prayer-7\/\" class=\"elementor-item menu-link\">7 Vivre un mode de vie 3G<\/a><\/li>\n<\/ul>\t\t\t<\/nav>\n\t\t\t\t\t<div class=\"elementor-menu-toggle\" role=\"button\" tabindex=\"0\" aria-label=\"Menu Toggle\" aria-expanded=\"false\">\n\t\t\t<i aria-hidden=\"true\" role=\"presentation\" class=\"elementor-menu-toggle__icon--open eicon-menu-bar\"><\/i><i aria-hidden=\"true\" role=\"presentation\" class=\"elementor-menu-toggle__icon--close eicon-close\"><\/i>\t\t<\/div>\n\t\t\t\t\t<nav class=\"elementor-nav-menu--dropdown elementor-nav-menu__container\" aria-hidden=\"true\">\n\t\t\t\t<ul id=\"menu-2-be01220\" class=\"elementor-nav-menu\"><li class=\"menu-item menu-item-type-post_type menu-item-object-page menu-item-307\"><a href=\"https:\/\/www.mdiscipleship.net\/fr\/prayer-1\/\" class=\"elementor-item menu-link\" tabindex=\"-1\">1 Comment prier<\/a><\/li>\n<li class=\"menu-item menu-item-type-post_type menu-item-object-page menu-item-306\"><a href=\"https:\/\/www.mdiscipleship.net\/fr\/prayer-1a\/\" class=\"elementor-item menu-link\" tabindex=\"-1\">1A Comment prier (R\u00e9ponses)<\/a><\/li>\n<li class=\"menu-item menu-item-type-post_type menu-item-object-page menu-item-304\"><a href=\"https:\/\/www.mdiscipleship.net\/fr\/prayer-2\/\" class=\"elementor-item menu-link\" tabindex=\"-1\">2 Le plan merveilleux de Dieu pour la pri\u00e8re<\/a><\/li>\n<li class=\"menu-item menu-item-type-post_type menu-item-object-page menu-item-305\"><a href=\"https:\/\/www.mdiscipleship.net\/fr\/prayer-3\/\" class=\"elementor-item menu-link\" tabindex=\"-1\">3 S'affermir dans la pri\u00e8re<\/a><\/li>\n<li class=\"menu-item menu-item-type-post_type menu-item-object-page menu-item-303\"><a href=\"https:\/\/www.mdiscipleship.net\/fr\/prayer-3b\/\" class=\"elementor-item menu-link\" tabindex=\"-1\">3B Les attributs de Dieu<\/a><\/li>\n<li class=\"menu-item menu-item-type-post_type menu-item-object-page menu-item-302\"><a href=\"https:\/\/www.mdiscipleship.net\/fr\/prayer-4\/\" class=\"elementor-item menu-link\" tabindex=\"-1\">4 Se pr\u00e9parer au combat spirituel<\/a><\/li>\n<li class=\"menu-item menu-item-type-post_type menu-item-object-page menu-item-301\"><a href=\"https:\/\/www.mdiscipleship.net\/fr\/prayer-5\/\" class=\"elementor-item menu-link\" tabindex=\"-1\">5 La puissance de l'intercession en entreprise<\/a><\/li>\n<li class=\"menu-item menu-item-type-post_type menu-item-object-page menu-item-300\"><a href=\"https:\/\/www.mdiscipleship.net\/fr\/prayer-6\/\" class=\"elementor-item menu-link\" tabindex=\"-1\">6 Mobiliser les intercesseurs<\/a><\/li>\n<li class=\"menu-item menu-item-type-post_type menu-item-object-page menu-item-299\"><a href=\"https:\/\/www.mdiscipleship.net\/fr\/prayer-7\/\" class=\"elementor-item menu-link\" tabindex=\"-1\">7 Vivre un mode de vie 3G<\/a><\/li>\n<\/ul>\t\t\t<\/nav>\n\t\t\t\t\t\t<\/div>\n\t\t\t\t<\/div>\n\t\t\t\t\t<\/div>\n\t\t<\/div>\n\t\t\t\t\t<\/div>\n\t\t<\/section>\n\t\t\t\t<\/div>","protected":false},"excerpt":{"rendered":"<p>Mouvement de la Grande Commission du GhanaS\u00e9rie de formation \u00e0 la pri\u00e8re LE\u00c7ON 2 : Le plan merveilleux de Dieu pour la pri\u00e8re Fondement biblique - Romains 8:26-27 Introduction : Dieu utilise nos pri\u00e8res pour accomplir son \u0153uvre dans le monde. Cette session a pour but de nous aider \u00e0 appr\u00e9cier la pri\u00e8re comme Dieu le fait. Le cercle montre le processus de la pri\u00e8re -l'action de Dieu dans les affaires humaines. [...]<\/p>","protected":false},"author":27229,"featured_media":0,"parent":0,"menu_order":0,"comment_status":"closed","ping_status":"closed","template":"","meta":{"_acf_changed":false,"inline_featured_image":false,"site-sidebar-layout":"no-sidebar","site-content-layout":"content-boxed-container","ast-site-content-layout":"default","site-content-style":"default","site-sidebar-style":"default","ast-global-header-display":"","ast-banner-title-visibility":"","ast-main-header-display":"","ast-hfb-above-header-display":"","ast-hfb-below-header-display":"","ast-hfb-mobile-header-display":"","site-post-title":"disabled","ast-breadcrumbs-content":"disabled","ast-featured-img":"disabled","footer-sml-layout":"disabled","ast-disable-related-posts":"","theme-transparent-header-meta":"default","adv-header-id-meta":"","stick-header-meta":"","header-above-stick-meta":"","header-main-stick-meta":"","header-below-stick-meta":"","astra-migrate-meta-layouts":"default","ast-page-background-enabled":"default","ast-page-background-meta":{"desktop":{"background-color":"","background-image":"","background-repeat":"repeat","background-position":"center center","background-size":"auto","background-attachment":"scroll","background-type":"","background-media":"","overlay-type":"","overlay-color":"","overlay-opacity":"","overlay-gradient":""},"tablet":{"background-color":"","background-image":"","background-repeat":"repeat","background-position":"center center","background-size":"auto","background-attachment":"scroll","background-type":"","background-media":"","overlay-type":"","overlay-color":"","overlay-opacity":"","overlay-gradient":""},"mobile":{"background-color":"","background-image":"","background-repeat":"repeat","background-position":"center center","background-size":"auto","background-attachment":"scroll","background-type":"","background-media":"","overlay-type":"","overlay-color":"","overlay-opacity":"","overlay-gradient":""}},"ast-content-background-meta":{"desktop":{"background-color":"var(--ast-global-color-5)","background-image":"","background-repeat":"repeat","background-position":"center center","background-size":"auto","background-attachment":"scroll","background-type":"","background-media":"","overlay-type":"","overlay-color":"","overlay-opacity":"","overlay-gradient":""},"tablet":{"background-color":"var(--ast-global-color-5)","background-image":"","background-repeat":"repeat","background-position":"center center","background-size":"auto","background-attachment":"scroll","background-type":"","background-media":"","overlay-type":"","overlay-color":"","overlay-opacity":"","overlay-gradient":""},"mobile":{"background-color":"var(--ast-global-color-5)","background-image":"","background-repeat":"repeat","background-position":"center center","background-size":"auto","background-attachment":"scroll","background-type":"","background-media":"","overlay-type":"","overlay-color":"","overlay-opacity":"","overlay-gradient":""}},"footnotes":""},"class_list":["post-241","page","type-page","status-publish","hentry"],"acf":[],"jetpack_sharing_enabled":true,"meta_box":{"_cloudsearch_visibility":""},"_links":{"self":[{"href":"https:\/\/www.mdiscipleship.net\/fr\/wp-json\/wp\/v2\/pages\/241","targetHints":{"allow":["GET"]}}],"collection":[{"href":"https:\/\/www.mdiscipleship.net\/fr\/wp-json\/wp\/v2\/pages"}],"about":[{"href":"https:\/\/www.mdiscipleship.net\/fr\/wp-json\/wp\/v2\/types\/page"}],"author":[{"embeddable":true,"href":"https:\/\/www.mdiscipleship.net\/fr\/wp-json\/wp\/v2\/users\/27229"}],"replies":[{"embeddable":true,"href":"https:\/\/www.mdiscipleship.net\/fr\/wp-json\/wp\/v2\/comments?post=241"}],"version-history":[{"count":11,"href":"https:\/\/www.mdiscipleship.net\/fr\/wp-json\/wp\/v2\/pages\/241\/revisions"}],"predecessor-version":[{"id":425,"href":"https:\/\/www.mdiscipleship.net\/fr\/wp-json\/wp\/v2\/pages\/241\/revisions\/425"}],"wp:attachment":[{"href":"https:\/\/www.mdiscipleship.net\/fr\/wp-json\/wp\/v2\/media?parent=241"}],"curies":[{"name":"wp","href":"https:\/\/api.w.org\/{rel}","templated":true}]}}