{"id":249,"date":"2020-08-04T00:21:42","date_gmt":"2020-08-04T00:21:42","guid":{"rendered":"https:\/\/www.mdiscipleship.net\/?page_id=249"},"modified":"2020-08-10T10:36:58","modified_gmt":"2020-08-10T10:36:58","slug":"prayer-series","status":"publish","type":"page","link":"https:\/\/www.mdiscipleship.net\/fr\/prayer-series\/","title":{"rendered":"S\u00c9RIE DE PRI\u00c8RE"},"content":{"rendered":"<h3 style=\"text-align: left\"><span style=\"color: #000080\"><strong>Mouvement de la Grande Commission du Ghana<\/strong><\/span><br \/>\n<span style=\"color: #000080\"><strong>S\u00e9rie de formation \u00e0 la pri\u00e8re<\/strong><\/span><\/h3>\n<p>&nbsp;<\/p>\n<p>La s\u00e9rie de formation \u00e0 la pri\u00e8re de GCMG est une formation con\u00e7ue pour vous aider \u00e0 prier de mani\u00e8re strat\u00e9gique et \u00e0 susciter des leaders de pri\u00e8re qui d\u00e9clencheront des mouvements de pri\u00e8re pour l'accomplissement de la Grande Commission.<\/p>\n<p>Il y a sept le\u00e7ons. Vous pouvez l'imprimer et l'utiliser individuellement ou en petits groupes.<\/p>\n<p>Avant de l'utiliser pour un groupe :<\/p>\n<ol>\n<li>\u00c9tudiez-le vous-m\u00eame.<\/li>\n<li>Lire tous les passages de l'Ecriture<\/li>\n<li>R\u00e9pondez aux questions.<\/li>\n<li>Encouragez les membres de votre groupe \u00e0 former \u00e9galement leurs propres petits groupes afin de multiplier les possibilit\u00e9s.<\/li>\n<\/ol>\n<p>Que Dieu vous donne la force de son puissant Esprit pour d\u00e9velopper des mouvements spirituels partout dans le monde et contribuer \u00e0 l'accomplissement du plan du Christ pour le monde !<\/p>\n<h3><span style=\"color: #000080\">LE\u00c7ONS<\/span><\/h3>\n<p style=\"text-align: left\"><span style=\"color: #000080\"><strong>Le\u00e7on 1 : Comment prier<\/strong><\/span><\/p>\n<p style=\"padding-left: 40px;text-align: left\"><a href=\"\/prayer-1\"><img decoding=\"async\" class=\"alignnone wp-image-252\" src=\"https:\/\/www.mdiscipleship.net\/wp-content\/uploads\/sites\/202\/2020\/08\/read-icon-150x150.png\" alt=\"\" width=\"30\" height=\"30\" \/><\/a><a href=\"\/prayer-1\">Lire<\/a>\u00a0| <a href=\"https:\/\/www.mdiscipleship.net\/wp-content\/uploads\/sites\/202\/2020\/08\/1-Introduction-How-to-Pray-.pdf\"><img decoding=\"async\" class=\"alignnone wp-image-254\" src=\"https:\/\/www.mdiscipleship.net\/wp-content\/uploads\/sites\/202\/2020\/08\/download-512-150x150.png\" alt=\"\" width=\"30\" height=\"30\" \/><\/a> <span style=\"color: #993300\"><a style=\"color: #993300\" href=\"https:\/\/www.mdiscipleship.net\/wp-content\/uploads\/sites\/202\/2020\/08\/1-Introduction-How-to-Pray-.pdf\">T\u00e9l\u00e9charger le PDF (imprimable)<\/a><\/span><\/p>\n<p style=\"text-align: left\"><strong><span style=\"color: #000080\">Le\u00e7on 1A : Comment prier (copie de l'enseignant)<\/span><\/strong><\/p>\n<p style=\"padding-left: 40px;text-align: left\"><a href=\"\/prayer-1\"><img decoding=\"async\" class=\"alignnone wp-image-252\" src=\"https:\/\/www.mdiscipleship.net\/wp-content\/uploads\/sites\/202\/2020\/08\/read-icon-150x150.png\" alt=\"\" width=\"30\" height=\"30\" \/><\/a><a href=\"\/prayer-1a\">Lire<\/a> | <a href=\"https:\/\/www.mdiscipleship.net\/wp-content\/uploads\/sites\/202\/2020\/08\/1a_Introduction-How-to-Pray_Answers.pdf\"><img decoding=\"async\" class=\"alignnone wp-image-254\" src=\"https:\/\/www.mdiscipleship.net\/wp-content\/uploads\/sites\/202\/2020\/08\/download-512-150x150.png\" alt=\"\" width=\"30\" height=\"30\" \/> <\/a><a href=\"https:\/\/www.mdiscipleship.net\/wp-content\/uploads\/sites\/202\/2020\/08\/1a_Introduction-How-to-Pray_Answers.pdf\"><span style=\"color: #993300\">T\u00e9l\u00e9charger le PDF (imprimable)<\/span><\/a><\/p>\n<p style=\"text-align: left\"><strong><span style=\"color: #000080\">Le\u00e7on 2 : Le plan merveilleux de Dieu pour la pri\u00e8re<\/span><\/strong><\/p>\n<p style=\"padding-left: 40px;text-align: left\"><a href=\"\/prayer-1\"><img decoding=\"async\" class=\"alignnone wp-image-252\" src=\"https:\/\/www.mdiscipleship.net\/wp-content\/uploads\/sites\/202\/2020\/08\/read-icon-150x150.png\" alt=\"\" width=\"30\" height=\"30\" \/><\/a><a href=\"\/Prayer-2\">Lire<\/a> | <a href=\"https:\/\/www.mdiscipleship.net\/wp-content\/uploads\/sites\/202\/2020\/08\/2-Gods-Wonderful-Plan-for-Prayer.pdf\"><img decoding=\"async\" class=\"alignnone wp-image-254\" src=\"https:\/\/www.mdiscipleship.net\/wp-content\/uploads\/sites\/202\/2020\/08\/download-512-150x150.png\" alt=\"\" width=\"30\" height=\"30\" \/> <\/a><a href=\"https:\/\/www.mdiscipleship.net\/wp-content\/uploads\/sites\/202\/2020\/08\/2-Gods-Wonderful-Plan-for-Prayer.pdf\"><span style=\"color: #993300\">T\u00e9l\u00e9charger le PDF (imprimable)<\/span><\/a><\/p>\n<p style=\"text-align: left\"><span style=\"color: #000080\"><strong>Le\u00e7on 3 : S'affermir dans la pri\u00e8re<\/strong><\/span><\/p>\n<p style=\"padding-left: 40px;text-align: left\"><a href=\"\/prayer-3\"><img decoding=\"async\" class=\"alignnone wp-image-252\" src=\"https:\/\/www.mdiscipleship.net\/wp-content\/uploads\/sites\/202\/2020\/08\/read-icon-150x150.png\" alt=\"\" width=\"30\" height=\"30\" \/><\/a><a href=\"\/prayer-3\">Lire<\/a> | <a href=\"https:\/\/www.mdiscipleship.net\/wp-content\/uploads\/sites\/202\/2020\/08\/3-Growing-Strong-in-Prayer.pdf\"><img decoding=\"async\" class=\"alignnone wp-image-254\" src=\"https:\/\/www.mdiscipleship.net\/wp-content\/uploads\/sites\/202\/2020\/08\/download-512-150x150.png\" alt=\"\" width=\"30\" height=\"30\" \/> <span style=\"color: #993300\">T\u00e9l\u00e9charger le PDF (imprimable)<\/span><\/a><\/p>\n<p style=\"text-align: left\"><span style=\"color: #000080\"><strong>Le\u00e7on 3b : Les attributs de Dieu<\/strong><\/span><\/p>\n<p style=\"padding-left: 40px;text-align: left\"><a href=\"\/prayer-3b\"><img decoding=\"async\" class=\"alignnone wp-image-252\" src=\"https:\/\/www.mdiscipleship.net\/wp-content\/uploads\/sites\/202\/2020\/08\/read-icon-150x150.png\" alt=\"\" width=\"30\" height=\"30\" \/><\/a><a href=\"\/prayer-3b\">Lire<\/a> | <a href=\"https:\/\/www.mdiscipleship.net\/wp-content\/uploads\/sites\/202\/2020\/08\/3b_Gods-Attributes.pdf\"><img decoding=\"async\" class=\"alignnone wp-image-254\" src=\"https:\/\/www.mdiscipleship.net\/wp-content\/uploads\/sites\/202\/2020\/08\/download-512-150x150.png\" alt=\"\" width=\"30\" height=\"30\" \/><\/a> <span style=\"color: #993300\">T\u00e9l\u00e9charger le PDF (imprimable)<\/span><\/p>\n<p style=\"text-align: left\"><strong><span style=\"color: #000080\">Le\u00e7on 4 : Se pr\u00e9parer au combat spirituel<\/span><\/strong><\/p>\n<p style=\"padding-left: 40px;text-align: left\"><a href=\"\/prayer-4\"><img decoding=\"async\" class=\"alignnone wp-image-252\" src=\"https:\/\/www.mdiscipleship.net\/wp-content\/uploads\/sites\/202\/2020\/08\/read-icon-150x150.png\" alt=\"\" width=\"30\" height=\"30\" \/><\/a><span style=\"color: #333399\"><a style=\"color: #333399\" href=\"\/prayer-4\">Lire<\/a><\/span> | <a href=\"https:\/\/www.mdiscipleship.net\/wp-content\/uploads\/sites\/202\/2020\/08\/4-Preparing-for-Spiritual-Battle.pdf\"><img decoding=\"async\" class=\"alignnone wp-image-254\" src=\"https:\/\/www.mdiscipleship.net\/wp-content\/uploads\/sites\/202\/2020\/08\/download-512-150x150.png\" alt=\"\" width=\"30\" height=\"30\" \/> <span style=\"color: #993300\">T\u00e9l\u00e9charger le PDF (imprimable)<\/span><\/a><\/p>\n<p style=\"text-align: left\"><strong><span style=\"color: #000080\">Le\u00e7on 5 : La puissance de l'intercession des entreprises<\/span><\/strong><\/p>\n<p style=\"padding-left: 40px;text-align: left\"><a href=\"\/prayer-5\"><img decoding=\"async\" class=\"alignnone wp-image-252\" src=\"https:\/\/www.mdiscipleship.net\/wp-content\/uploads\/sites\/202\/2020\/08\/read-icon-150x150.png\" alt=\"\" width=\"30\" height=\"30\" \/><\/a><a href=\"\/prayer-5\">Lire<\/a> | <a href=\"https:\/\/www.mdiscipleship.net\/wp-content\/uploads\/sites\/202\/2020\/08\/5-The-Power-of-Corporate-Intercession.pdf\"><img decoding=\"async\" class=\"alignnone wp-image-254\" src=\"https:\/\/www.mdiscipleship.net\/wp-content\/uploads\/sites\/202\/2020\/08\/download-512-150x150.png\" alt=\"\" width=\"30\" height=\"30\" \/> <span style=\"color: #993300\">T\u00e9l\u00e9charger le PDF (imprimable)<\/span><\/a><\/p>\n<p style=\"text-align: left\"><strong><span style=\"color: #000080\">Le\u00e7on 6 : Mobiliser les intercesseurs<\/span><\/strong><\/p>\n<p style=\"padding-left: 40px;text-align: left\"><a href=\"\/prayer-6\"><img decoding=\"async\" class=\"alignnone wp-image-252\" src=\"https:\/\/www.mdiscipleship.net\/wp-content\/uploads\/sites\/202\/2020\/08\/read-icon-150x150.png\" alt=\"\" width=\"30\" height=\"30\" \/><\/a><a href=\"\/prayer-6\">Lire<\/a> | <img decoding=\"async\" class=\"alignnone wp-image-254\" src=\"https:\/\/www.mdiscipleship.net\/wp-content\/uploads\/sites\/202\/2020\/08\/download-512-150x150.png\" alt=\"\" width=\"30\" height=\"30\" \/><a href=\"https:\/\/www.mdiscipleship.net\/wp-content\/uploads\/sites\/202\/2020\/08\/6-Mobilizing-Intercessors-.pdf\"> <span style=\"color: #993300\">T\u00e9l\u00e9charger le PDF (imprimable)<\/span><\/a><\/p>\n<p style=\"text-align: left\"><strong><span style=\"color: #000080\">Le\u00e7on 7 : Vivre un style de vie 3G dans l'attente de Dieu<\/span><\/strong><\/p>\n<p style=\"padding-left: 40px;text-align: left\"><a href=\"\/prayer-7\"><img decoding=\"async\" class=\"alignnone wp-image-252\" src=\"https:\/\/www.mdiscipleship.net\/wp-content\/uploads\/sites\/202\/2020\/08\/read-icon-150x150.png\" alt=\"\" width=\"30\" height=\"30\" \/>Lire<\/a>\u00a0| <img decoding=\"async\" class=\"alignnone wp-image-254\" src=\"https:\/\/www.mdiscipleship.net\/wp-content\/uploads\/sites\/202\/2020\/08\/download-512-150x150.png\" alt=\"\" width=\"30\" height=\"30\" \/><a href=\"https:\/\/www.mdiscipleship.net\/wp-content\/uploads\/sites\/202\/2020\/08\/7-God-Expectant-3G-Lifestyle.pdf\"><span style=\"color: #993300\"> T\u00e9l\u00e9charger le PDF (imprimable)<\/span><\/a><\/p>","protected":false},"excerpt":{"rendered":"<p>Mouvement de la Grande Commission du Ghana S\u00e9rie de formation \u00e0 la pri\u00e8re La s\u00e9rie de formation \u00e0 la pri\u00e8re du GCMG est une formation con\u00e7ue pour vous aider \u00e0 prier de mani\u00e8re strat\u00e9gique et \u00e0 susciter des leaders de pri\u00e8re qui d\u00e9clencheront des mouvements de pri\u00e8re pour l'accomplissement de la Grande Commission. Il y a sept le\u00e7ons. Vous pouvez l'imprimer et l'utiliser en tant qu'individu et en [...]<\/p>","protected":false},"author":27229,"featured_media":0,"parent":0,"menu_order":0,"comment_status":"closed","ping_status":"closed","template":"","meta":{"_acf_changed":false,"inline_featured_image":false,"site-sidebar-layout":"right-sidebar","site-content-layout":"content-boxed-container","ast-site-content-layout":"default","site-content-style":"default","site-sidebar-style":"default","ast-global-header-display":"","ast-banner-title-visibility":"","ast-main-header-display":"","ast-hfb-above-header-display":"","ast-hfb-below-header-display":"","ast-hfb-mobile-header-display":"","site-post-title":"disabled","ast-breadcrumbs-content":"disabled","ast-featured-img":"disabled","footer-sml-layout":"disabled","ast-disable-related-posts":"","theme-transparent-header-meta":"default","adv-header-id-meta":"","stick-header-meta":"","header-above-stick-meta":"","header-main-stick-meta":"","header-below-stick-meta":"","astra-migrate-meta-layouts":"default","ast-page-background-enabled":"default","ast-page-background-meta":{"desktop":{"background-color":"","background-image":"","background-repeat":"repeat","background-position":"center center","background-size":"auto","background-attachment":"scroll","background-type":"","background-media":"","overlay-type":"","overlay-color":"","overlay-opacity":"","overlay-gradient":""},"tablet":{"background-color":"","background-image":"","background-repeat":"repeat","background-position":"center center","background-size":"auto","background-attachment":"scroll","background-type":"","background-media":"","overlay-type":"","overlay-color":"","overlay-opacity":"","overlay-gradient":""},"mobile":{"background-color":"","background-image":"","background-repeat":"repeat","background-position":"center center","background-size":"auto","background-attachment":"scroll","background-type":"","background-media":"","overlay-type":"","overlay-color":"","overlay-opacity":"","overlay-gradient":""}},"ast-content-background-meta":{"desktop":{"background-color":"var(--ast-global-color-5)","background-image":"","background-repeat":"repeat","background-position":"center center","background-size":"auto","background-attachment":"scroll","background-type":"","background-media":"","overlay-type":"","overlay-color":"","overlay-opacity":"","overlay-gradient":""},"tablet":{"background-color":"var(--ast-global-color-5)","background-image":"","background-repeat":"repeat","background-position":"center center","background-size":"auto","background-attachment":"scroll","background-type":"","background-media":"","overlay-type":"","overlay-color":"","overlay-opacity":"","overlay-gradient":""},"mobile":{"background-color":"var(--ast-global-color-5)","background-image":"","background-repeat":"repeat","background-position":"center center","background-size":"auto","background-attachment":"scroll","background-type":"","background-media":"","overlay-type":"","overlay-color":"","overlay-opacity":"","overlay-gradient":""}},"footnotes":""},"class_list":["post-249","page","type-page","status-publish","hentry"],"acf":[],"jetpack_sharing_enabled":true,"meta_box":{"_cloudsearch_visibility":""},"_links":{"self":[{"href":"https:\/\/www.mdiscipleship.net\/fr\/wp-json\/wp\/v2\/pages\/249","targetHints":{"allow":["GET"]}}],"collection":[{"href":"https:\/\/www.mdiscipleship.net\/fr\/wp-json\/wp\/v2\/pages"}],"about":[{"href":"https:\/\/www.mdiscipleship.net\/fr\/wp-json\/wp\/v2\/types\/page"}],"author":[{"embeddable":true,"href":"https:\/\/www.mdiscipleship.net\/fr\/wp-json\/wp\/v2\/users\/27229"}],"replies":[{"embeddable":true,"href":"https:\/\/www.mdiscipleship.net\/fr\/wp-json\/wp\/v2\/comments?post=249"}],"version-history":[{"count":15,"href":"https:\/\/www.mdiscipleship.net\/fr\/wp-json\/wp\/v2\/pages\/249\/revisions"}],"predecessor-version":[{"id":355,"href":"https:\/\/www.mdiscipleship.net\/fr\/wp-json\/wp\/v2\/pages\/249\/revisions\/355"}],"wp:attachment":[{"href":"https:\/\/www.mdiscipleship.net\/fr\/wp-json\/wp\/v2\/media?parent=249"}],"curies":[{"name":"wp","href":"https:\/\/api.w.org\/{rel}","templated":true}]}}