{"id":276,"date":"2020-08-06T20:26:22","date_gmt":"2020-08-06T20:26:22","guid":{"rendered":"https:\/\/www.mdiscipleship.net\/?page_id=276"},"modified":"2020-11-16T03:31:25","modified_gmt":"2020-11-16T03:31:25","slug":"prayer-3","status":"publish","type":"page","link":"https:\/\/www.mdiscipleship.net\/fr\/prayer-3\/","title":{"rendered":"3 S'affermir dans la pri\u00e8re"},"content":{"rendered":"<div data-elementor-type=\"wp-page\" data-elementor-id=\"276\" class=\"elementor elementor-276\" data-elementor-post-type=\"page\">\n\t\t\t\t\t\t<section class=\"elementor-section elementor-top-section elementor-element elementor-element-2f1984e8 elementor-section-boxed elementor-section-height-default elementor-section-height-default\" data-id=\"2f1984e8\" data-element_type=\"section\">\n\t\t\t\t\t\t<div class=\"elementor-container elementor-column-gap-default\">\n\t\t\t\t\t<div class=\"elementor-column elementor-col-100 elementor-top-column elementor-element elementor-element-1d26ef38\" data-id=\"1d26ef38\" data-element_type=\"column\">\n\t\t\t<div class=\"elementor-widget-wrap elementor-element-populated\">\n\t\t\t\t\t\t<div class=\"elementor-element elementor-element-2327ec5b elementor-widget elementor-widget-text-editor\" data-id=\"2327ec5b\" data-element_type=\"widget\" data-widget_type=\"text-editor.default\">\n\t\t\t\t<div class=\"elementor-widget-container\">\n\t\t\t\t\t\t\t\t\t<p><span style=\"color: #000080\"><strong>Mouvement de la Grande Commission du Ghana<\/strong><\/span><br \/><span style=\"color: #000080\"><strong>S\u00e9rie de formation \u00e0 la pri\u00e8re<\/strong><\/span><\/p><h4>\u00a0<\/h4><h4 style=\"text-align: center\"><span style=\"color: #000080\"><strong>LE\u00c7ON<\/strong><strong> 3<\/strong><\/span><\/h4><h4 style=\"text-align: center\"><span style=\"color: #000080\"><strong>S'affermir dans la pri\u00e8re<\/strong><\/span><\/h4><p><span style=\"color: #000080\"><strong>Fondement biblique : 1 Jean 5:4<\/strong><\/span><\/p><p><span style=\"color: #000080\"><strong>Introduction :<\/strong><\/span><\/p><p>Faites l'exp\u00e9rience de la puissance de Dieu gr\u00e2ce aux pri\u00e8res de foi. Le diagramme montre une \u00e9chelle de la foi \u00e0 cinq niveaux qui d\u00e9montre une proc\u00e9dure pour aider notre foi \u00e0 grandir. Cette croissance ne se produit pas d'un seul coup, mais c'est un processus, comme toute autre croissance dans notre vie. La croissance de notre foi est d\u00e9termin\u00e9e par notre vision de Dieu et notre r\u00e9ponse \u00e0 sa nature. Chaque pas que nous faisons nous am\u00e8ne \u00e0 une intimit\u00e9 plus profonde avec Lui.<\/p><p><img fetchpriority=\"high\" decoding=\"async\" class=\"wp-image-279 size-full aligncenter\" src=\"https:\/\/sites.cru.org\/mdiscipleship\/wp-content\/uploads\/sites\/202\/2020\/08\/GODIS.png\" alt=\"\" width=\"651\" height=\"468\" srcset=\"https:\/\/www.mdiscipleship.net\/wp-content\/uploads\/sites\/202\/2020\/08\/GODIS.png 651w, https:\/\/www.mdiscipleship.net\/wp-content\/uploads\/sites\/202\/2020\/08\/GODIS.png?resize=300,216 300w, https:\/\/www.mdiscipleship.net\/wp-content\/uploads\/sites\/202\/2020\/08\/GODIS.png?resize=18,12 18w\" sizes=\"(max-width: 651px) 100vw, 651px\" \/><\/p><ol><li><strong><span style=\"color: #000080\">Dieu est ! L'adorer<\/span><span style=\"color: #000080\"> (H\u00e9breux 11:6)<\/span><\/strong><\/li><\/ol><p>Notre foi se d\u00e9veloppe gr\u00e2ce \u00e0 l'adoration. L'adoration, c'est explorer et admirer Dieu. Mieux on le conna\u00eet, plus on peut lui faire confiance !<\/p><p>H\u00e9breu 11:6- Quels sont les deux \u00e9l\u00e9ments essentiels que nous d\u00e9couvrons au sujet de Dieu dans le culte ?<\/p><ol><li>\u00a0<\/li><li>\u00a0<\/li><\/ol><p>\"Quelles sont les diff\u00e9rentes fa\u00e7ons d'adorer le Seigneur ?<\/p><p>S\u00e9lectionnez l'une des options suivantes<u>Les attributs de Dieu<\/u>\". Adorez le Seigneur en priant sur l'un de ses attributs<\/p><p>que vous pouvez choisir. Cherchez et incluez la r\u00e9f\u00e9rence de l'\u00c9criture dans votre pri\u00e8re.<\/p><ol start=\"2\"><li><strong><span style=\"color: #000080\">Dieu peut ! Demandez-lui (H\u00e9breux 7:25)<\/span><\/strong><\/li><\/ol><p>Plus nous r\u00e9alisons que Dieu est vivant et r\u00e9el, plus nous pouvons croire qu'il est capable de faire de grandes choses.  Par amour, Dieu attend souvent que nous le lui demandions pour nous donner ce dont il a besoin.<\/p><p>Matthieu 7:7,8<\/p><p>2 Tim 1:12<\/p><p>J\u00e9r\u00e9mie 33:3.<\/p><ol start=\"3\"><li><strong><span style=\"color: #000080\">Dieu l'a fait ! Remerciez-le (Eph\u00e9siens 1:3)<\/span><\/strong><\/li><\/ol><p>Dieu est \u00e9ternel et intemporel. Il a d\u00e9j\u00e0 accompli tout ce qu'il fera jamais ! Dieu a des r\u00e9ponses pr\u00e9par\u00e9es et attendues pour toutes les pri\u00e8res que nous faisons. Remercie-le de pr\u00e9parer ton c\u0153ur \u00e0 recevoir ce qu'il a pr\u00e9par\u00e9.<\/p><p>Luc 1:37<\/p><p>Marc 11:24<\/p><p>Phi 4:6<\/p><p>Psaume 145:10-12<\/p><ol start=\"4\"><li><strong><span style=\"color: #000080\">Dieu le fait ! Lui ob\u00e9ir Eph\u00e9siens 3:20<\/span><\/strong><\/li><\/ol><p>L'ob\u00e9issance aimante \u00e0 Dieu nous met en position de recevoir sa b\u00e9n\u00e9diction imm\u00e9diate et son aide.<\/p><p>des r\u00e9ponses \u00e0 long terme. Notre croissance dans la foi est influenc\u00e9e par notre coop\u00e9ration avec lui.<\/p><p>1 Jean 3:22<\/p><p>Luc 5:1-11<\/p><p>Jacques 2:17<\/p><p>Tite 1:16<\/p><ol start=\"5\"><li><strong><span style=\"color: #000080\">Dieu le fera ! Attendez-le (Isa\u00efe 40:31)<\/span><\/strong><\/li><\/ol><p>L'\u00e9tape 5 est la raison de notre pri\u00e8re. Laissez \u00e0 Dieu la possibilit\u00e9 de r\u00e9pondre en son temps et \u00e0 sa mani\u00e8re.<\/p><p>Ps 62:5,5<\/p><p>Jacques 1:6<\/p><p>Les retards ne sont pas des refus. Ils donnent \u00e0 Dieu le temps de faire cinq choses importantes :<\/p><ol><li>Changez-nous.<\/li><li>Changer les circonstances.<\/li><li>Gagnez des batailles spirituelles.<\/li><li>Accomplir les d\u00e9tails li\u00e9s \u00e0 nos demandes.<\/li><li>Fournir des r\u00e9ponses plus importantes que ce \u00e0 quoi nous nous attendions. (par exemple, Jean 11:21-23)<\/li><\/ol><p><strong><span style=\"color: #000080\">R\u00e9flexion personnelle<\/span><\/strong><\/p><blockquote><p>Quelles sont les \u00e9tapes de l'\u00e9chelle de la foi qui pourraient m'aider \u00e0 devenir plus fort dans la foi ?<\/p><p>Pourquoi les gens ont-ils souvent besoin de red\u00e9velopper leur foi, m\u00eame apr\u00e8s que Dieu a accompli des \u0153uvres puissantes ?<\/p><\/blockquote><p><strong><span style=\"color: #000080\">\u00c9tape pratique<\/span><\/strong><\/p><blockquote><p>Identifiez votre position actuelle sur l'\u00e9chelle de la foi et indiquez le concept de Dieu que vous devez explorer. Passez en revue les \u00c9critures donn\u00e9es pour votre niveau et les moyens que vous prendrez pour l'\u00e9tape d'action prescrite.<\/p><\/blockquote><p><span style=\"color: #000080\"><strong>R\u00e9ponse par la pri\u00e8re<\/strong><\/span><\/p><blockquote><p><strong><em>Seigneur Dieu, je veux grandir dans ma foi. Je confesse mon incr\u00e9dulit\u00e9 et je m'en repens. Merci de m'avoir \u00e9duqu\u00e9. Enseigne-moi les v\u00e9rit\u00e9s que j'ai besoin d'apprendre \u00e0 ton sujet. Fortifie-moi pour que je mette en pratique les mesures d'action que j'apprends. Au nom de J\u00e9sus, je prie. Am<\/em><em>fr<\/em><\/strong><\/p><\/blockquote><p><strong>GCMGH \u00a9 Prayer Series #3 Grandir dans la foi, Sept\/2020<\/strong><\/p>\t\t\t\t\t\t\t\t<\/div>\n\t\t\t\t<\/div>\n\t\t\t\t\t<\/div>\n\t\t<\/div>\n\t\t\t\t\t<\/div>\n\t\t<\/section>\n\t\t\t\t<section class=\"elementor-section elementor-top-section elementor-element elementor-element-bb7a619 elementor-section-boxed elementor-section-height-default elementor-section-height-default\" data-id=\"bb7a619\" data-element_type=\"section\">\n\t\t\t\t\t\t<div class=\"elementor-container elementor-column-gap-default\">\n\t\t\t\t\t<div class=\"elementor-column elementor-col-100 elementor-top-column elementor-element elementor-element-4024940\" data-id=\"4024940\" data-element_type=\"column\">\n\t\t\t<div class=\"elementor-widget-wrap elementor-element-populated\">\n\t\t\t\t\t\t<div class=\"elementor-element elementor-element-cdf0ec7 elementor-button-success elementor-align-center elementor-widget elementor-widget-button\" data-id=\"cdf0ec7\" data-element_type=\"widget\" data-widget_type=\"button.default\">\n\t\t\t\t<div class=\"elementor-widget-container\">\n\t\t\t\t\t\t\t\t\t<div class=\"elementor-button-wrapper\">\n\t\t\t\t\t<a class=\"elementor-button elementor-button-link elementor-size-md\" href=\"https:\/\/forms.gle\/XUJWzmCT3tcCLsa3A\">\n\t\t\t\t\t\t<span class=\"elementor-button-content-wrapper\">\n\t\t\t\t\t\t\t\t\t<span class=\"elementor-button-text\">Cliquez ici pour terminer la le\u00e7on<\/span>\n\t\t\t\t\t<\/span>\n\t\t\t\t\t<\/a>\n\t\t\t\t<\/div>\n\t\t\t\t\t\t\t\t<\/div>\n\t\t\t\t<\/div>\n\t\t\t\t<div class=\"elementor-element elementor-element-022f8b2 elementor-widget-divider--view-line elementor-widget elementor-widget-divider\" data-id=\"022f8b2\" data-element_type=\"widget\" data-widget_type=\"divider.default\">\n\t\t\t\t<div class=\"elementor-widget-container\">\n\t\t\t\t\t\t\t<div class=\"elementor-divider\">\n\t\t\t<span class=\"elementor-divider-separator\">\n\t\t\t\t\t\t<\/span>\n\t\t<\/div>\n\t\t\t\t\t\t<\/div>\n\t\t\t\t<\/div>\n\t\t\t\t<div class=\"elementor-element elementor-element-d408745 elementor-widget elementor-widget-heading\" data-id=\"d408745\" data-element_type=\"widget\" data-widget_type=\"heading.default\">\n\t\t\t\t<div class=\"elementor-widget-container\">\n\t\t\t\t\t<h3 class=\"elementor-heading-title elementor-size-default\">Le\u00e7ons de formation \u00e0 la pri\u00e8re<\/h3>\t\t\t\t<\/div>\n\t\t\t\t<\/div>\n\t\t\t\t\t<\/div>\n\t\t<\/div>\n\t\t\t\t\t<\/div>\n\t\t<\/section>\n\t\t\t\t<section class=\"elementor-section elementor-top-section elementor-element elementor-element-1423e70 elementor-section-boxed elementor-section-height-default elementor-section-height-default\" data-id=\"1423e70\" data-element_type=\"section\">\n\t\t\t\t\t\t<div class=\"elementor-container elementor-column-gap-default\">\n\t\t\t\t\t<div class=\"elementor-column elementor-col-100 elementor-top-column elementor-element elementor-element-5f706d3\" data-id=\"5f706d3\" data-element_type=\"column\">\n\t\t\t<div class=\"elementor-widget-wrap elementor-element-populated\">\n\t\t\t\t\t\t<div class=\"elementor-element elementor-element-ca97110 elementor-nav-menu__align-center elementor-nav-menu--dropdown-tablet elementor-nav-menu__text-align-aside elementor-nav-menu--toggle elementor-nav-menu--burger elementor-widget elementor-widget-nav-menu\" data-id=\"ca97110\" data-element_type=\"widget\" data-settings=\"{&quot;layout&quot;:&quot;horizontal&quot;,&quot;submenu_icon&quot;:{&quot;value&quot;:&quot;&lt;i class=\\&quot;fas fa-caret-down\\&quot; aria-hidden=\\&quot;true\\&quot;&gt;&lt;\\\/i&gt;&quot;,&quot;library&quot;:&quot;fa-solid&quot;},&quot;toggle&quot;:&quot;burger&quot;}\" data-widget_type=\"nav-menu.default\">\n\t\t\t\t<div class=\"elementor-widget-container\">\n\t\t\t\t\t\t\t\t<nav aria-label=\"Menu\" class=\"elementor-nav-menu--main elementor-nav-menu__container elementor-nav-menu--layout-horizontal e--pointer-underline e--animation-fade\">\n\t\t\t\t<ul id=\"menu-1-ca97110\" class=\"elementor-nav-menu\"><li class=\"menu-item menu-item-type-post_type menu-item-object-page menu-item-307\"><a href=\"https:\/\/www.mdiscipleship.net\/fr\/prayer-1\/\" class=\"elementor-item menu-link\">1 Comment prier<\/a><\/li>\n<li class=\"menu-item menu-item-type-post_type menu-item-object-page menu-item-306\"><a href=\"https:\/\/www.mdiscipleship.net\/fr\/prayer-1a\/\" class=\"elementor-item menu-link\">1A Comment prier (R\u00e9ponses)<\/a><\/li>\n<li class=\"menu-item menu-item-type-post_type menu-item-object-page menu-item-304\"><a href=\"https:\/\/www.mdiscipleship.net\/fr\/prayer-2\/\" class=\"elementor-item menu-link\">2 Le plan merveilleux de Dieu pour la pri\u00e8re<\/a><\/li>\n<li class=\"menu-item menu-item-type-post_type menu-item-object-page menu-item-305\"><a href=\"https:\/\/www.mdiscipleship.net\/fr\/prayer-3\/\" class=\"elementor-item menu-link\">3 S'affermir dans la pri\u00e8re<\/a><\/li>\n<li class=\"menu-item menu-item-type-post_type menu-item-object-page menu-item-303\"><a href=\"https:\/\/www.mdiscipleship.net\/fr\/prayer-3b\/\" class=\"elementor-item menu-link\">3B Les attributs de Dieu<\/a><\/li>\n<li class=\"menu-item menu-item-type-post_type menu-item-object-page menu-item-302\"><a href=\"https:\/\/www.mdiscipleship.net\/fr\/prayer-4\/\" class=\"elementor-item menu-link\">4 Se pr\u00e9parer au combat spirituel<\/a><\/li>\n<li class=\"menu-item menu-item-type-post_type menu-item-object-page menu-item-301\"><a href=\"https:\/\/www.mdiscipleship.net\/fr\/prayer-5\/\" class=\"elementor-item menu-link\">5 La puissance de l'intercession en entreprise<\/a><\/li>\n<li class=\"menu-item menu-item-type-post_type menu-item-object-page menu-item-300\"><a href=\"https:\/\/www.mdiscipleship.net\/fr\/prayer-6\/\" class=\"elementor-item menu-link\">6 Mobiliser les intercesseurs<\/a><\/li>\n<li class=\"menu-item menu-item-type-post_type menu-item-object-page menu-item-299\"><a href=\"https:\/\/www.mdiscipleship.net\/fr\/prayer-7\/\" class=\"elementor-item menu-link\">7 Vivre un mode de vie 3G<\/a><\/li>\n<\/ul>\t\t\t<\/nav>\n\t\t\t\t\t<div class=\"elementor-menu-toggle\" role=\"button\" tabindex=\"0\" aria-label=\"Menu Toggle\" aria-expanded=\"false\">\n\t\t\t<i aria-hidden=\"true\" role=\"presentation\" class=\"elementor-menu-toggle__icon--open eicon-menu-bar\"><\/i><i aria-hidden=\"true\" role=\"presentation\" class=\"elementor-menu-toggle__icon--close eicon-close\"><\/i>\t\t<\/div>\n\t\t\t\t\t<nav class=\"elementor-nav-menu--dropdown elementor-nav-menu__container\" aria-hidden=\"true\">\n\t\t\t\t<ul id=\"menu-2-ca97110\" class=\"elementor-nav-menu\"><li class=\"menu-item menu-item-type-post_type menu-item-object-page menu-item-307\"><a href=\"https:\/\/www.mdiscipleship.net\/fr\/prayer-1\/\" class=\"elementor-item menu-link\" tabindex=\"-1\">1 Comment prier<\/a><\/li>\n<li class=\"menu-item menu-item-type-post_type menu-item-object-page menu-item-306\"><a href=\"https:\/\/www.mdiscipleship.net\/fr\/prayer-1a\/\" class=\"elementor-item menu-link\" tabindex=\"-1\">1A Comment prier (R\u00e9ponses)<\/a><\/li>\n<li class=\"menu-item menu-item-type-post_type menu-item-object-page menu-item-304\"><a href=\"https:\/\/www.mdiscipleship.net\/fr\/prayer-2\/\" class=\"elementor-item menu-link\" tabindex=\"-1\">2 Le plan merveilleux de Dieu pour la pri\u00e8re<\/a><\/li>\n<li class=\"menu-item menu-item-type-post_type menu-item-object-page menu-item-305\"><a href=\"https:\/\/www.mdiscipleship.net\/fr\/prayer-3\/\" class=\"elementor-item menu-link\" tabindex=\"-1\">3 S'affermir dans la pri\u00e8re<\/a><\/li>\n<li class=\"menu-item menu-item-type-post_type menu-item-object-page menu-item-303\"><a href=\"https:\/\/www.mdiscipleship.net\/fr\/prayer-3b\/\" class=\"elementor-item menu-link\" tabindex=\"-1\">3B Les attributs de Dieu<\/a><\/li>\n<li class=\"menu-item menu-item-type-post_type menu-item-object-page menu-item-302\"><a href=\"https:\/\/www.mdiscipleship.net\/fr\/prayer-4\/\" class=\"elementor-item menu-link\" tabindex=\"-1\">4 Se pr\u00e9parer au combat spirituel<\/a><\/li>\n<li class=\"menu-item menu-item-type-post_type menu-item-object-page menu-item-301\"><a href=\"https:\/\/www.mdiscipleship.net\/fr\/prayer-5\/\" class=\"elementor-item menu-link\" tabindex=\"-1\">5 La puissance de l'intercession en entreprise<\/a><\/li>\n<li class=\"menu-item menu-item-type-post_type menu-item-object-page menu-item-300\"><a href=\"https:\/\/www.mdiscipleship.net\/fr\/prayer-6\/\" class=\"elementor-item menu-link\" tabindex=\"-1\">6 Mobiliser les intercesseurs<\/a><\/li>\n<li class=\"menu-item menu-item-type-post_type menu-item-object-page menu-item-299\"><a href=\"https:\/\/www.mdiscipleship.net\/fr\/prayer-7\/\" class=\"elementor-item menu-link\" tabindex=\"-1\">7 Vivre un mode de vie 3G<\/a><\/li>\n<\/ul>\t\t\t<\/nav>\n\t\t\t\t\t\t<\/div>\n\t\t\t\t<\/div>\n\t\t\t\t\t<\/div>\n\t\t<\/div>\n\t\t\t\t\t<\/div>\n\t\t<\/section>\n\t\t\t\t<\/div>","protected":false},"excerpt":{"rendered":"<p>Mouvement de la Grande Commission du GhanaS\u00e9rie de formation \u00e0 la pri\u00e8re LE\u00c7ON 3 Devenir fort dans la pri\u00e8re Base biblique : 1 Jean 5:4 Introduction : Exp\u00e9rimenter la puissance de Dieu \u00e0 travers les pri\u00e8res de foi. Le diagramme montre une \u00e9chelle de foi \u00e0 cinq niveaux qui d\u00e9montre une proc\u00e9dure pour aider notre foi \u00e0 grandir. Cette croissance ne se produit pas d'un seul coup, mais elle est [...]<\/p>","protected":false},"author":27229,"featured_media":0,"parent":0,"menu_order":0,"comment_status":"closed","ping_status":"closed","template":"","meta":{"_acf_changed":false,"inline_featured_image":false,"site-sidebar-layout":"no-sidebar","site-content-layout":"content-boxed-container","ast-site-content-layout":"default","site-content-style":"default","site-sidebar-style":"default","ast-global-header-display":"","ast-banner-title-visibility":"","ast-main-header-display":"","ast-hfb-above-header-display":"","ast-hfb-below-header-display":"","ast-hfb-mobile-header-display":"","site-post-title":"disabled","ast-breadcrumbs-content":"disabled","ast-featured-img":"disabled","footer-sml-layout":"disabled","ast-disable-related-posts":"","theme-transparent-header-meta":"default","adv-header-id-meta":"","stick-header-meta":"","header-above-stick-meta":"","header-main-stick-meta":"","header-below-stick-meta":"","astra-migrate-meta-layouts":"default","ast-page-background-enabled":"default","ast-page-background-meta":{"desktop":{"background-color":"","background-image":"","background-repeat":"repeat","background-position":"center center","background-size":"auto","background-attachment":"scroll","background-type":"","background-media":"","overlay-type":"","overlay-color":"","overlay-opacity":"","overlay-gradient":""},"tablet":{"background-color":"","background-image":"","background-repeat":"repeat","background-position":"center center","background-size":"auto","background-attachment":"scroll","background-type":"","background-media":"","overlay-type":"","overlay-color":"","overlay-opacity":"","overlay-gradient":""},"mobile":{"background-color":"","background-image":"","background-repeat":"repeat","background-position":"center center","background-size":"auto","background-attachment":"scroll","background-type":"","background-media":"","overlay-type":"","overlay-color":"","overlay-opacity":"","overlay-gradient":""}},"ast-content-background-meta":{"desktop":{"background-color":"var(--ast-global-color-5)","background-image":"","background-repeat":"repeat","background-position":"center center","background-size":"auto","background-attachment":"scroll","background-type":"","background-media":"","overlay-type":"","overlay-color":"","overlay-opacity":"","overlay-gradient":""},"tablet":{"background-color":"var(--ast-global-color-5)","background-image":"","background-repeat":"repeat","background-position":"center center","background-size":"auto","background-attachment":"scroll","background-type":"","background-media":"","overlay-type":"","overlay-color":"","overlay-opacity":"","overlay-gradient":""},"mobile":{"background-color":"var(--ast-global-color-5)","background-image":"","background-repeat":"repeat","background-position":"center center","background-size":"auto","background-attachment":"scroll","background-type":"","background-media":"","overlay-type":"","overlay-color":"","overlay-opacity":"","overlay-gradient":""}},"footnotes":""},"class_list":["post-276","page","type-page","status-publish","hentry"],"acf":[],"jetpack_sharing_enabled":true,"meta_box":{"_cloudsearch_visibility":""},"_links":{"self":[{"href":"https:\/\/www.mdiscipleship.net\/fr\/wp-json\/wp\/v2\/pages\/276","targetHints":{"allow":["GET"]}}],"collection":[{"href":"https:\/\/www.mdiscipleship.net\/fr\/wp-json\/wp\/v2\/pages"}],"about":[{"href":"https:\/\/www.mdiscipleship.net\/fr\/wp-json\/wp\/v2\/types\/page"}],"author":[{"embeddable":true,"href":"https:\/\/www.mdiscipleship.net\/fr\/wp-json\/wp\/v2\/users\/27229"}],"replies":[{"embeddable":true,"href":"https:\/\/www.mdiscipleship.net\/fr\/wp-json\/wp\/v2\/comments?post=276"}],"version-history":[{"count":11,"href":"https:\/\/www.mdiscipleship.net\/fr\/wp-json\/wp\/v2\/pages\/276\/revisions"}],"predecessor-version":[{"id":426,"href":"https:\/\/www.mdiscipleship.net\/fr\/wp-json\/wp\/v2\/pages\/276\/revisions\/426"}],"wp:attachment":[{"href":"https:\/\/www.mdiscipleship.net\/fr\/wp-json\/wp\/v2\/media?parent=276"}],"curies":[{"name":"wp","href":"https:\/\/api.w.org\/{rel}","templated":true}]}}