{"id":283,"date":"2020-08-06T20:58:34","date_gmt":"2020-08-06T20:58:34","guid":{"rendered":"https:\/\/www.mdiscipleship.net\/?page_id=283"},"modified":"2020-08-06T20:58:51","modified_gmt":"2020-08-06T20:58:51","slug":"prayer-3b","status":"publish","type":"page","link":"https:\/\/www.mdiscipleship.net\/fr\/prayer-3b\/","title":{"rendered":"3B Les attributs de Dieu"},"content":{"rendered":"<p><span style=\"color: #000080\"><strong>Les attributs de Dieu* <\/strong><\/span><\/p>\n<ul>\n<li><strong>Un esprit personnel <\/strong>Psaume 25:14 - C'est pourquoi je peux avoir une communion intime avec lui.<\/li>\n<li><strong>Tout-puissant ou omnipotent <\/strong>J\u00e9r\u00e9mie 32:17 - Il peut donc m'aider en toute chose.<\/li>\n<li><strong>Toujours pr\u00e9sent ou omnipr\u00e9sent <\/strong>Psaume 139, 7-10 - C'est pourquoi il est toujours avec moi.<\/li>\n<li><strong>Omniscient ou omniscience <\/strong>Romains 11:33 - Je peux donc m'adresser \u00e0 lui pour toutes mes questions et mes pr\u00e9occupations.<\/li>\n<li><strong>Souverain <\/strong>1 Chroniques 29:11,12 - C'est pourquoi je me soumets avec joie \u00e0 sa volont\u00e9.<\/li>\n<li><strong>Saint <\/strong>Exode 15:11 - C'est pourquoi je me consacrerai \u00e0 lui dans la puret\u00e9, l'adoration et le service.<\/li>\n<li><strong>V\u00e9rit\u00e9 absolue <\/strong>Jean 18:37 - C'est pourquoi je croirai ce qu'il dit et je vivrai en cons\u00e9quence.<\/li>\n<li><strong>Vertueux <\/strong>Psaume 145:17 - C'est pourquoi je vivrai selon ses normes.<\/li>\n<li><strong>Juste <\/strong>J\u00e9r\u00e9mie 17:10 - Je peux donc \u00eatre s\u00fbr qu'il me traitera toujours avec \u00e9quit\u00e9.<\/li>\n<li><strong>Aimer <\/strong>Eph\u00e9siens 3:17,18 - Il est donc inconditionnellement attach\u00e9 \u00e0 mon bien-\u00eatre.<\/li>\n<li><strong>Mis\u00e9ricordieux <\/strong>Jacques 5:11 - Il me pardonne donc mes p\u00e9ch\u00e9s lorsque je les confesse sinc\u00e8rement.<\/li>\n<li><strong>Fid\u00e8le <\/strong>Psaume 89:8 - Je peux donc lui faire confiance pour qu'il tienne toujours ses promesses.<\/li>\n<li><strong>Ne jamais changer <\/strong>Jacques 1:17 - C'est pourquoi mon avenir est s\u00fbr et \u00e9ternel.<\/li>\n<\/ul>\n<p><strong>*<\/strong>De <em>Changer le monde par la pri\u00e8re <\/em>(Guide de l'animateur). \u00c9crit par le Dr. Bill Bright. Copyright 2000, 2003, Bright Media Foundation. Tous droits r\u00e9serv\u00e9s. Utilis\u00e9 avec la permission de l'auteur.<\/p>","protected":false},"excerpt":{"rendered":"<p>Attributs de Dieu* Un esprit personnel Psaume 25:14 - Je peux donc avoir une relation intime avec lui. Tout-puissant ou omnipotent J\u00e9r\u00e9mie 32 : 17 - Il peut donc m'aider en toute chose. Toujours pr\u00e9sent ou omnipr\u00e9sent Psaume 139:7-10 - Il est donc toujours avec moi. Omniscient Romains 11:33 - Par cons\u00e9quent, je peux m'adresser \u00e0 lui avec toutes mes [...]<\/p>","protected":false},"author":27229,"featured_media":0,"parent":0,"menu_order":0,"comment_status":"closed","ping_status":"closed","template":"","meta":{"_acf_changed":false,"inline_featured_image":false,"site-sidebar-layout":"default","site-content-layout":"default","ast-site-content-layout":"default","site-content-style":"default","site-sidebar-style":"default","ast-global-header-display":"","ast-banner-title-visibility":"","ast-main-header-display":"","ast-hfb-above-header-display":"","ast-hfb-below-header-display":"","ast-hfb-mobile-header-display":"","site-post-title":"","ast-breadcrumbs-content":"","ast-featured-img":"","footer-sml-layout":"","ast-disable-related-posts":"","theme-transparent-header-meta":"default","adv-header-id-meta":"","stick-header-meta":"","header-above-stick-meta":"","header-main-stick-meta":"","header-below-stick-meta":"","astra-migrate-meta-layouts":"default","ast-page-background-enabled":"default","ast-page-background-meta":{"desktop":{"background-color":"","background-image":"","background-repeat":"repeat","background-position":"center center","background-size":"auto","background-attachment":"scroll","background-type":"","background-media":"","overlay-type":"","overlay-color":"","overlay-opacity":"","overlay-gradient":""},"tablet":{"background-color":"","background-image":"","background-repeat":"repeat","background-position":"center center","background-size":"auto","background-attachment":"scroll","background-type":"","background-media":"","overlay-type":"","overlay-color":"","overlay-opacity":"","overlay-gradient":""},"mobile":{"background-color":"","background-image":"","background-repeat":"repeat","background-position":"center center","background-size":"auto","background-attachment":"scroll","background-type":"","background-media":"","overlay-type":"","overlay-color":"","overlay-opacity":"","overlay-gradient":""}},"ast-content-background-meta":{"desktop":{"background-color":"var(--ast-global-color-5)","background-image":"","background-repeat":"repeat","background-position":"center center","background-size":"auto","background-attachment":"scroll","background-type":"","background-media":"","overlay-type":"","overlay-color":"","overlay-opacity":"","overlay-gradient":""},"tablet":{"background-color":"var(--ast-global-color-5)","background-image":"","background-repeat":"repeat","background-position":"center center","background-size":"auto","background-attachment":"scroll","background-type":"","background-media":"","overlay-type":"","overlay-color":"","overlay-opacity":"","overlay-gradient":""},"mobile":{"background-color":"var(--ast-global-color-5)","background-image":"","background-repeat":"repeat","background-position":"center center","background-size":"auto","background-attachment":"scroll","background-type":"","background-media":"","overlay-type":"","overlay-color":"","overlay-opacity":"","overlay-gradient":""}},"footnotes":""},"class_list":["post-283","page","type-page","status-publish","hentry"],"acf":[],"jetpack_sharing_enabled":true,"meta_box":{"_cloudsearch_visibility":""},"_links":{"self":[{"href":"https:\/\/www.mdiscipleship.net\/fr\/wp-json\/wp\/v2\/pages\/283","targetHints":{"allow":["GET"]}}],"collection":[{"href":"https:\/\/www.mdiscipleship.net\/fr\/wp-json\/wp\/v2\/pages"}],"about":[{"href":"https:\/\/www.mdiscipleship.net\/fr\/wp-json\/wp\/v2\/types\/page"}],"author":[{"embeddable":true,"href":"https:\/\/www.mdiscipleship.net\/fr\/wp-json\/wp\/v2\/users\/27229"}],"replies":[{"embeddable":true,"href":"https:\/\/www.mdiscipleship.net\/fr\/wp-json\/wp\/v2\/comments?post=283"}],"version-history":[{"count":1,"href":"https:\/\/www.mdiscipleship.net\/fr\/wp-json\/wp\/v2\/pages\/283\/revisions"}],"predecessor-version":[{"id":284,"href":"https:\/\/www.mdiscipleship.net\/fr\/wp-json\/wp\/v2\/pages\/283\/revisions\/284"}],"wp:attachment":[{"href":"https:\/\/www.mdiscipleship.net\/fr\/wp-json\/wp\/v2\/media?parent=283"}],"curies":[{"name":"wp","href":"https:\/\/api.w.org\/{rel}","templated":true}]}}