{"id":285,"date":"2020-08-06T21:08:03","date_gmt":"2020-08-06T21:08:03","guid":{"rendered":"https:\/\/www.mdiscipleship.net\/?page_id=285"},"modified":"2020-11-16T03:33:27","modified_gmt":"2020-11-16T03:33:27","slug":"prayer-4","status":"publish","type":"page","link":"https:\/\/www.mdiscipleship.net\/fr\/prayer-4\/","title":{"rendered":"4 Se pr\u00e9parer au combat spirituel"},"content":{"rendered":"<div data-elementor-type=\"wp-page\" data-elementor-id=\"285\" class=\"elementor elementor-285\" data-elementor-post-type=\"page\">\n\t\t\t\t\t\t<section class=\"elementor-section elementor-top-section elementor-element elementor-element-7c60fa39 elementor-section-boxed elementor-section-height-default elementor-section-height-default\" data-id=\"7c60fa39\" data-element_type=\"section\">\n\t\t\t\t\t\t<div class=\"elementor-container elementor-column-gap-default\">\n\t\t\t\t\t<div class=\"elementor-column elementor-col-100 elementor-top-column elementor-element elementor-element-7fa4104a\" data-id=\"7fa4104a\" data-element_type=\"column\">\n\t\t\t<div class=\"elementor-widget-wrap elementor-element-populated\">\n\t\t\t\t\t\t<div class=\"elementor-element elementor-element-4ed6fb0 elementor-widget elementor-widget-text-editor\" data-id=\"4ed6fb0\" data-element_type=\"widget\" data-widget_type=\"text-editor.default\">\n\t\t\t\t<div class=\"elementor-widget-container\">\n\t\t\t\t\t\t\t\t\t<p><span style=\"color: #000080\"><strong>Mouvement de la Grande Commission du Ghana<\/strong><\/span><br \/><span style=\"color: #000080\"><strong>S\u00e9rie de formation \u00e0 la pri\u00e8re<\/strong><\/span><\/p><h3 style=\"text-align: center\"><span style=\"color: #000080\"><strong>LE\u00c7ON 4 <\/strong><\/span><\/h3><h3 style=\"text-align: center\"><span style=\"color: #000080\"><u>Se pr\u00e9parer au combat spirituel<\/u><\/span><\/h3><p><span style=\"color: #000080\"><strong><em>Fondement biblique - Eph\u00e9siens 6:12 &amp; Zacharie 4:6<\/em><\/strong><\/span><\/p><p>Dans les ann\u00e9es 1930, Dieu a donn\u00e9 \u00e0 Arthur Mouw et \u00e0 son \u00e9quipe une grande \u00eele indon\u00e9sienne de Born\u00e9o pour la r\u00e9colte. Pour leur expansion future, ils choisirent la tribu la plus difficile \u00e0 identifier - les Dyaks, chasseurs de t\u00eates. Alors qu'ils \u00e9chouent leurs cano\u00ebs dans la zone cible, une pr\u00e9sence sombre, effrayante et mal\u00e9fique les attaque. Une sensation d'\u00e9tranglement les emp\u00eache de respirer. Ils ont pri\u00e9 Dieu de les aider et ont repouss\u00e9 leurs cano\u00ebs dans le cours d'eau. Ils atteignirent le courant principal avant de pouvoir respirer \u00e0 nouveau. Le groupe rentre chez lui choqu\u00e9, vaincu et d\u00e9concert\u00e9. Mouw conclut plus tard : \"Je crois que nous avons rencontr\u00e9 le prince de la tribu Dyak ce jour-l\u00e0\".<\/p><p>Des semaines plus tard, l'\u00e9quipe a demand\u00e9 aux \u00e9glises c\u00f4ti\u00e8res et aux \u00e9glises d'origine d'interc\u00e9der. Plus tard, lorsqu'ils ont senti que Dieu \u00e9tait pr\u00eat, ils sont retourn\u00e9s \u00e0 l'int\u00e9rieur des terres. Cette fois, Dieu leur a donn\u00e9 le m\u00eame type de r\u00e9colte que celle qu'ils avaient trouv\u00e9e sur la c\u00f4te. Une place forte a \u00e9t\u00e9 conquise pour le Christ et un district entier d'\u00e9glises a \u00e9t\u00e9 \u00e9tabli.<\/p><p>Deux royaumes spirituels sont en guerre : le royaume du Christ et le royaume de Satan. Cette bataille se d\u00e9roule contre des forces mal\u00e9fiques invisibles. Comment nous pr\u00e9parons-nous, en tant que citoyens du Royaume du Christ, \u00e0 assurer la victoire dans cette bataille ?<\/p><ol><li>Avec qui sommes-nous en guerre ? Eph\u00e9siens 6:12 et Apocalypse 12:17.<\/li><li>En quoi consiste notre confiance ou notre autorit\u00e9 ? Zacharie 4:6 et Matthieu 16:13-19.<\/li><li>Qu'est-ce qui peut nous emp\u00eacher de remporter la victoire ? Quelles strat\u00e9gies devons-nous utiliser ? O\u00f9 se trouve le champ de bataille ? Romains 13:11-14 &amp; II Corinthiens 10:3-5.<\/li><li>Comment se pr\u00e9parer ? Quelle(s) arme(s) devons-nous utiliser ? \u00c9ph\u00e9siens 6:10-20.<\/li><li>Comment se battre pour remporter la victoire ? Comment conserver la victoire ? Apocalypse 12:7-12.<\/li><\/ol><p>\u00c9critures \u00e0 m\u00e9moriser pour vous aider dans votre pr\u00e9paration personnelle : Jacques 4:6-8 ; Psaume 24:3-6 ; I Pierre 5:8-9<\/p><p>La pri\u00e8re, dans la puissance de J\u00e9sus-Christ, l'\u00c9criture, est le moyen s\u00fbr de gagner cette guerre. C'est ce qu'illustre le sch\u00e9ma ci-dessous ;<\/p><p>Le bulldozer repr\u00e9sente les chr\u00e9tiens qui prient, car leurs pri\u00e8res apportent la puissance de Dieu contre les forteresses du mal.<\/p><p><img fetchpriority=\"high\" decoding=\"async\" class=\"aligncenter wp-image-286 size-full\" src=\"https:\/\/sites.cru.org\/mdiscipleship\/wp-content\/uploads\/sites\/202\/2020\/08\/demons-flee.png\" alt=\"\" width=\"496\" height=\"370\" srcset=\"https:\/\/www.mdiscipleship.net\/wp-content\/uploads\/sites\/202\/2020\/08\/demons-flee.png 496w, https:\/\/www.mdiscipleship.net\/wp-content\/uploads\/sites\/202\/2020\/08\/demons-flee.png?resize=300,224 300w, https:\/\/www.mdiscipleship.net\/wp-content\/uploads\/sites\/202\/2020\/08\/demons-flee.png?resize=16,12 16w\" sizes=\"(max-width: 496px) 100vw, 496px\" \/><\/p><p>Gr\u00e2ce \u00e0 leur pri\u00e8re, remarquez comment Dieu produit quatre r\u00e9sultats surnaturels :<\/p><ol><li>Les d\u00e9mons s'enfuient loin de la sc\u00e8ne. (Eph\u00e9siens 6:12 ; Jacques 4:7)<\/li><li>Les paysages st\u00e9riles deviennent des champs fertiles pour la semence de la parole de Dieu. (Thessaloniciens 1:8-10 ; \u00c9sa\u00efe 55:10-11)<\/li><li>Des ouvriers suivent pour planter, cultiver et former les disciples de la moisson spirituelle. (Matthieu 9:36-38 ; I Corinthiens 3:7-9)<\/li><li>Le soleil de la gr\u00e2ce vivifiante de Dieu se l\u00e8ve pour multiplier les \u00e9glises dans le pays. (Actes 16:13-15 ; 25-34)<\/li><\/ol><blockquote><p><span style=\"color: #000080\"><strong>R\u00e9flexion personnelle<\/strong><\/span><\/p><p>Quelle est la plus grande bataille spirituelle \u00e0 laquelle je suis confront\u00e9 en ce moment ?<\/p><p>Quelle strat\u00e9gie de pri\u00e8re me semble la plus efficace ?<\/p><\/blockquote><blockquote><p><span style=\"color: #000080\"><strong>\u00c9tapes pratiques<\/strong><\/span><\/p><p>Recherchez l'aide de DIEU pour vous d\u00e9barrasser des p\u00e9ch\u00e9s et des poids qui affaiblissent votre d\u00e9fense et donnent l'avantage \u00e0 l'ennemi.<\/p><p>Constituez une \u00e9quipe de personnes charg\u00e9es d'interc\u00e9der pour le conflit de l'autre, si ce n'est pas d\u00e9j\u00e0 le cas. Restez en contact les uns avec les autres pour suivre les progr\u00e8s. Soyez attentifs \u00e0 louer le Seigneur pour les perc\u00e9es ou \u00e0 intensifier l'intercession pour les forteresses r\u00e9sistantes.<\/p><\/blockquote><blockquote><p><span style=\"color: #000080\"><strong>R\u00e9ponse \u00e0 la pri\u00e8re<\/strong><\/span><\/p><p><strong><em>P\u00e8re c\u00e9leste, merci de m'\u00e9quiper pour la bataille \u00e0 travers cette le\u00e7on. Merci d'avoir mis \u00e0 ma disposition toutes les ressources de la guerre pour ma d\u00e9fense et mon attaque. Aide-moi \u00e0 les utiliser \u00e0 tout moment, en \u00e9tant toujours pr\u00eat. Aide-moi \u00e0 d\u00e9velopper la bonne strat\u00e9gie pour chaque bataille \u00e0 laquelle je suis confront\u00e9. Aide-moi \u00e0 me d\u00e9barrasser de tout p\u00e9ch\u00e9 et de tout poids qui donnerait \u00e0 l'ennemi l'avantage sur moi. Que je n'abandonne jamais jusqu'\u00e0 ce que la victoire soit acquise. Merci de me donner la victoire en J\u00e9sus-Christ. Amen.<\/em><\/strong><\/p><\/blockquote><p><strong>GCMGH \u00a9 Prayer Series #4Preparing for Spiritual battle, Sept\/2020<\/strong><\/p>\t\t\t\t\t\t\t\t<\/div>\n\t\t\t\t<\/div>\n\t\t\t\t\t<\/div>\n\t\t<\/div>\n\t\t\t\t\t<\/div>\n\t\t<\/section>\n\t\t\t\t<section class=\"elementor-section elementor-top-section elementor-element elementor-element-ef459a8 elementor-section-boxed elementor-section-height-default elementor-section-height-default\" data-id=\"ef459a8\" data-element_type=\"section\">\n\t\t\t\t\t\t<div class=\"elementor-container elementor-column-gap-default\">\n\t\t\t\t\t<div class=\"elementor-column elementor-col-100 elementor-top-column elementor-element elementor-element-c467425\" data-id=\"c467425\" data-element_type=\"column\">\n\t\t\t<div class=\"elementor-widget-wrap elementor-element-populated\">\n\t\t\t\t\t\t<div class=\"elementor-element elementor-element-2f1d793 elementor-align-center elementor-widget elementor-widget-button\" data-id=\"2f1d793\" data-element_type=\"widget\" data-widget_type=\"button.default\">\n\t\t\t\t<div class=\"elementor-widget-container\">\n\t\t\t\t\t\t\t\t\t<div class=\"elementor-button-wrapper\">\n\t\t\t\t\t<a class=\"elementor-button elementor-button-link elementor-size-md\" href=\"https:\/\/forms.gle\/RL68YXFahg3DnTDu7\">\n\t\t\t\t\t\t<span class=\"elementor-button-content-wrapper\">\n\t\t\t\t\t\t\t\t\t<span class=\"elementor-button-text\">Cliquez ici pour terminer la le\u00e7on<\/span>\n\t\t\t\t\t<\/span>\n\t\t\t\t\t<\/a>\n\t\t\t\t<\/div>\n\t\t\t\t\t\t\t\t<\/div>\n\t\t\t\t<\/div>\n\t\t\t\t<div class=\"elementor-element elementor-element-e2b6599 elementor-widget-divider--view-line elementor-widget elementor-widget-divider\" data-id=\"e2b6599\" data-element_type=\"widget\" data-widget_type=\"divider.default\">\n\t\t\t\t<div class=\"elementor-widget-container\">\n\t\t\t\t\t\t\t<div class=\"elementor-divider\">\n\t\t\t<span class=\"elementor-divider-separator\">\n\t\t\t\t\t\t<\/span>\n\t\t<\/div>\n\t\t\t\t\t\t<\/div>\n\t\t\t\t<\/div>\n\t\t\t\t\t<\/div>\n\t\t<\/div>\n\t\t\t\t\t<\/div>\n\t\t<\/section>\n\t\t\t\t<section class=\"elementor-section elementor-top-section elementor-element elementor-element-6f94009 elementor-section-boxed elementor-section-height-default elementor-section-height-default\" data-id=\"6f94009\" data-element_type=\"section\">\n\t\t\t\t\t\t<div class=\"elementor-container elementor-column-gap-default\">\n\t\t\t\t\t<div class=\"elementor-column elementor-col-100 elementor-top-column elementor-element elementor-element-5fbaa1a\" data-id=\"5fbaa1a\" data-element_type=\"column\">\n\t\t\t<div class=\"elementor-widget-wrap elementor-element-populated\">\n\t\t\t\t\t\t<div class=\"elementor-element elementor-element-41e1d6e elementor-widget elementor-widget-heading\" data-id=\"41e1d6e\" data-element_type=\"widget\" data-widget_type=\"heading.default\">\n\t\t\t\t<div class=\"elementor-widget-container\">\n\t\t\t\t\t<h3 class=\"elementor-heading-title elementor-size-default\">Le\u00e7ons de formation \u00e0 la pri\u00e8re<\/h3>\t\t\t\t<\/div>\n\t\t\t\t<\/div>\n\t\t\t\t\t<\/div>\n\t\t<\/div>\n\t\t\t\t\t<\/div>\n\t\t<\/section>\n\t\t\t\t<section class=\"elementor-section elementor-top-section elementor-element elementor-element-1592dd0 elementor-section-boxed elementor-section-height-default elementor-section-height-default\" data-id=\"1592dd0\" data-element_type=\"section\">\n\t\t\t\t\t\t<div class=\"elementor-container elementor-column-gap-default\">\n\t\t\t\t\t<div class=\"elementor-column elementor-col-100 elementor-top-column elementor-element elementor-element-6d02306\" data-id=\"6d02306\" data-element_type=\"column\">\n\t\t\t<div class=\"elementor-widget-wrap elementor-element-populated\">\n\t\t\t\t\t\t<div class=\"elementor-element elementor-element-5d49c24 elementor-nav-menu__align-center elementor-nav-menu--dropdown-tablet elementor-nav-menu__text-align-aside elementor-nav-menu--toggle elementor-nav-menu--burger elementor-widget elementor-widget-nav-menu\" data-id=\"5d49c24\" data-element_type=\"widget\" data-settings=\"{&quot;layout&quot;:&quot;horizontal&quot;,&quot;submenu_icon&quot;:{&quot;value&quot;:&quot;&lt;i class=\\&quot;fas fa-caret-down\\&quot; aria-hidden=\\&quot;true\\&quot;&gt;&lt;\\\/i&gt;&quot;,&quot;library&quot;:&quot;fa-solid&quot;},&quot;toggle&quot;:&quot;burger&quot;}\" data-widget_type=\"nav-menu.default\">\n\t\t\t\t<div class=\"elementor-widget-container\">\n\t\t\t\t\t\t\t\t<nav aria-label=\"Menu\" class=\"elementor-nav-menu--main elementor-nav-menu__container elementor-nav-menu--layout-horizontal e--pointer-underline e--animation-fade\">\n\t\t\t\t<ul id=\"menu-1-5d49c24\" class=\"elementor-nav-menu\"><li class=\"menu-item menu-item-type-post_type menu-item-object-page menu-item-307\"><a href=\"https:\/\/www.mdiscipleship.net\/fr\/prayer-1\/\" class=\"elementor-item menu-link\">1 Comment prier<\/a><\/li>\n<li class=\"menu-item menu-item-type-post_type menu-item-object-page menu-item-306\"><a href=\"https:\/\/www.mdiscipleship.net\/fr\/prayer-1a\/\" class=\"elementor-item menu-link\">1A Comment prier (R\u00e9ponses)<\/a><\/li>\n<li class=\"menu-item menu-item-type-post_type menu-item-object-page menu-item-304\"><a href=\"https:\/\/www.mdiscipleship.net\/fr\/prayer-2\/\" class=\"elementor-item menu-link\">2 Le plan merveilleux de Dieu pour la pri\u00e8re<\/a><\/li>\n<li class=\"menu-item menu-item-type-post_type menu-item-object-page menu-item-305\"><a href=\"https:\/\/www.mdiscipleship.net\/fr\/prayer-3\/\" class=\"elementor-item menu-link\">3 S'affermir dans la pri\u00e8re<\/a><\/li>\n<li class=\"menu-item menu-item-type-post_type menu-item-object-page menu-item-303\"><a href=\"https:\/\/www.mdiscipleship.net\/fr\/prayer-3b\/\" class=\"elementor-item menu-link\">3B Les attributs de Dieu<\/a><\/li>\n<li class=\"menu-item menu-item-type-post_type menu-item-object-page menu-item-302\"><a href=\"https:\/\/www.mdiscipleship.net\/fr\/prayer-4\/\" class=\"elementor-item menu-link\">4 Se pr\u00e9parer au combat spirituel<\/a><\/li>\n<li class=\"menu-item menu-item-type-post_type menu-item-object-page menu-item-301\"><a href=\"https:\/\/www.mdiscipleship.net\/fr\/prayer-5\/\" class=\"elementor-item menu-link\">5 La puissance de l'intercession en entreprise<\/a><\/li>\n<li class=\"menu-item menu-item-type-post_type menu-item-object-page menu-item-300\"><a href=\"https:\/\/www.mdiscipleship.net\/fr\/prayer-6\/\" class=\"elementor-item menu-link\">6 Mobiliser les intercesseurs<\/a><\/li>\n<li class=\"menu-item menu-item-type-post_type menu-item-object-page menu-item-299\"><a href=\"https:\/\/www.mdiscipleship.net\/fr\/prayer-7\/\" class=\"elementor-item menu-link\">7 Vivre un mode de vie 3G<\/a><\/li>\n<\/ul>\t\t\t<\/nav>\n\t\t\t\t\t<div class=\"elementor-menu-toggle\" role=\"button\" tabindex=\"0\" aria-label=\"Menu Toggle\" aria-expanded=\"false\">\n\t\t\t<i aria-hidden=\"true\" role=\"presentation\" class=\"elementor-menu-toggle__icon--open eicon-menu-bar\"><\/i><i aria-hidden=\"true\" role=\"presentation\" class=\"elementor-menu-toggle__icon--close eicon-close\"><\/i>\t\t<\/div>\n\t\t\t\t\t<nav class=\"elementor-nav-menu--dropdown elementor-nav-menu__container\" aria-hidden=\"true\">\n\t\t\t\t<ul id=\"menu-2-5d49c24\" class=\"elementor-nav-menu\"><li class=\"menu-item menu-item-type-post_type menu-item-object-page menu-item-307\"><a href=\"https:\/\/www.mdiscipleship.net\/fr\/prayer-1\/\" class=\"elementor-item menu-link\" tabindex=\"-1\">1 Comment prier<\/a><\/li>\n<li class=\"menu-item menu-item-type-post_type menu-item-object-page menu-item-306\"><a href=\"https:\/\/www.mdiscipleship.net\/fr\/prayer-1a\/\" class=\"elementor-item menu-link\" tabindex=\"-1\">1A Comment prier (R\u00e9ponses)<\/a><\/li>\n<li class=\"menu-item menu-item-type-post_type menu-item-object-page menu-item-304\"><a href=\"https:\/\/www.mdiscipleship.net\/fr\/prayer-2\/\" class=\"elementor-item menu-link\" tabindex=\"-1\">2 Le plan merveilleux de Dieu pour la pri\u00e8re<\/a><\/li>\n<li class=\"menu-item menu-item-type-post_type menu-item-object-page menu-item-305\"><a href=\"https:\/\/www.mdiscipleship.net\/fr\/prayer-3\/\" class=\"elementor-item menu-link\" tabindex=\"-1\">3 S'affermir dans la pri\u00e8re<\/a><\/li>\n<li class=\"menu-item menu-item-type-post_type menu-item-object-page menu-item-303\"><a href=\"https:\/\/www.mdiscipleship.net\/fr\/prayer-3b\/\" class=\"elementor-item menu-link\" tabindex=\"-1\">3B Les attributs de Dieu<\/a><\/li>\n<li class=\"menu-item menu-item-type-post_type menu-item-object-page menu-item-302\"><a href=\"https:\/\/www.mdiscipleship.net\/fr\/prayer-4\/\" class=\"elementor-item menu-link\" tabindex=\"-1\">4 Se pr\u00e9parer au combat spirituel<\/a><\/li>\n<li class=\"menu-item menu-item-type-post_type menu-item-object-page menu-item-301\"><a href=\"https:\/\/www.mdiscipleship.net\/fr\/prayer-5\/\" class=\"elementor-item menu-link\" tabindex=\"-1\">5 La puissance de l'intercession en entreprise<\/a><\/li>\n<li class=\"menu-item menu-item-type-post_type menu-item-object-page menu-item-300\"><a href=\"https:\/\/www.mdiscipleship.net\/fr\/prayer-6\/\" class=\"elementor-item menu-link\" tabindex=\"-1\">6 Mobiliser les intercesseurs<\/a><\/li>\n<li class=\"menu-item menu-item-type-post_type menu-item-object-page menu-item-299\"><a href=\"https:\/\/www.mdiscipleship.net\/fr\/prayer-7\/\" class=\"elementor-item menu-link\" tabindex=\"-1\">7 Vivre un mode de vie 3G<\/a><\/li>\n<\/ul>\t\t\t<\/nav>\n\t\t\t\t\t\t<\/div>\n\t\t\t\t<\/div>\n\t\t\t\t\t<\/div>\n\t\t<\/div>\n\t\t\t\t\t<\/div>\n\t\t<\/section>\n\t\t\t\t<\/div>","protected":false},"excerpt":{"rendered":"<p>Mouvement de la Grande Commission du GhanaS\u00e9rie de formation \u00e0 la pri\u00e8re LE\u00c7ON 4 Se pr\u00e9parer au combat spirituel Fondement biblique - Eph\u00e9siens 6:12 &amp; Zacharie 4:6 Dans les ann\u00e9es 1930, Dieu donna \u00e0 Arthur Mouw et \u00e0 son \u00e9quipe une grande r\u00e9colte sur l'\u00eele indon\u00e9sienne de Born\u00e9o. Pour leur expansion future, ils choisirent la tribu la plus difficile qu'ils purent identifier - les Dyaks, chasseurs de t\u00eates. Alors qu'ils s'\u00e9chouaient [...]<\/p>","protected":false},"author":27229,"featured_media":0,"parent":0,"menu_order":0,"comment_status":"closed","ping_status":"closed","template":"","meta":{"_acf_changed":false,"inline_featured_image":false,"site-sidebar-layout":"no-sidebar","site-content-layout":"content-boxed-container","ast-site-content-layout":"default","site-content-style":"default","site-sidebar-style":"default","ast-global-header-display":"","ast-banner-title-visibility":"","ast-main-header-display":"","ast-hfb-above-header-display":"","ast-hfb-below-header-display":"","ast-hfb-mobile-header-display":"","site-post-title":"disabled","ast-breadcrumbs-content":"disabled","ast-featured-img":"disabled","footer-sml-layout":"disabled","ast-disable-related-posts":"","theme-transparent-header-meta":"default","adv-header-id-meta":"","stick-header-meta":"","header-above-stick-meta":"","header-main-stick-meta":"","header-below-stick-meta":"","astra-migrate-meta-layouts":"default","ast-page-background-enabled":"default","ast-page-background-meta":{"desktop":{"background-color":"","background-image":"","background-repeat":"repeat","background-position":"center center","background-size":"auto","background-attachment":"scroll","background-type":"","background-media":"","overlay-type":"","overlay-color":"","overlay-opacity":"","overlay-gradient":""},"tablet":{"background-color":"","background-image":"","background-repeat":"repeat","background-position":"center center","background-size":"auto","background-attachment":"scroll","background-type":"","background-media":"","overlay-type":"","overlay-color":"","overlay-opacity":"","overlay-gradient":""},"mobile":{"background-color":"","background-image":"","background-repeat":"repeat","background-position":"center center","background-size":"auto","background-attachment":"scroll","background-type":"","background-media":"","overlay-type":"","overlay-color":"","overlay-opacity":"","overlay-gradient":""}},"ast-content-background-meta":{"desktop":{"background-color":"var(--ast-global-color-5)","background-image":"","background-repeat":"repeat","background-position":"center center","background-size":"auto","background-attachment":"scroll","background-type":"","background-media":"","overlay-type":"","overlay-color":"","overlay-opacity":"","overlay-gradient":""},"tablet":{"background-color":"var(--ast-global-color-5)","background-image":"","background-repeat":"repeat","background-position":"center center","background-size":"auto","background-attachment":"scroll","background-type":"","background-media":"","overlay-type":"","overlay-color":"","overlay-opacity":"","overlay-gradient":""},"mobile":{"background-color":"var(--ast-global-color-5)","background-image":"","background-repeat":"repeat","background-position":"center center","background-size":"auto","background-attachment":"scroll","background-type":"","background-media":"","overlay-type":"","overlay-color":"","overlay-opacity":"","overlay-gradient":""}},"footnotes":""},"class_list":["post-285","page","type-page","status-publish","hentry"],"acf":[],"jetpack_sharing_enabled":true,"meta_box":{"_cloudsearch_visibility":""},"_links":{"self":[{"href":"https:\/\/www.mdiscipleship.net\/fr\/wp-json\/wp\/v2\/pages\/285","targetHints":{"allow":["GET"]}}],"collection":[{"href":"https:\/\/www.mdiscipleship.net\/fr\/wp-json\/wp\/v2\/pages"}],"about":[{"href":"https:\/\/www.mdiscipleship.net\/fr\/wp-json\/wp\/v2\/types\/page"}],"author":[{"embeddable":true,"href":"https:\/\/www.mdiscipleship.net\/fr\/wp-json\/wp\/v2\/users\/27229"}],"replies":[{"embeddable":true,"href":"https:\/\/www.mdiscipleship.net\/fr\/wp-json\/wp\/v2\/comments?post=285"}],"version-history":[{"count":7,"href":"https:\/\/www.mdiscipleship.net\/fr\/wp-json\/wp\/v2\/pages\/285\/revisions"}],"predecessor-version":[{"id":427,"href":"https:\/\/www.mdiscipleship.net\/fr\/wp-json\/wp\/v2\/pages\/285\/revisions\/427"}],"wp:attachment":[{"href":"https:\/\/www.mdiscipleship.net\/fr\/wp-json\/wp\/v2\/media?parent=285"}],"curies":[{"name":"wp","href":"https:\/\/api.w.org\/{rel}","templated":true}]}}