{"id":289,"date":"2020-08-06T21:24:49","date_gmt":"2020-08-06T21:24:49","guid":{"rendered":"https:\/\/www.mdiscipleship.net\/?page_id=289"},"modified":"2020-11-16T03:35:12","modified_gmt":"2020-11-16T03:35:12","slug":"prayer-5","status":"publish","type":"page","link":"https:\/\/www.mdiscipleship.net\/fr\/prayer-5\/","title":{"rendered":"5 La puissance de l'intercession en entreprise"},"content":{"rendered":"<div data-elementor-type=\"wp-page\" data-elementor-id=\"289\" class=\"elementor elementor-289\" data-elementor-post-type=\"page\">\n\t\t\t\t\t\t<section class=\"elementor-section elementor-top-section elementor-element elementor-element-525fd8f8 elementor-section-boxed elementor-section-height-default elementor-section-height-default\" data-id=\"525fd8f8\" data-element_type=\"section\">\n\t\t\t\t\t\t<div class=\"elementor-container elementor-column-gap-default\">\n\t\t\t\t\t<div class=\"elementor-column elementor-col-100 elementor-top-column elementor-element elementor-element-2bd05501\" data-id=\"2bd05501\" data-element_type=\"column\">\n\t\t\t<div class=\"elementor-widget-wrap elementor-element-populated\">\n\t\t\t\t\t\t<div class=\"elementor-element elementor-element-661926ea elementor-widget elementor-widget-text-editor\" data-id=\"661926ea\" data-element_type=\"widget\" data-widget_type=\"text-editor.default\">\n\t\t\t\t<div class=\"elementor-widget-container\">\n\t\t\t\t\t\t\t\t\t<p><span style=\"color: #000080\"><strong>Mouvement de la Grande Commission du Ghana<\/strong><\/span><br \/><span style=\"color: #000080\"><strong>S\u00e9rie de formation \u00e0 la pri\u00e8re<\/strong><\/span><\/p><h3 style=\"text-align: center\"><span style=\"color: #000080\"><strong>LE\u00c7ON 5<\/strong><\/span><\/h3><h3 style=\"text-align: center\"><span style=\"color: #000080\"><strong><u>La puissance de l'intercession en entreprise<\/u><\/strong><\/span><\/h3><p><strong><span style=\"color: #000080\">Fondement biblique : L\u00e9vitique 26:8<\/span><\/strong><\/p><p>La pri\u00e8re collective consiste simplement \u00e0 prier ensemble en tant que corps du Christ en accord. Il s'agit d'une corporation avec Dieu pour r\u00e9aliser son plan.<\/p><p><span style=\"color: #000080\"><strong>Quelle \u00e9tait l'importance de la pri\u00e8re collective pour l'\u00c9glise primitive ?<\/strong>?<\/span><\/p><p>L'\u00c9glise primitive se r\u00e9unissait r\u00e9guli\u00e8rement pour apprendre les doctrines des ap\u00f4tres, rompre le pain et prier ensemble (Actes 2:42). La pri\u00e8re collective nous \u00e9difie et nous unifie lorsque nous partageons notre foi commune ; elle nous unit \u00e9galement dans un lien unique de fraternit\u00e9 et cr\u00e9e des demandes d'intercession sinc\u00e8res en faveur d'autrui.<\/p><p>Gr\u00e2ce \u00e0 la pri\u00e8re collective, l'\u00c9glise primitive a connu de grands r\u00e9veils et a vu des captifs lib\u00e9r\u00e9s de leurs cha\u00eenes (Actes 12:2). Elle permet \u00e9galement de former des disciples. En tant que personnes de diff\u00e9rents niveaux et \u00e9tapes de la vie, nous apprenons les uns des autres en priant ensemble.<\/p><p>Que disent les passages suivants sur la pri\u00e8re commune ?<\/p><ol><li>Actes 4:24-31<\/li><li>Psaume 50:1,5,15<\/li><li>Matthieu 18:19-20<\/li><\/ol><p><span style=\"color: #000080\"><strong>Comment fonctionne la pri\u00e8re collective ?<\/strong><\/span><\/p><p><img decoding=\"async\" class=\"aligncenter wp-image-290 size-full\" src=\"https:\/\/sites.cru.org\/mdiscipleship\/wp-content\/uploads\/sites\/202\/2020\/08\/corporate-prayer.png\" alt=\"\" width=\"264\" height=\"163\" srcset=\"https:\/\/www.mdiscipleship.net\/wp-content\/uploads\/sites\/202\/2020\/08\/corporate-prayer.png 264w, https:\/\/www.mdiscipleship.net\/wp-content\/uploads\/sites\/202\/2020\/08\/corporate-prayer.png?resize=18,12 18w\" sizes=\"(max-width: 264px) 100vw, 264px\" \/><\/p><p>Le graphique de droite montre le potentiel de la pri\u00e8re collective. Le cercle du haut repr\u00e9sente notre Dieu infini. Celui du bas repr\u00e9sente un groupe de pri\u00e8re. Chaque membre du groupe est important pour la force du groupe. Lorsque la premi\u00e8re personne prie, Dieu entend. Chaque personne est influenc\u00e9e par les id\u00e9es spirituelles et la foi des autres. Il y a donc une croissance exponentielle qui se nourrit de l'exp\u00e9rience des autres :<\/p><ol><li>Esprit Saint Zacharie 12:10<\/li><li>\u00c9criture 2 Timoth\u00e9e 3:16,17<\/li><li>L'adoration Jean 4:23<\/li><li>Objectifs de Dieu 1 Jean 5:14,15 ; 1 Timoth\u00e9e 2:1-4<\/li><li>La foi H\u00e9breux 11:6<\/li><li>Nombre d'intercesseurs Psaume 50:1,5,15<\/li><li>Pr\u00e9paration Philippiens 4:9<\/li><li>L'attente Colossiens 4:2<\/li><li>Puret\u00e9 1 Pierre 3:12<\/li><li>Unit\u00e9 Actes 1:14<\/li><li>Participation Actes 4:24<\/li><li>Ob\u00e9issance 1 Jean 3:22<\/li><li>Temps Isa\u00efe 40:31<\/li><li>Joie Psaume 16:11<\/li><\/ol><blockquote><p><span style=\"color: #000080\"><strong>R\u00e9flexion personnelle <\/strong><\/span><\/p><p>Qu'est-ce que le Seigneur vous a dit au cours de cette session ?<\/p><p>Quel potentiel voyez-vous dans l'existence d'un mouvement de pri\u00e8re tr\u00e8s important ?<\/p><\/blockquote><blockquote><p><span style=\"color: #000080\"><strong>\u00c9tape pratique <\/strong><\/span><\/p><p>Quel doit \u00eatre mon r\u00f4le dans le lancement d'un mouvement de pri\u00e8re ?<\/p><p>Quelles sont les premi\u00e8res mesures \u00e0 prendre ?<\/p><\/blockquote><blockquote><p><strong><span style=\"color: #000080\">R\u00e9ponse \u00e0 la pri\u00e8re<\/span><\/strong><\/p><p><em>P\u00e8re bienveillant, merci pour ta puissance lorsque nous nous r\u00e9unissons pour prier. Augmente l'esprit de pri\u00e8re dans ma communaut\u00e9. Aide-moi \u00e0 susciter des leaders de pri\u00e8re qui rassembleront les croyants pour prier pour tous les peuples afin d'accomplir la Grande Commission. Donne-moi des occasions de partager ce que j'apprends avec des individus et d'autres groupes de pri\u00e8re. Au nom de J\u00e9sus. Amen<\/em><\/p><\/blockquote><p><strong>GCMGH \u00a9 Prayer Series #5 The Power of Cooperate Intercession, Sept\/2020<\/strong><\/p>\t\t\t\t\t\t\t\t<\/div>\n\t\t\t\t<\/div>\n\t\t\t\t\t<\/div>\n\t\t<\/div>\n\t\t\t\t\t<\/div>\n\t\t<\/section>\n\t\t\t\t<section class=\"elementor-section elementor-top-section elementor-element elementor-element-b7ee11c elementor-section-boxed elementor-section-height-default elementor-section-height-default\" data-id=\"b7ee11c\" data-element_type=\"section\">\n\t\t\t\t\t\t<div class=\"elementor-container elementor-column-gap-default\">\n\t\t\t\t\t<div class=\"elementor-column elementor-col-100 elementor-top-column elementor-element elementor-element-5a95ade\" data-id=\"5a95ade\" data-element_type=\"column\">\n\t\t\t<div class=\"elementor-widget-wrap elementor-element-populated\">\n\t\t\t\t\t\t<div class=\"elementor-element elementor-element-647f89a elementor-align-center elementor-widget elementor-widget-button\" data-id=\"647f89a\" data-element_type=\"widget\" data-widget_type=\"button.default\">\n\t\t\t\t<div class=\"elementor-widget-container\">\n\t\t\t\t\t\t\t\t\t<div class=\"elementor-button-wrapper\">\n\t\t\t\t\t<a class=\"elementor-button elementor-button-link elementor-size-md\" href=\"https:\/\/forms.gle\/w5HAzoqfM1KRZ6X8A\">\n\t\t\t\t\t\t<span class=\"elementor-button-content-wrapper\">\n\t\t\t\t\t\t\t\t\t<span class=\"elementor-button-text\">Cliquez ici pour terminer la le\u00e7on<\/span>\n\t\t\t\t\t<\/span>\n\t\t\t\t\t<\/a>\n\t\t\t\t<\/div>\n\t\t\t\t\t\t\t\t<\/div>\n\t\t\t\t<\/div>\n\t\t\t\t<div class=\"elementor-element elementor-element-a642849 elementor-widget-divider--view-line elementor-widget elementor-widget-divider\" data-id=\"a642849\" data-element_type=\"widget\" data-widget_type=\"divider.default\">\n\t\t\t\t<div class=\"elementor-widget-container\">\n\t\t\t\t\t\t\t<div class=\"elementor-divider\">\n\t\t\t<span class=\"elementor-divider-separator\">\n\t\t\t\t\t\t<\/span>\n\t\t<\/div>\n\t\t\t\t\t\t<\/div>\n\t\t\t\t<\/div>\n\t\t\t\t\t<\/div>\n\t\t<\/div>\n\t\t\t\t\t<\/div>\n\t\t<\/section>\n\t\t\t\t<section class=\"elementor-section elementor-top-section elementor-element elementor-element-9889f8c elementor-section-boxed elementor-section-height-default elementor-section-height-default\" data-id=\"9889f8c\" data-element_type=\"section\">\n\t\t\t\t\t\t<div class=\"elementor-container elementor-column-gap-default\">\n\t\t\t\t\t<div class=\"elementor-column elementor-col-100 elementor-top-column elementor-element elementor-element-6667fab\" data-id=\"6667fab\" data-element_type=\"column\">\n\t\t\t<div class=\"elementor-widget-wrap elementor-element-populated\">\n\t\t\t\t\t\t<div class=\"elementor-element elementor-element-1c3db1c elementor-widget elementor-widget-heading\" data-id=\"1c3db1c\" data-element_type=\"widget\" data-widget_type=\"heading.default\">\n\t\t\t\t<div class=\"elementor-widget-container\">\n\t\t\t\t\t<h3 class=\"elementor-heading-title elementor-size-default\">Le\u00e7ons de formation \u00e0 la pri\u00e8re<\/h3>\t\t\t\t<\/div>\n\t\t\t\t<\/div>\n\t\t\t\t\t<\/div>\n\t\t<\/div>\n\t\t\t\t\t<\/div>\n\t\t<\/section>\n\t\t\t\t<section class=\"elementor-section elementor-top-section elementor-element elementor-element-2f4882a elementor-section-boxed elementor-section-height-default elementor-section-height-default\" data-id=\"2f4882a\" data-element_type=\"section\">\n\t\t\t\t\t\t<div class=\"elementor-container elementor-column-gap-default\">\n\t\t\t\t\t<div class=\"elementor-column elementor-col-100 elementor-top-column elementor-element elementor-element-bd17f51\" data-id=\"bd17f51\" data-element_type=\"column\">\n\t\t\t<div class=\"elementor-widget-wrap elementor-element-populated\">\n\t\t\t\t\t\t<div class=\"elementor-element elementor-element-c4a7c6a elementor-nav-menu__align-center elementor-nav-menu--dropdown-tablet elementor-nav-menu__text-align-aside elementor-nav-menu--toggle elementor-nav-menu--burger elementor-widget elementor-widget-nav-menu\" data-id=\"c4a7c6a\" data-element_type=\"widget\" data-settings=\"{&quot;layout&quot;:&quot;horizontal&quot;,&quot;submenu_icon&quot;:{&quot;value&quot;:&quot;&lt;i class=\\&quot;fas fa-caret-down\\&quot; aria-hidden=\\&quot;true\\&quot;&gt;&lt;\\\/i&gt;&quot;,&quot;library&quot;:&quot;fa-solid&quot;},&quot;toggle&quot;:&quot;burger&quot;}\" data-widget_type=\"nav-menu.default\">\n\t\t\t\t<div class=\"elementor-widget-container\">\n\t\t\t\t\t\t\t\t<nav aria-label=\"Menu\" class=\"elementor-nav-menu--main elementor-nav-menu__container elementor-nav-menu--layout-horizontal e--pointer-underline e--animation-fade\">\n\t\t\t\t<ul id=\"menu-1-c4a7c6a\" class=\"elementor-nav-menu\"><li class=\"menu-item menu-item-type-post_type menu-item-object-page menu-item-307\"><a href=\"https:\/\/www.mdiscipleship.net\/fr\/prayer-1\/\" class=\"elementor-item menu-link\">1 Comment prier<\/a><\/li>\n<li class=\"menu-item menu-item-type-post_type menu-item-object-page menu-item-306\"><a href=\"https:\/\/www.mdiscipleship.net\/fr\/prayer-1a\/\" class=\"elementor-item menu-link\">1A Comment prier (R\u00e9ponses)<\/a><\/li>\n<li class=\"menu-item menu-item-type-post_type menu-item-object-page menu-item-304\"><a href=\"https:\/\/www.mdiscipleship.net\/fr\/prayer-2\/\" class=\"elementor-item menu-link\">2 Le plan merveilleux de Dieu pour la pri\u00e8re<\/a><\/li>\n<li class=\"menu-item menu-item-type-post_type menu-item-object-page menu-item-305\"><a href=\"https:\/\/www.mdiscipleship.net\/fr\/prayer-3\/\" class=\"elementor-item menu-link\">3 S'affermir dans la pri\u00e8re<\/a><\/li>\n<li class=\"menu-item menu-item-type-post_type menu-item-object-page menu-item-303\"><a href=\"https:\/\/www.mdiscipleship.net\/fr\/prayer-3b\/\" class=\"elementor-item menu-link\">3B Les attributs de Dieu<\/a><\/li>\n<li class=\"menu-item menu-item-type-post_type menu-item-object-page menu-item-302\"><a href=\"https:\/\/www.mdiscipleship.net\/fr\/prayer-4\/\" class=\"elementor-item menu-link\">4 Se pr\u00e9parer au combat spirituel<\/a><\/li>\n<li class=\"menu-item menu-item-type-post_type menu-item-object-page menu-item-301\"><a href=\"https:\/\/www.mdiscipleship.net\/fr\/prayer-5\/\" class=\"elementor-item menu-link\">5 La puissance de l'intercession en entreprise<\/a><\/li>\n<li class=\"menu-item menu-item-type-post_type menu-item-object-page menu-item-300\"><a href=\"https:\/\/www.mdiscipleship.net\/fr\/prayer-6\/\" class=\"elementor-item menu-link\">6 Mobiliser les intercesseurs<\/a><\/li>\n<li class=\"menu-item menu-item-type-post_type menu-item-object-page menu-item-299\"><a href=\"https:\/\/www.mdiscipleship.net\/fr\/prayer-7\/\" class=\"elementor-item menu-link\">7 Vivre un mode de vie 3G<\/a><\/li>\n<\/ul>\t\t\t<\/nav>\n\t\t\t\t\t<div class=\"elementor-menu-toggle\" role=\"button\" tabindex=\"0\" aria-label=\"Menu Toggle\" aria-expanded=\"false\">\n\t\t\t<i aria-hidden=\"true\" role=\"presentation\" class=\"elementor-menu-toggle__icon--open eicon-menu-bar\"><\/i><i aria-hidden=\"true\" role=\"presentation\" class=\"elementor-menu-toggle__icon--close eicon-close\"><\/i>\t\t<\/div>\n\t\t\t\t\t<nav class=\"elementor-nav-menu--dropdown elementor-nav-menu__container\" aria-hidden=\"true\">\n\t\t\t\t<ul id=\"menu-2-c4a7c6a\" class=\"elementor-nav-menu\"><li class=\"menu-item menu-item-type-post_type menu-item-object-page menu-item-307\"><a href=\"https:\/\/www.mdiscipleship.net\/fr\/prayer-1\/\" class=\"elementor-item menu-link\" tabindex=\"-1\">1 Comment prier<\/a><\/li>\n<li class=\"menu-item menu-item-type-post_type menu-item-object-page menu-item-306\"><a href=\"https:\/\/www.mdiscipleship.net\/fr\/prayer-1a\/\" class=\"elementor-item menu-link\" tabindex=\"-1\">1A Comment prier (R\u00e9ponses)<\/a><\/li>\n<li class=\"menu-item menu-item-type-post_type menu-item-object-page menu-item-304\"><a href=\"https:\/\/www.mdiscipleship.net\/fr\/prayer-2\/\" class=\"elementor-item menu-link\" tabindex=\"-1\">2 Le plan merveilleux de Dieu pour la pri\u00e8re<\/a><\/li>\n<li class=\"menu-item menu-item-type-post_type menu-item-object-page menu-item-305\"><a href=\"https:\/\/www.mdiscipleship.net\/fr\/prayer-3\/\" class=\"elementor-item menu-link\" tabindex=\"-1\">3 S'affermir dans la pri\u00e8re<\/a><\/li>\n<li class=\"menu-item menu-item-type-post_type menu-item-object-page menu-item-303\"><a href=\"https:\/\/www.mdiscipleship.net\/fr\/prayer-3b\/\" class=\"elementor-item menu-link\" tabindex=\"-1\">3B Les attributs de Dieu<\/a><\/li>\n<li class=\"menu-item menu-item-type-post_type menu-item-object-page menu-item-302\"><a href=\"https:\/\/www.mdiscipleship.net\/fr\/prayer-4\/\" class=\"elementor-item menu-link\" tabindex=\"-1\">4 Se pr\u00e9parer au combat spirituel<\/a><\/li>\n<li class=\"menu-item menu-item-type-post_type menu-item-object-page menu-item-301\"><a href=\"https:\/\/www.mdiscipleship.net\/fr\/prayer-5\/\" class=\"elementor-item menu-link\" tabindex=\"-1\">5 La puissance de l'intercession en entreprise<\/a><\/li>\n<li class=\"menu-item menu-item-type-post_type menu-item-object-page menu-item-300\"><a href=\"https:\/\/www.mdiscipleship.net\/fr\/prayer-6\/\" class=\"elementor-item menu-link\" tabindex=\"-1\">6 Mobiliser les intercesseurs<\/a><\/li>\n<li class=\"menu-item menu-item-type-post_type menu-item-object-page menu-item-299\"><a href=\"https:\/\/www.mdiscipleship.net\/fr\/prayer-7\/\" class=\"elementor-item menu-link\" tabindex=\"-1\">7 Vivre un mode de vie 3G<\/a><\/li>\n<\/ul>\t\t\t<\/nav>\n\t\t\t\t\t\t<\/div>\n\t\t\t\t<\/div>\n\t\t\t\t\t<\/div>\n\t\t<\/div>\n\t\t\t\t\t<\/div>\n\t\t<\/section>\n\t\t\t\t<\/div>","protected":false},"excerpt":{"rendered":"<p>Mouvement de la Grande Commission du GhanaS\u00e9rie de formation \u00e0 la pri\u00e8re LE\u00c7ON 5 La puissance de l'intercession collective Fondement biblique : L\u00e9vitique 26:8 La pri\u00e8re collective est simplement le fait de prier ensemble en tant que corps du Christ en accord. C'est une corporation avec Dieu pour r\u00e9aliser son plan. Quelle \u00e9tait l'importance de la pri\u00e8re collective dans l'\u00c9glise primitive ? L'\u00c9glise primitive se r\u00e9unissait r\u00e9guli\u00e8rement [...]<\/p>","protected":false},"author":27229,"featured_media":0,"parent":0,"menu_order":0,"comment_status":"closed","ping_status":"closed","template":"","meta":{"_acf_changed":false,"inline_featured_image":false,"site-sidebar-layout":"no-sidebar","site-content-layout":"content-boxed-container","ast-site-content-layout":"default","site-content-style":"default","site-sidebar-style":"default","ast-global-header-display":"","ast-banner-title-visibility":"","ast-main-header-display":"","ast-hfb-above-header-display":"","ast-hfb-below-header-display":"","ast-hfb-mobile-header-display":"","site-post-title":"disabled","ast-breadcrumbs-content":"disabled","ast-featured-img":"disabled","footer-sml-layout":"disabled","ast-disable-related-posts":"","theme-transparent-header-meta":"default","adv-header-id-meta":"","stick-header-meta":"","header-above-stick-meta":"","header-main-stick-meta":"","header-below-stick-meta":"","astra-migrate-meta-layouts":"default","ast-page-background-enabled":"default","ast-page-background-meta":{"desktop":{"background-color":"","background-image":"","background-repeat":"repeat","background-position":"center center","background-size":"auto","background-attachment":"scroll","background-type":"","background-media":"","overlay-type":"","overlay-color":"","overlay-opacity":"","overlay-gradient":""},"tablet":{"background-color":"","background-image":"","background-repeat":"repeat","background-position":"center center","background-size":"auto","background-attachment":"scroll","background-type":"","background-media":"","overlay-type":"","overlay-color":"","overlay-opacity":"","overlay-gradient":""},"mobile":{"background-color":"","background-image":"","background-repeat":"repeat","background-position":"center center","background-size":"auto","background-attachment":"scroll","background-type":"","background-media":"","overlay-type":"","overlay-color":"","overlay-opacity":"","overlay-gradient":""}},"ast-content-background-meta":{"desktop":{"background-color":"var(--ast-global-color-5)","background-image":"","background-repeat":"repeat","background-position":"center center","background-size":"auto","background-attachment":"scroll","background-type":"","background-media":"","overlay-type":"","overlay-color":"","overlay-opacity":"","overlay-gradient":""},"tablet":{"background-color":"var(--ast-global-color-5)","background-image":"","background-repeat":"repeat","background-position":"center center","background-size":"auto","background-attachment":"scroll","background-type":"","background-media":"","overlay-type":"","overlay-color":"","overlay-opacity":"","overlay-gradient":""},"mobile":{"background-color":"var(--ast-global-color-5)","background-image":"","background-repeat":"repeat","background-position":"center center","background-size":"auto","background-attachment":"scroll","background-type":"","background-media":"","overlay-type":"","overlay-color":"","overlay-opacity":"","overlay-gradient":""}},"footnotes":""},"class_list":["post-289","page","type-page","status-publish","hentry"],"acf":[],"jetpack_sharing_enabled":true,"meta_box":{"_cloudsearch_visibility":""},"_links":{"self":[{"href":"https:\/\/www.mdiscipleship.net\/fr\/wp-json\/wp\/v2\/pages\/289","targetHints":{"allow":["GET"]}}],"collection":[{"href":"https:\/\/www.mdiscipleship.net\/fr\/wp-json\/wp\/v2\/pages"}],"about":[{"href":"https:\/\/www.mdiscipleship.net\/fr\/wp-json\/wp\/v2\/types\/page"}],"author":[{"embeddable":true,"href":"https:\/\/www.mdiscipleship.net\/fr\/wp-json\/wp\/v2\/users\/27229"}],"replies":[{"embeddable":true,"href":"https:\/\/www.mdiscipleship.net\/fr\/wp-json\/wp\/v2\/comments?post=289"}],"version-history":[{"count":4,"href":"https:\/\/www.mdiscipleship.net\/fr\/wp-json\/wp\/v2\/pages\/289\/revisions"}],"predecessor-version":[{"id":428,"href":"https:\/\/www.mdiscipleship.net\/fr\/wp-json\/wp\/v2\/pages\/289\/revisions\/428"}],"wp:attachment":[{"href":"https:\/\/www.mdiscipleship.net\/fr\/wp-json\/wp\/v2\/media?parent=289"}],"curies":[{"name":"wp","href":"https:\/\/api.w.org\/{rel}","templated":true}]}}