{"id":292,"date":"2020-08-06T21:32:50","date_gmt":"2020-08-06T21:32:50","guid":{"rendered":"https:\/\/www.mdiscipleship.net\/?page_id=292"},"modified":"2020-11-16T03:36:46","modified_gmt":"2020-11-16T03:36:46","slug":"prayer-6","status":"publish","type":"page","link":"https:\/\/www.mdiscipleship.net\/fr\/prayer-6\/","title":{"rendered":"6 Mobiliser les intercesseurs"},"content":{"rendered":"<div data-elementor-type=\"wp-page\" data-elementor-id=\"292\" class=\"elementor elementor-292\" data-elementor-post-type=\"page\">\n\t\t\t\t\t\t<section class=\"elementor-section elementor-top-section elementor-element elementor-element-69aa72cc elementor-section-boxed elementor-section-height-default elementor-section-height-default\" data-id=\"69aa72cc\" data-element_type=\"section\">\n\t\t\t\t\t\t<div class=\"elementor-container elementor-column-gap-default\">\n\t\t\t\t\t<div class=\"elementor-column elementor-col-100 elementor-top-column elementor-element elementor-element-5bd29db1\" data-id=\"5bd29db1\" data-element_type=\"column\">\n\t\t\t<div class=\"elementor-widget-wrap elementor-element-populated\">\n\t\t\t\t\t\t<div class=\"elementor-element elementor-element-5301ed71 elementor-widget elementor-widget-text-editor\" data-id=\"5301ed71\" data-element_type=\"widget\" data-widget_type=\"text-editor.default\">\n\t\t\t\t<div class=\"elementor-widget-container\">\n\t\t\t\t\t\t\t\t\t<p><span style=\"color: #000080\"><strong>Mouvement de la Grande Commission du Ghana<\/strong><\/span><br \/><span style=\"color: #000080\"><strong>S\u00e9rie de formation \u00e0 la pri\u00e8re<\/strong><\/span><\/p><h3 style=\"text-align: center\"><span style=\"color: #000080\"><strong>LE\u00c7ON 6<\/strong><\/span><\/h3><h3 style=\"text-align: center\"><span style=\"color: #000080\">Mobiliser les intercesseurs<\/span><\/h3><p><strong><span style=\"color: #000080\">Fondement biblique : Ez\u00e9chiel 22 : 30<\/span><\/strong><\/p><p>Par la pri\u00e8re de Mo\u00efse, Dieu a fait tomber les fl\u00e9aux sur l'\u00c9gypte, puis les a retir\u00e9s (Exode 7-11). Par la pri\u00e8re, \u00c9lie a retenu la pluie pendant trois ans et demi, puis l'a fait tomber \u00e0 nouveau (1 Rois 17,18). Des personnes ont \u00e9t\u00e9 d\u00e9livr\u00e9es de dangers, gu\u00e9ries de maladies, ont vu des \u00eatres chers gu\u00e9ris, ont \u00e9t\u00e9 t\u00e9moins d'innombrables miracles, entre autres, gr\u00e2ce \u00e0 des pri\u00e8res ferventes.<\/p><ol><li><span style=\"color: #000080\"><strong>La n\u00e9cessit\u00e9 de l'heure<\/strong><\/span><\/li><\/ol><p>Quel est le plus grand besoin de notre monde aujourd'hui ?<\/p><ul><li>Jean 12:31,32<\/li><li>Jean 3:16<\/li><li>Matthieu 28:18-20<\/li><\/ul><p><span style=\"color: #000080\"><strong>2. La pri\u00e8re consentie <\/strong><\/span><\/p><p>Comment pouvons-nous prier strat\u00e9giquement pour attirer des hommes et faire des disciples pour le Christ ?<\/p><ul><li>J\u00e9r\u00e9mie 33:3<\/li><li>L\u00e9vitique 26:8<\/li><\/ul><ol start=\"3\"><li><strong><span style=\"color: #000080\">Comment s'impliquer ?<\/span><\/strong><\/li><\/ol><p>Matthieu 18:20<\/p><ul><li>Demandez \u00e0 d'autres personnes, individuellement ou en petits groupes, de prier.<\/li><\/ul><p><strong><span style=\"color: #000080\">R\u00e9flexion personnelle :<\/span><\/strong><\/p><ol><li>L'Esprit de Dieu g\u00e9n\u00e8re des mouvements spirituels de pri\u00e8re. Comment pensez-vous que Dieu pourrait vous utiliser pour g\u00e9n\u00e9rer de tels mouvements ?<\/li><li>Quelles strat\u00e9gies peuvent \u00eatre employ\u00e9es pour mobiliser et soutenir les intercesseurs du Royaume ?<\/li><\/ol><p><span style=\"color: #000080\"><strong>\u00c9tape pratique<\/strong><\/span><\/p><ul><li>Rappelez-vous que le moyen utilis\u00e9 par J\u00e9sus pour obtenir des r\u00e9ponses est de prier pour les gens. Demandez \u00e0 Dieu qu'il y ait suffisamment d'intercesseurs qui se tiennent dans l'intervalle pour prier.<\/li><li>R\u00e9fl\u00e9chissez dans la pri\u00e8re aux strat\u00e9gies que vous pouvez utiliser pour mobiliser davantage d'intercesseurs et les soutenir. Acceptez de soutenir cette pri\u00e8re jusqu'\u00e0 ce que vous obteniez des r\u00e9sultats<em>.<\/em><\/li><\/ul><blockquote><p><strong><span style=\"color: #000080\">R\u00e9ponse \u00e0 la pri\u00e8re<\/span><\/strong><\/p><p>Seigneur J\u00e9sus, je veux faire de la pri\u00e8re mon travail principal dans la vie. Aide-moi, P\u00e8re c\u00e9leste, \u00e0 inspirer d'autres personnes \u00e0 prier pour l'accomplissement de la Grande Commission. Garde notre vision sur les objectifs et les victoires que tu nous donneras dans ton ar\u00e8ne. Esprit de Dieu, utilise-moi pour recruter des intercesseurs. Souffle sur les autres \u00e0 travers moi l'Esprit de gr\u00e2ce et de supplications. Je me donne \u00e0 Toi pour cette haute vocation. Par J\u00e9sus-Christ, mon Seigneur. Amen.<\/p><\/blockquote><p><strong>GCMGH \u00a9 Prayer Series #6 Mobilizing Intercessors, Sept\/2020<\/strong><\/p>\t\t\t\t\t\t\t\t<\/div>\n\t\t\t\t<\/div>\n\t\t\t\t\t<\/div>\n\t\t<\/div>\n\t\t\t\t\t<\/div>\n\t\t<\/section>\n\t\t\t\t<section class=\"elementor-section elementor-top-section elementor-element elementor-element-5343cc2 elementor-section-boxed elementor-section-height-default elementor-section-height-default\" data-id=\"5343cc2\" data-element_type=\"section\">\n\t\t\t\t\t\t<div class=\"elementor-container elementor-column-gap-default\">\n\t\t\t\t\t<div class=\"elementor-column elementor-col-100 elementor-top-column elementor-element elementor-element-4099f22\" data-id=\"4099f22\" data-element_type=\"column\">\n\t\t\t<div class=\"elementor-widget-wrap elementor-element-populated\">\n\t\t\t\t\t\t<div class=\"elementor-element elementor-element-bec10f4 elementor-align-center elementor-widget elementor-widget-button\" data-id=\"bec10f4\" data-element_type=\"widget\" data-widget_type=\"button.default\">\n\t\t\t\t<div class=\"elementor-widget-container\">\n\t\t\t\t\t\t\t\t\t<div class=\"elementor-button-wrapper\">\n\t\t\t\t\t<a class=\"elementor-button elementor-button-link elementor-size-md\" href=\"https:\/\/forms.gle\/yA6rj83foHCdV8HSA\">\n\t\t\t\t\t\t<span class=\"elementor-button-content-wrapper\">\n\t\t\t\t\t\t\t\t\t<span class=\"elementor-button-text\">Cliquez ici pour terminer la le\u00e7on<\/span>\n\t\t\t\t\t<\/span>\n\t\t\t\t\t<\/a>\n\t\t\t\t<\/div>\n\t\t\t\t\t\t\t\t<\/div>\n\t\t\t\t<\/div>\n\t\t\t\t<div class=\"elementor-element elementor-element-28aa367 elementor-widget-divider--view-line elementor-widget elementor-widget-divider\" data-id=\"28aa367\" data-element_type=\"widget\" data-widget_type=\"divider.default\">\n\t\t\t\t<div class=\"elementor-widget-container\">\n\t\t\t\t\t\t\t<div class=\"elementor-divider\">\n\t\t\t<span class=\"elementor-divider-separator\">\n\t\t\t\t\t\t<\/span>\n\t\t<\/div>\n\t\t\t\t\t\t<\/div>\n\t\t\t\t<\/div>\n\t\t\t\t\t<\/div>\n\t\t<\/div>\n\t\t\t\t\t<\/div>\n\t\t<\/section>\n\t\t\t\t<section class=\"elementor-section elementor-top-section elementor-element elementor-element-3b4f48a elementor-section-boxed elementor-section-height-default elementor-section-height-default\" data-id=\"3b4f48a\" data-element_type=\"section\">\n\t\t\t\t\t\t<div class=\"elementor-container elementor-column-gap-default\">\n\t\t\t\t\t<div class=\"elementor-column elementor-col-100 elementor-top-column elementor-element elementor-element-339e6c4\" data-id=\"339e6c4\" data-element_type=\"column\">\n\t\t\t<div class=\"elementor-widget-wrap elementor-element-populated\">\n\t\t\t\t\t\t<div class=\"elementor-element elementor-element-02942e1 elementor-widget elementor-widget-heading\" data-id=\"02942e1\" data-element_type=\"widget\" data-widget_type=\"heading.default\">\n\t\t\t\t<div class=\"elementor-widget-container\">\n\t\t\t\t\t<h3 class=\"elementor-heading-title elementor-size-default\">Le\u00e7ons de formation \u00e0 la pri\u00e8re<\/h3>\t\t\t\t<\/div>\n\t\t\t\t<\/div>\n\t\t\t\t\t<\/div>\n\t\t<\/div>\n\t\t\t\t\t<\/div>\n\t\t<\/section>\n\t\t\t\t<section class=\"elementor-section elementor-top-section elementor-element elementor-element-7b0b3e9 elementor-section-boxed elementor-section-height-default elementor-section-height-default\" data-id=\"7b0b3e9\" data-element_type=\"section\">\n\t\t\t\t\t\t<div class=\"elementor-container elementor-column-gap-default\">\n\t\t\t\t\t<div class=\"elementor-column elementor-col-100 elementor-top-column elementor-element elementor-element-ea35752\" data-id=\"ea35752\" data-element_type=\"column\">\n\t\t\t<div class=\"elementor-widget-wrap elementor-element-populated\">\n\t\t\t\t\t\t<div class=\"elementor-element elementor-element-0acc953 elementor-nav-menu__align-center elementor-nav-menu--dropdown-tablet elementor-nav-menu__text-align-aside elementor-nav-menu--toggle elementor-nav-menu--burger elementor-widget elementor-widget-nav-menu\" data-id=\"0acc953\" data-element_type=\"widget\" data-settings=\"{&quot;layout&quot;:&quot;horizontal&quot;,&quot;submenu_icon&quot;:{&quot;value&quot;:&quot;&lt;i class=\\&quot;fas fa-caret-down\\&quot; aria-hidden=\\&quot;true\\&quot;&gt;&lt;\\\/i&gt;&quot;,&quot;library&quot;:&quot;fa-solid&quot;},&quot;toggle&quot;:&quot;burger&quot;}\" data-widget_type=\"nav-menu.default\">\n\t\t\t\t<div class=\"elementor-widget-container\">\n\t\t\t\t\t\t\t\t<nav aria-label=\"Menu\" class=\"elementor-nav-menu--main elementor-nav-menu__container elementor-nav-menu--layout-horizontal e--pointer-underline e--animation-fade\">\n\t\t\t\t<ul id=\"menu-1-0acc953\" class=\"elementor-nav-menu\"><li class=\"menu-item menu-item-type-post_type menu-item-object-page menu-item-307\"><a href=\"https:\/\/www.mdiscipleship.net\/fr\/prayer-1\/\" class=\"elementor-item menu-link\">1 Comment prier<\/a><\/li>\n<li class=\"menu-item menu-item-type-post_type menu-item-object-page menu-item-306\"><a href=\"https:\/\/www.mdiscipleship.net\/fr\/prayer-1a\/\" class=\"elementor-item menu-link\">1A Comment prier (R\u00e9ponses)<\/a><\/li>\n<li class=\"menu-item menu-item-type-post_type menu-item-object-page menu-item-304\"><a href=\"https:\/\/www.mdiscipleship.net\/fr\/prayer-2\/\" class=\"elementor-item menu-link\">2 Le plan merveilleux de Dieu pour la pri\u00e8re<\/a><\/li>\n<li class=\"menu-item menu-item-type-post_type menu-item-object-page menu-item-305\"><a href=\"https:\/\/www.mdiscipleship.net\/fr\/prayer-3\/\" class=\"elementor-item menu-link\">3 S'affermir dans la pri\u00e8re<\/a><\/li>\n<li class=\"menu-item menu-item-type-post_type menu-item-object-page menu-item-303\"><a href=\"https:\/\/www.mdiscipleship.net\/fr\/prayer-3b\/\" class=\"elementor-item menu-link\">3B Les attributs de Dieu<\/a><\/li>\n<li class=\"menu-item menu-item-type-post_type menu-item-object-page menu-item-302\"><a href=\"https:\/\/www.mdiscipleship.net\/fr\/prayer-4\/\" class=\"elementor-item menu-link\">4 Se pr\u00e9parer au combat spirituel<\/a><\/li>\n<li class=\"menu-item menu-item-type-post_type menu-item-object-page menu-item-301\"><a href=\"https:\/\/www.mdiscipleship.net\/fr\/prayer-5\/\" class=\"elementor-item menu-link\">5 La puissance de l'intercession en entreprise<\/a><\/li>\n<li class=\"menu-item menu-item-type-post_type menu-item-object-page menu-item-300\"><a href=\"https:\/\/www.mdiscipleship.net\/fr\/prayer-6\/\" class=\"elementor-item menu-link\">6 Mobiliser les intercesseurs<\/a><\/li>\n<li class=\"menu-item menu-item-type-post_type menu-item-object-page menu-item-299\"><a href=\"https:\/\/www.mdiscipleship.net\/fr\/prayer-7\/\" class=\"elementor-item menu-link\">7 Vivre un mode de vie 3G<\/a><\/li>\n<\/ul>\t\t\t<\/nav>\n\t\t\t\t\t<div class=\"elementor-menu-toggle\" role=\"button\" tabindex=\"0\" aria-label=\"Menu Toggle\" aria-expanded=\"false\">\n\t\t\t<i aria-hidden=\"true\" role=\"presentation\" class=\"elementor-menu-toggle__icon--open eicon-menu-bar\"><\/i><i aria-hidden=\"true\" role=\"presentation\" class=\"elementor-menu-toggle__icon--close eicon-close\"><\/i>\t\t<\/div>\n\t\t\t\t\t<nav class=\"elementor-nav-menu--dropdown elementor-nav-menu__container\" aria-hidden=\"true\">\n\t\t\t\t<ul id=\"menu-2-0acc953\" class=\"elementor-nav-menu\"><li class=\"menu-item menu-item-type-post_type menu-item-object-page menu-item-307\"><a href=\"https:\/\/www.mdiscipleship.net\/fr\/prayer-1\/\" class=\"elementor-item menu-link\" tabindex=\"-1\">1 Comment prier<\/a><\/li>\n<li class=\"menu-item menu-item-type-post_type menu-item-object-page menu-item-306\"><a href=\"https:\/\/www.mdiscipleship.net\/fr\/prayer-1a\/\" class=\"elementor-item menu-link\" tabindex=\"-1\">1A Comment prier (R\u00e9ponses)<\/a><\/li>\n<li class=\"menu-item menu-item-type-post_type menu-item-object-page menu-item-304\"><a href=\"https:\/\/www.mdiscipleship.net\/fr\/prayer-2\/\" class=\"elementor-item menu-link\" tabindex=\"-1\">2 Le plan merveilleux de Dieu pour la pri\u00e8re<\/a><\/li>\n<li class=\"menu-item menu-item-type-post_type menu-item-object-page menu-item-305\"><a href=\"https:\/\/www.mdiscipleship.net\/fr\/prayer-3\/\" class=\"elementor-item menu-link\" tabindex=\"-1\">3 S'affermir dans la pri\u00e8re<\/a><\/li>\n<li class=\"menu-item menu-item-type-post_type menu-item-object-page menu-item-303\"><a href=\"https:\/\/www.mdiscipleship.net\/fr\/prayer-3b\/\" class=\"elementor-item menu-link\" tabindex=\"-1\">3B Les attributs de Dieu<\/a><\/li>\n<li class=\"menu-item menu-item-type-post_type menu-item-object-page menu-item-302\"><a href=\"https:\/\/www.mdiscipleship.net\/fr\/prayer-4\/\" class=\"elementor-item menu-link\" tabindex=\"-1\">4 Se pr\u00e9parer au combat spirituel<\/a><\/li>\n<li class=\"menu-item menu-item-type-post_type menu-item-object-page menu-item-301\"><a href=\"https:\/\/www.mdiscipleship.net\/fr\/prayer-5\/\" class=\"elementor-item menu-link\" tabindex=\"-1\">5 La puissance de l'intercession en entreprise<\/a><\/li>\n<li class=\"menu-item menu-item-type-post_type menu-item-object-page menu-item-300\"><a href=\"https:\/\/www.mdiscipleship.net\/fr\/prayer-6\/\" class=\"elementor-item menu-link\" tabindex=\"-1\">6 Mobiliser les intercesseurs<\/a><\/li>\n<li class=\"menu-item menu-item-type-post_type menu-item-object-page menu-item-299\"><a href=\"https:\/\/www.mdiscipleship.net\/fr\/prayer-7\/\" class=\"elementor-item menu-link\" tabindex=\"-1\">7 Vivre un mode de vie 3G<\/a><\/li>\n<\/ul>\t\t\t<\/nav>\n\t\t\t\t\t\t<\/div>\n\t\t\t\t<\/div>\n\t\t\t\t\t<\/div>\n\t\t<\/div>\n\t\t\t\t\t<\/div>\n\t\t<\/section>\n\t\t\t\t<\/div>","protected":false},"excerpt":{"rendered":"<p>Mouvement de la Grande Commission du GhanaS\u00e9rie de formation \u00e0 la pri\u00e8re LE\u00c7ON 6 Mobiliser les intercesseurs Fondement biblique : Ez\u00e9chiel 22 : 30 Par la pri\u00e8re de Mo\u00efse, Dieu a fait tomber les plaies sur l'Egypte, puis les a retir\u00e9es (Exode 7-11). Par la pri\u00e8re, Elie a retenu les pluies pendant trois ans et demi, puis les a fait tomber \u00e0 nouveau (1 [...]<\/p>","protected":false},"author":27229,"featured_media":0,"parent":0,"menu_order":0,"comment_status":"closed","ping_status":"closed","template":"","meta":{"_acf_changed":false,"inline_featured_image":false,"site-sidebar-layout":"right-sidebar","site-content-layout":"content-boxed-container","ast-site-content-layout":"default","site-content-style":"default","site-sidebar-style":"default","ast-global-header-display":"","ast-banner-title-visibility":"","ast-main-header-display":"","ast-hfb-above-header-display":"","ast-hfb-below-header-display":"","ast-hfb-mobile-header-display":"","site-post-title":"disabled","ast-breadcrumbs-content":"disabled","ast-featured-img":"disabled","footer-sml-layout":"disabled","ast-disable-related-posts":"","theme-transparent-header-meta":"default","adv-header-id-meta":"","stick-header-meta":"","header-above-stick-meta":"","header-main-stick-meta":"","header-below-stick-meta":"","astra-migrate-meta-layouts":"default","ast-page-background-enabled":"default","ast-page-background-meta":{"desktop":{"background-color":"","background-image":"","background-repeat":"repeat","background-position":"center center","background-size":"auto","background-attachment":"scroll","background-type":"","background-media":"","overlay-type":"","overlay-color":"","overlay-opacity":"","overlay-gradient":""},"tablet":{"background-color":"","background-image":"","background-repeat":"repeat","background-position":"center center","background-size":"auto","background-attachment":"scroll","background-type":"","background-media":"","overlay-type":"","overlay-color":"","overlay-opacity":"","overlay-gradient":""},"mobile":{"background-color":"","background-image":"","background-repeat":"repeat","background-position":"center center","background-size":"auto","background-attachment":"scroll","background-type":"","background-media":"","overlay-type":"","overlay-color":"","overlay-opacity":"","overlay-gradient":""}},"ast-content-background-meta":{"desktop":{"background-color":"var(--ast-global-color-5)","background-image":"","background-repeat":"repeat","background-position":"center center","background-size":"auto","background-attachment":"scroll","background-type":"","background-media":"","overlay-type":"","overlay-color":"","overlay-opacity":"","overlay-gradient":""},"tablet":{"background-color":"var(--ast-global-color-5)","background-image":"","background-repeat":"repeat","background-position":"center center","background-size":"auto","background-attachment":"scroll","background-type":"","background-media":"","overlay-type":"","overlay-color":"","overlay-opacity":"","overlay-gradient":""},"mobile":{"background-color":"var(--ast-global-color-5)","background-image":"","background-repeat":"repeat","background-position":"center center","background-size":"auto","background-attachment":"scroll","background-type":"","background-media":"","overlay-type":"","overlay-color":"","overlay-opacity":"","overlay-gradient":""}},"footnotes":""},"class_list":["post-292","page","type-page","status-publish","hentry"],"acf":[],"jetpack_sharing_enabled":true,"meta_box":{"_cloudsearch_visibility":""},"_links":{"self":[{"href":"https:\/\/www.mdiscipleship.net\/fr\/wp-json\/wp\/v2\/pages\/292","targetHints":{"allow":["GET"]}}],"collection":[{"href":"https:\/\/www.mdiscipleship.net\/fr\/wp-json\/wp\/v2\/pages"}],"about":[{"href":"https:\/\/www.mdiscipleship.net\/fr\/wp-json\/wp\/v2\/types\/page"}],"author":[{"embeddable":true,"href":"https:\/\/www.mdiscipleship.net\/fr\/wp-json\/wp\/v2\/users\/27229"}],"replies":[{"embeddable":true,"href":"https:\/\/www.mdiscipleship.net\/fr\/wp-json\/wp\/v2\/comments?post=292"}],"version-history":[{"count":5,"href":"https:\/\/www.mdiscipleship.net\/fr\/wp-json\/wp\/v2\/pages\/292\/revisions"}],"predecessor-version":[{"id":429,"href":"https:\/\/www.mdiscipleship.net\/fr\/wp-json\/wp\/v2\/pages\/292\/revisions\/429"}],"wp:attachment":[{"href":"https:\/\/www.mdiscipleship.net\/fr\/wp-json\/wp\/v2\/media?parent=292"}],"curies":[{"name":"wp","href":"https:\/\/api.w.org\/{rel}","templated":true}]}}