{"id":35,"date":"2019-08-19T11:54:34","date_gmt":"2019-08-19T11:54:34","guid":{"rendered":"https:\/\/www.mdiscipleship.net\/?page_id=35"},"modified":"2019-08-19T12:54:11","modified_gmt":"2019-08-19T12:54:11","slug":"4facts","status":"publish","type":"page","link":"https:\/\/www.mdiscipleship.net\/fr\/4facts\/","title":{"rendered":"4 Faits"},"content":{"rendered":"<header class=\"entry-header\">\n<h1 class=\"entry-title\"><\/h1>\n<\/header>\n<div class=\"entry-content\">\n<p>En voici quatre <strong>FAITS<\/strong> que vous devez conna\u00eetre personnellement<\/p>\n<p>En r\u00e9alit\u00e9, un\u00a0<strong>fait<\/strong>\u00a0est quelque chose qui s'est r\u00e9ellement produit ou qui est vraiment le cas. Le test habituel pour une d\u00e9claration de fait est l'authenticit\u00e9, c'est-\u00e0-dire s'il peut \u00eatre d\u00e9montr\u00e9 qu'elle correspond \u00e0 l'exp\u00e9rience.<\/p>\n<p>J'ai besoin que vous connaissiez quatre faits que j'ai d\u00e9couverts et qui ont eu du sens pour beaucoup de gens.<\/p>\n<h2 style=\"color: #27459b\">Fait 1<\/h2>\n<h6>Dieu aime\u00a0<strong>VOUS<\/strong>!<\/h6>\n<p>La Bible dit : \"Dieu a tant aim\u00e9 le monde qu'il a donn\u00e9 son Fils unique, afin que quiconque croit en lui ne se perde pas, mais ait la vie \u00e9ternelle\"<\/p>\n<p><em>Mais le probl\u00e8me est que...<\/em><\/p>\n<h2 style=\"color: #27459b\">Fait 2<\/h2>\n<h6>Il nous est arriv\u00e9 \u00e0 tous de faire, de dire ou de penser des choses qui sont <strong>FAUX<\/strong>. C'est ce qu'on appelle\u00a0<strong>SIN<\/strong>et nos p\u00e9ch\u00e9s ont\u00a0<strong>S\u00c9PAR\u00c9<\/strong>\u00a0de Dieu.<\/h6>\n<p>La Bible dit que \"tous ont p\u00e9ch\u00e9 et ne sont pas \u00e0 la hauteur de la gloire de Dieu\". Dieu est parfait et saint, et nos p\u00e9ch\u00e9s nous s\u00e9parent de lui pour toujours. La Bible dit que \"le salaire du p\u00e9ch\u00e9, c'est la mort\". La mort signifie ici la s\u00e9paration spirituelle d'avec Dieu !<\/p>\n<p><em>La bonne nouvelle, c'est qu'il y a environ 2 000 ans...<\/em><\/p>\n<h2 style=\"color: #27459b\">Fait 3<\/h2>\n<h6>Dieu a envoy\u00e9 ses\u00a0<strong>FILS UNIQUE,<\/strong>\u00a0J\u00e9sus-Christ, pour mourir\u00a0<strong>NOS P\u00c9CH\u00c9S<\/strong>.<\/h6>\n<p>J\u00e9sus est le Fils de Dieu. Il a v\u00e9cu une vie sans p\u00e9ch\u00e9 (l'homme parfait) et est mort sur la croix pour payer la peine de nos p\u00e9ch\u00e9s. \"Dieu d\u00e9montre son amour pour nous en ce que, alors que nous \u00e9tions encore p\u00e9cheurs, le Christ est mort pour nous.<\/p>\n<p>J\u00e9sus est ressuscit\u00e9 des morts et vit maintenant au ciel avec Dieu son P\u00e8re. Il nous offre le don de la vie \u00e9ternelle - de vivre pour toujours avec lui au ciel si nous l'acceptons comme notre Seigneur et Sauveur. J\u00e9sus a dit : \"Je suis le Chemin, la V\u00e9rit\u00e9 et la Vie. Personne ne vient au P\u00e8re si ce n'est par moi\".<\/p>\n<p>Dieu vous tend la main dans l'amour et veut que vous soyez son enfant. \"Il a donn\u00e9 \u00e0 tous ceux qui l'ont re\u00e7u le droit de devenir enfants de Dieu, \u00e0 ceux qui croient en son nom. Tu peux choisir de demander \u00e0 J\u00e9sus-Christ de pardonner tes p\u00e9ch\u00e9s et d'entrer dans ta vie en tant que Seigneur et Sauveur.<\/p>\n<p><em>Il ne suffit pas de conna\u00eetre ces trois faits...<\/em><\/p>\n<h2 style=\"color: #27459b\">Fait 4<\/h2>\n<h6>Nous DEVONS tous recevoir J\u00e9sus comme SAUVEUR et SEIGNEUR afin de faire l'exp\u00e9rience de son AMOUR et de son PARDICTION pour nos p\u00e9ch\u00e9s.<\/h6>\n<p>Vous souhaitez\u00a0<strong>ACCEPTEZ LE CHRIST COMME VOTRE SAUVEUR<\/strong>\u00a0et de vous d\u00e9tourner de vos p\u00e9ch\u00e9s ; vous pouvez lui demander d'\u00eatre votre Seigneur et votre Sauveur en r\u00e9citant une pri\u00e8re comme celle-ci :<\/p>\n<blockquote>\n<p style=\"color: #27459b\"><strong>Seigneur J\u00e9sus, je reconnais que j'ai dirig\u00e9 ma propre vie et que j'ai p\u00e9ch\u00e9 contre toi. Viens dans ma vie et pardonne mes p\u00e9ch\u00e9s, prends le contr\u00f4le de ma vie et fais de moi une nouvelle personne. Merci d'avoir r\u00e9pondu \u00e0 ma pri\u00e8re. Amen !<\/strong><\/p>\n<\/blockquote>\n<p>Cette pri\u00e8re exprime-t-elle le d\u00e9sir de votre c\u0153ur ? Si c'est le cas, priez maintenant, le Seigneur viendra dans votre c\u0153ur comme il l'a promis dans Apocalypse 3:20. Rappelez-vous que ce n'est pas la quantit\u00e9 de mots qui vous sauvera, mais la sinc\u00e9rit\u00e9 de votre c\u0153ur \u00e0 croire en J\u00e9sus-Christ.<\/p>\n<\/div>","protected":false},"excerpt":{"rendered":"<p>Voici quatre FAITS que vous devez conna\u00eetre personnellement En r\u00e9alit\u00e9, un fait est quelque chose qui s'est r\u00e9ellement produit ou qui est vraiment le cas. Le test habituel pour une d\u00e9claration de fait est l'authenticit\u00e9, c'est-\u00e0-dire s'il peut \u00eatre d\u00e9montr\u00e9 qu'elle correspond \u00e0 l'exp\u00e9rience. J'ai besoin que vous connaissiez quatre faits que j'ai d\u00e9couverts et que j'ai rendus [...]<\/p>","protected":false},"author":13428,"featured_media":0,"parent":0,"menu_order":0,"comment_status":"closed","ping_status":"closed","template":"","meta":{"_acf_changed":false,"inline_featured_image":false,"site-sidebar-layout":"default","site-content-layout":"default","ast-site-content-layout":"default","site-content-style":"default","site-sidebar-style":"default","ast-global-header-display":"","ast-banner-title-visibility":"","ast-main-header-display":"","ast-hfb-above-header-display":"","ast-hfb-below-header-display":"","ast-hfb-mobile-header-display":"","site-post-title":"","ast-breadcrumbs-content":"","ast-featured-img":"","footer-sml-layout":"","ast-disable-related-posts":"","theme-transparent-header-meta":"default","adv-header-id-meta":"","stick-header-meta":"","header-above-stick-meta":"","header-main-stick-meta":"","header-below-stick-meta":"","astra-migrate-meta-layouts":"default","ast-page-background-enabled":"default","ast-page-background-meta":{"desktop":{"background-color":"","background-image":"","background-repeat":"repeat","background-position":"center center","background-size":"auto","background-attachment":"scroll","background-type":"","background-media":"","overlay-type":"","overlay-color":"","overlay-opacity":"","overlay-gradient":""},"tablet":{"background-color":"","background-image":"","background-repeat":"repeat","background-position":"center center","background-size":"auto","background-attachment":"scroll","background-type":"","background-media":"","overlay-type":"","overlay-color":"","overlay-opacity":"","overlay-gradient":""},"mobile":{"background-color":"","background-image":"","background-repeat":"repeat","background-position":"center center","background-size":"auto","background-attachment":"scroll","background-type":"","background-media":"","overlay-type":"","overlay-color":"","overlay-opacity":"","overlay-gradient":""}},"ast-content-background-meta":{"desktop":{"background-color":"var(--ast-global-color-5)","background-image":"","background-repeat":"repeat","background-position":"center center","background-size":"auto","background-attachment":"scroll","background-type":"","background-media":"","overlay-type":"","overlay-color":"","overlay-opacity":"","overlay-gradient":""},"tablet":{"background-color":"var(--ast-global-color-5)","background-image":"","background-repeat":"repeat","background-position":"center center","background-size":"auto","background-attachment":"scroll","background-type":"","background-media":"","overlay-type":"","overlay-color":"","overlay-opacity":"","overlay-gradient":""},"mobile":{"background-color":"var(--ast-global-color-5)","background-image":"","background-repeat":"repeat","background-position":"center center","background-size":"auto","background-attachment":"scroll","background-type":"","background-media":"","overlay-type":"","overlay-color":"","overlay-opacity":"","overlay-gradient":""}},"footnotes":""},"class_list":["post-35","page","type-page","status-publish","hentry"],"acf":[],"jetpack_sharing_enabled":true,"meta_box":{"_cloudsearch_visibility":""},"_links":{"self":[{"href":"https:\/\/www.mdiscipleship.net\/fr\/wp-json\/wp\/v2\/pages\/35","targetHints":{"allow":["GET"]}}],"collection":[{"href":"https:\/\/www.mdiscipleship.net\/fr\/wp-json\/wp\/v2\/pages"}],"about":[{"href":"https:\/\/www.mdiscipleship.net\/fr\/wp-json\/wp\/v2\/types\/page"}],"author":[{"embeddable":true,"href":"https:\/\/www.mdiscipleship.net\/fr\/wp-json\/wp\/v2\/users\/13428"}],"replies":[{"embeddable":true,"href":"https:\/\/www.mdiscipleship.net\/fr\/wp-json\/wp\/v2\/comments?post=35"}],"version-history":[{"count":4,"href":"https:\/\/www.mdiscipleship.net\/fr\/wp-json\/wp\/v2\/pages\/35\/revisions"}],"predecessor-version":[{"id":39,"href":"https:\/\/www.mdiscipleship.net\/fr\/wp-json\/wp\/v2\/pages\/35\/revisions\/39"}],"wp:attachment":[{"href":"https:\/\/www.mdiscipleship.net\/fr\/wp-json\/wp\/v2\/media?parent=35"}],"curies":[{"name":"wp","href":"https:\/\/api.w.org\/{rel}","templated":true}]}}