{"id":395,"date":"2020-08-25T09:26:03","date_gmt":"2020-08-25T09:26:03","guid":{"rendered":"https:\/\/www.mdiscipleship.net\/?page_id=395"},"modified":"2020-08-25T09:26:03","modified_gmt":"2020-08-25T09:26:03","slug":"nl-5","status":"publish","type":"page","link":"https:\/\/www.mdiscipleship.net\/fr\/nl-5\/","title":{"rendered":"Le\u00e7on 5 - COMMENCER SA NOUVELLE VIE DANS LA PAROLE DE DIEU"},"content":{"rendered":"<p style=\"text-align: center\"><strong>S\u00c9RIE NOUVELLE VIE<\/strong><br \/>\n<strong>Le\u00e7on 5<\/strong><br \/>\n<strong>COMMENCER VOTRE NOUVELLE VIE DANS LA PAROLE DE DIEU<\/strong><\/p>\n<p>La Bible est la Parole inspir\u00e9e de Dieu \u00e0 l'homme. Il a quelque chose \u00e0 vous dire. Une grande partie de l'aventure de la vie chr\u00e9tienne vient de la d\u00e9couverte, \u00e0 travers la Bible, de ce qu'est Dieu et de ce que sont ses projets pour vous.<\/p>\n<p>Tout au long de l'histoire, Dieu a souhait\u00e9 communiquer avec les peuples de sa cr\u00e9ation. Avant la venue de J\u00e9sus, Dieu a parl\u00e9 aux personnes engag\u00e9es de l'Ancien Testament, qui ont consign\u00e9 sa Parole, et par leur interm\u00e9diaire. Pendant que J\u00e9sus \u00e9tait sur terre, ainsi qu'apr\u00e8s sa mort et sa r\u00e9surrection, Dieu a de nouveau demand\u00e9 \u00e0 des hommes engag\u00e9s de consigner les paroles et le minist\u00e8re du Fils de Dieu. Le r\u00e9sultat de leur fid\u00e9lit\u00e9 et de leur disponibilit\u00e9 est le Nouveau Testament. La Bible est l'enregistrement complet de la communication de Dieu avec nous. Elle nous a \u00e9t\u00e9 donn\u00e9e par Dieu, qui d\u00e9sire notre communion et notre adoration.<\/p>\n<p>Ce chapitre explique comment comprendre et appr\u00e9cier la Bible.<\/p>\n<p>&nbsp;<\/p>\n<p><strong>APPRENDRE \u00c0 \u00c9COUTER DIEU<\/strong><\/p>\n<p>La Bible est le livre le plus important que l'on puisse lire. Beaucoup de gens ne savent pas comment \u00e9couter ce que Dieu leur dit dans sa Parole. Une relation significative avec le Seigneur d\u00e9pend de l'\u00e9coute et de la compr\u00e9hension de ce qu'il partage avec nous. Voici quelques conseils pour vous aider \u00e0 commencer votre \u00e9tude de la Parole de Dieu.<\/p>\n<p>Il faut comprendre que la lecture de la Bible n'est pas comme la lecture de n'importe quel autre livre. La Bible est la Parole inspir\u00e9e de Dieu \u00e0 l'homme. Dans ce livre, Dieu a quelque chose \u00e0 vous dire. Lisez-le donc en vous disant : \"Seigneur, voici ta lettre personnelle d'amour et d'instruction pour que je comprenne et que j'ob\u00e9isse \u00e0 ton conseil\".<\/p>\n<p>&nbsp;<\/p>\n<p><strong>PR\u00c9PARATION<\/strong><\/p>\n<p>En plus de la Bible, vous aurez besoin d'un stylo ou d'un crayon, de papier et d'un endroit tranquille pour \u00e9tudier. Priez et demandez \u00e0 l'Esprit Saint de vous guider dans votre \u00e9tude.<\/p>\n<p>&nbsp;<\/p>\n<p><strong>PROCEDURE<\/strong><\/p>\n<ol>\n<li><strong><em>Lire<\/em><\/strong><\/li>\n<\/ol>\n<p>Lisez le passage plusieurs fois, au moins trois fois, c'est bien. Ne choisissez pas une section trop longue. Lisez-le lentement, attentivement et r\u00e9fl\u00e9chissez \u00e0 son sens.<\/p>\n<ol start=\"2\">\n<li><strong><em>L'\u00e9tude<\/em><\/strong><\/li>\n<\/ol>\n<p>Regardez \u00e0 nouveau le passage. Cherchez \u00e0 d\u00e9couvrir ce que Dieu vous dit en posant les questions suivantes.<\/p>\n<p>S - Ce passage m'apprend-il qu'il y a des p\u00e9ch\u00e9s que je dois confesser ?<\/p>\n<p>P - Y a-t-il des promesses \u00e0 faire valoir ?<\/p>\n<p>A - Cela montre-t-il une attitude que je devrais changer ?<\/p>\n<p>C - Y a-t-il des ordres \u00e0 respecter ?<\/p>\n<p>E - Y a-t-il un exemple \u00e0 suivre ?<\/p>\n<p>M\u00e9morisez les questions en utilisant le mot ESPACE. Vous ne trouverez pas n\u00e9cessairement une r\u00e9ponse \u00e0 chacune des questions dans le passage que vous \u00e9tudiez.<\/p>\n<ol start=\"3\">\n<li><strong><em>\u00c9crire<\/em><\/strong><\/li>\n<\/ol>\n<p>Prenez le papier ou le carnet que vous avez pour votre \u00e9tude biblique et \u00e9crivez ce que vous trouvez. Faites-en une affaire personnelle.<\/p>\n<ol start=\"4\">\n<li><strong><em>Ob\u00e9ir<\/em><\/strong><\/li>\n<\/ol>\n<p>Mettez en \u0153uvre ce que Dieu vous a montr\u00e9 dans sa Parole. <strong>Voir Jean 14:21.<\/strong><\/p>\n<p>Que montre notre ob\u00e9issance ?<\/p>\n<p>Que fera le Christ si nous l'aimons et lui ob\u00e9issons ?<\/p>\n<p>&nbsp;<\/p>\n<p><strong>PRATIQUE<\/strong><\/p>\n<p>Pratiquez les \u00e9tapes de l'\u00e9tude biblique en utilisant Jean 15.7-12. Lisez-le lentement plusieurs fois, posez les questions de l'\u00e9tude et \u00e9crivez ce que vous trouvez et comment vous allez ob\u00e9ir. Ce tableau est mis \u00e0 votre disposition.<\/p>\n<p>Date:_________________________ Passage - Jean 15:7-12<\/p>\n<p>S - P\u00e9ch\u00e9s \u00e0 confesser :<\/p>\n<p>P - Promesses de r\u00e9clamation :<\/p>\n<p>A - Attitudes face au changement :<\/p>\n<p>C - Commande d'ob\u00e9ir :<\/p>\n<p>E - Exemples \u00e0 suivre :<\/p>\n<p>&nbsp;<\/p>\n<p>Appliquez ces \u00e9tapes \u00e0 votre \u00e9tude quotidienne de la Bible. Envisagez d'acheter un carnet pour noter votre \u00e9tude de la Bible.<\/p>","protected":false},"excerpt":{"rendered":"<p>S\u00c9RIE VIE NOUVELLE Le\u00e7on 5 COMMENCER SA VIE NOUVELLE PAR LA PAROLE DE DIEU La Bible est la Parole inspir\u00e9e de Dieu \u00e0 l'homme. Il a quelque chose \u00e0 te dire. Une grande partie de l'aventure de la vie chr\u00e9tienne vient de la d\u00e9couverte, \u00e0 travers la Bible, de ce qu'est Dieu et de ce que sont ses plans pour vous. Tout au long de [...]<\/p>","protected":false},"author":27229,"featured_media":0,"parent":0,"menu_order":0,"comment_status":"closed","ping_status":"closed","template":"","meta":{"_acf_changed":false,"inline_featured_image":false,"site-sidebar-layout":"right-sidebar","site-content-layout":"content-boxed-container","ast-site-content-layout":"default","site-content-style":"default","site-sidebar-style":"default","ast-global-header-display":"","ast-banner-title-visibility":"","ast-main-header-display":"","ast-hfb-above-header-display":"","ast-hfb-below-header-display":"","ast-hfb-mobile-header-display":"","site-post-title":"disabled","ast-breadcrumbs-content":"disabled","ast-featured-img":"disabled","footer-sml-layout":"disabled","ast-disable-related-posts":"","theme-transparent-header-meta":"default","adv-header-id-meta":"","stick-header-meta":"","header-above-stick-meta":"","header-main-stick-meta":"","header-below-stick-meta":"","astra-migrate-meta-layouts":"default","ast-page-background-enabled":"default","ast-page-background-meta":{"desktop":{"background-color":"","background-image":"","background-repeat":"repeat","background-position":"center center","background-size":"auto","background-attachment":"scroll","background-type":"","background-media":"","overlay-type":"","overlay-color":"","overlay-opacity":"","overlay-gradient":""},"tablet":{"background-color":"","background-image":"","background-repeat":"repeat","background-position":"center center","background-size":"auto","background-attachment":"scroll","background-type":"","background-media":"","overlay-type":"","overlay-color":"","overlay-opacity":"","overlay-gradient":""},"mobile":{"background-color":"","background-image":"","background-repeat":"repeat","background-position":"center center","background-size":"auto","background-attachment":"scroll","background-type":"","background-media":"","overlay-type":"","overlay-color":"","overlay-opacity":"","overlay-gradient":""}},"ast-content-background-meta":{"desktop":{"background-color":"var(--ast-global-color-5)","background-image":"","background-repeat":"repeat","background-position":"center center","background-size":"auto","background-attachment":"scroll","background-type":"","background-media":"","overlay-type":"","overlay-color":"","overlay-opacity":"","overlay-gradient":""},"tablet":{"background-color":"var(--ast-global-color-5)","background-image":"","background-repeat":"repeat","background-position":"center center","background-size":"auto","background-attachment":"scroll","background-type":"","background-media":"","overlay-type":"","overlay-color":"","overlay-opacity":"","overlay-gradient":""},"mobile":{"background-color":"var(--ast-global-color-5)","background-image":"","background-repeat":"repeat","background-position":"center center","background-size":"auto","background-attachment":"scroll","background-type":"","background-media":"","overlay-type":"","overlay-color":"","overlay-opacity":"","overlay-gradient":""}},"footnotes":""},"class_list":["post-395","page","type-page","status-publish","hentry"],"acf":[],"jetpack_sharing_enabled":true,"meta_box":{"_cloudsearch_visibility":""},"_links":{"self":[{"href":"https:\/\/www.mdiscipleship.net\/fr\/wp-json\/wp\/v2\/pages\/395","targetHints":{"allow":["GET"]}}],"collection":[{"href":"https:\/\/www.mdiscipleship.net\/fr\/wp-json\/wp\/v2\/pages"}],"about":[{"href":"https:\/\/www.mdiscipleship.net\/fr\/wp-json\/wp\/v2\/types\/page"}],"author":[{"embeddable":true,"href":"https:\/\/www.mdiscipleship.net\/fr\/wp-json\/wp\/v2\/users\/27229"}],"replies":[{"embeddable":true,"href":"https:\/\/www.mdiscipleship.net\/fr\/wp-json\/wp\/v2\/comments?post=395"}],"version-history":[{"count":1,"href":"https:\/\/www.mdiscipleship.net\/fr\/wp-json\/wp\/v2\/pages\/395\/revisions"}],"predecessor-version":[{"id":396,"href":"https:\/\/www.mdiscipleship.net\/fr\/wp-json\/wp\/v2\/pages\/395\/revisions\/396"}],"wp:attachment":[{"href":"https:\/\/www.mdiscipleship.net\/fr\/wp-json\/wp\/v2\/media?parent=395"}],"curies":[{"name":"wp","href":"https:\/\/api.w.org\/{rel}","templated":true}]}}