{"id":463,"date":"2021-04-02T22:06:13","date_gmt":"2021-04-02T22:06:13","guid":{"rendered":"https:\/\/www.mdiscipleship.net\/?page_id=463"},"modified":"2021-04-02T22:11:20","modified_gmt":"2021-04-02T22:11:20","slug":"sms3","status":"publish","type":"page","link":"https:\/\/www.mdiscipleship.net\/fr\/sms3\/","title":{"rendered":"Suivi par SMS 3"},"content":{"rendered":"<div data-elementor-type=\"wp-page\" data-elementor-id=\"463\" class=\"elementor elementor-463\" data-elementor-post-type=\"page\">\n\t\t\t\t\t\t<section class=\"elementor-section elementor-top-section elementor-element elementor-element-b38157f elementor-section-boxed elementor-section-height-default elementor-section-height-default\" data-id=\"b38157f\" data-element_type=\"section\">\n\t\t\t\t\t\t<div class=\"elementor-container elementor-column-gap-default\">\n\t\t\t\t\t<div class=\"elementor-column elementor-col-100 elementor-top-column elementor-element elementor-element-a626cca\" data-id=\"a626cca\" data-element_type=\"column\">\n\t\t\t<div class=\"elementor-widget-wrap elementor-element-populated\">\n\t\t\t\t\t\t<div class=\"elementor-element elementor-element-b939a55 elementor-widget elementor-widget-text-editor\" data-id=\"b939a55\" data-element_type=\"widget\" data-widget_type=\"text-editor.default\">\n\t\t\t\t<div class=\"elementor-widget-container\">\n\t\t\t\t\t\t\t\t\t<p><strong>\u00a0<\/strong><\/p><h1><strong>MON PROCHAIN <\/strong><strong>9<\/strong><strong> JOURS DE VOYAGE SPIRITUEL PAR SMS (SUIVI <\/strong><strong>3<\/strong><strong>)<\/strong><\/h1><p><strong>COMMENCER VOTRE NOUVELLE VIE DANS LE SAINT-ESPRIT<\/strong><\/p><p><strong>INTRODUCTION<\/strong><\/p><p>R\u00e9capitulez les principales le\u00e7ons du cours Follow Up#2 avant de commencer cette le\u00e7on.<\/p><p>Rappelez-vous que vous devez aider vos contacts \u00e0 grandir dans leur relation avec le Christ.<\/p><p>Encouragez-les \u00e0 lire les versets ci-dessous et \u00e0 r\u00e9fl\u00e9chir aux questions.<\/p><p>Demandez-leur de vous envoyer leurs r\u00e9flexions par SMS. Si vous travaillez avec un groupe, vous pouvez organiser une conf\u00e9rence t\u00e9l\u00e9phonique pour r\u00e9sumer la le\u00e7on.<\/p><h3><strong>Jour 1<\/strong><\/h3><p><strong>L'Esprit Saint<\/strong><\/p><p>1) Comparez 2 Corinthes 3.17-18 avec Actes 5.3-4. Qui est le Saint-Esprit ?<\/p><p>2) Pourquoi le Saint-Esprit est-il venu ? lire Jean 16:8,13,14, Romains 8:9 et Actes 1:8.<\/p><h3><strong>Jour 2 <\/strong><\/h3><p>3. une vie chr\u00e9tienne r\u00e9ussie consiste \u00e0 permettre \u00e0 Christ de vivre \u00e0 travers nous par la puissance de l'Esprit Saint.lisez Actes 4:13.donnez la raison de l'audace de Pierre et Jean ?<\/p><h3><strong>Troisi\u00e8me jour<\/strong><\/h3><p><strong>Trois types de personnes<\/strong><\/p><p>Lisez 1 Corinthiens 2:14,15 ; 3:1-3. Identifiez et d\u00e9finissez les trois types de personnes.<\/p><h3><strong>Jour 4<\/strong><\/h3><p><strong>Le chr\u00e9tien contr\u00f4l\u00e9 par l'esprit<\/strong><\/p><p>Lisez Galates 5:22-23.Faites une liste de ce qui devrait caract\u00e9riser le chr\u00e9tien qui a confiance en Dieu.Tous les chr\u00e9tiens pr\u00e9sentent-ils ces caract\u00e9ristiques et pourquoi ?<\/p><h3><strong>Jour 5<\/strong><\/h3><p><strong>Canal Christian<\/strong><\/p><p>Tous les chr\u00e9tiens sont habit\u00e9s par le Saint-Esprit, mais tous ne sont pas remplis par le Saint-Esprit.Lisez 1Jn2:15-16&amp;Gal3:2-3.Qu'est-ce qui caract\u00e9rise un chr\u00e9tien Canal ?<\/p><h3><strong>Jour 6<\/strong><\/h3><p>J\u00e9sus promet une vie fructueuse si nous sommes remplis (dirig\u00e9s et habilit\u00e9s) par le Saint-Esprit. Lisez Actes 1:8 Qu'est-ce que le Saint-Esprit nous aide \u00e0 faire ?<\/p><h3><strong>Jour 7<\/strong><\/h3><p>Comment \u00eatre rempli du Saint-Esprit:Nous sommes remplis par le Saint-Esprit. <strong>FOI<\/strong><\/p><ol><li>D\u00e9sirez \u00eatre contr\u00f4l\u00e9 par le Saint-Esprit. Que devez-vous d\u00e9sirer sinc\u00e8rement ? Lisez Matthieu 5:6.<\/li><\/ol><h3><strong>Jour 8<\/strong><\/h3><ol start=\"2\"><li>Confessez tout p\u00e9ch\u00e9 connu. Lisez 1Jean 1:9 et Psaume 66:18. Pourquoi pensez-vous qu'il est important de confesser tout p\u00e9ch\u00e9 connu afin d'\u00eatre rempli du Saint-Esprit ?<\/li><\/ol><h3><strong>Jour 9<\/strong><\/h3><p>3. par la foi, revendiquer le remplissage du Saint-Esprit<\/p><p>A. Son commandement : Que vous est-il ordonn\u00e9 de faire dans Eph5:18 ?<\/p><p>B. Sa promesse : Que nous promet Dieu dans 1Jean 5:14-15 ?<\/p><p>\u00a0<\/p><p>REMARQUE : priez avec votre contact pour qu'il soit rempli du Saint-Esprit \u00e0 la fin du jour 9, pendant votre examen. Voici un exemple de pri\u00e8re :<\/p><p><strong><em>Seigneur Dieu, j'ai p\u00e9ch\u00e9 parce que j'ai contr\u00f4l\u00e9 ma propre vie. Je t'ai sinc\u00e8rement confess\u00e9 mes p\u00e9ch\u00e9s. Je te remercie d'avoir pardonn\u00e9 mes p\u00e9ch\u00e9s. Je t'abandonne maintenant le contr\u00f4le de ma vie. Remplis-moi de ton Saint-Esprit comme tu as ordonn\u00e9 que l'on soit rempli. Tu as promis dans la Bible que tu me remplirais si je te le demandais avec foi. Merci de me remplir de ton Saint-Esprit. Amen.<\/em><\/strong><\/p><p>Apr\u00e8s la pri\u00e8re, discutez de la mani\u00e8re de savoir si vous \u00eates rempli du Saint-Esprit et de la respiration spirituelle.<\/p>\t\t\t\t\t\t\t\t<\/div>\n\t\t\t\t<\/div>\n\t\t\t\t\t<\/div>\n\t\t<\/div>\n\t\t\t\t\t<\/div>\n\t\t<\/section>\n\t\t\t\t<\/div>","protected":false},"excerpt":{"rendered":"<p>\u00a0 MON PROCHAIN VOYAGE SPIRITUEL DE 9 JOURS PAR SMS (SUIVI 3) COMMENCER SA NOUVELLE VIE DANS LE SAINT ESPRIT INTRODUCTION R\u00e9capitulez les le\u00e7ons cl\u00e9s du Suivi #2 avant de commencer cette le\u00e7on Rappelez-vous que vous devez aider vos contacts \u00e0 grandir dans leur relation avec le Christ. Encouragez-les \u00e0 lire les versets ci-dessous et \u00e0 r\u00e9fl\u00e9chir [...]<\/p>","protected":false},"author":27229,"featured_media":0,"parent":0,"menu_order":0,"comment_status":"closed","ping_status":"closed","template":"","meta":{"_acf_changed":false,"inline_featured_image":false,"site-sidebar-layout":"no-sidebar","site-content-layout":"content-boxed-container","ast-site-content-layout":"default","site-content-style":"default","site-sidebar-style":"default","ast-global-header-display":"","ast-banner-title-visibility":"","ast-main-header-display":"","ast-hfb-above-header-display":"","ast-hfb-below-header-display":"","ast-hfb-mobile-header-display":"","site-post-title":"disabled","ast-breadcrumbs-content":"disabled","ast-featured-img":"disabled","footer-sml-layout":"disabled","ast-disable-related-posts":"","theme-transparent-header-meta":"default","adv-header-id-meta":"","stick-header-meta":"","header-above-stick-meta":"","header-main-stick-meta":"","header-below-stick-meta":"","astra-migrate-meta-layouts":"default","ast-page-background-enabled":"default","ast-page-background-meta":{"desktop":{"background-color":"","background-image":"","background-repeat":"repeat","background-position":"center center","background-size":"auto","background-attachment":"scroll","background-type":"","background-media":"","overlay-type":"","overlay-color":"","overlay-opacity":"","overlay-gradient":""},"tablet":{"background-color":"","background-image":"","background-repeat":"repeat","background-position":"center center","background-size":"auto","background-attachment":"scroll","background-type":"","background-media":"","overlay-type":"","overlay-color":"","overlay-opacity":"","overlay-gradient":""},"mobile":{"background-color":"","background-image":"","background-repeat":"repeat","background-position":"center center","background-size":"auto","background-attachment":"scroll","background-type":"","background-media":"","overlay-type":"","overlay-color":"","overlay-opacity":"","overlay-gradient":""}},"ast-content-background-meta":{"desktop":{"background-color":"var(--ast-global-color-5)","background-image":"","background-repeat":"repeat","background-position":"center center","background-size":"auto","background-attachment":"scroll","background-type":"","background-media":"","overlay-type":"","overlay-color":"","overlay-opacity":"","overlay-gradient":""},"tablet":{"background-color":"var(--ast-global-color-5)","background-image":"","background-repeat":"repeat","background-position":"center center","background-size":"auto","background-attachment":"scroll","background-type":"","background-media":"","overlay-type":"","overlay-color":"","overlay-opacity":"","overlay-gradient":""},"mobile":{"background-color":"var(--ast-global-color-5)","background-image":"","background-repeat":"repeat","background-position":"center center","background-size":"auto","background-attachment":"scroll","background-type":"","background-media":"","overlay-type":"","overlay-color":"","overlay-opacity":"","overlay-gradient":""}},"footnotes":""},"class_list":["post-463","page","type-page","status-publish","hentry"],"acf":[],"jetpack_sharing_enabled":true,"meta_box":{"_cloudsearch_visibility":""},"_links":{"self":[{"href":"https:\/\/www.mdiscipleship.net\/fr\/wp-json\/wp\/v2\/pages\/463","targetHints":{"allow":["GET"]}}],"collection":[{"href":"https:\/\/www.mdiscipleship.net\/fr\/wp-json\/wp\/v2\/pages"}],"about":[{"href":"https:\/\/www.mdiscipleship.net\/fr\/wp-json\/wp\/v2\/types\/page"}],"author":[{"embeddable":true,"href":"https:\/\/www.mdiscipleship.net\/fr\/wp-json\/wp\/v2\/users\/27229"}],"replies":[{"embeddable":true,"href":"https:\/\/www.mdiscipleship.net\/fr\/wp-json\/wp\/v2\/comments?post=463"}],"version-history":[{"count":4,"href":"https:\/\/www.mdiscipleship.net\/fr\/wp-json\/wp\/v2\/pages\/463\/revisions"}],"predecessor-version":[{"id":467,"href":"https:\/\/www.mdiscipleship.net\/fr\/wp-json\/wp\/v2\/pages\/463\/revisions\/467"}],"wp:attachment":[{"href":"https:\/\/www.mdiscipleship.net\/fr\/wp-json\/wp\/v2\/media?parent=463"}],"curies":[{"name":"wp","href":"https:\/\/api.w.org\/{rel}","templated":true}]}}