{"id":475,"date":"2021-04-02T22:22:12","date_gmt":"2021-04-02T22:22:12","guid":{"rendered":"https:\/\/www.mdiscipleship.net\/?page_id=475"},"modified":"2021-04-02T22:29:01","modified_gmt":"2021-04-02T22:29:01","slug":"sms-follow-up-5","status":"publish","type":"page","link":"https:\/\/www.mdiscipleship.net\/fr\/sms-follow-up-5\/","title":{"rendered":"SMS SUIVI 5"},"content":{"rendered":"<div data-elementor-type=\"wp-page\" data-elementor-id=\"475\" class=\"elementor elementor-475\" data-elementor-post-type=\"page\">\n\t\t\t\t\t\t<section class=\"elementor-section elementor-top-section elementor-element elementor-element-5c57f61 elementor-section-boxed elementor-section-height-default elementor-section-height-default\" data-id=\"5c57f61\" data-element_type=\"section\">\n\t\t\t\t\t\t<div class=\"elementor-container elementor-column-gap-default\">\n\t\t\t\t\t<div class=\"elementor-column elementor-col-100 elementor-top-column elementor-element elementor-element-9e70b7f\" data-id=\"9e70b7f\" data-element_type=\"column\">\n\t\t\t<div class=\"elementor-widget-wrap elementor-element-populated\">\n\t\t\t\t\t\t<div class=\"elementor-element elementor-element-b83bc0f elementor-widget elementor-widget-text-editor\" data-id=\"b83bc0f\" data-element_type=\"widget\" data-widget_type=\"text-editor.default\">\n\t\t\t\t<div class=\"elementor-widget-container\">\n\t\t\t\t\t\t\t\t\t<h1><strong>MON PROCHAIN VOYAGE SPIRITUEL DE 8 JOURS PAR SMS (FOLLOW UP) <\/strong><strong>5<\/strong><strong>)<\/strong><\/h1><p><strong>COMMENCER VOTRE NOUVELLE VIE EN <\/strong><strong>LA PAROLE DE DIEU<\/strong><\/p><h3><strong>INTRODUCTION<\/strong><\/h3><p>R\u00e9capitulez les principales le\u00e7ons du cours Follow Up#4 avant de commencer cette le\u00e7on.<\/p><p>Rappelez-vous que vous devez aider vos contacts \u00e0 grandir dans leur relation avec le Christ.<\/p><p>Encouragez-les \u00e0 lire les versets ci-dessous et \u00e0 r\u00e9fl\u00e9chir aux questions.<\/p><p>Demandez-leur de vous envoyer leurs r\u00e9flexions par SMS. Si vous travaillez avec un groupe, vous pouvez organiser une conf\u00e9rence t\u00e9l\u00e9phonique pour r\u00e9sumer la le\u00e7on.<\/p><h3><strong>Jour 1<\/strong><\/h3><p><strong>La Bible<\/strong><\/p><p>La Bible est la Parole inspir\u00e9e de Dieu \u00e0 l'homme. Gr\u00e2ce \u00e0 elle, tu peux d\u00e9couvrir qui est Dieu et quel est son plan pour toi. Lisez 2Tim3:16. D'o\u00f9 vient la Bible ?<\/p><h3><strong>Jour 2<\/strong><\/h3><p><strong>La bonne attitude \u00e0 l'\u00e9gard de la lecture de la Bible<\/strong>: \"Seigneur, voici ta lettre personnelle d'amour et d'instruction pour que je la comprenne et que j'y ob\u00e9isse.<\/p><h3><strong>Troisi\u00e8me jour<\/strong><\/h3><p><strong>Pr\u00e9paration<\/strong><\/p><p>Vous avez besoin d'une Bible, d'un stylo, d'un bloc-notes et d'un endroit tranquille pour \u00e9tudier.Priez et demandez \u00e0 l'Esprit Saint de vous guider dans votre \u00e9tude.Lisez Jean 16:12-13.Pourquoi l'Esprit Saint ?<\/p><h3><strong>Jour 4<\/strong><\/h3><p><strong>Proc\u00e9dure<\/strong>:<\/p><p>En prenant l'exemple de Jean 15:7-12.<\/p><ol><li><strong>Lire<\/strong> le passage une fois pour en avoir une vue d'ensemble. Quel est le th\u00e8me principal\/le r\u00e9sum\u00e9 du passage ?<\/li><\/ol><h3><strong>Jour 5<\/strong><\/h3><p><strong>2. \u00c9tude<\/strong>Qui parle ? \u00c0 qui s'adresse-t-on ? Quel \u00e9v\u00e9nement est rapport\u00e9 ? Que dit le passage sur Dieu le P\u00e8re, le Fils et le Saint-Esprit ?<\/p><h3><strong>Jour 6<\/strong><\/h3><p><strong>3.Application<\/strong>:<\/p><p>Posez-vous les questions suivantes<\/p><p><strong>S<\/strong>Ce passage m'apprend-il quelque chose sur <strong>P\u00e9ch\u00e9s<\/strong> Je dois avouer ?<\/p><p><strong>P<\/strong>Y a-t-il <strong>Promesses<\/strong> \u00e0 revendiquer ?<\/p><h3><strong>Jour 7<\/strong><\/h3><p><strong>A<\/strong>Montre-t-il des <strong>Attitude<\/strong> Je devrais changer ?<\/p><p><strong>C<\/strong>Y a-t-il <strong>Commandes<\/strong> d'ob\u00e9ir ?<\/p><p><strong>E<\/strong>Existe-t-il un <strong>Exemple<\/strong> \u00e0 suivre ?<\/p><p>M\u00e9morisez les questions en utilisant le mot <strong>ESPACE<\/strong><\/p><h3><strong>Jour 8<\/strong><\/h3><ol start=\"4\"><li><strong>\u00c9crire :<\/strong> R\u00e9digez votre d\u00e9couverte et votre application de l'\u00e9tude.<\/li><li><strong>Ob\u00e9ir<\/strong>: Mettez en pratique ce que Dieu vous a montr\u00e9 dans sa parole. Lisez Jacques 1:22-25. Pourquoi l'ob\u00e9issance ?<\/li><\/ol><p>\u00a0<\/p>\t\t\t\t\t\t\t\t<\/div>\n\t\t\t\t<\/div>\n\t\t\t\t\t<\/div>\n\t\t<\/div>\n\t\t\t\t\t<\/div>\n\t\t<\/section>\n\t\t\t\t<\/div>","protected":false},"excerpt":{"rendered":"<p>MON PROCHAIN VOYAGE SPIRITUEL DE 8 JOURS PAR SMS (SUIVI 5) COMMENCER SA NOUVELLE VIE DANS LA PAROLE DE DIEU INTRODUCTION R\u00e9capitulez les le\u00e7ons cl\u00e9s du Suivi #4 avant de commencer cette le\u00e7on Rappelez-vous que vous devez aider vos contacts \u00e0 grandir dans leur relation avec le Christ. Encouragez-les \u00e0 lire les versets ci-dessous et \u00e0 r\u00e9fl\u00e9chir sur les [...]<\/p>","protected":false},"author":27229,"featured_media":0,"parent":0,"menu_order":0,"comment_status":"closed","ping_status":"closed","template":"","meta":{"_acf_changed":false,"inline_featured_image":false,"site-sidebar-layout":"no-sidebar","site-content-layout":"page-builder","ast-site-content-layout":"default","site-content-style":"default","site-sidebar-style":"default","ast-global-header-display":"","ast-banner-title-visibility":"","ast-main-header-display":"","ast-hfb-above-header-display":"","ast-hfb-below-header-display":"","ast-hfb-mobile-header-display":"","site-post-title":"disabled","ast-breadcrumbs-content":"","ast-featured-img":"disabled","footer-sml-layout":"","ast-disable-related-posts":"","theme-transparent-header-meta":"","adv-header-id-meta":"","stick-header-meta":"","header-above-stick-meta":"","header-main-stick-meta":"","header-below-stick-meta":"","astra-migrate-meta-layouts":"default","ast-page-background-enabled":"default","ast-page-background-meta":{"desktop":{"background-color":"","background-image":"","background-repeat":"repeat","background-position":"center center","background-size":"auto","background-attachment":"scroll","background-type":"","background-media":"","overlay-type":"","overlay-color":"","overlay-opacity":"","overlay-gradient":""},"tablet":{"background-color":"","background-image":"","background-repeat":"repeat","background-position":"center center","background-size":"auto","background-attachment":"scroll","background-type":"","background-media":"","overlay-type":"","overlay-color":"","overlay-opacity":"","overlay-gradient":""},"mobile":{"background-color":"","background-image":"","background-repeat":"repeat","background-position":"center center","background-size":"auto","background-attachment":"scroll","background-type":"","background-media":"","overlay-type":"","overlay-color":"","overlay-opacity":"","overlay-gradient":""}},"ast-content-background-meta":{"desktop":{"background-color":"var(--ast-global-color-5)","background-image":"","background-repeat":"repeat","background-position":"center center","background-size":"auto","background-attachment":"scroll","background-type":"","background-media":"","overlay-type":"","overlay-color":"","overlay-opacity":"","overlay-gradient":""},"tablet":{"background-color":"var(--ast-global-color-5)","background-image":"","background-repeat":"repeat","background-position":"center center","background-size":"auto","background-attachment":"scroll","background-type":"","background-media":"","overlay-type":"","overlay-color":"","overlay-opacity":"","overlay-gradient":""},"mobile":{"background-color":"var(--ast-global-color-5)","background-image":"","background-repeat":"repeat","background-position":"center center","background-size":"auto","background-attachment":"scroll","background-type":"","background-media":"","overlay-type":"","overlay-color":"","overlay-opacity":"","overlay-gradient":""}},"footnotes":""},"class_list":["post-475","page","type-page","status-publish","hentry"],"acf":[],"jetpack_sharing_enabled":true,"meta_box":{"_cloudsearch_visibility":""},"_links":{"self":[{"href":"https:\/\/www.mdiscipleship.net\/fr\/wp-json\/wp\/v2\/pages\/475","targetHints":{"allow":["GET"]}}],"collection":[{"href":"https:\/\/www.mdiscipleship.net\/fr\/wp-json\/wp\/v2\/pages"}],"about":[{"href":"https:\/\/www.mdiscipleship.net\/fr\/wp-json\/wp\/v2\/types\/page"}],"author":[{"embeddable":true,"href":"https:\/\/www.mdiscipleship.net\/fr\/wp-json\/wp\/v2\/users\/27229"}],"replies":[{"embeddable":true,"href":"https:\/\/www.mdiscipleship.net\/fr\/wp-json\/wp\/v2\/comments?post=475"}],"version-history":[{"count":3,"href":"https:\/\/www.mdiscipleship.net\/fr\/wp-json\/wp\/v2\/pages\/475\/revisions"}],"predecessor-version":[{"id":478,"href":"https:\/\/www.mdiscipleship.net\/fr\/wp-json\/wp\/v2\/pages\/475\/revisions\/478"}],"wp:attachment":[{"href":"https:\/\/www.mdiscipleship.net\/fr\/wp-json\/wp\/v2\/media?parent=475"}],"curies":[{"name":"wp","href":"https:\/\/api.w.org\/{rel}","templated":true}]}}