{"id":479,"date":"2021-04-02T22:32:35","date_gmt":"2021-04-02T22:32:35","guid":{"rendered":"https:\/\/www.mdiscipleship.net\/?page_id=479"},"modified":"2021-04-02T22:38:33","modified_gmt":"2021-04-02T22:38:33","slug":"sms6","status":"publish","type":"page","link":"https:\/\/www.mdiscipleship.net\/fr\/sms6\/","title":{"rendered":"Suivi des SMS 6"},"content":{"rendered":"<div data-elementor-type=\"wp-page\" data-elementor-id=\"479\" class=\"elementor elementor-479\" data-elementor-post-type=\"page\">\n\t\t\t\t\t\t<section class=\"elementor-section elementor-top-section elementor-element elementor-element-8ead735 elementor-section-boxed elementor-section-height-default elementor-section-height-default\" data-id=\"8ead735\" data-element_type=\"section\">\n\t\t\t\t\t\t<div class=\"elementor-container elementor-column-gap-default\">\n\t\t\t\t\t<div class=\"elementor-column elementor-col-100 elementor-top-column elementor-element elementor-element-33501ca\" data-id=\"33501ca\" data-element_type=\"column\">\n\t\t\t<div class=\"elementor-widget-wrap elementor-element-populated\">\n\t\t\t\t\t\t<div class=\"elementor-element elementor-element-eee620a elementor-widget elementor-widget-text-editor\" data-id=\"eee620a\" data-element_type=\"widget\" data-widget_type=\"text-editor.default\">\n\t\t\t\t<div class=\"elementor-widget-container\">\n\t\t\t\t\t\t\t\t\t<h1><strong>COMMENCER VOTRE NOUVELLE VIE DANS LA PRI\u00c8RE - SUIVI 6<\/strong><\/h1><h3><strong>Jour 1<\/strong><\/h3><p>La pri\u00e8re consiste simplement \u00e0 converser avec Dieu. La pri\u00e8re doit comprendre les \u00e9l\u00e9ments suivants :<\/p><ol><li><strong> ADORATION<\/strong><\/li><\/ol><p>(CULTE ET LOUANGE)<\/p><ol><li>Psaumes 95:6 nous dit de ?<\/li><\/ol><h3><strong>Jour 2<\/strong><\/h3><p>La pri\u00e8re \u00e9tait l'\u00e9pine dorsale de la vie et du minist\u00e8re du Christ. Pour devenir comme le Christ, nous devons apprendre \u00e0 prier.<\/p><p>(Lire Psaumes 95:7)<\/p><p>1) Pourquoi devrions-nous adorer Dieu ?<\/p><h3><strong>Troisi\u00e8me jour<\/strong><\/h3><p>(Lire Psaumes 135:3)<\/p><ol><li>Pourquoi devons-nous louer Dieu ?<\/li><\/ol><p>(Lire 1 Chroniques 29:11-12)<\/p><ol start=\"2\"><li>Qu'est-ce que ce passage nous apprend sur le caract\u00e8re de Dieu ?<\/li><\/ol><h3><strong>Jour 4<\/strong><\/h3><p>Prenez le temps d'adorer et de louer Dieu aujourd'hui.<\/p><ol><li><strong> CONFESSION<\/strong><\/li><\/ol><p>(Lire Psaumes 66:18)<\/p><ol><li>Que se passe-t-il lorsque nous prions alors que nous n'avons pas confess\u00e9 nos p\u00e9ch\u00e9s ?<\/li><\/ol><h3><strong>Jour 5<\/strong><\/h3><p>(Lire I Jean 1:9)<\/p><ol><li>Qu'est-ce que Dieu dit qu'il fera lorsque nous confesserons nos p\u00e9ch\u00e9s ?<\/li><li><strong> THANKSGIVING (F\u00caTE DE THANKSGIVING)<\/strong><\/li><\/ol><p>(Lire Psaumes 106:1)<\/p><ol start=\"2\"><li>D'apr\u00e8s ce verset, que devons-nous faire ?<\/li><\/ol><h3><strong>Jour 6<\/strong><\/h3><p>(Lire 1 Thessaloniciens 5:18)<\/p><ol><li>D'apr\u00e8s ce verset, pour quoi devons-nous remercier Dieu ?<\/li><\/ol><p>(Lire Romains 8:28)<\/p><ol start=\"2\"><li>D'apr\u00e8s ce verset, pourquoi pouvons-nous remercier Dieu pour tout ?<\/li><\/ol><h3><strong>Jour 7<\/strong><\/h3><ol><li><strong> DEMANDES SP\u00c9CIFIQUES<\/strong><\/li><\/ol><p>(Lire Jacques 4:2b)<\/p><ol><li>Pourquoi les besoins de certains chr\u00e9tiens ne sont-ils pas satisfaits ?<\/li><\/ol><p>(Lire Matthieu 7:7)<\/p><ol start=\"2\"><li>Que se passera-t-il lorsque nous ferons part \u00e0 Dieu de nos besoins ?<\/li><\/ol><h3><strong>Jour 8<\/strong><\/h3><p>Dressez la liste de vos besoins et de vos demandes \u00e0 Dieu. Soyez pr\u00e9cis. Vous saurez quand il y aura r\u00e9pondu.<\/p><p>Remerciez Dieu lorsqu'il le fait.<\/p><p>Utilisez le mot ACTES pour vous souvenir des \u00e9l\u00e9ments.<\/p><p>\u00a0<\/p>\t\t\t\t\t\t\t\t<\/div>\n\t\t\t\t<\/div>\n\t\t\t\t\t<\/div>\n\t\t<\/div>\n\t\t\t\t\t<\/div>\n\t\t<\/section>\n\t\t\t\t<\/div>","protected":false},"excerpt":{"rendered":"<p>COMMENCER SA NOUVELLE VIE DANS LA PRI\u00c8RE - SUIVI 6 Jour 1 La pri\u00e8re consiste simplement \u00e0 converser avec Dieu. La pri\u00e8re doit comprendre les \u00e9l\u00e9ments suivants : L'ADORATION (L'ADORATION ET LA LOUANGE) Psaumes 95:6 il nous est dit de ? Jour 2 La pri\u00e8re \u00e9tait l'\u00e9pine dorsale de la vie et du minist\u00e8re du Christ. Pour devenir comme le Christ, nous devons apprendre \u00e0 [...]<\/p>","protected":false},"author":27229,"featured_media":0,"parent":0,"menu_order":0,"comment_status":"closed","ping_status":"closed","template":"","meta":{"_acf_changed":false,"inline_featured_image":false,"site-sidebar-layout":"no-sidebar","site-content-layout":"content-boxed-container","ast-site-content-layout":"default","site-content-style":"default","site-sidebar-style":"default","ast-global-header-display":"","ast-banner-title-visibility":"","ast-main-header-display":"","ast-hfb-above-header-display":"","ast-hfb-below-header-display":"","ast-hfb-mobile-header-display":"","site-post-title":"disabled","ast-breadcrumbs-content":"disabled","ast-featured-img":"disabled","footer-sml-layout":"disabled","ast-disable-related-posts":"","theme-transparent-header-meta":"default","adv-header-id-meta":"","stick-header-meta":"","header-above-stick-meta":"","header-main-stick-meta":"","header-below-stick-meta":"","astra-migrate-meta-layouts":"default","ast-page-background-enabled":"default","ast-page-background-meta":{"desktop":{"background-color":"","background-image":"","background-repeat":"repeat","background-position":"center center","background-size":"auto","background-attachment":"scroll","background-type":"","background-media":"","overlay-type":"","overlay-color":"","overlay-opacity":"","overlay-gradient":""},"tablet":{"background-color":"","background-image":"","background-repeat":"repeat","background-position":"center center","background-size":"auto","background-attachment":"scroll","background-type":"","background-media":"","overlay-type":"","overlay-color":"","overlay-opacity":"","overlay-gradient":""},"mobile":{"background-color":"","background-image":"","background-repeat":"repeat","background-position":"center center","background-size":"auto","background-attachment":"scroll","background-type":"","background-media":"","overlay-type":"","overlay-color":"","overlay-opacity":"","overlay-gradient":""}},"ast-content-background-meta":{"desktop":{"background-color":"var(--ast-global-color-5)","background-image":"","background-repeat":"repeat","background-position":"center center","background-size":"auto","background-attachment":"scroll","background-type":"","background-media":"","overlay-type":"","overlay-color":"","overlay-opacity":"","overlay-gradient":""},"tablet":{"background-color":"var(--ast-global-color-5)","background-image":"","background-repeat":"repeat","background-position":"center center","background-size":"auto","background-attachment":"scroll","background-type":"","background-media":"","overlay-type":"","overlay-color":"","overlay-opacity":"","overlay-gradient":""},"mobile":{"background-color":"var(--ast-global-color-5)","background-image":"","background-repeat":"repeat","background-position":"center center","background-size":"auto","background-attachment":"scroll","background-type":"","background-media":"","overlay-type":"","overlay-color":"","overlay-opacity":"","overlay-gradient":""}},"footnotes":""},"class_list":["post-479","page","type-page","status-publish","hentry"],"acf":[],"jetpack_sharing_enabled":true,"meta_box":{"_cloudsearch_visibility":""},"_links":{"self":[{"href":"https:\/\/www.mdiscipleship.net\/fr\/wp-json\/wp\/v2\/pages\/479","targetHints":{"allow":["GET"]}}],"collection":[{"href":"https:\/\/www.mdiscipleship.net\/fr\/wp-json\/wp\/v2\/pages"}],"about":[{"href":"https:\/\/www.mdiscipleship.net\/fr\/wp-json\/wp\/v2\/types\/page"}],"author":[{"embeddable":true,"href":"https:\/\/www.mdiscipleship.net\/fr\/wp-json\/wp\/v2\/users\/27229"}],"replies":[{"embeddable":true,"href":"https:\/\/www.mdiscipleship.net\/fr\/wp-json\/wp\/v2\/comments?post=479"}],"version-history":[{"count":4,"href":"https:\/\/www.mdiscipleship.net\/fr\/wp-json\/wp\/v2\/pages\/479\/revisions"}],"predecessor-version":[{"id":483,"href":"https:\/\/www.mdiscipleship.net\/fr\/wp-json\/wp\/v2\/pages\/479\/revisions\/483"}],"wp:attachment":[{"href":"https:\/\/www.mdiscipleship.net\/fr\/wp-json\/wp\/v2\/media?parent=479"}],"curies":[{"name":"wp","href":"https:\/\/api.w.org\/{rel}","templated":true}]}}