{"id":54,"date":"2019-09-02T00:11:39","date_gmt":"2019-09-02T00:11:39","guid":{"rendered":"https:\/\/www.mdiscipleship.net\/?page_id=54"},"modified":"2020-08-28T14:49:04","modified_gmt":"2020-08-28T14:49:04","slug":"lesson1","status":"publish","type":"page","link":"https:\/\/www.mdiscipleship.net\/fr\/lesson1\/","title":{"rendered":"LE\u00c7ON 1 : VOTRE NOUVELLE VIE EN CHRIST"},"content":{"rendered":"<p>Conna\u00eetre J\u00e9sus-Christ est la relation la plus passionnante que vous puissiez avoir. C'est le d\u00e9but d'une vie d'aventures extraordinaires avec un Dieu tout aimant et tout puissant.<\/p>\n<p>Le<strong><em> Quatre lois spirituelles <\/em><\/strong>explique de mani\u00e8re concise tout ce qu'une personne doit savoir pour commencer une nouvelle vie en Christ. Une br\u00e8ve r\u00e9vision de ce livret nous aidera \u00e0 examiner certains principes pour grandir dans votre relation avec le Christ :<\/p>\n<p><strong>PRINCIPE <\/strong><strong>1: <\/strong>Dieu t'aime et t'a cr\u00e9\u00e9 pour que tu le connaisses personnellement.<\/p>\n<p><strong>PRINCIPE <\/strong><strong>2: <\/strong>L'homme est p\u00e9cheur et s\u00e9par\u00e9 de Dieu, de sorte que nous ne pouvons pas le conna\u00eetre personnellement ni faire l'exp\u00e9rience de son amour.<\/p>\n<p><strong>PRINCIPE <\/strong><strong>3: <\/strong>J\u00e9sus-Christ est la seule r\u00e9ponse de Dieu au p\u00e9ch\u00e9 de l'homme. Par lui seul, nous pouvons conna\u00eetre Dieu personnellement et faire l'exp\u00e9rience de son amour.<\/p>\n<p><strong>PRINCIPE <\/strong><strong>4: <\/strong>Nous devons recevoir individuellement J\u00e9sus-Christ comme Sauveur et Seigneur ; c'est alors que nous pouvons conna\u00eetre Dieu personnellement et faire l'exp\u00e9rience de son amour.<\/p>\n<p><strong>? CL\u00c9 <\/strong><strong>QUESTION : <\/strong>Comment une personne qui a re\u00e7u le Christ peut-elle savoir avec certitude qu'elle passera l'\u00e9ternit\u00e9 avec Dieu ?<\/p>\n<p>Vous pouvez <em>savoir <\/em>que vous avez une relation personnelle solide avec Dieu.<\/p>\n<p><strong>CONFIDENCE <\/strong><strong>DANS VOTRE NOUVELLE RELATION AVEC LE CHRIST<\/strong><\/p>\n<p>Vous pouvez \u00eatre confiant dans votre nouvelle relation avec le Christ parce que vous avez \u00e9t\u00e9 compl\u00e8tement pardonn\u00e9 et accept\u00e9 par Dieu. Seule la mort du Christ sur la croix est suffisante pour \u00e9tablir cette relation avec Dieu.<\/p>\n<p><strong>LIRE \u00c9ph\u00e9siens 2:8, 9<\/strong>-Trois mots importants dans ces versets expliquent la base de notre acceptation devant Dieu.<\/p>\n<p><strong><u>GRACE :<\/u><\/strong><strong>\u00a0<\/strong><em>Une faveur inattendue,<\/em><em>\u00a0un don mal desservi<\/em><\/p>\n<ol>\n<li>Quel r\u00f4le la gr\u00e2ce a-t-elle jou\u00e9 dans l'\u00e9tablissement de votre relation avec Dieu ?<\/li>\n<li><em> Tu ne m\u00e9ritais pas cette relation et tu ne l'as pas non plus gagn\u00e9e. <\/em><em>par de bonnes \u0153uvres. Il s'agit plut\u00f4t d'un don gratuit de Dieu que vous <\/em><em>accept\u00e9 lorsque vous avez re\u00e7u le Christ.<\/em><\/li>\n<\/ol>\n<p><strong><u>SAUV\u00c9<\/u><\/strong><strong>: <\/strong><em>Sauv\u00e9s, \u00e9pargn\u00e9s par la catastrophe<\/em><\/p>\n<ol>\n<li>D'apr\u00e8s vous, que signifie ce verset lorsqu'il dit que vous \u00eates sauv\u00e9 ? De quoi \u00eates-vous sauv\u00e9s ?<\/li>\n<li><em> Romains 6:23 dit que le r\u00e9sultat final du p\u00e9ch\u00e9 est la mort. Lorsque vous avez re\u00e7u la mort du Christ sur la croix en paiement de vos p\u00e9ch\u00e9s, vous avez \u00e9t\u00e9 sauv\u00e9 de la condamnation \u00e9ternelle... de l'obligation de payer la p\u00e9nalit\u00e9 pour votre propre p\u00e9ch\u00e9.<\/em><\/li>\n<\/ol>\n<p><strong><u>F<\/u><\/strong><strong><u>AITH<\/u><\/strong><em>: Croyance, confiance, engagement de l'esprit, attitude, action<\/em><\/p>\n<ol>\n<li>Quel est le rapport entre la foi et l'accueil du Christ ?<\/li>\n<li><em> En termes simples, la foi consiste \u00e0 croire ou \u00e0 faire confiance \u00e0 Dieu et \u00e0 sa Parole. Lorsque vous avez re\u00e7u le Christ, vous avez plac\u00e9 votre confiance dans le Christ et dans sa mort pour votre p\u00e9ch\u00e9. Au lieu de croire en votre propre capacit\u00e9 \u00e0 m\u00e9riter la faveur de Dieu, vous avez maintenant confiance que vous<\/em> <em>ont \u00e9t\u00e9 r\u00e9concili\u00e9s avec Dieu par ce que le Christ a fait pour vous.<\/em><\/li>\n<\/ol>\n<p><strong>? QUESTION CL\u00c9 : <\/strong>Supposez que vous vous trouviez devant Dieu et qu'il vous demande : \"Pourquoi devrais-je vous laisser entrer au paradis ?\". Que diriez-vous ?<\/p>\n<p><strong>COMPRENDRE LES V\u00c9RIT\u00c9S SUR <\/strong><strong>VOTRE NOUVELLE RELATION <\/strong><strong>AVEC <\/strong><strong>CHRIST<\/strong><\/p>\n<p>Il y a beaucoup de choses passionnantes qui sont vraies dans votre nouvelle relation avec le Christ. Comprendre ces v\u00e9rit\u00e9s vous aidera \u00e0 construire une base solide sur laquelle vous pourrez grandir.<\/p>\n<ol>\n<li><strong>Le Christ a pardonn\u00e9 tous vos p\u00e9ch\u00e9s.<\/strong> Lire Colossiens 1:13, 14, H\u00e9breux 10:15-18<\/li>\n<\/ol>\n<blockquote><p>Lorsque vous vous \u00eates confi\u00e9 au Christ pour le pardon de vos p\u00e9ch\u00e9s, tous vos p\u00e9ch\u00e9s ont \u00e9t\u00e9 pardonn\u00e9s... dans le pass\u00e9, le pr\u00e9sent et l'avenir.<\/p>\n<p><em>Quelle diff\u00e9rence cela fait-il, selon vous, de savoir que votre p\u00e9ch\u00e9 est pardonn\u00e9 ?<\/em><\/p><\/blockquote>\n<ol start=\"2\">\n<li><strong>Le Christ a fait de vous un enfant de Dieu. <\/strong>Lire Jean 1:12<\/li>\n<\/ol>\n<blockquote><p>Lorsque vous avez re\u00e7u le Christ, vous avez entam\u00e9 une relation d'amour avec Dieu.<\/p><\/blockquote>\n<ol start=\"3\">\n<li><strong>Le Christ est entr\u00e9 dans votre vie et il ne vous quittera jamais.<\/strong>. Lire H\u00e9breux 13:5<\/li>\n<\/ol>\n<blockquote><p><em>Dans quelles circonstances le Christ pourrait-il vous quitter ?<\/em><\/p>\n<p><em>D'apr\u00e8s cela, combien de fois faut-il recevoir le Christ ?<\/em><\/p>\n<p><em>Lire Apocalypse 3:20, Galates 2:20, Matthieu 28:20 et Jean 6:37<\/em><\/p><\/blockquote>\n<ol start=\"4\">\n<li><strong>Le Christ vous a donn\u00e9 une nouvelle vie. <\/strong>Lire 2 Corinthiens 5:17<\/li>\n<\/ol>\n<blockquote><p>Lorsque vous avez fait confiance au Christ pour \u00eatre votre Sauveur et Seigneur, vous avez commenc\u00e9 une nouvelle vie spirituelle. Dieu produira de plus en plus de nouvelles qualit\u00e9s en vous au fur et \u00e0 mesure que vous grandirez en lui.<\/p><\/blockquote>\n<ol start=\"5\">\n<li><strong>Le Christ vous a donn\u00e9 la vie \u00e9ternelle. <\/strong>Lire 1 Jean 5:11-13<\/li>\n<\/ol>\n<blockquote><p><em>Sur quoi repose la vie \u00e9ternelle ?<\/em><\/p>\n<p><em>Quand la vie \u00e9ternelle d'une personne commence-t-elle ? Quand se termine-t-elle ?<\/em><\/p>\n<p><em>Avez-vous la vie \u00e9ternelle ?       Comment le savez-vous ?<\/em><\/p><\/blockquote>\n<p><strong>? QUESTION CL\u00c9 : <\/strong>Si vous deviez mourir ce soir, dans quelle mesure \u00eates-vous s\u00fbr de passer l'\u00e9ternit\u00e9 avec Dieu ?  Evaluez votre degr\u00e9 de certitude sur une \u00e9chelle de 0% ... 25% ... 50% ... 75% ... 100%<\/p>\n<p>Ces merveilleux avantages reposent enti\u00e8rement sur J\u00e9sus-Christ. Aucun d'entre eux ne peut \u00eatre gagn\u00e9. Vous les avez re\u00e7us au moment o\u00f9 vous avez plac\u00e9 votre foi en Christ.<\/p>\n<p><em>Certaines de ces v\u00e9rit\u00e9s sont-elles particuli\u00e8rement significatives pour vous en ce moment ? Si oui, pourquoi ?<\/em><\/p>\n<p><strong>D\u00c9TAILLAGE <\/strong><strong>AVEC <\/strong><strong>LE DOUTE DANS VOTRE NOUVELLE RELATION AVEC LE CHRIST<\/strong><\/p>\n<p>M\u00eame si les sentiments sont importants, votre relation avec le Christ est bas\u00e9e sur des faits, pas sur des sentiments qui peuvent changer chaque jour.<\/p>\n<p>Le doute, les questions et les \u00e9motions diverses font partie de la vie de chacun, mais ils ne sont pas des indicateurs fiables de la relation avec le Christ. Le chr\u00e9tien vit par la foi en la fiabilit\u00e9 de Dieu et de sa Parole.<\/p>\n<p>Ce sch\u00e9ma illustre la relation entre les faits (Dieu et sa Parole), la foi (votre confiance en Dieu et en sa Parole) et les sentiments.<\/p>\n<p><img fetchpriority=\"high\" decoding=\"async\" class=\"alignnone wp-image-57 size-large\" src=\"https:\/\/www.mdiscipleship.net\/wp-content\/uploads\/sites\/202\/2019\/09\/train-diagram-1024x225.png\" alt=\"\" width=\"1024\" height=\"225\" \/><\/p>\n<p>Le train roulera avec ou sans wagon de queue, mais il serait inutile d'essayer de tirer le train par le wagon de queue. De la m\u00eame mani\u00e8re, les chr\u00e9tiens ne d\u00e9pendent pas des sentiments. Placez votre foi dans la fiabilit\u00e9 de Dieu et de sa Parole. Plus vous apprendrez sa Parole, plus vous serez en mesure de r\u00e9pondre \u00e0 vos doutes par des faits solides. Vos sentiments commenceront \u00e0 r\u00e9pondre \u00e0 la v\u00e9rit\u00e9 de la Parole de Dieu et non aux circonstances.<\/p>\n<p><strong>CROISSANCE <\/strong><strong>DANS VOTRE NOUVELLE RELATION AVEC LE CHRIST<\/strong><\/p>\n<p><strong>Puisque vous avez . . .<\/strong><\/p>\n<p>. . a fait confiance au paiement du Christ pour votre p\u00e9ch\u00e9,<\/p>\n<p>. . a compris la base de votre nouvelle relation avec<\/p>\n<p>Dieu, et<\/p>\n<p>. . a examin\u00e9 cinq v\u00e9rit\u00e9s sur votre nouvelle relation<\/p>\n<p>avec Dieu,<\/p>\n<p><strong>. ... vous pouvez \u00eatre confiant dans votre nouvelle relation avec le Christ.<\/strong><\/p>\n<p>Tout au long de cette semaine, commencez \u00e0 int\u00e9grer ces v\u00e9rit\u00e9s dans votre vie \u00e0 mesure que vous grandissez en Christ :<\/p>\n<ul>\n<li>Vous \u00eates pardonn\u00e9 : Colossiens 1:13, 14 ; 2:13<\/li>\n<li>Vous \u00eates un enfant de Dieu : Jean 1:12 ; Romains 8:15 ; 1 Jean 3:1<\/li>\n<li>Vous \u00eates habit\u00e9 par le Christ : Apocalypse 3:20 ; Galates 2:20<\/li>\n<li>Vous avez une vie nouvelle : 2 Corinthiens 5:17 ; \u00c9ph\u00e9siens 2:4, 5<\/li>\n<li>Vous avez la vie \u00e9ternelle : 1 Jean 5:11-13 ; Jean 5:24 ; 10:27-29<\/li>\n<\/ul>\n<p>Prenez une v\u00e9rit\u00e9 par jour et r\u00e9fl\u00e9chissez-y. Lisez les versets \u00e9num\u00e9r\u00e9s pour chaque v\u00e9rit\u00e9. Remerciez Dieu que cela soit maintenant vrai pour vous.<\/p>\n<p>La connaissance de ces v\u00e9rit\u00e9s essentielles est cruciale pour notre croissance en Christ. Que se passe-t-il lorsque nous luttons et \u00e9chouons dans nos efforts pour vivre la vie chr\u00e9tienne ?<\/p>\n<p><strong>Prochaine r\u00e9union ?<\/strong><\/p>","protected":false},"excerpt":{"rendered":"<p>Conna\u00eetre J\u00e9sus-Christ est la relation la plus passionnante que vous puissiez avoir. C'est le d\u00e9but d'une vie d'aventures extraordinaires avec un Dieu tout aimant et tout puissant. La brochure Les quatre lois spirituelles explique de mani\u00e8re concise tout ce qu'une personne doit savoir pour commencer une nouvelle vie en Christ. Un bref examen de cette brochure nous aidera en tant que [...]<\/p>","protected":false},"author":13428,"featured_media":0,"parent":0,"menu_order":0,"comment_status":"closed","ping_status":"closed","template":"","meta":{"_acf_changed":false,"inline_featured_image":false,"site-sidebar-layout":"right-sidebar","site-content-layout":"content-boxed-container","ast-site-content-layout":"default","site-content-style":"default","site-sidebar-style":"default","ast-global-header-display":"","ast-banner-title-visibility":"","ast-main-header-display":"","ast-hfb-above-header-display":"","ast-hfb-below-header-display":"","ast-hfb-mobile-header-display":"","site-post-title":"","ast-breadcrumbs-content":"disabled","ast-featured-img":"disabled","footer-sml-layout":"disabled","ast-disable-related-posts":"","theme-transparent-header-meta":"default","adv-header-id-meta":"","stick-header-meta":"","header-above-stick-meta":"","header-main-stick-meta":"","header-below-stick-meta":"","astra-migrate-meta-layouts":"default","ast-page-background-enabled":"default","ast-page-background-meta":{"desktop":{"background-color":"","background-image":"","background-repeat":"repeat","background-position":"center center","background-size":"auto","background-attachment":"scroll","background-type":"","background-media":"","overlay-type":"","overlay-color":"","overlay-opacity":"","overlay-gradient":""},"tablet":{"background-color":"","background-image":"","background-repeat":"repeat","background-position":"center center","background-size":"auto","background-attachment":"scroll","background-type":"","background-media":"","overlay-type":"","overlay-color":"","overlay-opacity":"","overlay-gradient":""},"mobile":{"background-color":"","background-image":"","background-repeat":"repeat","background-position":"center center","background-size":"auto","background-attachment":"scroll","background-type":"","background-media":"","overlay-type":"","overlay-color":"","overlay-opacity":"","overlay-gradient":""}},"ast-content-background-meta":{"desktop":{"background-color":"var(--ast-global-color-5)","background-image":"","background-repeat":"repeat","background-position":"center center","background-size":"auto","background-attachment":"scroll","background-type":"","background-media":"","overlay-type":"","overlay-color":"","overlay-opacity":"","overlay-gradient":""},"tablet":{"background-color":"var(--ast-global-color-5)","background-image":"","background-repeat":"repeat","background-position":"center center","background-size":"auto","background-attachment":"scroll","background-type":"","background-media":"","overlay-type":"","overlay-color":"","overlay-opacity":"","overlay-gradient":""},"mobile":{"background-color":"var(--ast-global-color-5)","background-image":"","background-repeat":"repeat","background-position":"center center","background-size":"auto","background-attachment":"scroll","background-type":"","background-media":"","overlay-type":"","overlay-color":"","overlay-opacity":"","overlay-gradient":""}},"footnotes":""},"class_list":["post-54","page","type-page","status-publish","hentry"],"acf":[],"jetpack_sharing_enabled":true,"meta_box":{"_cloudsearch_visibility":""},"_links":{"self":[{"href":"https:\/\/www.mdiscipleship.net\/fr\/wp-json\/wp\/v2\/pages\/54","targetHints":{"allow":["GET"]}}],"collection":[{"href":"https:\/\/www.mdiscipleship.net\/fr\/wp-json\/wp\/v2\/pages"}],"about":[{"href":"https:\/\/www.mdiscipleship.net\/fr\/wp-json\/wp\/v2\/types\/page"}],"author":[{"embeddable":true,"href":"https:\/\/www.mdiscipleship.net\/fr\/wp-json\/wp\/v2\/users\/13428"}],"replies":[{"embeddable":true,"href":"https:\/\/www.mdiscipleship.net\/fr\/wp-json\/wp\/v2\/comments?post=54"}],"version-history":[{"count":5,"href":"https:\/\/www.mdiscipleship.net\/fr\/wp-json\/wp\/v2\/pages\/54\/revisions"}],"predecessor-version":[{"id":410,"href":"https:\/\/www.mdiscipleship.net\/fr\/wp-json\/wp\/v2\/pages\/54\/revisions\/410"}],"wp:attachment":[{"href":"https:\/\/www.mdiscipleship.net\/fr\/wp-json\/wp\/v2\/media?parent=54"}],"curies":[{"name":"wp","href":"https:\/\/api.w.org\/{rel}","templated":true}]}}