{"id":68,"date":"2019-09-02T00:48:50","date_gmt":"2019-09-02T00:48:50","guid":{"rendered":"https:\/\/www.mdiscipleship.net\/?page_id=68"},"modified":"2025-07-02T10:55:03","modified_gmt":"2025-07-02T10:55:03","slug":"lesson2","status":"publish","type":"page","link":"https:\/\/www.mdiscipleship.net\/fr\/lesson2\/","title":{"rendered":"LE\u00c7ON 2 : VOTRE NOUVELLE VIE DANS L'AMOUR DE DIEU"},"content":{"rendered":"<p>N'oubliez pas : votre <strong>relation <\/strong>avec Dieu est assur\u00e9e parce que, par le Christ, vous \u00eates <strong>pardonn\u00e9 <\/strong>et <strong>accept\u00e9e <\/strong>par Dieu.<\/p>\n<p>En plus de fournir ce service s\u00e9curis\u00e9 <strong>relation<\/strong>Dieu d\u00e9sire \u00e9galement que vous marchiez en \u00e9troite collaboration avec lui et que vous communiquiez avec lui tout au long de la journ\u00e9e. C'est ce qu'on appelle <strong>la fraternit\u00e9<\/strong>.<\/p>\n<p>Lorsque nous choisissons de p\u00e9cher, notre <strong>relation <\/strong>(notre position en tant qu'enfants de Dieu) n'est pas affect\u00e9e, mais notre <strong>la fraternit\u00e9 <\/strong>est interrompu.<\/p>\n<p>Exemple p\u00e8re-enfant : Votre relation avec votre p\u00e8re terrestre est permanente. Quoi que vous fassiez, vous serez toujours son enfant. Mais supposons que vous vous soyez rebell\u00e9 contre votre p\u00e8re et que vous ayez quitt\u00e9 la maison avec col\u00e8re, malgr\u00e9 ses efforts pour vous r\u00e9concilier.<\/p>\n<p><em>W<\/em><em>e serais-tu encore l'enfant de ton p\u00e8re ? <\/em><\/p>\n<p><em>Qu'adviendrait-il de votre fraternit\u00e9 ?<\/em><\/p>\n<p>&nbsp;<\/p>\n<p>Consid\u00e9rez ces diff\u00e9rences entre votre\u00a0<strong>relation <\/strong>et <strong>la fraternit\u00e9 <\/strong>avec Dieu :<\/p>\n<p><strong><u>La relation avec Dieu<\/u><\/strong><\/p>\n<p>A commenc\u00e9 lorsque vous avez re\u00e7u le Christ<\/p>\n<p>(Jean 1:12)<\/p>\n<p>est \u00e9ternel (1 Pierre 1:3, 4)<\/p>\n<p>Maintenue par Dieu (Jean 10:27-29)<\/p>\n<p>Ne change jamais (H\u00e9breux 13:5)<\/p>\n<p><strong><u>\u00a0<\/u><\/strong><\/p>\n<p><strong><u>La communion avec Dieu<\/u><\/strong><\/p>\n<p>A commenc\u00e9 lorsque vous avez re\u00e7u le Christ (Colossiens 2:6)<\/p>\n<p>Peut \u00eatre entrav\u00e9e (Psaume 32:3-5)<\/p>\n<p>Maintenue en partie par nous (1 Jean 1:9)<\/p>\n<p>Change lorsque nous p\u00e9chons (Psaume 66:18)<\/p>\n<blockquote><p><em>Comment pouvons-nous faire l'exp\u00e9rience d'une communion constante avec Dieu ?<\/em><\/p><\/blockquote>\n<p><strong>LE BESOIN DE L'AMOUR ET DU PARDON DE DIEU<\/strong><\/p>\n<p>Le p\u00e9ch\u00e9 est un obstacle pour les chr\u00e9tiens comme pour les non-chr\u00e9tiens. Le p\u00e9ch\u00e9 nous emp\u00eache tous de faire l'exp\u00e9rience de l'amour de Dieu. Mais beaucoup de gens ne savent pas ce qu'est le p\u00e9ch\u00e9 et ce qu'il n'est pas.<\/p>\n<p><strong>Qu'est-ce que le p\u00e9ch\u00e9 ? <\/strong>C'est plus que la tricherie, le mensonge, le comportement immoral, etc. Ces actions ne sont que les r\u00e9sultats d'une attitude de p\u00e9ch\u00e9. Une d\u00e9finition simple du p\u00e9ch\u00e9 est : faire ce que nous voulons au lieu de ce que Dieu veut - \u00e0 la fois dans les actions et les attitudes.<\/p>\n<blockquote><p><em>Quels sont les r\u00e9sultats du p\u00e9ch\u00e9 ?<\/em><\/p><\/blockquote>\n<ol>\n<li>Pour les non-chr\u00e9tiens, le p\u00e9ch\u00e9 interdit une <strong>relation <\/strong>avec Dieu. Lire Romains 3:23<\/li>\n<\/ol>\n<blockquote><p><em>Qu'en est-il des incroyants qui essaient de mener une vie bonne et morale ? Sont-ils s\u00e9par\u00e9s de Dieu ? Pourquoi ou pourquoi pas ?<\/em><\/p><\/blockquote>\n<ol start=\"2\">\n<li>Pour les chr\u00e9tiens, le p\u00e9ch\u00e9 inhibe <strong>la fraternit\u00e9 <\/strong>avec Dieu. 1 Jean 1:6-8<\/li>\n<\/ol>\n<p><strong>R\u00c9SUM\u00c9 :<\/strong> Nous p\u00e9chons tous. Par cons\u00e9quent, vous et moi avons besoin d'exp\u00e9rimenter le pardon de Dieu pour nos attitudes et nos actions.<\/p>\n<p><strong>LA BASE DE L'AMOUR ET DU PARDON DE DIEU<\/strong><\/p>\n<ol>\n<li>La mort du Christ est la base du pardon qui nous ram\u00e8ne \u00e0 un niveau de vie correct. <strong>relation <\/strong>avec Dieu. Lire 1 Pierre 3:18<\/li>\n<li>La mort du Christ est aussi la base du pardon dans notre vie quotidienne. <strong>la fraternit\u00e9<\/strong> avec Dieu. Colossiens 2:13,14<\/li>\n<\/ol>\n<blockquote><p><em>\"<\/em><em>Vous \u00e9tiez morts dans vos p\u00e9ch\u00e9s, et vos d\u00e9sirs de p\u00e9ch\u00e9 n'\u00e9taient pas encore \u00e9limin\u00e9s. Alors il vous a fait participer \u00e0 la vie m\u00eame du Christ, car il a pardonn\u00e9 tous vos p\u00e9ch\u00e9s, <\/em><em>14\u00a0<\/em><em>et il a effac\u00e9 les accusations port\u00e9es contre vous, la liste de ses commandements que vous n'avez pas respect\u00e9s. Il a pris cette liste de p\u00e9ch\u00e9s et l'a d\u00e9truite en la clouant \u00e0 la croix du Christ\". (Bible vivante)<\/em><\/p><\/blockquote>\n<p>\u00c0 l'\u00e9poque o\u00f9 ce texte a \u00e9t\u00e9 \u00e9crit, l'expression \"liste des p\u00e9ch\u00e9s\" d\u00e9signait un document d\u00e9taill\u00e9 clou\u00e9 \u00e0 la porte de la cellule de la prison. Cette liste \u00e9num\u00e8re tous les crimes pour lesquels le prisonnier a \u00e9t\u00e9 condamn\u00e9. Une fois la peine purg\u00e9e ou la restitution pay\u00e9e, les autorit\u00e9s enlevaient la liste et \u00e9crivaient \"enti\u00e8rement pay\u00e9\". Le prisonnier s'en servait comme preuve qu'il ne pourrait plus jamais \u00eatre jug\u00e9 pour ces crimes. Le croyant qui se fie au paiement du Christ pour ses p\u00e9ch\u00e9s ne peut plus jamais \u00eatre jug\u00e9. Vous b\u00e9n\u00e9ficiez d'un pardon total de la part de Dieu.<\/p>\n<p><em>Qu'a fait Dieu de votre p\u00e9ch\u00e9 ?<\/em><\/p>\n<p><em>Pour combien de vos p\u00e9ch\u00e9s le Christ est-il mort ?<\/em><\/p>\n<p><em>Lorsque le Christ est mort sur la croix pour vous, combien de vos p\u00e9ch\u00e9s \u00e9taient \u00e0 venir ?<\/em><\/p>\n<p><em>Quelle diff\u00e9rence cela fera-t-il dans votre vie quotidienne de savoir que vous \u00eates totalement pardonn\u00e9 ?<\/em><\/p>\n<p>&nbsp;<\/p>\n<p><strong>VOUS POUVEZ FAIRE L'EXP\u00c9RIENCE DE L'AMOUR ET DU PARDON DE DIEU CHAQUE JOUR<\/strong><\/p>\n<p>M\u00eame si vous \u00eates totalement pardonn\u00e9, vous devez toujours vous occuper de vos p\u00e9ch\u00e9s au jour le jour afin d'exp\u00e9rimenter une communion continue avec Dieu.<\/p>\n<p>Mettez-vous dans la peau du p\u00e8re et de l'enfant. <em>Que feriez-vous pour r\u00e9tablir la communion avec votre p\u00e8re ?<\/em><\/p>\n<p>Voyons comment r\u00e9tablir la communion avec Dieu. <strong>Lire Jean 1:9<\/strong><\/p>\n<p><strong><u>Confession<\/u><\/strong><u>-<strong>\u00eatre d'accord avec Dieu sur le p\u00e9ch\u00e9.<\/strong><\/u><\/p>\n<p>Lorsque Dieu attire votre attention sur le fait que vous avez commis un p\u00e9ch\u00e9, confessez-le. Cette confession implique au moins trois facteurs :<\/p>\n<ol>\n<li>Reconnaissez avec Dieu que vous avez p\u00e9ch\u00e9.<\/li>\n<li>Reconnaissez que Dieu vous a d\u00e9j\u00e0 pardonn\u00e9.<\/li>\n<li>Faites confiance \u00e0 Dieu pour changer vos attitudes et vos actions vers lui et vous \u00e9loigner de votre p\u00e9ch\u00e9.<\/li>\n<\/ol>\n<p>En vous retournant vers Dieu et en vous \u00e9loignant de votre p\u00e9ch\u00e9, vous ferez l'exp\u00e9rience de son amour et de sa compassion.<\/p>\n<p>le pardon accord\u00e9 par la mort du Christ sur la croix. Au lieu de la culpabilit\u00e9, de la condamnation et de la punition, votre communion avec Dieu sera r\u00e9tablie.<\/p>\n<p><strong><u>La confession - la mise en pratique.<\/u><\/strong><\/p>\n<ol>\n<li>Demandez \u00e0 Dieu de r\u00e9v\u00e9ler le p\u00e9ch\u00e9 dans votre vie.<\/li>\n<li>Faites-en la liste sur une feuille de papier. Soyez tout \u00e0 fait honn\u00eate, car il s'agit d'un \u00e9change entre vous et Dieu.<\/li>\n<li>Apr\u00e8s avoir compl\u00e9t\u00e9 votre liste, \u00e9crivez par-dessus la promesse de 1 Jean 1:9.<\/li>\n<li>Remerciez Dieu pour le pardon qu'il vous a accord\u00e9 gr\u00e2ce \u00e0 ce que le Christ a fait sur la croix.<\/li>\n<li>D\u00e9chirez la liste et jetez-la.<\/li>\n<\/ol>\n<p><em>Combien de fois devez-vous confesser vos p\u00e9ch\u00e9s \u00e0 Dieu ?<\/em><\/p>\n<p><strong><u>La confession - l'exp\u00e9rience des r\u00e9sultats.<\/u><\/strong><\/p>\n<p>Que faire si vous vous sentez toujours coupable apr\u00e8s avoir confess\u00e9 vos p\u00e9ch\u00e9s ?<\/p>\n<p>Lire Psaumes 32:5 ; 103:12 ; Isa\u00efe 43:25<\/p>\n<p>Que disent ces passages sur la culpabilit\u00e9 et la<\/p>\n<p>le pardon ?<\/p>\n<p><em>Comment votre vie serait-elle affect\u00e9e par l'application de ces v\u00e9rit\u00e9s ? \u00c0 la lumi\u00e8re de ce que nous avons vu concernant la culpabilit\u00e9 et la<\/em> <em>pardon, comment compl\u00e9teriez-vous cette affirmation ?<\/em><\/p>\n<p>\"Quand j'aurai confess\u00e9 tous mes p\u00e9ch\u00e9s, je <u>\u00a0\u00a0\u00a0\u00a0\u00a0\u00a0\u00a0\u00a0\u00a0\u00a0\u00a0\u00a0\u00a0\u00a0\u00a0\u00a0\u00a0\u00a0\u00a0\u00a0\u00a0 \u00a0\u00a0\u00a0\u00a0\u00a0\u00a0\u00a0\u00a0\u00a0\u00a0\u00a0\u00a0\u00a0\u00a0\u00a0\u00a0\u00a0\u00a0\u00a0\u00a0\u00a0\u00a0\u00a0\u00a0\u00a0\u00a0\u00a0\u00a0\u00a0\u00a0\u00a0\u00a0\u00a0<\/u>\"<\/p>\n<p><strong>CROISSANCE <\/strong><strong>DANS L'AMOUR ET LE PARDON DE DIEU<\/strong><\/p>\n<p>Avant de vous coucher ce soir, prenez le temps de mettre en pratique ce que vous avez appris sur l'amour et le pardon de Dieu. Faites une liste des p\u00e9ch\u00e9s et des pardons.<\/p>\n<p>Essayez de passer une quinzaine de minutes par jour seul avec Dieu, en lisant la Bible et en priant. Voici quelques suggestions.<\/p>\n<ol>\n<li>Lisez l'histoire du jeune homme qui s'est enfui de chez son p\u00e8re et a gaspill\u00e9 son h\u00e9ritage. L'histoire a \u00e9t\u00e9 racont\u00e9e par J\u00e9sus et se trouve dans Luc 15:11-32.<\/li>\n<\/ol>\n<p><em>Qu'est-ce que cette histoire illustre sur notre relation avec<\/em> <em>Dieu, notre pardon et notre communion avec lui ?<\/em><\/p>\n<ol start=\"2\">\n<li>Lisez Galates 5:16-23. Remarquez les diff\u00e9rences qui se produiront lorsque vous permettrez \u00e0 Dieu d'agir dans votre vie. Si vous vous rendez compte qu'un aspect de votre vie d\u00e9pla\u00eet \u00e0 Dieu, r\u00e9glez-le conform\u00e9ment \u00e0 1 Jean 1:9 et profitez de votre communion avec Dieu.<\/li>\n<li>Lisez le Psaume 32. <em>Quelle est l'exp\u00e9rience de David en mati\u00e8re de confession dans ce psaume ? Qu'a-t-il ressenti avant de confesser son p\u00e9ch\u00e9 ? Comment s'est-il senti apr\u00e8s avoir fait face \u00e0 son p\u00e9ch\u00e9 ?<\/em><\/li>\n<\/ol>\n<p>Comprendre le grand amour et le pardon de Dieu permet aux chr\u00e9tiens de jouir d'une communion croissante avec lui.<\/p>\n<p><em>Mais pourquoi de nombreux chr\u00e9tiens ne font-ils pas l'exp\u00e9rience de la puissance<\/em> <em>Dieu a mis \u00e0 notre disposition pour vivre la vie chr\u00e9tienne ?<\/em><strong>\u00a0<\/strong><\/p>\n<p><strong>Prochaine r\u00e9union :<\/strong><\/p>\n<p><strong>\u00a0<\/strong><\/p>","protected":false},"excerpt":{"rendered":"<p>Rappelez-vous : votre relation avec Dieu est s\u00fbre parce que, par le Christ, vous \u00eates pardonn\u00e9 et accept\u00e9 par Dieu. En plus de vous fournir cette relation s\u00fbre, Dieu d\u00e9sire \u00e9galement que vous marchiez \u00e9troitement avec lui et que vous communiquiez avec lui tout au long de la journ\u00e9e. C'est ce qu'on appelle la communion. Lorsque nous choisissons de p\u00e9cher, notre relation (notre position en tant que [...]<\/p>","protected":false},"author":13428,"featured_media":0,"parent":0,"menu_order":0,"comment_status":"closed","ping_status":"closed","template":"","meta":{"_acf_changed":false,"inline_featured_image":false,"site-sidebar-layout":"default","site-content-layout":"default","ast-site-content-layout":"default","site-content-style":"default","site-sidebar-style":"default","ast-global-header-display":"","ast-banner-title-visibility":"","ast-main-header-display":"","ast-hfb-above-header-display":"","ast-hfb-below-header-display":"","ast-hfb-mobile-header-display":"","site-post-title":"","ast-breadcrumbs-content":"","ast-featured-img":"","footer-sml-layout":"","ast-disable-related-posts":"","theme-transparent-header-meta":"default","adv-header-id-meta":"","stick-header-meta":"","header-above-stick-meta":"","header-main-stick-meta":"","header-below-stick-meta":"","astra-migrate-meta-layouts":"set","ast-page-background-enabled":"default","ast-page-background-meta":{"desktop":{"background-color":"","background-image":"","background-repeat":"repeat","background-position":"center center","background-size":"auto","background-attachment":"scroll","background-type":"","background-media":"","overlay-type":"","overlay-color":"","overlay-opacity":"","overlay-gradient":""},"tablet":{"background-color":"","background-image":"","background-repeat":"repeat","background-position":"center center","background-size":"auto","background-attachment":"scroll","background-type":"","background-media":"","overlay-type":"","overlay-color":"","overlay-opacity":"","overlay-gradient":""},"mobile":{"background-color":"","background-image":"","background-repeat":"repeat","background-position":"center center","background-size":"auto","background-attachment":"scroll","background-type":"","background-media":"","overlay-type":"","overlay-color":"","overlay-opacity":"","overlay-gradient":""}},"ast-content-background-meta":{"desktop":{"background-color":"var(--ast-global-color-5)","background-image":"","background-repeat":"repeat","background-position":"center center","background-size":"auto","background-attachment":"scroll","background-type":"","background-media":"","overlay-type":"","overlay-color":"","overlay-opacity":"","overlay-gradient":""},"tablet":{"background-color":"var(--ast-global-color-5)","background-image":"","background-repeat":"repeat","background-position":"center center","background-size":"auto","background-attachment":"scroll","background-type":"","background-media":"","overlay-type":"","overlay-color":"","overlay-opacity":"","overlay-gradient":""},"mobile":{"background-color":"var(--ast-global-color-5)","background-image":"","background-repeat":"repeat","background-position":"center center","background-size":"auto","background-attachment":"scroll","background-type":"","background-media":"","overlay-type":"","overlay-color":"","overlay-opacity":"","overlay-gradient":""}},"footnotes":""},"class_list":["post-68","page","type-page","status-publish","hentry"],"acf":[],"jetpack_sharing_enabled":true,"meta_box":{"_cloudsearch_visibility":"0"},"_links":{"self":[{"href":"https:\/\/www.mdiscipleship.net\/fr\/wp-json\/wp\/v2\/pages\/68","targetHints":{"allow":["GET"]}}],"collection":[{"href":"https:\/\/www.mdiscipleship.net\/fr\/wp-json\/wp\/v2\/pages"}],"about":[{"href":"https:\/\/www.mdiscipleship.net\/fr\/wp-json\/wp\/v2\/types\/page"}],"author":[{"embeddable":true,"href":"https:\/\/www.mdiscipleship.net\/fr\/wp-json\/wp\/v2\/users\/13428"}],"replies":[{"embeddable":true,"href":"https:\/\/www.mdiscipleship.net\/fr\/wp-json\/wp\/v2\/comments?post=68"}],"version-history":[{"count":1,"href":"https:\/\/www.mdiscipleship.net\/fr\/wp-json\/wp\/v2\/pages\/68\/revisions"}],"predecessor-version":[{"id":69,"href":"https:\/\/www.mdiscipleship.net\/fr\/wp-json\/wp\/v2\/pages\/68\/revisions\/69"}],"wp:attachment":[{"href":"https:\/\/www.mdiscipleship.net\/fr\/wp-json\/wp\/v2\/media?parent=68"}],"curies":[{"name":"wp","href":"https:\/\/api.w.org\/{rel}","templated":true}]}}