{"id":99,"date":"2019-09-05T16:01:05","date_gmt":"2019-09-05T16:01:05","guid":{"rendered":"https:\/\/www.mdiscipleship.net\/?page_id=99"},"modified":"2019-09-05T16:01:05","modified_gmt":"2019-09-05T16:01:05","slug":"lesson-3-your-new-life-in-the-spirit","status":"publish","type":"page","link":"https:\/\/www.mdiscipleship.net\/fr\/lesson-3-your-new-life-in-the-spirit\/","title":{"rendered":"Le\u00e7on 3 : Votre nouvelle vie dans l'Esprit"},"content":{"rendered":"<p>Souvenez-vous : pour faire l'exp\u00e9rience de l'amour et du pardon de Dieu, vous devez confesser votre p\u00e9ch\u00e9 d\u00e8s que vous en prenez conscience et vous tourner \u00e0 nouveau vers votre P\u00e8re c\u00e9leste.<\/p>\n<p>Une transformation \u00e9tonnante a commenc\u00e9 \u00e0 se produire depuis que vous avez re\u00e7u le Christ comme votre Seigneur et Sauveur. Vous commencez maintenant \u00e0 vivre la vie chr\u00e9tienne, qui n'est pas une norme de performance ni un code d'\u00e9thique, mais une relation vitale et personnelle avec un Dieu d'amour.<\/p>\n<blockquote><p><strong>Lire Jean 7.37-39<\/strong><\/p><\/blockquote>\n<p>Malheureusement, tous les croyants n'ont pas la possibilit\u00e9 de vivre leur vie comme Dieu l'a pr\u00e9vu.<\/p>\n<p>Tout comme notre relation avec Dieu d\u00e9pend totalement de ce que Dieu a fait en J\u00e9sus-Christ, la force de vivre une vie chr\u00e9tienne dynamique vient aussi totalement de Dieu<\/p>\n<p><img decoding=\"async\" class=\"wp-image-100 size-thumbnail alignleft\" src=\"https:\/\/www.mdiscipleship.net\/wp-content\/uploads\/sites\/202\/2019\/09\/laptop_ico-150x150.png\" alt=\"\" width=\"150\" height=\"150\" \/>Cet ordinateur a tout le potentiel n\u00e9cessaire pour faire ce pour quoi il a \u00e9t\u00e9 cr\u00e9\u00e9, mais il n'a pas de pouvoir propre.<\/p>\n<p>De m\u00eame, gr\u00e2ce \u00e0 votre nouvelle identit\u00e9 en Christ, vous avez tout le potentiel n\u00e9cessaire pour vivre comme une nouvelle cr\u00e9ation en Christ.<\/p>\n<p>Mais il faut toujours puiser \u00e0 la bonne source d'\u00e9nergie.<\/p>\n<p><strong>L'ESPRIT SAINT EST LA SOURCE D'\u00c9NERGIE DE LA VIE CHR\u00c9TIENNE<\/strong><\/p>\n<p>Qui est le Saint-Esprit ? Lire 2 Corinthiens 3:17,18<\/p>\n<p>Pourquoi est-il venu ?<\/p>\n<ol>\n<li>Glorifier le Christ (Jean 16:14)<\/li>\n<li>Pour vous conduire dans toute la v\u00e9rit\u00e9 (Jean 16:13)<\/li>\n<li>De demeurer en vous (Romains 8:9)<\/li>\n<li>Convaincre le monde du p\u00e9ch\u00e9 et de la justice (Jean 16:8)<\/li>\n<\/ol>\n<p><em>Quel r\u00f4le joue l'Esprit Saint dans votre relation avec Dieu ? <\/em>Lire Romains 8:14-16<\/p>\n<p><em>Que d\u00e9sire-t-il produire dans votre vie ? <\/em>Lire Galates 5:22,23<\/p>\n<p><em>Comment pensez-vous que ces qualit\u00e9s du caract\u00e8re de Dieu (fruit de l'Esprit) se d\u00e9velopperont dans votre vie ?<\/em><\/p>\n<blockquote><p><strong>Lire Jean 15:4,5<\/strong><\/p><\/blockquote>\n<p><em>Qu'est-ce que J\u00e9sus dit que nous devons faire pour que ce fruit soit produit en nous ?<\/em><\/p>\n<p><em>Laquelle de ces qualit\u00e9s aimeriez-vous que Dieu commence \u00e0 d\u00e9velopper en vous ?<\/em><\/p>\n<p><em>Qu'est-ce qu'il d\u00e9sire vous \u00e9quiper pour faire ?<\/em><\/p>\n<blockquote><p><strong>Lire Actes 1:8<\/strong><\/p><\/blockquote>\n<p><em>Qu'est-ce qu'un t\u00e9moin ?<\/em><\/p>\n<p><em>Que signifie pour vous \u00eatre t\u00e9moin du Christ ?<\/em><\/p>\n<p><em>Pourquoi pensez-vous que la puissance du Saint-Esprit est n\u00e9cessaire pour t\u00e9moigner ?<\/em><\/p>\n<h4><strong>R\u00e9sum\u00e9<\/strong><\/h4>\n<p><strong><img decoding=\"async\" class=\"alignleft wp-image-101 size-thumbnail\" src=\"https:\/\/www.mdiscipleship.net\/wp-content\/uploads\/sites\/202\/2019\/09\/maturity_ico-150x150.png\" alt=\"\" width=\"150\" height=\"150\" \/><\/strong>Le degr\u00e9 de manifestation de ces traits dans la vie d'une personne d\u00e9pend de la confiance que le chr\u00e9tien accorde au Seigneur dans tous les d\u00e9tails de sa vie et de sa maturit\u00e9 en Christ. Celui qui commence seulement \u00e0 comprendre le minist\u00e8re du Saint-Esprit ne doit pas se d\u00e9courager s'il n'est pas aussi fructueux que les chr\u00e9tiens plus m\u00fbrs qui connaissent et exp\u00e9rimentent cette v\u00e9rit\u00e9 depuis plus longtemps.<\/p>\n<p>&nbsp;<\/p>\n<p><strong>DE NOMBREUX CHR\u00c9TIENS <\/strong><strong>NE FONT PAS L'EXP\u00c9RIENCE DE LA PUISSANCE DU SAINT-ESPRIT<\/strong><\/p>\n<p>Vous \u00eates devenu chr\u00e9tien par l'action du Saint-Esprit (Jean 3:1-8).<\/p>\n<p>Depuis ce moment, vous \u00eates habit\u00e9 par l'Esprit (Jean 14:16, 17).<\/p>\n<p>Bien que tous les chr\u00e9tiens soient habit\u00e9s par le Saint-Esprit, tous ne sont pas remplis du Saint-Esprit (dirig\u00e9s et habilit\u00e9s par le Saint-Esprit).<\/p>\n<p>La Bible nous dit qu'il y a trois sortes de personnes :<\/p>\n<ol>\n<li><strong>L'homme naturel<\/strong><\/li>\n<\/ol>\n<p><img decoding=\"async\" class=\"alignleft wp-image-102 size-full\" src=\"https:\/\/www.mdiscipleship.net\/wp-content\/uploads\/sites\/202\/2019\/09\/natural_man.png\" alt=\"\" width=\"260\" height=\"107\" srcset=\"https:\/\/www.mdiscipleship.net\/wp-content\/uploads\/sites\/202\/2019\/09\/natural_man.png 260w, https:\/\/www.mdiscipleship.net\/wp-content\/uploads\/sites\/202\/2019\/09\/natural_man.png?resize=18,7 18w\" sizes=\"(max-width: 260px) 100vw, 260px\" \/>(1 Corinthiens 2:14) Ceux qui n'ont pas fait confiance \u00e0 la mort du Christ pour payer leurs p\u00e9ch\u00e9s et qui, par cons\u00e9quent, ne sont pas habit\u00e9s par le Saint-Esprit.<\/p>\n<p>&nbsp;<\/p>\n<p>&nbsp;<\/p>\n<ol start=\"2\">\n<li><strong>L'homme charnel<\/strong><\/li>\n<\/ol>\n<p><img loading=\"lazy\" decoding=\"async\" class=\"alignleft size-full wp-image-103\" src=\"https:\/\/www.mdiscipleship.net\/wp-content\/uploads\/sites\/202\/2019\/09\/carnal-man.png\" alt=\"\" width=\"269\" height=\"110\" srcset=\"https:\/\/www.mdiscipleship.net\/wp-content\/uploads\/sites\/202\/2019\/09\/carnal-man.png 269w, https:\/\/www.mdiscipleship.net\/wp-content\/uploads\/sites\/202\/2019\/09\/carnal-man.png?resize=18,7 18w\" sizes=\"(max-width: 269px) 100vw, 269px\" \/>(1 Corinthiens 3:1,2) Ceux qui ont fait confiance au Christ pour payer pour leurs p\u00e9ch\u00e9s, mais qui se fient \u00e0 leurs propres efforts pour vivre la vie chr\u00e9tienne (<em>Charnel <\/em>se r\u00e9f\u00e8re \u00e0 la \"chair\" par opposition \u00e0 l'Esprit\"). Lorsque vous vous \u00eates confi\u00e9 au Christ pour le pardon de vos p\u00e9ch\u00e9s, tous vos p\u00e9ch\u00e9s ont \u00e9t\u00e9 pardonn\u00e9s... dans le pass\u00e9, le pr\u00e9sent et l'avenir.<\/p>\n<ol start=\"3\">\n<li><strong>Spirituel<\/strong><\/li>\n<\/ol>\n<p><img loading=\"lazy\" decoding=\"async\" class=\"alignleft size-full wp-image-104\" src=\"https:\/\/www.mdiscipleship.net\/wp-content\/uploads\/sites\/202\/2019\/09\/spiritual-man.png\" alt=\"\" width=\"258\" height=\"111\" srcset=\"https:\/\/www.mdiscipleship.net\/wp-content\/uploads\/sites\/202\/2019\/09\/spiritual-man.png 258w, https:\/\/www.mdiscipleship.net\/wp-content\/uploads\/sites\/202\/2019\/09\/spiritual-man.png?resize=18,8 18w\" sizes=\"(max-width: 258px) 100vw, 258px\" \/>(1 Corinthiens 2:15) Ceux qui ont fait confiance au Christ comme leur Sauveur et qui se fient \u00e0 la puissance du Saint-Esprit pour vivre la vie chr\u00e9tienne.<\/p>\n<p>La vie remplie d'Esprit est la vie dirig\u00e9e par le Christ, par laquelle le Christ vit sa vie en vous et \u00e0 travers vous par la puissance du Saint-Esprit.<\/p>\n<p><strong>VOUS POUVEZ \u00caTRE REMPLI DE <\/strong><strong>(<\/strong><strong>DIRIG\u00c9 ET HABILIT\u00c9 PAR<\/strong><strong>) <\/strong><strong>L'ESPRIT SAINT <\/strong><\/p>\n<p>Vous ne pouvez \u00eatre rempli du Saint-Esprit que par la foi, en faisant confiance \u00e0 Dieu pour qu'il produise en vous la vie fructueuse qu'il a promise.<\/p>\n<p>Vous devez pr\u00e9parer votre c\u0153ur de trois mani\u00e8res.<\/p>\n<ol>\n<li><strong>D\u00e9sir <\/strong>sinc\u00e8rement \u00e0 \u00eatre rempli (Matthieu 5:6).<\/li>\n<\/ol>\n<p><em>Pourquoi pensez-vous qu'il est important pour Dieu que vous souhaitiez \u00eatre rempli du Saint-Esprit ? <\/em><\/p>\n<p><em>Comment exprimeriez-vous votre niveau de d\u00e9sir d'\u00eatre dirig\u00e9 et habilit\u00e9 par le Saint-Esprit ? <\/em><\/p>\n<ol start=\"2\">\n<li><strong>Confesser <\/strong>tout p\u00e9ch\u00e9 connu (1 Jean 1:9 ; Psaumes 66:18). <em>Pourquoi pensez-vous qu'il est important de confesser tout p\u00e9ch\u00e9 connu afin d'\u00eatre rempli de l'Esprit ? <\/em><\/li>\n<li><strong>Rendement <\/strong>votre vie enti\u00e8re au Christ (Romains 12:1, 2). (La soumission implique votre volont\u00e9 d'ob\u00e9ir \u00e0 Dieu dans tout ce qu'il vous a montr\u00e9 de faire).<\/li>\n<\/ol>\n<p><em>Que pensez-vous qu'impliquerait le fait de c\u00e9der tous les domaines de votre vie au Christ ? <\/em><\/p>\n<p><strong>Vous devez r\u00e9pondre par la foi, en faisant confiance \u00e0 l'Esprit Saint pour qu'il donne \u00e0 votre vie une force pour le Christ. <\/strong><\/p>\n<ol>\n<li>Dieu a <em>command\u00e9e <\/em>vous remplir de son Esprit (Eph\u00e9siens 5:18).<\/li>\n<li>Dieu a <em>promis <\/em>de r\u00e9pondre \u00e0 toutes vos demandes qui sont en accord avec sa volont\u00e9 (1 Jean 5:14, 15).<\/li>\n<\/ol>\n<p>Vous pouvez \u00eatre rempli du Saint-Esprit par la foi seule. Cette pri\u00e8re est un bon moyen d'exprimer cette foi :<\/p>\n<p>\"Cher P\u00e8re, je reconnais que j'ai p\u00e9ch\u00e9 contre toi. Je te remercie d'avoir pardonn\u00e9 mes p\u00e9ch\u00e9s par la mort du Christ sur la croix. J'invite maintenant le Christ \u00e0 prendre place sur le tr\u00f4ne de ma vie. Remplis-moi de ton Saint-Esprit comme tu l'as ordonn\u00e9 et comme tu as promis de le faire si je te le demandais avec foi. Je prie au nom de J\u00e9sus. En expression de ma foi, je te remercie maintenant de diriger ma vie et de me remplir du Saint-Esprit.<\/p>\n<p><em>Dans quelle mesure cette pri\u00e8re refl\u00e8te-t-elle le d\u00e9sir de votre c\u0153ur ? <\/em><\/p>\n<p>Si tel est le d\u00e9sir de votre c\u0153ur, vous pouvez faire cette pri\u00e8re et \u00eatre rempli du Saint-Esprit.<\/p>\n<p><strong>VOUS POUVEZ \u00caTRE CONTINUELLEMENT SOUTENU PAR LE SAINT-ESPRIT <\/strong><strong>(<\/strong><strong>RESPIRATION SPIRITUELLE<\/strong><strong>) <\/strong><\/p>\n<p>Cette semaine, si vous constatez que vous avez repris le contr\u00f4le de votre vie par le p\u00e9ch\u00e9 - tout acte pr\u00e9cis de d\u00e9sob\u00e9issance - respirez simplement spirituellement (expirez l'impur et inspirez le pur). Cet exercice important vous permettra de continuer \u00e0 faire l'exp\u00e9rience du contr\u00f4le aimant du Christ dans votre vie.<\/p>\n<p><strong>Expirez - Confessez votre p\u00e9ch\u00e9 <\/strong>(1 Jean 1:9 ; H\u00e9breux 10:1-25).<\/p>\n<p><em>Quels sont les trois facteurs qui interviennent dans la confession ? <\/em><\/p>\n<ol>\n<li><\/li>\n<li><\/li>\n<li><\/li>\n<\/ol>\n<p><strong>Inspirez - Confiez le contr\u00f4le de votre vie au Christ <\/strong>(Romains 12:1, 2).<\/p>\n<p><strong>R\u00e9clamation, <\/strong>par la foi, la pl\u00e9nitude de l'Esprit dans votre vie (Eph\u00e9siens 5:18).<\/p>\n<p><strong>Confiance <\/strong>qu'il vous dirige et vous donne les moyens d'agir (1 Jean 5:14, 15).<\/p>\n<p>Continuez \u00e0 consacrer 15 minutes par jour \u00e0 la lecture de la Bible et \u00e0 la pri\u00e8re.<\/p>","protected":false},"excerpt":{"rendered":"<p>Souvenez-vous : pour faire l'exp\u00e9rience de l'amour et du pardon de Dieu, vous devez confesser votre p\u00e9ch\u00e9 d\u00e8s que vous en prenez conscience et vous tourner \u00e0 nouveau vers votre P\u00e8re c\u00e9leste. Une transformation \u00e9tonnante a commenc\u00e9 \u00e0 se produire depuis que vous avez re\u00e7u le Christ comme votre Seigneur et Sauveur. Vous commencez maintenant \u00e0 vivre la vie chr\u00e9tienne, qui n'est pas [...]<\/p>","protected":false},"author":27229,"featured_media":0,"parent":0,"menu_order":0,"comment_status":"closed","ping_status":"closed","template":"","meta":{"_acf_changed":false,"inline_featured_image":false,"site-sidebar-layout":"default","site-content-layout":"default","ast-site-content-layout":"default","site-content-style":"default","site-sidebar-style":"default","ast-global-header-display":"","ast-banner-title-visibility":"","ast-main-header-display":"","ast-hfb-above-header-display":"","ast-hfb-below-header-display":"","ast-hfb-mobile-header-display":"","site-post-title":"","ast-breadcrumbs-content":"","ast-featured-img":"","footer-sml-layout":"","ast-disable-related-posts":"","theme-transparent-header-meta":"default","adv-header-id-meta":"","stick-header-meta":"","header-above-stick-meta":"","header-main-stick-meta":"","header-below-stick-meta":"","astra-migrate-meta-layouts":"default","ast-page-background-enabled":"default","ast-page-background-meta":{"desktop":{"background-color":"","background-image":"","background-repeat":"repeat","background-position":"center center","background-size":"auto","background-attachment":"scroll","background-type":"","background-media":"","overlay-type":"","overlay-color":"","overlay-opacity":"","overlay-gradient":""},"tablet":{"background-color":"","background-image":"","background-repeat":"repeat","background-position":"center center","background-size":"auto","background-attachment":"scroll","background-type":"","background-media":"","overlay-type":"","overlay-color":"","overlay-opacity":"","overlay-gradient":""},"mobile":{"background-color":"","background-image":"","background-repeat":"repeat","background-position":"center center","background-size":"auto","background-attachment":"scroll","background-type":"","background-media":"","overlay-type":"","overlay-color":"","overlay-opacity":"","overlay-gradient":""}},"ast-content-background-meta":{"desktop":{"background-color":"var(--ast-global-color-5)","background-image":"","background-repeat":"repeat","background-position":"center center","background-size":"auto","background-attachment":"scroll","background-type":"","background-media":"","overlay-type":"","overlay-color":"","overlay-opacity":"","overlay-gradient":""},"tablet":{"background-color":"var(--ast-global-color-5)","background-image":"","background-repeat":"repeat","background-position":"center center","background-size":"auto","background-attachment":"scroll","background-type":"","background-media":"","overlay-type":"","overlay-color":"","overlay-opacity":"","overlay-gradient":""},"mobile":{"background-color":"var(--ast-global-color-5)","background-image":"","background-repeat":"repeat","background-position":"center center","background-size":"auto","background-attachment":"scroll","background-type":"","background-media":"","overlay-type":"","overlay-color":"","overlay-opacity":"","overlay-gradient":""}},"footnotes":""},"class_list":["post-99","page","type-page","status-publish","hentry"],"acf":[],"jetpack_sharing_enabled":true,"meta_box":{"_cloudsearch_visibility":""},"_links":{"self":[{"href":"https:\/\/www.mdiscipleship.net\/fr\/wp-json\/wp\/v2\/pages\/99","targetHints":{"allow":["GET"]}}],"collection":[{"href":"https:\/\/www.mdiscipleship.net\/fr\/wp-json\/wp\/v2\/pages"}],"about":[{"href":"https:\/\/www.mdiscipleship.net\/fr\/wp-json\/wp\/v2\/types\/page"}],"author":[{"embeddable":true,"href":"https:\/\/www.mdiscipleship.net\/fr\/wp-json\/wp\/v2\/users\/27229"}],"replies":[{"embeddable":true,"href":"https:\/\/www.mdiscipleship.net\/fr\/wp-json\/wp\/v2\/comments?post=99"}],"version-history":[{"count":1,"href":"https:\/\/www.mdiscipleship.net\/fr\/wp-json\/wp\/v2\/pages\/99\/revisions"}],"predecessor-version":[{"id":105,"href":"https:\/\/www.mdiscipleship.net\/fr\/wp-json\/wp\/v2\/pages\/99\/revisions\/105"}],"wp:attachment":[{"href":"https:\/\/www.mdiscipleship.net\/fr\/wp-json\/wp\/v2\/media?parent=99"}],"curies":[{"name":"wp","href":"https:\/\/api.w.org\/{rel}","templated":true}]}}